{"id":5694,"date":"2022-02-23T11:35:49","date_gmt":"2022-02-23T11:35:49","guid":{"rendered":"https:\/\/mundo.seashell.pt\/?post_type=product&#038;p=5694"},"modified":"2022-02-23T11:35:51","modified_gmt":"2022-02-23T11:35:51","slug":"duo-quat-ha-5kg","status":"publish","type":"product","link":"https:\/\/mundo.seashell.pt\/?product=duo-quat-ha-5kg","title":{"rendered":"Desinfetante Desengordurante Duo Quat HA 5Kg"},"content":{"rendered":"<h2>Desinfetante desengordurante com atividade bactericida e fungicida<\/h2>\n<ul>\n<li>N.\u00ba registo de pesticidas: 20-20\/40-06450-HA<\/li>\n<li>Atende a Norma UNE-EN 13697<\/li>\n<li>Para ind\u00fastria agroalimentar. Indicado ao uso HACCP<\/li>\n<\/ul>\n<h4><\/h4>\n<h4>Descri\u00e7\u00e3o<\/h4>\n<p>Detergente desinfetante de base am\u00f3nio quatern\u00e1rios de largo espectro de ac\u00e7\u00e3o. Elevado poder desinfetante que s\u00f3 deve ser aplicado ap\u00f3s as superf\u00edcies estarem convenientemente limpas e enxaguadas. Formula adequada para uso em \u00e1reas de processamento agro-alimentar.<br \/>A aplica\u00e7\u00e3o do produto na ind\u00fastria de alimentos para uso na desinfec\u00e7\u00e3o de contacto: superf\u00edcies e equipamentos, ser\u00e1 conduzida na aus\u00eancia de alimentos.<\/p>\n<p>APLICA\u00c7\u00c3O E USOS AUTORIZADOS Uso na ind\u00fastria de alimentos. Desinfec\u00e7\u00e3o de contacto: superf\u00edcies e equipamentos.<\/p>\n<p><strong><br \/><\/strong><\/p>\n<p><strong>COMPOSI\u00c7\u00c3O QU\u00cdMICA<\/strong>: Cloruro de bencil-C12-C18alquildimetilamonio 0,50%, Bifenil-2-ol 0,03%. Excipientes c.s.p. 100,00%. L\u00edquido.<\/p>\n<p>Atende a Norma UNE-EN 13697 em condi\u00e7\u00f5es de sujidade. Antiss\u00e9pticos e desinfectantes qu\u00edmicos. An\u00e1lise quantitativa de superf\u00edcie n\u00e3o porosa para a avalia\u00e7\u00e3o da actividade bactericida e fungicida de desinfectantes qu\u00edmicos utilizados em produtos alimentares na ind\u00fastria, em casa e na comunidade.<\/p>\n<h4><\/h4>\n<h4>Dilui\u00e7\u00e3o<\/h4>\n<p>Aplicar puro.<\/p>\n<h4><\/h4>\n<h4>Como usar<\/h4>\n<p>Antes de utilizar o produto, ler atentamente o r\u00f3tulo.<\/p>\n<p>Pulverizar uniformemente a superf\u00edcie a desinfetar e deixar actuar. Para uso bactericida deixar actuar durante 5 minutos. Para uso fungicida deixar actuar durante 15 minutos.<\/p>\n<p><strong>Modo de emprego desinfec\u00e7\u00e3o de contacto:<\/strong> superf\u00edcies e equipamentos por pulveriza\u00e7\u00e3o com o produto puro, respeito ao tempo de contato. Ser\u00e3o tomadas todas as medidas necess\u00e1rias para que os alimentos, m\u00e1quinas ou utens\u00edlios que forem manipulados nos locais ou instala\u00e7\u00f5es anteriormente tratadas com o produto, n\u00e3o contenham res\u00edduos de qualquer de seus componentes. Para este efeito, se dever\u00e1 lavar adequadamente com \u00e1gua pot\u00e1vel as partes tratadas antes da utiliza\u00e7\u00e3o.<\/p>\n<p>Evitar o contato com superf\u00edcies tratadas ou exposto. N\u00e3o misturar com outros produtos qu\u00edmicos. Incompat\u00edvel com compostos org\u00e2nicos, detergentes ani\u00f3nicos, derivados de amon\u00edaco e hipocloritos. Incompat\u00edvel com cromo, chumbo, alum\u00ednio, estanho, zinco e respectivas ligas (bronze, lat\u00e3o, etc.). Um teste antes do tratamento deve ser feito para verificar a compatibilidade dos materiais ao produto. Recipientes vazios, res\u00edduos de produtos, \u00e1gua de lavagem, recipientes e outros res\u00edduos gerados durante a aplica\u00e7\u00e3o s\u00e3o considerados res\u00edduos perigosos. Entregar este res\u00edduo a um gestor de res\u00edduos perigosos licenciado, em conformidade com os regulamentos en vigor. Codifique os res\u00edduos de acordo com a decis\u00e3o 2014\/955\/UE. \u00e3o deitar em solos n\u00e3o pavimentados, em cursos de \u00e1gua.<\/p>\n","protected":false},"excerpt":{"rendered":"<p>Detergente desinfetante de base am\u00f4nio quatern\u00e1rios de largo espectro de ac\u00e7\u00e3o.<\/p>\n","protected":false},"featured_media":5695,"template":"","meta":{"spay_email":""},"product_cat":[15],"product_tag":[],"class_list":{"0":"post-5694","1":"product","2":"type-product","3":"status-publish","4":"has-post-thumbnail","6":"product_cat-sem-categoria","8":"first","9":"instock","10":"taxable","11":"shipping-taxable","12":"purchasable","13":"product-type-simple"},"acf":[],"jetpack-related-posts":[{"id":5690,"url":"https:\/\/mundo.seashell.pt\/?product=alkachlor-foam-ha-22kg","url_meta":{"origin":5694,"position":0},"title":"Desengordurante Alkachlor Foam Ha 22Kg","date":"Fevereiro 23, 2022","format":false,"excerpt":"Espuma de elevado poder desengordurante e higienizante de base cloro. Recomendado para limpeza em \u00e1reas de processo agro-alimentar.","rel":"","context":"Similar post","img":{"alt_text":"","src":"https:\/\/i0.wp.com\/mundo.seashell.pt\/wp-content\/uploads\/2022\/02\/PhotoRoom_20210325_092137.jpg?resize=350%2C200&ssl=1","width":350,"height":200},"classes":[]},{"id":5972,"url":"https:\/\/mundo.seashell.pt\/?product=sf-300-5kg","url_meta":{"origin":5694,"position":1},"title":"Detergente Desinfetante SF 300 5Kg","date":"Fevereiro 23, 2022","format":false,"excerpt":"Detergente Desinfetante contendo cloro para a desinfe\u00e7\u00e3o de \u00e1reas de alimentos.","rel":"","context":"Similar post","img":{"alt_text":"","src":"https:\/\/i0.wp.com\/mundo.seashell.pt\/wp-content\/uploads\/2022\/02\/sf_300.jpg?resize=350%2C200&ssl=1","width":350,"height":200},"classes":[]},{"id":6006,"url":"https:\/\/mundo.seashell.pt\/?product=chlor-ha-24-kg","url_meta":{"origin":5694,"position":2},"title":"Desinfetante Clorado Chlor HA 24 Kg","date":"Fevereiro 23, 2022","format":false,"excerpt":"Desinfetante clorado formulado para ser utilizado em \u00e1reas agro-alimentares.","rel":"","context":"Similar post","img":{"alt_text":"","src":"https:\/\/i0.wp.com\/mundo.seashell.pt\/wp-content\/uploads\/2022\/02\/chlor.jpg?resize=350%2C200&ssl=1","width":350,"height":200},"classes":[]},{"id":6253,"url":"https:\/\/mundo.seashell.pt\/?product=sanytol-cozinhas-750ml","url_meta":{"origin":5694,"position":3},"title":"Sanytol Cozinhas 750ml","date":"Fevereiro 23, 2022","format":false,"excerpt":"Limpador Desinfetante Cozinhas Sanytol desinfetante cozinhas com a\u00e7\u00e3o desengordurante. A cozinha \u00e9 um local favor\u00e1vel ao desenvolvimento de bact\u00e9rias. O uso de um limpador desinfetante \u00e9 a \u00fanica forma de prevenir eficazmente a prolifera\u00e7\u00e3o de micr\u00f3bios. Com a sua f\u00f3rmula de tripla a\u00e7\u00e3o sem lix\u00edvia, elimina 99,9% dos microrganismos. R...","rel":"","context":"Similar post","img":{"alt_text":"","src":"https:\/\/i0.wp.com\/mundo.seashell.pt\/wp-content\/uploads\/2022\/02\/SANYTOL_DESINFETANTE_COZINHAS_750_ML_8411660670212.png?resize=350%2C200&ssl=1","width":350,"height":200},"classes":[]},{"id":6056,"url":"https:\/\/mundo.seashell.pt\/?product=lactic-500ml","url_meta":{"origin":5694,"position":4},"title":"Desinfetante Lactic 500Ml","date":"Fevereiro 23, 2022","format":false,"excerpt":"Desinfetante multiusos pronto para usar para todas as superf\u00edcies duras lav\u00e1veis: pavimentos, mobili\u00e1rio, bancadas de trabalho, instala\u00e7\u00f5es sanit\u00e1rias e caixotes do lixo","rel":"","context":"Similar post","img":{"alt_text":"","src":"https:\/\/i0.wp.com\/mundo.seashell.pt\/wp-content\/uploads\/2022\/02\/lactic.jpg?resize=350%2C200&ssl=1","width":350,"height":200},"classes":[]},{"id":6251,"url":"https:\/\/mundo.seashell.pt\/?product=sanytol-multiusos-750ml-1","url_meta":{"origin":5694,"position":5},"title":"Sanytol Multiusos 750ml","date":"Fevereiro 23, 2022","format":false,"excerpt":"Limpador Desinfetante Multiusos \u2013 Eucalipto Mantenha a sua casa saud\u00e1vel com o Desinfetante Multiusos. Pr\u00e1tico e sem lix\u00edvia, limpa todas as superf\u00edcies da casa. Ideal para remover a sujidade do dia a dia e desinfetar tudo numa s\u00f3 passagem. CARACTER\u00cdSTICAS Elimina 99,9% de bact\u00e9rias, fungos, v\u00edru...","rel":"","context":"Similar post","img":{"alt_text":"","src":"https:\/\/i0.wp.com\/mundo.seashell.pt\/wp-content\/uploads\/2022\/02\/SANYTOL_DESINFETANTE_MULTIUSOS_750_ML_8411660670236.png?resize=350%2C200&ssl=1","width":350,"height":200},"classes":[]}],"_links":{"self":[{"href":"https:\/\/mundo.seashell.pt\/index.php?rest_route=\/wp\/v2\/product\/5694","targetHints":{"allow":["GET"]}}],"collection":[{"href":"https:\/\/mundo.seashell.pt\/index.php?rest_route=\/wp\/v2\/product"}],"about":[{"href":"https:\/\/mundo.seashell.pt\/index.php?rest_route=\/wp\/v2\/types\/product"}],"wp:featuredmedia":[{"embeddable":true,"href":"https:\/\/mundo.seashell.pt\/index.php?rest_route=\/wp\/v2\/media\/5695"}],"wp:attachment":[{"href":"https:\/\/mundo.seashell.pt\/index.php?rest_route=%2Fwp%2Fv2%2Fmedia&parent=5694"}],"wp:term":[{"taxonomy":"product_cat","embeddable":true,"href":"https:\/\/mundo.seashell.pt\/index.php?rest_route=%2Fwp%2Fv2%2Fproduct_cat&post=5694"},{"taxonomy":"product_tag","embeddable":true,"href":"https:\/\/mundo.seashell.pt\/index.php?rest_route=%2Fwp%2Fv2%2Fproduct_tag&post=5694"}],"curies":[{"name":"wp","href":"https:\/\/api.w.org\/{rel}","templated":true}]}}