{"id":5690,"date":"2022-02-23T11:35:45","date_gmt":"2022-02-23T11:35:45","guid":{"rendered":"https:\/\/mundo.seashell.pt\/?post_type=product&#038;p=5690"},"modified":"2022-02-23T11:35:47","modified_gmt":"2022-02-23T11:35:47","slug":"alkachlor-foam-ha-22kg","status":"publish","type":"product","link":"https:\/\/mundo.seashell.pt\/?product=alkachlor-foam-ha-22kg","title":{"rendered":"Desengordurante Alkachlor Foam Ha 22Kg"},"content":{"rendered":"<h2>Espuma desengordurante desinfetante \u00e0 base de cloro<\/h2>\n<ul>\n<li>N\u00ba registo de pesticidas: 18-20\/40-09705-HA<\/li>\n<li>Em conformidade com as <a target=\"_blank\" href=\"https:\/\/www.sutterprofessional.it\/pt\/sutterpedia#rule\" rel=\"noopener\">normas<\/a> EN: 1276, 13697<\/li>\n<li>Para ind\u00fastria agroalimentar. Indicado ao uso HACCP<\/li>\n<\/ul>\n<h4><\/h4>\n<h4>Descri\u00e7\u00e3o<\/h4>\n<p>Espuma de elevado poder desengordurante e higienizante de base cloro. Recomendado para limpeza em \u00e1reas de processo agro-alimentar tais como industria conserveira e matadouros, paredes, pavimentos e superf\u00edcies de trabalho.<\/p>\n<p>APLICA\u00c7\u00c3O E USOS AUTORIZADOS: Uso na ind\u00fastria alimentar. Aplica\u00e7\u00e3o exclusivo de pessoal qualificado. Desinfec\u00e7\u00e3o de contacto: superf\u00edcies e equipamentos. Aplica\u00e7\u00e3o por profissionais.<br \/><strong>COMPOSI\u00c7\u00c3O QU\u00cdMICA: <\/strong>Hipoclorito S\u00f3dico (cloro activo) 2,70%, Hidr\u00f3xido de s\u00f3dio e excipientes at\u00e9 100%. <\/p>\n<p>Em conformidade com as <a target=\"_blank\" href=\"https:\/\/www.sutterprofessional.it\/pt\/sutterpedia#rule\" rel=\"noopener\">normas<\/a> EN: 1276, 13697.<br \/>Atende a Norma UNE-EN 13697 em condi\u00e7\u00f5es de sujidade. Antiss\u00e9pticos e desinfectantes qu\u00edmicos. An\u00e1lise quantitativa de superf\u00edcie n\u00e3o porosa para a avalia\u00e7\u00e3o da actividade bactericida e fungicida de desinfectantes qu\u00edmicos utilizados em produtos alimentares na ind\u00fastria, em casa e na comunidade. A aplica\u00e7\u00e3o do produto na ind\u00fastria de alimentos para uso na desinfec\u00e7\u00e3o de contacto: superf\u00edcies e equipamentos, ser\u00e1 conduzida na aus\u00eancia de alimentos.<\/p>\n<h4><\/h4>\n<h4>Dilui\u00e7\u00e3o<\/h4>\n<p>0,5% &#8211; 5% (de 50 ml a 500 ml em 10 L de \u00e1gua).<br \/>Para se obter um efeito bactericida, diluir o produto para 5% e deixar actuar durante 5 minutos. Para se obter um efeito fungicida, diluir o produto para 2,5% e deixar actuar durante 15 minutos. Enxaguar com m\u00e1quina de alta press\u00e3o. Para uma melhor dilui\u00e7\u00e3o deve-se utilizar doseador SutterTech. Antes de utilizar o produto, ler atentamente o r\u00f3tulo.<\/p>\n<h4><\/h4>\n<h4>Como usar<\/h4>\n<p>Antes de utilizar o produto, ler atentamente o r\u00f3tulo. Proceder \u00e0 afina\u00e7\u00e3o da press\u00e3o de \u00e1gua e ar comprimido no gerador de espuma por forma a obter uma espuma homog\u00e9nea com bom poder aderente e capacidade molhante. Remover os res\u00edduos s\u00f3lidos com \u00e1gua sob press\u00e3o. Aplicar o produto utilizando gerador de espuma.<br \/><strong><br \/><\/strong><\/p>\n<p><strong>FORMA DE USO: <\/strong>Antes de utilizar o produto, ler atentamente o r\u00f3tulo.&nbsp;<\/p>\n<p><strong><strong>Modo de emprego desinfec\u00e7\u00e3o de contacto: <\/strong><\/strong>por proje\u00e7\u00e3o de espuma com o produto previamente dilu\u00eddo em agua, respeitando o tempo de contacto. Ser\u00e3o tomadas todas as medidas necess\u00e1rias para que os alimentos, m\u00e1quinas ou utens\u00edlios que forem manipulados nas superf\u00edcies, nos locais ou instala\u00e7\u00f5es anteriormente tratadas com o produto mencionado, n\u00e3o contenham res\u00edduos de qualquer de seus componentes. Para este efeito, se dever\u00e1 lavar adequadamente com \u00e1gua pot\u00e1vel as partes tratadas antes da utiliza\u00e7\u00e3o. Evitar o contato com superf\u00edcies tratadas ou exposto. N\u00e3o misturar com outros produtos qu\u00edmicos. Incompat\u00edvel com \u00e1cidos, agentes oxidantes, \u00e1lcalis, aminas, metais e materiais combust\u00edveis. Um teste antes do tratamento deve ser feito para verificar a compatibilidade dos materiais ao produto. Recipientes vazios, res\u00edduos de produtos, \u00e1gua de lavagem, recipientes e outros res\u00edduos gerados durante a aplica\u00e7\u00e3o s\u00e3o considerados res\u00edduos perigosos. Entregar este res\u00edduo a um gestor de res\u00edduos perigosos licenciado, em conformidade com os regulamentos em vigor. Codifique os res\u00edduos de acordo com a decis\u00e3o 2015\/955\/UE. N\u00e3o deitar em solos n\u00e3o pavimentados, em cursos de \u00e1gua.<\/p>\n","protected":false},"excerpt":{"rendered":"<p>Espuma de elevado poder desengordurante e higienizante de base cloro. Recomendado para limpeza em \u00e1reas de processo agro-alimentar.<\/p>\n","protected":false},"featured_media":5691,"template":"","meta":{"spay_email":""},"product_cat":[15],"product_tag":[],"class_list":{"0":"post-5690","1":"product","2":"type-product","3":"status-publish","4":"has-post-thumbnail","6":"product_cat-sem-categoria","8":"first","9":"instock","10":"taxable","11":"shipping-taxable","12":"purchasable","13":"product-type-simple"},"acf":[],"jetpack-related-posts":[{"id":5696,"url":"https:\/\/mundo.seashell.pt\/?product=chlordet-24kg","url_meta":{"origin":5690,"position":0},"title":"Desengordurante Higienizante Chlordet 24Kg","date":"Fevereiro 23, 2022","format":false,"excerpt":"Detergente desengordurante higienizante sem espuma com cloro ativo para lavagem manual, mec\u00e2nica o em CIP de todas as superf\u00edcies lav\u00e1veis.","rel":"","context":"Similar post","img":{"alt_text":"","src":"https:\/\/i0.wp.com\/mundo.seashell.pt\/wp-content\/uploads\/2022\/02\/chlordet.jpg?resize=350%2C200&ssl=1","width":350,"height":200},"classes":[]},{"id":5692,"url":"https:\/\/mundo.seashell.pt\/?product=per-citric-foam-22kg","url_meta":{"origin":5690,"position":1},"title":"Higienizante Desengordurante &#8211; Per Citric Foam 22Kg","date":"Fevereiro 23, 2022","format":false,"excerpt":"Espuma \u00e1cida com base em per\u00f3xido de hidrog\u00e9nio com alto poder de ader\u00eancia para uso em ambiente alimentar (conforme HACCP).","rel":"","context":"Similar post","img":{"alt_text":"","src":"https:\/\/i0.wp.com\/mundo.seashell.pt\/wp-content\/uploads\/2022\/02\/per_citric_foam.jpg?resize=350%2C200&ssl=1","width":350,"height":200},"classes":[]},{"id":5724,"url":"https:\/\/mundo.seashell.pt\/?product=xtra-clor-500ml","url_meta":{"origin":5690,"position":2},"title":"Higienizante Xtra-Clor 500Ml","date":"Fevereiro 23, 2022","format":false,"excerpt":"Detergente higienizante pronto para usar \u00e0 base de cloro","rel":"","context":"Similar post","img":{"alt_text":"","src":"https:\/\/i0.wp.com\/mundo.seashell.pt\/wp-content\/uploads\/2022\/02\/xtra-clor.jpg?resize=350%2C200&ssl=1","width":350,"height":200},"classes":[]},{"id":6006,"url":"https:\/\/mundo.seashell.pt\/?product=chlor-ha-24-kg","url_meta":{"origin":5690,"position":3},"title":"Desinfetante Clorado Chlor HA 24 Kg","date":"Fevereiro 23, 2022","format":false,"excerpt":"Desinfetante clorado formulado para ser utilizado em \u00e1reas agro-alimentares.","rel":"","context":"Similar post","img":{"alt_text":"","src":"https:\/\/i0.wp.com\/mundo.seashell.pt\/wp-content\/uploads\/2022\/02\/chlor.jpg?resize=350%2C200&ssl=1","width":350,"height":200},"classes":[]},{"id":6081,"url":"https:\/\/mundo.seashell.pt\/?product=clorogel-1lt","url_meta":{"origin":5690,"position":4},"title":"Detergente Higienizante Clorogel","date":"Fevereiro 23, 2022","format":false,"excerpt":"Detergente higienizante com cloro para uma eficaz limpeza de lavabos, bancadas de trabalho, sanit\u00e1rios, WC e revestimentos cer\u00e2micos e pavimentos n\u00e3o encerados.","rel":"","context":"Similar post","img":{"alt_text":"","src":"https:\/\/i0.wp.com\/mundo.seashell.pt\/wp-content\/uploads\/2022\/02\/clorogel.jpg?resize=350%2C200&ssl=1","width":350,"height":200},"classes":[]},{"id":5718,"url":"https:\/\/mundo.seashell.pt\/?product=xtra-oxy-500ml","url_meta":{"origin":5690,"position":5},"title":"Higienizante Xtra-Oxy 500Ml","date":"Fevereiro 23, 2022","format":false,"excerpt":"\ufeffDetergente Higienizante pronto para uso \u00e0 base de per\u00f3xido de Hidrog\u00eanio adequado para todas as superf\u00edcies lav\u00e1veis","rel":"","context":"Similar post","img":{"alt_text":"","src":"https:\/\/i0.wp.com\/mundo.seashell.pt\/wp-content\/uploads\/2022\/02\/xtra_oxy.jpg?resize=350%2C200&ssl=1","width":350,"height":200},"classes":[]}],"_links":{"self":[{"href":"https:\/\/mundo.seashell.pt\/index.php?rest_route=\/wp\/v2\/product\/5690","targetHints":{"allow":["GET"]}}],"collection":[{"href":"https:\/\/mundo.seashell.pt\/index.php?rest_route=\/wp\/v2\/product"}],"about":[{"href":"https:\/\/mundo.seashell.pt\/index.php?rest_route=\/wp\/v2\/types\/product"}],"wp:featuredmedia":[{"embeddable":true,"href":"https:\/\/mundo.seashell.pt\/index.php?rest_route=\/wp\/v2\/media\/5691"}],"wp:attachment":[{"href":"https:\/\/mundo.seashell.pt\/index.php?rest_route=%2Fwp%2Fv2%2Fmedia&parent=5690"}],"wp:term":[{"taxonomy":"product_cat","embeddable":true,"href":"https:\/\/mundo.seashell.pt\/index.php?rest_route=%2Fwp%2Fv2%2Fproduct_cat&post=5690"},{"taxonomy":"product_tag","embeddable":true,"href":"https:\/\/mundo.seashell.pt\/index.php?rest_route=%2Fwp%2Fv2%2Fproduct_tag&post=5690"}],"curies":[{"name":"wp","href":"https:\/\/api.w.org\/{rel}","templated":true}]}}