{"id":5688,"date":"2022-02-23T11:35:43","date_gmt":"2022-02-23T11:35:43","guid":{"rendered":"https:\/\/mundo.seashell.pt\/?post_type=product&#038;p=5688"},"modified":"2022-02-23T11:35:45","modified_gmt":"2022-02-23T11:35:45","slug":"grill-cleaner-plus-500ml","status":"publish","type":"product","link":"https:\/\/mundo.seashell.pt\/?product=grill-cleaner-plus-500ml","title":{"rendered":"Desengordurante Natural Grill Cleaner Plus 500Ml"},"content":{"rendered":"<h2>Desengordurante natural* para fornos, fog\u00f5es e grelhadores<\/h2>\n<ul>\n<li>Efic\u00e1cia vs l\u00edderes de mercado testada em laborat\u00f3rio certificado ISO 17025<\/li>\n<li>Produto com mat\u00e9rias-primas de origem vegetal e completamente biodegrad\u00e1vel*<\/li>\n<li>F\u00f3rmula altamente eficaz e aderente gra\u00e7as \u00e0 forma\u00e7\u00e3o de espuma<\/li>\n<\/ul>\n<h4><\/h4>\n<h4>Descri\u00e7\u00e3o<\/h4>\n<p>Desengordurante altamente eficaz para remover gordura queimada. Gra\u00e7as \u00e0 sua formula\u00e7\u00e3o em espuma altamente aderente, remove os res\u00edduos mais persistentes. Indicado para fornos e fog\u00f5es. Eficaz contra a gordura queimada. Formula\u00e7\u00e3o em espuma altamente aderente. Cont\u00e9m mat\u00e9rias-primas de origem vegetal (ex. tensioativos) derivadas do processamento do milho. Incolor e sem perfume. Indicado em ambientes HACCP. Id\u00f3neo tamb\u00e9m na limpeza de superf\u00edcies interiores de embarca\u00e7\u00f5es, barcos e outros meios de transporte.<\/p>\n<h4><\/h4>\n<h4>Dilui\u00e7\u00e3o<\/h4>\n<p>Pronto para o uso. A dose aconselhada permite poupar e reduzir ao m\u00ednimo o impacto ambiental.<\/p>\n<h4><\/h4>\n<h4>Como usar<\/h4>\n<p>Aquecer o forno ou a chapa por limpar at\u00e9 a 60\u00b0-70\u00b0 C . Desligar e a seguir borrifar o produto na superf\u00edcie de maneira uniforme. Deixar atuar durante alguns minutos, esfregar com pano ou esponja e enxaguar com \u00e1gua. Aquecer antes de voltar a utilizar a chapa ou o forno, deixar evaporar os eventuais res\u00edduos de produto.<\/p>\n","protected":false},"excerpt":{"rendered":"<p>Desengordurante altamente eficaz para remover gordura queimada.<\/p>\n","protected":false},"featured_media":5689,"template":"","meta":{"spay_email":""},"product_cat":[15],"product_tag":[],"class_list":{"0":"post-5688","1":"product","2":"type-product","3":"status-publish","4":"has-post-thumbnail","6":"product_cat-sem-categoria","8":"first","9":"instock","10":"taxable","11":"shipping-taxable","12":"purchasable","13":"product-type-simple"},"acf":[],"jetpack-related-posts":[{"id":6253,"url":"https:\/\/mundo.seashell.pt\/?product=sanytol-cozinhas-750ml","url_meta":{"origin":5688,"position":0},"title":"Sanytol Cozinhas 750ml","date":"Fevereiro 23, 2022","format":false,"excerpt":"Limpador Desinfetante Cozinhas Sanytol desinfetante cozinhas com a\u00e7\u00e3o desengordurante. A cozinha \u00e9 um local favor\u00e1vel ao desenvolvimento de bact\u00e9rias. O uso de um limpador desinfetante \u00e9 a \u00fanica forma de prevenir eficazmente a prolifera\u00e7\u00e3o de micr\u00f3bios. Com a sua f\u00f3rmula de tripla a\u00e7\u00e3o sem lix\u00edvia, elimina 99,9% dos microrganismos. R...","rel":"","context":"Similar post","img":{"alt_text":"","src":"https:\/\/i0.wp.com\/mundo.seashell.pt\/wp-content\/uploads\/2022\/02\/SANYTOL_DESINFETANTE_COZINHAS_750_ML_8411660670212.png?resize=350%2C200&ssl=1","width":350,"height":200},"classes":[]},{"id":5678,"url":"https:\/\/mundo.seashell.pt\/?product=degreaser-plus-5kg","url_meta":{"origin":5688,"position":1},"title":"Desengordurante Natural &#8211; Degreaser Plus 5Kg","date":"Fevereiro 23, 2022","format":false,"excerpt":"Desengordurante n\u00e3o c\u00e1ustico de alto desempenho, indicado para a remo\u00e7\u00e3o de gorduras gra\u00e7as ao seu poder dissolvedor e solubilizante.","rel":"","context":"Similar post","img":{"alt_text":"","src":"https:\/\/i0.wp.com\/mundo.seashell.pt\/wp-content\/uploads\/2022\/02\/degreaser_plus.jpg?resize=350%2C200&ssl=1","width":350,"height":200},"classes":[]},{"id":5894,"url":"https:\/\/mundo.seashell.pt\/?product=wash-plus-ecolabel-5kg-loica-manual","url_meta":{"origin":5688,"position":2},"title":"Detergente Wash Plus Ecolabel 5Kg &#8211; Loi\u00e7a Manual","date":"Fevereiro 23, 2022","format":false,"excerpt":"Detergente natural para a lavagem manual de loi\u00e7a.","rel":"","context":"Similar post","img":{"alt_text":"","src":"https:\/\/i0.wp.com\/mundo.seashell.pt\/wp-content\/uploads\/2022\/02\/wash_plus.jpg?resize=350%2C200&ssl=1","width":350,"height":200},"classes":[]},{"id":5700,"url":"https:\/\/mundo.seashell.pt\/?product=alkafoam-super-24kg","url_meta":{"origin":5688,"position":3},"title":"Desengordurante Alcalino Alkafoam Super 24Kg","date":"Fevereiro 23, 2022","format":false,"excerpt":"Detergente desengordurante alcalino para usar com gerador de espuma em ambiente alimentar (HACCP).","rel":"","context":"Similar post","img":{"alt_text":"","src":"https:\/\/i0.wp.com\/mundo.seashell.pt\/wp-content\/uploads\/2022\/02\/alkafoam_super.jpg?resize=350%2C200&ssl=1","width":350,"height":200},"classes":[]},{"id":5676,"url":"https:\/\/mundo.seashell.pt\/?product=amber-500ml","url_meta":{"origin":5688,"position":4},"title":"Desengordurante Natural &#8211; Amber","date":"Fevereiro 23, 2022","format":false,"excerpt":"Desengordurante para a limpeza di\u00e1ria de todas as superf\u00edcies. Indicado na cozinha, para a limpeza di\u00e1ria de gorduras.","rel":"","context":"Similar post","img":{"alt_text":"","src":"https:\/\/i0.wp.com\/mundo.seashell.pt\/wp-content\/uploads\/2022\/02\/amber.jpg?resize=350%2C200&ssl=1","width":350,"height":200},"classes":[]},{"id":5892,"url":"https:\/\/mundo.seashell.pt\/?product=wash-plus-san-5kg-loica-manual","url_meta":{"origin":5688,"position":5},"title":"Detergente Wash Plus San 5Kg &#8211; Loi\u00e7a Manual","date":"Fevereiro 23, 2022","format":false,"excerpt":"Detergente concentrado higienizante de espuma elevada formulado com mat\u00e9rias-primas selecionadas para uma a\u00e7\u00e3o desengordurante eficaz.","rel":"","context":"Similar post","img":{"alt_text":"","src":"https:\/\/i0.wp.com\/mundo.seashell.pt\/wp-content\/uploads\/2022\/02\/wash_plus_san.jpg?resize=350%2C200&ssl=1","width":350,"height":200},"classes":[]}],"_links":{"self":[{"href":"https:\/\/mundo.seashell.pt\/index.php?rest_route=\/wp\/v2\/product\/5688","targetHints":{"allow":["GET"]}}],"collection":[{"href":"https:\/\/mundo.seashell.pt\/index.php?rest_route=\/wp\/v2\/product"}],"about":[{"href":"https:\/\/mundo.seashell.pt\/index.php?rest_route=\/wp\/v2\/types\/product"}],"wp:featuredmedia":[{"embeddable":true,"href":"https:\/\/mundo.seashell.pt\/index.php?rest_route=\/wp\/v2\/media\/5689"}],"wp:attachment":[{"href":"https:\/\/mundo.seashell.pt\/index.php?rest_route=%2Fwp%2Fv2%2Fmedia&parent=5688"}],"wp:term":[{"taxonomy":"product_cat","embeddable":true,"href":"https:\/\/mundo.seashell.pt\/index.php?rest_route=%2Fwp%2Fv2%2Fproduct_cat&post=5688"},{"taxonomy":"product_tag","embeddable":true,"href":"https:\/\/mundo.seashell.pt\/index.php?rest_route=%2Fwp%2Fv2%2Fproduct_tag&post=5688"}],"curies":[{"name":"wp","href":"https:\/\/api.w.org\/{rel}","templated":true}]}}