{"id":5686,"date":"2022-02-23T11:35:41","date_gmt":"2022-02-23T11:35:41","guid":{"rendered":"https:\/\/mundo.seashell.pt\/?post_type=product&#038;p=5686"},"modified":"2022-02-23T11:35:43","modified_gmt":"2022-02-23T11:35:43","slug":"sf210-fornos-500ml","status":"publish","type":"product","link":"https:\/\/mundo.seashell.pt\/?product=sf210-fornos-500ml","title":{"rendered":"Desengordurante &#8211; S.F. 210 Fornos"},"content":{"rendered":"<h2>Desengordurante para fornos, fog\u00f5es e grelhadores<\/h2>\n<ul>\n<li>Elimina a gordura carbonizada<\/li>\n<li>Produto viscoso para garantir uma melhor ader\u00eancia \u00e0s superf\u00edcies verticais<\/li>\n<li>Adequado para o uso HACCP<\/li>\n<\/ul>\n<h4><\/h4>\n<h4>Descri\u00e7\u00e3o<\/h4>\n<p>Detergente alcalino espec\u00edfico para a remo\u00e7\u00e3o de gordura carbonizada de fornos, grelhas, placas de cozedura e assadores. Adequado para \u00e1reas alimentares (HACCP).<\/p>\n<h4><\/h4>\n<h4>Dilui\u00e7\u00e3o<\/h4>\n<p>Pronto para o uso.<\/p>\n<h4><\/h4>\n<h4>Como usar<\/h4>\n<p>Desenrosque a tampa e coloque o pulverizador espec\u00edfico (formato 500 ml). Leve \u00e0 temperatura desejada (60 a 70 graus cent\u00edgrados) a superf\u00edcie que quer limpar. Pulverize o produto de modo uniforme. Deixe actuar durante alguns minutos sem deixar secar, limpar com pano ou esfreg\u00e3o. Antes da reutiliza\u00e7\u00e3o do forno ou da grelha, aque\u00e7a para fazer evaporar os eventuais res\u00edduos de produto.<\/p>\n","protected":false},"excerpt":{"rendered":"<p>Detergente alcalino espec\u00edfico para a remo\u00e7\u00e3o de gordura carbonizada de fornos, grelhas, placas de cozedura e assadores. <\/p>\n","protected":false},"featured_media":5687,"template":"","meta":{"spay_email":""},"product_cat":[15],"product_tag":[],"class_list":{"0":"post-5686","1":"product","2":"type-product","3":"status-publish","4":"has-post-thumbnail","6":"product_cat-sem-categoria","8":"first","9":"instock","10":"taxable","11":"shipping-taxable","12":"purchasable","13":"product-type-simple"},"acf":[],"jetpack-related-posts":[{"id":6411,"url":"https:\/\/mundo.seashell.pt\/?product=cif-fornos-e-grelhas-043l","url_meta":{"origin":5686,"position":0},"title":"CIF Fornos e Grelhas 430ml","date":"Fevereiro 23, 2022","format":false,"excerpt":"Cif Perfect Finish fornos e grelhadores foi desenvolvido cientificamente para remover 100% de gordura incrustada. A sua f\u00f3rmula poderosa com agentes desengordurantes elimina at\u00e9 a gordura mais dif\u00edcil do forno, fog\u00e3o e grelhador. Benef\u00edcios: - 100% remo\u00e7\u00e3o de gordura dif\u00edcil. Conselhos de utiliza\u00e7\u00e3o: Pressione ...","rel":"","context":"Similar post","img":{"alt_text":"","src":"https:\/\/i0.wp.com\/mundo.seashell.pt\/wp-content\/uploads\/2022\/02\/CIF_SPRAY_FORNOS_E_GRELHADORES-_435ml_8710447376133.png?resize=350%2C200&ssl=1","width":350,"height":200},"classes":[]},{"id":5688,"url":"https:\/\/mundo.seashell.pt\/?product=grill-cleaner-plus-500ml","url_meta":{"origin":5686,"position":1},"title":"Desengordurante Natural Grill Cleaner Plus 500Ml","date":"Fevereiro 23, 2022","format":false,"excerpt":"Desengordurante altamente eficaz para remover gordura queimada.","rel":"","context":"Similar post","img":{"alt_text":"","src":"https:\/\/i0.wp.com\/mundo.seashell.pt\/wp-content\/uploads\/2022\/02\/grill_cleaner.jpg?resize=350%2C200&ssl=1","width":350,"height":200},"classes":[]},{"id":5661,"url":"https:\/\/mundo.seashell.pt\/?product=solim-gorduras-10kg","url_meta":{"origin":5686,"position":2},"title":"Desengordurante Alcalino &#8211; Solim Gorduras 10kg","date":"Fevereiro 23, 2022","format":false,"excerpt":"Detergente em p\u00f3 concentrado, completamente sol\u00favel em \u00e1gua. Tem um forte componente alcalino e um bom poder molhante.","rel":"","context":"Similar post","img":{"alt_text":"","src":"https:\/\/i0.wp.com\/mundo.seashell.pt\/wp-content\/uploads\/2022\/02\/Solim_Gorduras_PhotoRoom_20210402_103656.jpg?resize=350%2C200&ssl=1","width":350,"height":200},"classes":[]},{"id":5665,"url":"https:\/\/mundo.seashell.pt\/?product=stark-des-super-2l","url_meta":{"origin":5686,"position":3},"title":"Desengordurante Concentrado &#8211; Stark Des Super 2L","date":"Fevereiro 23, 2022","format":false,"excerpt":"Detergente desengordurante l\u00edquido alcalino com um excelente desempenho na remo\u00e7\u00e3o de gorduras, \u00f3leos e outro tipo de sujidades. Produto de elevada rentabilidade e economia em uso.","rel":"","context":"Similar post","img":{"alt_text":"","src":"","width":0,"height":0},"classes":[]},{"id":6253,"url":"https:\/\/mundo.seashell.pt\/?product=sanytol-cozinhas-750ml","url_meta":{"origin":5686,"position":4},"title":"Sanytol Cozinhas 750ml","date":"Fevereiro 23, 2022","format":false,"excerpt":"Limpador Desinfetante Cozinhas Sanytol desinfetante cozinhas com a\u00e7\u00e3o desengordurante. A cozinha \u00e9 um local favor\u00e1vel ao desenvolvimento de bact\u00e9rias. O uso de um limpador desinfetante \u00e9 a \u00fanica forma de prevenir eficazmente a prolifera\u00e7\u00e3o de micr\u00f3bios. Com a sua f\u00f3rmula de tripla a\u00e7\u00e3o sem lix\u00edvia, elimina 99,9% dos microrganismos. R...","rel":"","context":"Similar post","img":{"alt_text":"","src":"https:\/\/i0.wp.com\/mundo.seashell.pt\/wp-content\/uploads\/2022\/02\/SANYTOL_DESINFETANTE_COZINHAS_750_ML_8411660670212.png?resize=350%2C200&ssl=1","width":350,"height":200},"classes":[]},{"id":5698,"url":"https:\/\/mundo.seashell.pt\/?product=alkadet-24kg","url_meta":{"origin":5686,"position":5},"title":"Desengordurante Superativo Alkadet 24Kg","date":"Fevereiro 23, 2022","format":false,"excerpt":"Detergente altamente desengordurante para todos os tipos de res\u00edduo gorduroso na aus\u00eancia de corantes e fragr\u00e2ncias.","rel":"","context":"Similar post","img":{"alt_text":"","src":"https:\/\/i0.wp.com\/mundo.seashell.pt\/wp-content\/uploads\/2022\/02\/PhotoRoom_20210325_092132.jpg?resize=350%2C200&ssl=1","width":350,"height":200},"classes":[]}],"_links":{"self":[{"href":"https:\/\/mundo.seashell.pt\/index.php?rest_route=\/wp\/v2\/product\/5686","targetHints":{"allow":["GET"]}}],"collection":[{"href":"https:\/\/mundo.seashell.pt\/index.php?rest_route=\/wp\/v2\/product"}],"about":[{"href":"https:\/\/mundo.seashell.pt\/index.php?rest_route=\/wp\/v2\/types\/product"}],"wp:featuredmedia":[{"embeddable":true,"href":"https:\/\/mundo.seashell.pt\/index.php?rest_route=\/wp\/v2\/media\/5687"}],"wp:attachment":[{"href":"https:\/\/mundo.seashell.pt\/index.php?rest_route=%2Fwp%2Fv2%2Fmedia&parent=5686"}],"wp:term":[{"taxonomy":"product_cat","embeddable":true,"href":"https:\/\/mundo.seashell.pt\/index.php?rest_route=%2Fwp%2Fv2%2Fproduct_cat&post=5686"},{"taxonomy":"product_tag","embeddable":true,"href":"https:\/\/mundo.seashell.pt\/index.php?rest_route=%2Fwp%2Fv2%2Fproduct_tag&post=5686"}],"curies":[{"name":"wp","href":"https:\/\/api.w.org\/{rel}","templated":true}]}}