{"id":5684,"date":"2022-02-23T11:35:38","date_gmt":"2022-02-23T11:35:38","guid":{"rendered":"https:\/\/mundo.seashell.pt\/?post_type=product&#038;p=5684"},"modified":"2022-02-23T11:35:39","modified_gmt":"2022-02-23T11:35:39","slug":"sf120-5kg","status":"publish","type":"product","link":"https:\/\/mundo.seashell.pt\/?product=sf120-5kg","title":{"rendered":"Desengordurante S.F. 120"},"content":{"rendered":"<h4>Desengordurante super-activo para a limpeza de todos os tipos de res\u00edduos org\u00e2nicos<\/h4>\n<ul>\n<li>Ideal para a remo\u00e7\u00e3o de sujidade org\u00e2nica<\/li>\n<li>Utiliza\u00e7\u00e3o manual ou mec\u00e2nica<\/li>\n<li>Adequado para uso HACCP<\/li>\n<\/ul>\n<h4><\/h4>\n<h4>Descri\u00e7\u00e3o<\/h4>\n<p>Detergente altamente desengordurante isento de corantes e fragr\u00e2ncias para uso em ambiente alimentar (HACCP). Composto por <a target=\"_blank\" href=\"https:\/\/www.sutterprofessional.it\/pt\/sutterpedia#surfactants\" rel=\"noopener\">tensioativos<\/a> de elevado poder molhante, elementos antiredepositantes e emulsionantes para mat\u00e9rias gordurosas.<\/p>\n<h4><\/h4>\n<h4>Dilui\u00e7\u00e3o<\/h4>\n<p>USO MANUAL E NA M\u00c1QUINA DE LAVADORA: 2% &#8211; 3% (de 200 ml a 300 ml em 10 L de \u00e1gua). ALTA PRESS\u00c3O: 0,3% &#8211; 0,8% (de 30 ml a 80 ml em 10 L de \u00e1gua).<\/p>\n<h4><\/h4>\n<h4>Como usar<\/h4>\n<p><strong>Para utilizar com m\u00e1quina auto lavadora e uso manual:&nbsp;<\/strong><\/p>\n<ul>\n<li>dilua em \u00e1gua quente ou fria;&nbsp;<\/li>\n<li>deite a solu\u00e7\u00e3o no compartimento do equipamento e prossiga utilizando um disco castanho ou preto.&nbsp;<\/li>\n<li>Enxag\u00fae ou aspire.&nbsp;<\/li>\n<\/ul>\n<p><strong>Com m\u00e1quina de press\u00e3o:&nbsp;<\/strong><\/p>\n<ul>\n<li>dilua o produto e pulverize, deixe actuar e enxag\u00fae convenientemente.<\/li>\n<\/ul>\n","protected":false},"excerpt":{"rendered":"<p>Detergente altamente desengordurante isento de corantes e fragr\u00e2ncias para uso em ambiente alimentar (HACCP). <\/p>\n","protected":false},"featured_media":5685,"template":"","meta":{"spay_email":""},"product_cat":[15],"product_tag":[],"class_list":{"0":"post-5684","1":"product","2":"type-product","3":"status-publish","4":"has-post-thumbnail","6":"product_cat-sem-categoria","8":"first","9":"instock","10":"taxable","11":"shipping-taxable","12":"purchasable","13":"product-type-simple"},"acf":[],"jetpack-related-posts":[{"id":5680,"url":"https:\/\/mundo.seashell.pt\/?product=sf100-5kg","url_meta":{"origin":5684,"position":0},"title":"Desengordurante S.F. 100 5Kg","date":"Fevereiro 23, 2022","format":false,"excerpt":"Detergente altamente desengordurante isento de corantes e fragr\u00e2ncias para uso em ambiente alimentar (HACCP).","rel":"","context":"Similar post","img":{"alt_text":"","src":"https:\/\/i0.wp.com\/mundo.seashell.pt\/wp-content\/uploads\/2022\/02\/PhotoRoom_20210325_092140.jpg?resize=350%2C200&ssl=1","width":350,"height":200},"classes":[]},{"id":5698,"url":"https:\/\/mundo.seashell.pt\/?product=alkadet-24kg","url_meta":{"origin":5684,"position":1},"title":"Desengordurante Superativo Alkadet 24Kg","date":"Fevereiro 23, 2022","format":false,"excerpt":"Detergente altamente desengordurante para todos os tipos de res\u00edduo gorduroso na aus\u00eancia de corantes e fragr\u00e2ncias.","rel":"","context":"Similar post","img":{"alt_text":"","src":"https:\/\/i0.wp.com\/mundo.seashell.pt\/wp-content\/uploads\/2022\/02\/PhotoRoom_20210325_092132.jpg?resize=350%2C200&ssl=1","width":350,"height":200},"classes":[]},{"id":5682,"url":"https:\/\/mundo.seashell.pt\/?product=sf110-5kg","url_meta":{"origin":5684,"position":2},"title":"Desengordurante &#8211; S.F. 110 5Kg","date":"Fevereiro 23, 2022","format":false,"excerpt":"Detergente altamente desengordurante isento de corantes e fragr\u00e2ncias para uso em ambiente alimentar (HACCP).","rel":"","context":"Similar post","img":{"alt_text":"","src":"https:\/\/i0.wp.com\/mundo.seashell.pt\/wp-content\/uploads\/2022\/02\/s.f._110.jpg?resize=350%2C200&ssl=1","width":350,"height":200},"classes":[]},{"id":5668,"url":"https:\/\/mundo.seashell.pt\/?product=forte-5kg","url_meta":{"origin":5684,"position":3},"title":"Desengordurante &#8211; Forte 5Kg","date":"Fevereiro 23, 2022","format":false,"excerpt":"Detergente altamente desengordurante apropriado para a remo\u00e7\u00e3o de sujidade dif\u00edcil gra\u00e7as ao seu poder separador e solubilizante","rel":"","context":"Similar post","img":{"alt_text":"","src":"https:\/\/i0.wp.com\/mundo.seashell.pt\/wp-content\/uploads\/2022\/02\/forte.jpg?resize=350%2C200&ssl=1","width":350,"height":200},"classes":[]},{"id":5670,"url":"https:\/\/mundo.seashell.pt\/?product=microsolv-5lt","url_meta":{"origin":5684,"position":4},"title":"Detergente Microsolv 5Lt","date":"Fevereiro 23, 2022","format":false,"excerpt":"Micro-emuls\u00e3o desengordurante \u00e0 base de solventes naturais e alif\u00e1ticos com elevado poder de solubiliza\u00e7\u00e3o","rel":"","context":"Similar post","img":{"alt_text":"","src":"https:\/\/i0.wp.com\/mundo.seashell.pt\/wp-content\/uploads\/2022\/02\/microsolv.jpg?resize=350%2C200&ssl=1","width":350,"height":200},"classes":[]},{"id":5678,"url":"https:\/\/mundo.seashell.pt\/?product=degreaser-plus-5kg","url_meta":{"origin":5684,"position":5},"title":"Desengordurante Natural &#8211; Degreaser Plus 5Kg","date":"Fevereiro 23, 2022","format":false,"excerpt":"Desengordurante n\u00e3o c\u00e1ustico de alto desempenho, indicado para a remo\u00e7\u00e3o de gorduras gra\u00e7as ao seu poder dissolvedor e solubilizante.","rel":"","context":"Similar post","img":{"alt_text":"","src":"https:\/\/i0.wp.com\/mundo.seashell.pt\/wp-content\/uploads\/2022\/02\/degreaser_plus.jpg?resize=350%2C200&ssl=1","width":350,"height":200},"classes":[]}],"_links":{"self":[{"href":"https:\/\/mundo.seashell.pt\/index.php?rest_route=\/wp\/v2\/product\/5684","targetHints":{"allow":["GET"]}}],"collection":[{"href":"https:\/\/mundo.seashell.pt\/index.php?rest_route=\/wp\/v2\/product"}],"about":[{"href":"https:\/\/mundo.seashell.pt\/index.php?rest_route=\/wp\/v2\/types\/product"}],"wp:featuredmedia":[{"embeddable":true,"href":"https:\/\/mundo.seashell.pt\/index.php?rest_route=\/wp\/v2\/media\/5685"}],"wp:attachment":[{"href":"https:\/\/mundo.seashell.pt\/index.php?rest_route=%2Fwp%2Fv2%2Fmedia&parent=5684"}],"wp:term":[{"taxonomy":"product_cat","embeddable":true,"href":"https:\/\/mundo.seashell.pt\/index.php?rest_route=%2Fwp%2Fv2%2Fproduct_cat&post=5684"},{"taxonomy":"product_tag","embeddable":true,"href":"https:\/\/mundo.seashell.pt\/index.php?rest_route=%2Fwp%2Fv2%2Fproduct_tag&post=5684"}],"curies":[{"name":"wp","href":"https:\/\/api.w.org\/{rel}","templated":true}]}}