{"id":5678,"date":"2022-02-23T11:35:29","date_gmt":"2022-02-23T11:35:29","guid":{"rendered":"https:\/\/mundo.seashell.pt\/?post_type=product&#038;p=5678"},"modified":"2022-02-23T11:35:33","modified_gmt":"2022-02-23T11:35:33","slug":"degreaser-plus-5kg","status":"publish","type":"product","link":"https:\/\/mundo.seashell.pt\/?product=degreaser-plus-5kg","title":{"rendered":"Desengordurante Natural &#8211; Degreaser Plus 5Kg"},"content":{"rendered":"<h2>Detergente desengordurante natural concentrado<\/h2>\n<ul>\n<li>Efic\u00e1cia vs l\u00edderes de mercado testada em laborat\u00f3rio certificado ISO 17025<\/li>\n<li>Produto com mat\u00e9rias-primas de origem vegetal e completamente biodegrad\u00e1vel*<\/li>\n<li>Indicado em ambiente alimentar<\/li>\n<\/ul>\n<h4><\/h4>\n<h4>Descri\u00e7\u00e3o<\/h4>\n<p>Desengordurante n\u00e3o c\u00e1ustico de alto desempenho, indicado para a remo\u00e7\u00e3o de gorduras gra\u00e7as ao seu poder dissolvedor e solubilizante. Cont\u00e9m mat\u00e9rias-primas de origem vegetal (ex. tensioativos) derivadas do processamento de milho, batatas e \u00f3leo de coco. Sem fostatos, sem n\u00edquel (inferior a 0,01 ppm). Incolor e sem perfume. Indicado inclusive em ambientes HACCP.<\/p>\n<h4><\/h4>\n<h4>Dilui\u00e7\u00e3o<\/h4>\n<p>1% (100 ml em 10 L de \u00e1gua). A dose aconselhada permite poupar e reduzir ao m\u00ednimo o impacto ambiental<\/p>\n<h4><\/h4>\n<h4>Como usar<\/h4>\n<p>Uso manual e\/ou com lavadora-aspiradora. Diluir o produto, aplicar na superf\u00edcie. Deixar atuar. Enxaguar em caso de res\u00edduos<\/p>\n","protected":false},"excerpt":{"rendered":"<p>Desengordurante n\u00e3o c\u00e1ustico de alto desempenho, indicado para a remo\u00e7\u00e3o de gorduras gra\u00e7as ao seu poder dissolvedor e solubilizante. <\/p>\n","protected":false},"featured_media":5679,"template":"","meta":{"spay_email":""},"product_cat":[15],"product_tag":[],"class_list":{"0":"post-5678","1":"product","2":"type-product","3":"status-publish","4":"has-post-thumbnail","6":"product_cat-sem-categoria","8":"first","9":"instock","10":"taxable","11":"shipping-taxable","12":"purchasable","13":"product-type-simple"},"acf":[],"jetpack-related-posts":[{"id":5676,"url":"https:\/\/mundo.seashell.pt\/?product=amber-500ml","url_meta":{"origin":5678,"position":0},"title":"Desengordurante Natural &#8211; Amber","date":"Fevereiro 23, 2022","format":false,"excerpt":"Desengordurante para a limpeza di\u00e1ria de todas as superf\u00edcies. Indicado na cozinha, para a limpeza di\u00e1ria de gorduras.","rel":"","context":"Similar post","img":{"alt_text":"","src":"https:\/\/i0.wp.com\/mundo.seashell.pt\/wp-content\/uploads\/2022\/02\/amber.jpg?resize=350%2C200&ssl=1","width":350,"height":200},"classes":[]},{"id":5688,"url":"https:\/\/mundo.seashell.pt\/?product=grill-cleaner-plus-500ml","url_meta":{"origin":5678,"position":1},"title":"Desengordurante Natural Grill Cleaner Plus 500Ml","date":"Fevereiro 23, 2022","format":false,"excerpt":"Desengordurante altamente eficaz para remover gordura queimada.","rel":"","context":"Similar post","img":{"alt_text":"","src":"https:\/\/i0.wp.com\/mundo.seashell.pt\/wp-content\/uploads\/2022\/02\/grill_cleaner.jpg?resize=350%2C200&ssl=1","width":350,"height":200},"classes":[]},{"id":5940,"url":"https:\/\/mundo.seashell.pt\/?product=emerald-5kg","url_meta":{"origin":5678,"position":2},"title":"Detergente Emerald 5Kg","date":"Fevereiro 23, 2022","format":false,"excerpt":"Detergente concentrado desengordurante natural para a limpeza de todas as superf\u00edcies duras.","rel":"","context":"Similar post","img":{"alt_text":"","src":"https:\/\/i0.wp.com\/mundo.seashell.pt\/wp-content\/uploads\/2022\/02\/emerald_zero.jpg?resize=350%2C200&ssl=1","width":350,"height":200},"classes":[]},{"id":5942,"url":"https:\/\/mundo.seashell.pt\/?product=emerald-easy-750ml","url_meta":{"origin":5678,"position":3},"title":"Detergente Super Concentrado Emerald Easy","date":"Fevereiro 23, 2022","format":false,"excerpt":"Detergente universal super concentrado de alto desempenho, para a limpeza de todas as superf\u00edcies duras.","rel":"","context":"Similar post","img":{"alt_text":"","src":"https:\/\/i0.wp.com\/mundo.seashell.pt\/wp-content\/uploads\/2022\/02\/emerald_easy.jpg?resize=350%2C200&ssl=1","width":350,"height":200},"classes":[]},{"id":6093,"url":"https:\/\/mundo.seashell.pt\/?product=descaler-plus-1lt-loica-automatica","url_meta":{"origin":5678,"position":4},"title":"Detergente Desincrustante Descaler Plus 1Lt","date":"Fevereiro 23, 2022","format":false,"excerpt":"Detergente desincrustante \u00e0 base de \u00e1cidos org\u00e2nicos de origem natural","rel":"","context":"Similar post","img":{"alt_text":"","src":"https:\/\/i0.wp.com\/mundo.seashell.pt\/wp-content\/uploads\/2022\/02\/descaler_plus.jpg?resize=350%2C200&ssl=1","width":350,"height":200},"classes":[]},{"id":6089,"url":"https:\/\/mundo.seashell.pt\/?product=ruby-500ml","url_meta":{"origin":5678,"position":5},"title":"Detergente Anticalc\u00e1rio Ruby","date":"Fevereiro 23, 2022","format":false,"excerpt":"Detergente desincrustante \u00e0 base de \u00e1cido org\u00e2nico de origem natural (\u00e1cido c\u00edtrico)","rel":"","context":"Similar post","img":{"alt_text":"","src":"https:\/\/i0.wp.com\/mundo.seashell.pt\/wp-content\/uploads\/2022\/02\/ruby.jpg?resize=350%2C200&ssl=1","width":350,"height":200},"classes":[]}],"_links":{"self":[{"href":"https:\/\/mundo.seashell.pt\/index.php?rest_route=\/wp\/v2\/product\/5678","targetHints":{"allow":["GET"]}}],"collection":[{"href":"https:\/\/mundo.seashell.pt\/index.php?rest_route=\/wp\/v2\/product"}],"about":[{"href":"https:\/\/mundo.seashell.pt\/index.php?rest_route=\/wp\/v2\/types\/product"}],"wp:featuredmedia":[{"embeddable":true,"href":"https:\/\/mundo.seashell.pt\/index.php?rest_route=\/wp\/v2\/media\/5679"}],"wp:attachment":[{"href":"https:\/\/mundo.seashell.pt\/index.php?rest_route=%2Fwp%2Fv2%2Fmedia&parent=5678"}],"wp:term":[{"taxonomy":"product_cat","embeddable":true,"href":"https:\/\/mundo.seashell.pt\/index.php?rest_route=%2Fwp%2Fv2%2Fproduct_cat&post=5678"},{"taxonomy":"product_tag","embeddable":true,"href":"https:\/\/mundo.seashell.pt\/index.php?rest_route=%2Fwp%2Fv2%2Fproduct_tag&post=5678"}],"curies":[{"name":"wp","href":"https:\/\/api.w.org\/{rel}","templated":true}]}}