{"id":5674,"date":"2022-02-23T11:35:23","date_gmt":"2022-02-23T11:35:23","guid":{"rendered":"https:\/\/mundo.seashell.pt\/?post_type=product&#038;p=5674"},"modified":"2022-02-23T11:35:25","modified_gmt":"2022-02-23T11:35:25","slug":"xtra-degreaser-500ml","status":"publish","type":"product","link":"https:\/\/mundo.seashell.pt\/?product=xtra-degreaser-500ml","title":{"rendered":"Desengordurante &#8211; Xtra &#8211; Degreaser  500ml"},"content":{"rendered":"<h2>Desengordurante super activo e pronto para a usar<\/h2>\n<ul>\n<li>Altamente concentrado e eficaz<\/li>\n<li>Adequado tamb\u00e9m como pr\u00e9-tratamento de tecido<\/li>\n<li>Ideal para todas as superf\u00edcies, mesmo para procedimentos HACCP<\/li>\n<\/ul>\n<h4><\/h4>\n<h4>Descri\u00e7\u00e3o<\/h4>\n<p>Desengordurante para todas as superf\u00edcies. Excelente para a utiliza\u00e7\u00e3o em ambiente alimentar, superf\u00edcies em inox e para o pr\u00e9-tratamento de tecidos.<\/p>\n<h4><\/h4>\n<h4>Dilui\u00e7\u00e3o<\/h4>\n<p>Pronto para a usar.<\/p>\n<h4><\/h4>\n<h4>Como usar<\/h4>\n<p>Pulverize o produto no pano. Em caso de sujidade excessiva, pulverize diretamente sobre a superf\u00edcie e enxague com um pano h\u00famido ou \u00e1gua corrente.<\/p>\n","protected":false},"excerpt":{"rendered":"<p>Desengordurante para todas as superf\u00edcies. Excelente para a utiliza\u00e7\u00e3o em ambiente alimentar, superf\u00edcies em inox e para o pr\u00e9-tratamento de tecidos.<\/p>\n","protected":false},"featured_media":5675,"template":"","meta":{"spay_email":""},"product_cat":[15],"product_tag":[],"class_list":{"0":"post-5674","1":"product","2":"type-product","3":"status-publish","4":"has-post-thumbnail","6":"product_cat-sem-categoria","8":"first","9":"instock","10":"taxable","11":"shipping-taxable","12":"purchasable","13":"product-type-simple"},"acf":[],"jetpack-related-posts":[{"id":5676,"url":"https:\/\/mundo.seashell.pt\/?product=amber-500ml","url_meta":{"origin":5674,"position":0},"title":"Desengordurante Natural &#8211; Amber","date":"Fevereiro 23, 2022","format":false,"excerpt":"Desengordurante para a limpeza di\u00e1ria de todas as superf\u00edcies. Indicado na cozinha, para a limpeza di\u00e1ria de gorduras.","rel":"","context":"Similar post","img":{"alt_text":"","src":"https:\/\/i0.wp.com\/mundo.seashell.pt\/wp-content\/uploads\/2022\/02\/amber.jpg?resize=350%2C200&ssl=1","width":350,"height":200},"classes":[]},{"id":5706,"url":"https:\/\/mundo.seashell.pt\/?product=tergi-inox-500ml","url_meta":{"origin":5674,"position":1},"title":"Limpador para Superf\u00edcies Tergi Inox 500Ml","date":"Fevereiro 23, 2022","format":false,"excerpt":"Ideal para uma r\u00e1pida limpeza de bancadas de distribui\u00e7\u00e3o de alimentos, frigor\u00edficos, m\u00e1quinas de lavar lou\u00e7a, lavabos, elevadores, m\u00e1quinas registadoras, em a\u00e7o inoxid\u00e1vel acetinado ou polido.","rel":"","context":"Similar post","img":{"alt_text":"","src":"https:\/\/i0.wp.com\/mundo.seashell.pt\/wp-content\/uploads\/2022\/02\/tergi_inox.jpg?resize=350%2C200&ssl=1","width":350,"height":200},"classes":[]},{"id":5659,"url":"https:\/\/mundo.seashell.pt\/?product=solim-d-forte-5kg","url_meta":{"origin":5674,"position":2},"title":"Desengordurante Alcalino &#8211; Solim D-Forte 5Kg","date":"Fevereiro 23, 2022","format":false,"excerpt":"Desengordurante l\u00edquido alcalino com um excelente desempenho na remo\u00e7\u00e3o de gorduras, \u00f3leos e outro tipo de sujidades em pl\u00e1sticos, borracha, cimento e pedra.","rel":"","context":"Similar post","img":{"alt_text":"","src":"https:\/\/i0.wp.com\/mundo.seashell.pt\/wp-content\/uploads\/2022\/02\/SOLIM_D-FORTE_PhotoRoom_20210402_103423.jpg?resize=350%2C200&ssl=1","width":350,"height":200},"classes":[]},{"id":6621,"url":"https:\/\/mundo.seashell.pt\/?product=neoblanc-gerntil-tira-nodoas-07l","url_meta":{"origin":5674,"position":3},"title":"Neoblanc Gerntil Tira N\u00f3doas 700ml","date":"Fevereiro 23, 2022","format":false,"excerpt":"Um \u00fanico spray para roupa, cozinha e quarto de banho. Gra\u00e7as \u00e0 sua f\u00f3rmula especial, combinando desengordurante e Neoblanc Gentil, Neoblanc Spray multiusos higieniza limpando a fundo as superf\u00edcies da casa. Desengordura a sujidade mais incrustada e \u00e9 eficaz na remo\u00e7\u00e3o do calc\u00e1rio. Para al\u00e9m disso, tamb\u00e9m remove as manchas\u2026","rel":"","context":"Similar post","img":{"alt_text":"","src":"https:\/\/i0.wp.com\/mundo.seashell.pt\/wp-content\/uploads\/2022\/02\/NEOBLANC_GENTIL_SPRAY_TIRA-NODOAS_700ML_8001480703001.png?resize=350%2C200&ssl=1","width":350,"height":200},"classes":[]},{"id":6409,"url":"https:\/\/mundo.seashell.pt\/?product=cif-ultra-desengordurante-05l","url_meta":{"origin":5674,"position":4},"title":"CIF Ultra Desengordurante 500ml","date":"Fevereiro 23, 2022","format":false,"excerpt":"ra\u00e7as \u00e0 sua f\u00f3rmula exclusiva multi active system, Cif ultra desengordurante, com agentes de limpeza, garante uma a\u00e7\u00e3o poderosa a desengordurar mesmo sobre as gorduras mais dif\u00edceis. Conta ainda com uma agrad\u00e1vel frag\u00e2ncia de sab\u00e3o de Marselha.Benef\u00edcios: - Ultra poderoso a remover a gordura;- Indicado para uso dentro e fo...","rel":"","context":"Similar post","img":{"alt_text":"","src":"https:\/\/i0.wp.com\/mundo.seashell.pt\/wp-content\/uploads\/2022\/02\/CIF_SPRAY_ULTRA_DESENGORDURANTE_-_500ml_8710908796128.png?resize=350%2C200&ssl=1","width":350,"height":200},"classes":[]},{"id":5672,"url":"https:\/\/mundo.seashell.pt\/?product=multigienic-5kg","url_meta":{"origin":5674,"position":5},"title":"Desengordurante Desinfetante &#8211; Multigienic 5Kg","date":"Fevereiro 23, 2022","format":false,"excerpt":"Desengordurante desinfectante, remove todos os tipos de sujidade de todas as superf\u00edcies. Adequado para uso HACCP.","rel":"","context":"Similar post","img":{"alt_text":"","src":"https:\/\/i0.wp.com\/mundo.seashell.pt\/wp-content\/uploads\/2022\/02\/multigienic.jpg?resize=350%2C200&ssl=1","width":350,"height":200},"classes":[]}],"_links":{"self":[{"href":"https:\/\/mundo.seashell.pt\/index.php?rest_route=\/wp\/v2\/product\/5674","targetHints":{"allow":["GET"]}}],"collection":[{"href":"https:\/\/mundo.seashell.pt\/index.php?rest_route=\/wp\/v2\/product"}],"about":[{"href":"https:\/\/mundo.seashell.pt\/index.php?rest_route=\/wp\/v2\/types\/product"}],"wp:featuredmedia":[{"embeddable":true,"href":"https:\/\/mundo.seashell.pt\/index.php?rest_route=\/wp\/v2\/media\/5675"}],"wp:attachment":[{"href":"https:\/\/mundo.seashell.pt\/index.php?rest_route=%2Fwp%2Fv2%2Fmedia&parent=5674"}],"wp:term":[{"taxonomy":"product_cat","embeddable":true,"href":"https:\/\/mundo.seashell.pt\/index.php?rest_route=%2Fwp%2Fv2%2Fproduct_cat&post=5674"},{"taxonomy":"product_tag","embeddable":true,"href":"https:\/\/mundo.seashell.pt\/index.php?rest_route=%2Fwp%2Fv2%2Fproduct_tag&post=5674"}],"curies":[{"name":"wp","href":"https:\/\/api.w.org\/{rel}","templated":true}]}}