{"id":5672,"date":"2022-02-23T11:35:21","date_gmt":"2022-02-23T11:35:21","guid":{"rendered":"https:\/\/mundo.seashell.pt\/?post_type=product&#038;p=5672"},"modified":"2022-02-23T11:35:23","modified_gmt":"2022-02-23T11:35:23","slug":"multigienic-5kg","status":"publish","type":"product","link":"https:\/\/mundo.seashell.pt\/?product=multigienic-5kg","title":{"rendered":"Desengordurante Desinfetante &#8211; Multigienic 5Kg"},"content":{"rendered":"<h2>Desengordurante Desinfectante para a limpeza de todas as superf\u00edcies<\/h2>\n<ul>\n<li>Em conformidade com as normas&nbsp;EN: 1040, 1276, 13697, 14476<\/li>\n<li>Adequado para ambiente alimentar (HACCP)<\/li>\n<li>Desinfecta eliminando todos os tipos de sujidade de todas as superf\u00edcies lav\u00e1veis<\/li>\n<\/ul>\n<h4><\/h4>\n<h4>Descri\u00e7\u00e3o<\/h4>\n<p>Desengordurante desinfectante, remove todos os tipos de sujidade de todas as superf\u00edcies. Adequado para uso HACCP.<\/p>\n<p><strong><br \/><\/strong><\/p>\n<p><strong>COMPOSI\u00c7\u00c3O<\/strong>: Cada 100 g de produto cont\u00e9m: Cloreto de alquil dimetil benzil am\u00f3nio (cloreto de benzalc\u00f3nio) 0,5 g. Ortofenilfenol (biphenyl-2-ol) 0,032 g. Solubilizante, Sequestrantes, \u00c1gua q.b.a 100 g. COMPOSI\u00c7\u00c3O (Reg. 648\/2004\/EC): sequestrantes, tensioactivos n\u00e3o-i\u00f3nicos &lt; 5%. Cont\u00e9m: Desinfectantes. Cont\u00e9m \u00c1lcool et\u00edlico desnaturado DS.<\/p>\n<p>Em conformidade com as normas&nbsp;EN: 1040, 1276, 13697, 14476.<\/p>\n<h4><\/h4>\n<h4>Dilui\u00e7\u00e3o<\/h4>\n<p>Pronto para o uso.<\/p>\n<h4><\/h4>\n<h4>Como usar<\/h4>\n<p>Nebulize o produto nas superf\u00edcies a ser limpas a uma dist\u00e2ncia de cerca de 20 cm. Deixe agir por 5 minutos. Limpe com um pano seco at\u00e9 a completa evapora\u00e7\u00e3o.<\/p>\n","protected":false},"excerpt":{"rendered":"<p>Desengordurante desinfectante, remove todos os tipos de sujidade de todas as superf\u00edcies. Adequado para uso HACCP.<\/p>\n","protected":false},"featured_media":5673,"template":"","meta":{"spay_email":""},"product_cat":[15],"product_tag":[],"class_list":{"0":"post-5672","1":"product","2":"type-product","3":"status-publish","4":"has-post-thumbnail","6":"product_cat-sem-categoria","8":"first","9":"instock","10":"taxable","11":"shipping-taxable","12":"purchasable","13":"product-type-simple"},"acf":[],"jetpack-related-posts":[{"id":5716,"url":"https:\/\/mundo.seashell.pt\/?product=onda-rtu-500ml","url_meta":{"origin":5672,"position":0},"title":"Desinfectante Desodorizante Onda RTU 500Ml","date":"Fevereiro 23, 2022","format":false,"excerpt":"Detergente desinfectante desodorizante perfumado para superf\u00edcies.","rel":"","context":"Similar post","img":{"alt_text":"","src":"https:\/\/i0.wp.com\/mundo.seashell.pt\/wp-content\/uploads\/2022\/02\/onda_rtu.jpg?resize=350%2C200&ssl=1","width":350,"height":200},"classes":[]},{"id":5990,"url":"https:\/\/mundo.seashell.pt\/?product=onda-sanify-1lt","url_meta":{"origin":5672,"position":1},"title":"Detergente Desinfetante Onda Sanify","date":"Fevereiro 23, 2022","format":false,"excerpt":"Detergente Desinfetante, desodorizante perfumado","rel":"","context":"Similar post","img":{"alt_text":"","src":"https:\/\/i0.wp.com\/mundo.seashell.pt\/wp-content\/uploads\/2022\/02\/onda.jpg?resize=350%2C200&ssl=1","width":350,"height":200},"classes":[]},{"id":5690,"url":"https:\/\/mundo.seashell.pt\/?product=alkachlor-foam-ha-22kg","url_meta":{"origin":5672,"position":2},"title":"Desengordurante Alkachlor Foam Ha 22Kg","date":"Fevereiro 23, 2022","format":false,"excerpt":"Espuma de elevado poder desengordurante e higienizante de base cloro. Recomendado para limpeza em \u00e1reas de processo agro-alimentar.","rel":"","context":"Similar post","img":{"alt_text":"","src":"https:\/\/i0.wp.com\/mundo.seashell.pt\/wp-content\/uploads\/2022\/02\/PhotoRoom_20210325_092137.jpg?resize=350%2C200&ssl=1","width":350,"height":200},"classes":[]},{"id":5694,"url":"https:\/\/mundo.seashell.pt\/?product=duo-quat-ha-5kg","url_meta":{"origin":5672,"position":3},"title":"Desinfetante Desengordurante Duo Quat HA 5Kg","date":"Fevereiro 23, 2022","format":false,"excerpt":"Detergente desinfetante de base am\u00f4nio quatern\u00e1rios de largo espectro de ac\u00e7\u00e3o.","rel":"","context":"Similar post","img":{"alt_text":"","src":"https:\/\/i0.wp.com\/mundo.seashell.pt\/wp-content\/uploads\/2022\/02\/agral_duo_quat_ha.jpg?resize=350%2C200&ssl=1","width":350,"height":200},"classes":[]},{"id":5718,"url":"https:\/\/mundo.seashell.pt\/?product=xtra-oxy-500ml","url_meta":{"origin":5672,"position":4},"title":"Higienizante Xtra-Oxy 500Ml","date":"Fevereiro 23, 2022","format":false,"excerpt":"\ufeffDetergente Higienizante pronto para uso \u00e0 base de per\u00f3xido de Hidrog\u00eanio adequado para todas as superf\u00edcies lav\u00e1veis","rel":"","context":"Similar post","img":{"alt_text":"","src":"https:\/\/i0.wp.com\/mundo.seashell.pt\/wp-content\/uploads\/2022\/02\/xtra_oxy.jpg?resize=350%2C200&ssl=1","width":350,"height":200},"classes":[]},{"id":6056,"url":"https:\/\/mundo.seashell.pt\/?product=lactic-500ml","url_meta":{"origin":5672,"position":5},"title":"Desinfetante Lactic 500Ml","date":"Fevereiro 23, 2022","format":false,"excerpt":"Desinfetante multiusos pronto para usar para todas as superf\u00edcies duras lav\u00e1veis: pavimentos, mobili\u00e1rio, bancadas de trabalho, instala\u00e7\u00f5es sanit\u00e1rias e caixotes do lixo","rel":"","context":"Similar post","img":{"alt_text":"","src":"https:\/\/i0.wp.com\/mundo.seashell.pt\/wp-content\/uploads\/2022\/02\/lactic.jpg?resize=350%2C200&ssl=1","width":350,"height":200},"classes":[]}],"_links":{"self":[{"href":"https:\/\/mundo.seashell.pt\/index.php?rest_route=\/wp\/v2\/product\/5672","targetHints":{"allow":["GET"]}}],"collection":[{"href":"https:\/\/mundo.seashell.pt\/index.php?rest_route=\/wp\/v2\/product"}],"about":[{"href":"https:\/\/mundo.seashell.pt\/index.php?rest_route=\/wp\/v2\/types\/product"}],"wp:featuredmedia":[{"embeddable":true,"href":"https:\/\/mundo.seashell.pt\/index.php?rest_route=\/wp\/v2\/media\/5673"}],"wp:attachment":[{"href":"https:\/\/mundo.seashell.pt\/index.php?rest_route=%2Fwp%2Fv2%2Fmedia&parent=5672"}],"wp:term":[{"taxonomy":"product_cat","embeddable":true,"href":"https:\/\/mundo.seashell.pt\/index.php?rest_route=%2Fwp%2Fv2%2Fproduct_cat&post=5672"},{"taxonomy":"product_tag","embeddable":true,"href":"https:\/\/mundo.seashell.pt\/index.php?rest_route=%2Fwp%2Fv2%2Fproduct_tag&post=5672"}],"curies":[{"name":"wp","href":"https:\/\/api.w.org\/{rel}","templated":true}]}}