{"id":5670,"date":"2022-02-23T11:35:19","date_gmt":"2022-02-23T11:35:19","guid":{"rendered":"https:\/\/mundo.seashell.pt\/?post_type=product&#038;p=5670"},"modified":"2022-02-23T11:35:21","modified_gmt":"2022-02-23T11:35:21","slug":"microsolv-5lt","status":"publish","type":"product","link":"https:\/\/mundo.seashell.pt\/?product=microsolv-5lt","title":{"rendered":"Detergente Microsolv 5Lt"},"content":{"rendered":"<h2>Detergente \u00e0 base de solvente&nbsp;micro-emulsionados na \u00e1gua<\/h2>\n<ul>\n<li>\u00c0 base de solventes&nbsp;naturais<\/li>\n<li>Altamente desengordurante<\/li>\n<li>\u00d3timo contra a sujidade como \u00f3leo mineral ou sujidade muito dif\u00edcil<\/li>\n<\/ul>\n<h4><\/h4>\n<h4>Descri\u00e7\u00e3o<\/h4>\n<p>Micro-emuls\u00e3o desengordurante \u00e0 base de solventes&nbsp;naturais e alif\u00e1ticos com elevado poder de solubiliza\u00e7\u00e3o<\/p>\n<h4><\/h4>\n<h4>Dilui\u00e7\u00e3o<\/h4>\n<p>USO MEC\u00c2NICO: 2% &#8211; 5% (de 200 ml a 500 ml em 10 L de \u00e1gua).<br \/>USO MANUAL: 5% &#8211; 15% (de 500 ml a 1,5 L em 10 L de \u00e1gua)<\/p>\n<h4><\/h4>\n<h4>Como usar<\/h4>\n<p>Dilua o produto no balde para um uso MANUAL, ou em M\u00c1QUINA AUTO LAVADORA\/ROTATIVA. Aplique-o na superf\u00edcie; deixe atuar e, depois de esfregar em caso de sujidade persistente, enxague. Apropriado para manchas de borracha, alcatr\u00e3o, cola, etc. Apropriado tamb\u00e9m para decapagens a seco.<\/p>\n","protected":false},"excerpt":{"rendered":"<p>Micro-emuls\u00e3o desengordurante \u00e0 base de solventes naturais e alif\u00e1ticos com elevado poder de solubiliza\u00e7\u00e3o<\/p>\n","protected":false},"featured_media":5671,"template":"","meta":{"spay_email":""},"product_cat":[15],"product_tag":[],"class_list":{"0":"post-5670","1":"product","2":"type-product","3":"status-publish","4":"has-post-thumbnail","6":"product_cat-sem-categoria","8":"first","9":"instock","10":"taxable","11":"shipping-taxable","12":"purchasable","13":"product-type-simple"},"acf":[],"jetpack-related-posts":[{"id":5668,"url":"https:\/\/mundo.seashell.pt\/?product=forte-5kg","url_meta":{"origin":5670,"position":0},"title":"Desengordurante &#8211; Forte 5Kg","date":"Fevereiro 23, 2022","format":false,"excerpt":"Detergente altamente desengordurante apropriado para a remo\u00e7\u00e3o de sujidade dif\u00edcil gra\u00e7as ao seu poder separador e solubilizante","rel":"","context":"Similar post","img":{"alt_text":"","src":"https:\/\/i0.wp.com\/mundo.seashell.pt\/wp-content\/uploads\/2022\/02\/forte.jpg?resize=350%2C200&ssl=1","width":350,"height":200},"classes":[]},{"id":5666,"url":"https:\/\/mundo.seashell.pt\/?product=cleaner-2000-5kg","url_meta":{"origin":5670,"position":1},"title":"Detergente Alcalino &#8211; Cleaner 2000 5Kg","date":"Fevereiro 23, 2022","format":false,"excerpt":"F\u00f3rmula com concentra\u00e7\u00e3o elevada e com um grande efeito sequestrante espec\u00edfico sujidade de origem gordurosa mesmo em superf\u00edcies microporosas.","rel":"","context":"Similar post","img":{"alt_text":"","src":"https:\/\/i0.wp.com\/mundo.seashell.pt\/wp-content\/uploads\/2022\/02\/cleaner_2000.jpg?resize=350%2C200&ssl=1","width":350,"height":200},"classes":[]},{"id":5684,"url":"https:\/\/mundo.seashell.pt\/?product=sf120-5kg","url_meta":{"origin":5670,"position":2},"title":"Desengordurante S.F. 120","date":"Fevereiro 23, 2022","format":false,"excerpt":"Detergente altamente desengordurante isento de corantes e fragr\u00e2ncias para uso em ambiente alimentar (HACCP).","rel":"","context":"Similar post","img":{"alt_text":"","src":"https:\/\/i0.wp.com\/mundo.seashell.pt\/wp-content\/uploads\/2022\/02\/Sf_120.jpg?resize=350%2C200&ssl=1","width":350,"height":200},"classes":[]},{"id":5950,"url":"https:\/\/mundo.seashell.pt\/?product=gres-750ml","url_meta":{"origin":5670,"position":3},"title":"Detergente Gres","date":"Fevereiro 23, 2022","format":false,"excerpt":"Detergente concentrado polivalente para as limpezas ordin\u00e1rias e peri\u00f3dicas dos pavimentos em gr\u00e9s ou pavimentos microporosos","rel":"","context":"Similar post","img":{"alt_text":"","src":"https:\/\/i0.wp.com\/mundo.seashell.pt\/wp-content\/uploads\/2022\/02\/gres.jpg?resize=350%2C200&ssl=1","width":350,"height":200},"classes":[]},{"id":5698,"url":"https:\/\/mundo.seashell.pt\/?product=alkadet-24kg","url_meta":{"origin":5670,"position":4},"title":"Desengordurante Superativo Alkadet 24Kg","date":"Fevereiro 23, 2022","format":false,"excerpt":"Detergente altamente desengordurante para todos os tipos de res\u00edduo gorduroso na aus\u00eancia de corantes e fragr\u00e2ncias.","rel":"","context":"Similar post","img":{"alt_text":"","src":"https:\/\/i0.wp.com\/mundo.seashell.pt\/wp-content\/uploads\/2022\/02\/PhotoRoom_20210325_092132.jpg?resize=350%2C200&ssl=1","width":350,"height":200},"classes":[]},{"id":5680,"url":"https:\/\/mundo.seashell.pt\/?product=sf100-5kg","url_meta":{"origin":5670,"position":5},"title":"Desengordurante S.F. 100 5Kg","date":"Fevereiro 23, 2022","format":false,"excerpt":"Detergente altamente desengordurante isento de corantes e fragr\u00e2ncias para uso em ambiente alimentar (HACCP).","rel":"","context":"Similar post","img":{"alt_text":"","src":"https:\/\/i0.wp.com\/mundo.seashell.pt\/wp-content\/uploads\/2022\/02\/PhotoRoom_20210325_092140.jpg?resize=350%2C200&ssl=1","width":350,"height":200},"classes":[]}],"_links":{"self":[{"href":"https:\/\/mundo.seashell.pt\/index.php?rest_route=\/wp\/v2\/product\/5670","targetHints":{"allow":["GET"]}}],"collection":[{"href":"https:\/\/mundo.seashell.pt\/index.php?rest_route=\/wp\/v2\/product"}],"about":[{"href":"https:\/\/mundo.seashell.pt\/index.php?rest_route=\/wp\/v2\/types\/product"}],"wp:featuredmedia":[{"embeddable":true,"href":"https:\/\/mundo.seashell.pt\/index.php?rest_route=\/wp\/v2\/media\/5671"}],"wp:attachment":[{"href":"https:\/\/mundo.seashell.pt\/index.php?rest_route=%2Fwp%2Fv2%2Fmedia&parent=5670"}],"wp:term":[{"taxonomy":"product_cat","embeddable":true,"href":"https:\/\/mundo.seashell.pt\/index.php?rest_route=%2Fwp%2Fv2%2Fproduct_cat&post=5670"},{"taxonomy":"product_tag","embeddable":true,"href":"https:\/\/mundo.seashell.pt\/index.php?rest_route=%2Fwp%2Fv2%2Fproduct_tag&post=5670"}],"curies":[{"name":"wp","href":"https:\/\/api.w.org\/{rel}","templated":true}]}}