{"id":5666,"date":"2022-02-23T11:34:58","date_gmt":"2022-02-23T11:34:58","guid":{"rendered":"https:\/\/mundo.seashell.pt\/?post_type=product&#038;p=5666"},"modified":"2022-02-23T11:35:00","modified_gmt":"2022-02-23T11:35:00","slug":"cleaner-2000-5kg","status":"publish","type":"product","link":"https:\/\/mundo.seashell.pt\/?product=cleaner-2000-5kg","title":{"rendered":"Detergente Alcalino &#8211; Cleaner 2000 5Kg"},"content":{"rendered":"<h2>Detergente alcalino de efeito emulsionante<\/h2>\n<ul>\n<li>N\u00e3o cont\u00e9m solventes<\/li>\n<li>Activo em \u00f3leos minerais<\/li>\n<li>Ideal para m\u00e1quina auto lavadora<\/li>\n<\/ul>\n<p><\/p>\n<h4>Descri\u00e7\u00e3o<\/h4>\n<p>F\u00f3rmula com concentra\u00e7\u00e3o elevada e com um grande efeito sequestrante espec\u00edfico sujidade de origem gordurosa mesmo em superf\u00edcies microporosas. \u00d3timo para utilizar em m\u00e1quina auto lavadora.<\/p>\n<h4><\/h4>\n<h4>Dilui\u00e7\u00e3o<\/h4>\n<p>Manuten\u00e7\u00e3o: 1% &#8211; 3% (100 ml &#8211; 300 ml em 10 L de \u00e1gua).<br \/>Limpeza de fundo: 4% &#8211; 10% (400 ml &#8211; 1 L em 10 L de \u00e1gua).<\/p>\n<h4><\/h4>\n<h4>Como usar<\/h4>\n<p>Dilua o produto em \u00e1gua nas concentra\u00e7\u00f5es indicadas. Na m\u00e1quina auto lavadorar e em casos de limpeza dif\u00edcil, aplique o produto, deixe actuar e aspire.<\/p>\n<p><\/p>\n","protected":false},"excerpt":{"rendered":"<p>F\u00f3rmula com concentra\u00e7\u00e3o elevada e com um grande efeito sequestrante espec\u00edfico sujidade de origem gordurosa mesmo em superf\u00edcies microporosas.<\/p>\n","protected":false},"featured_media":5667,"template":"","meta":{"spay_email":""},"product_cat":[15],"product_tag":[],"class_list":{"0":"post-5666","1":"product","2":"type-product","3":"status-publish","4":"has-post-thumbnail","6":"product_cat-sem-categoria","8":"first","9":"instock","10":"taxable","11":"shipping-taxable","12":"purchasable","13":"product-type-simple"},"acf":[],"jetpack-related-posts":[{"id":5938,"url":"https:\/\/mundo.seashell.pt\/?product=terso-5kg","url_meta":{"origin":5666,"position":0},"title":"Detergente Universal Terso 5Kg","date":"Fevereiro 23, 2022","format":false,"excerpt":"Detergente universal concentrado de alta efic\u00e1cia para a limpeza de todas as superf\u00edcies lav\u00e1veis","rel":"","context":"Similar post","img":{"alt_text":"","src":"https:\/\/i0.wp.com\/mundo.seashell.pt\/wp-content\/uploads\/2022\/02\/terso.jpg?resize=350%2C200&ssl=1","width":350,"height":200},"classes":[]},{"id":5720,"url":"https:\/\/mundo.seashell.pt\/?product=cleanox-5kg","url_meta":{"origin":5666,"position":1},"title":"Higienizante Cleanox 5Kg","date":"Fevereiro 23, 2022","format":false,"excerpt":"Detergente higienizante concentrado \u00e0 base de per\u00f3xido de hidrog\u00eanio adequado para todas as superf\u00edcies lav\u00e1veis","rel":"","context":"Similar post","img":{"alt_text":"","src":"https:\/\/i0.wp.com\/mundo.seashell.pt\/wp-content\/uploads\/2022\/02\/cleanox.jpg?resize=350%2C200&ssl=1","width":350,"height":200},"classes":[]},{"id":5400,"url":"https:\/\/mundo.seashell.pt\/?product=alka-9000-20kg","url_meta":{"origin":5666,"position":2},"title":"Detergente Alcalino Alka 9000 20kg","date":"Fevereiro 23, 2022","format":false,"excerpt":"Detergente alcalino para a lavagem qu\u00edmica de carro\u00e7arias, motores, lonas e superf\u00edcies duras em geral. N\u00e3o corr\u00f3i os componentes em borracha e cromagens. Especialmente apropriado para o uso com lavadoras de alta press\u00e3o e auto lavadora.","rel":"","context":"Similar post","img":{"alt_text":"","src":"https:\/\/i0.wp.com\/mundo.seashell.pt\/wp-content\/uploads\/2022\/02\/alka_9000.jpg?resize=350%2C200&ssl=1","width":350,"height":200},"classes":[]},{"id":5684,"url":"https:\/\/mundo.seashell.pt\/?product=sf120-5kg","url_meta":{"origin":5666,"position":3},"title":"Desengordurante S.F. 120","date":"Fevereiro 23, 2022","format":false,"excerpt":"Detergente altamente desengordurante isento de corantes e fragr\u00e2ncias para uso em ambiente alimentar (HACCP).","rel":"","context":"Similar post","img":{"alt_text":"","src":"https:\/\/i0.wp.com\/mundo.seashell.pt\/wp-content\/uploads\/2022\/02\/Sf_120.jpg?resize=350%2C200&ssl=1","width":350,"height":200},"classes":[]},{"id":5996,"url":"https:\/\/mundo.seashell.pt\/?product=onda-lime-5kg","url_meta":{"origin":5666,"position":4},"title":"Detergente Higienizante Onda Lime 5kg","date":"Fevereiro 23, 2022","format":false,"excerpt":"Detergente higienizante com efeito desodorizante para todas as superf\u00edcies lav\u00e1veis e para a manuten\u00e7\u00e3o de todos os tipos de pavimento.","rel":"","context":"Similar post","img":{"alt_text":"","src":"https:\/\/i0.wp.com\/mundo.seashell.pt\/wp-content\/uploads\/2022\/02\/onda_lime.jpg?resize=350%2C200&ssl=1","width":350,"height":200},"classes":[]},{"id":5998,"url":"https:\/\/mundo.seashell.pt\/?product=onda-flor-5kg","url_meta":{"origin":5666,"position":5},"title":"Detergente Desinfetante Onda Flor 5kg","date":"Fevereiro 23, 2022","format":false,"excerpt":"Detergente desinfetante com efeito desodorizante para todas as superf\u00edcies lav\u00e1veis e para a manuten\u00e7\u00e3o de todos os tipos de pavimento.","rel":"","context":"Similar post","img":{"alt_text":"","src":"https:\/\/i0.wp.com\/mundo.seashell.pt\/wp-content\/uploads\/2022\/02\/onda_flor.jpg?resize=350%2C200&ssl=1","width":350,"height":200},"classes":[]}],"_links":{"self":[{"href":"https:\/\/mundo.seashell.pt\/index.php?rest_route=\/wp\/v2\/product\/5666","targetHints":{"allow":["GET"]}}],"collection":[{"href":"https:\/\/mundo.seashell.pt\/index.php?rest_route=\/wp\/v2\/product"}],"about":[{"href":"https:\/\/mundo.seashell.pt\/index.php?rest_route=\/wp\/v2\/types\/product"}],"wp:featuredmedia":[{"embeddable":true,"href":"https:\/\/mundo.seashell.pt\/index.php?rest_route=\/wp\/v2\/media\/5667"}],"wp:attachment":[{"href":"https:\/\/mundo.seashell.pt\/index.php?rest_route=%2Fwp%2Fv2%2Fmedia&parent=5666"}],"wp:term":[{"taxonomy":"product_cat","embeddable":true,"href":"https:\/\/mundo.seashell.pt\/index.php?rest_route=%2Fwp%2Fv2%2Fproduct_cat&post=5666"},{"taxonomy":"product_tag","embeddable":true,"href":"https:\/\/mundo.seashell.pt\/index.php?rest_route=%2Fwp%2Fv2%2Fproduct_tag&post=5666"}],"curies":[{"name":"wp","href":"https:\/\/api.w.org\/{rel}","templated":true}]}}