{"id":5665,"date":"2022-02-23T11:34:58","date_gmt":"2022-02-23T11:34:58","guid":{"rendered":"https:\/\/mundo.seashell.pt\/?post_type=product&#038;p=5665"},"modified":"2022-02-23T11:34:58","modified_gmt":"2022-02-23T11:34:58","slug":"stark-des-super-2l","status":"publish","type":"product","link":"https:\/\/mundo.seashell.pt\/?product=stark-des-super-2l","title":{"rendered":"Desengordurante Concentrado &#8211; Stark Des Super 2L"},"content":{"rendered":"<p><strong><span style=\"font-size: 20px;\">Desengordurante alcalino concentrado<\/span><\/strong><\/p>\n<p><strong><\/strong><strong><br \/><\/strong><\/p>\n<p><strong>PROPRIEDADES<\/strong><\/p>\n<p>Detergente desengordurante l\u00edquido alcalino com um excelente desempenho na remo\u00e7\u00e3o de gorduras, \u00f3leos e outro tipo de sujidades em zonas de grande acumula\u00e7\u00e3o de gordura, em \u00e1reas de processamento alimentar.<\/p>\n<p>Produto de elevada rentabilidade e economia em uso.<\/p>\n<p>Adequado para a remo\u00e7\u00e3o de gorduras em paredes, contentores do lixo, exaustores, fog\u00f5es, etc. N\u00e3o deve ser utilizado em superf\u00edcies de alum\u00ednio.<\/p>\n<p><strong><\/strong><strong><br \/><\/strong><\/p>\n<p><strong>CONDI\u00c7\u00d5ES DE UTILIZA\u00c7\u00c3O<\/strong><\/p>\n<p>O produto deve ser dilu\u00eddo com \u00e1gua diretamente para um frasco, recorrendo a um sistema de doseamento autom\u00e1tico a uma concentra\u00e7\u00e3o de 10%.<\/p>\n<p>Pulverizar o produto dilu\u00eddo diretamente na superf\u00edcie ou equipamento. Deixar atuar 5 a 10 minutos, dependendo do grau de sujidade. Remover a sujidade solta com esfreg\u00e3o ou escova. Enxaguar abundantemente com \u00e1gua limpa e deixar secar.<\/p>\n<p><strong><br \/><\/strong><\/p>\n<p><strong>CARACTERISTICAS FISICO QU\u00cdMICAS<\/strong><\/p>\n<p>Aspecto: Produto L\u00edquido<\/p>\n<p>Cor: alaranjado<\/p>\n<p>Biodegrad\u00e1vel, conforme regulamento (CE) N\u00ba 648\/2004 Anexo II e III<\/p>\n","protected":false},"excerpt":{"rendered":"<p>Detergente desengordurante l\u00edquido alcalino com um excelente desempenho na remo\u00e7\u00e3o de gorduras, \u00f3leos e outro tipo de sujidades. Produto de elevada rentabilidade e economia em uso.<\/p>\n","protected":false},"featured_media":0,"template":"","meta":{"spay_email":""},"product_cat":[15],"product_tag":[],"class_list":{"0":"post-5665","1":"product","2":"type-product","3":"status-publish","5":"product_cat-sem-categoria","7":"first","8":"instock","9":"taxable","10":"shipping-taxable","11":"purchasable","12":"product-type-simple"},"acf":[],"jetpack-related-posts":[{"id":5659,"url":"https:\/\/mundo.seashell.pt\/?product=solim-d-forte-5kg","url_meta":{"origin":5665,"position":0},"title":"Desengordurante Alcalino &#8211; Solim D-Forte 5Kg","date":"Fevereiro 23, 2022","format":false,"excerpt":"Desengordurante l\u00edquido alcalino com um excelente desempenho na remo\u00e7\u00e3o de gorduras, \u00f3leos e outro tipo de sujidades em pl\u00e1sticos, borracha, cimento e pedra.","rel":"","context":"Similar post","img":{"alt_text":"","src":"https:\/\/i0.wp.com\/mundo.seashell.pt\/wp-content\/uploads\/2022\/02\/SOLIM_D-FORTE_PhotoRoom_20210402_103423.jpg?resize=350%2C200&ssl=1","width":350,"height":200},"classes":[]},{"id":5906,"url":"https:\/\/mundo.seashell.pt\/?product=fun-tira-gorduras-500ml","url_meta":{"origin":5665,"position":1},"title":"Fun Tira Gorduras  500ML","date":"Fevereiro 23, 2022","format":false,"excerpt":"Fun Tira Gorduras desengordurante l\u00edquido alcalino","rel":"","context":"Similar post","img":{"alt_text":"","src":"https:\/\/i0.wp.com\/mundo.seashell.pt\/wp-content\/uploads\/2022\/02\/FUN_TIRA_GORDURAS_PhotoRoom_20210402_103306.jpg?resize=350%2C200&ssl=1","width":350,"height":200},"classes":[]},{"id":5698,"url":"https:\/\/mundo.seashell.pt\/?product=alkadet-24kg","url_meta":{"origin":5665,"position":2},"title":"Desengordurante Superativo Alkadet 24Kg","date":"Fevereiro 23, 2022","format":false,"excerpt":"Detergente altamente desengordurante para todos os tipos de res\u00edduo gorduroso na aus\u00eancia de corantes e fragr\u00e2ncias.","rel":"","context":"Similar post","img":{"alt_text":"","src":"https:\/\/i0.wp.com\/mundo.seashell.pt\/wp-content\/uploads\/2022\/02\/PhotoRoom_20210325_092132.jpg?resize=350%2C200&ssl=1","width":350,"height":200},"classes":[]},{"id":5661,"url":"https:\/\/mundo.seashell.pt\/?product=solim-gorduras-10kg","url_meta":{"origin":5665,"position":3},"title":"Desengordurante Alcalino &#8211; Solim Gorduras 10kg","date":"Fevereiro 23, 2022","format":false,"excerpt":"Detergente em p\u00f3 concentrado, completamente sol\u00favel em \u00e1gua. Tem um forte componente alcalino e um bom poder molhante.","rel":"","context":"Similar post","img":{"alt_text":"","src":"https:\/\/i0.wp.com\/mundo.seashell.pt\/wp-content\/uploads\/2022\/02\/Solim_Gorduras_PhotoRoom_20210402_103656.jpg?resize=350%2C200&ssl=1","width":350,"height":200},"classes":[]},{"id":5666,"url":"https:\/\/mundo.seashell.pt\/?product=cleaner-2000-5kg","url_meta":{"origin":5665,"position":4},"title":"Detergente Alcalino &#8211; Cleaner 2000 5Kg","date":"Fevereiro 23, 2022","format":false,"excerpt":"F\u00f3rmula com concentra\u00e7\u00e3o elevada e com um grande efeito sequestrante espec\u00edfico sujidade de origem gordurosa mesmo em superf\u00edcies microporosas.","rel":"","context":"Similar post","img":{"alt_text":"","src":"https:\/\/i0.wp.com\/mundo.seashell.pt\/wp-content\/uploads\/2022\/02\/cleaner_2000.jpg?resize=350%2C200&ssl=1","width":350,"height":200},"classes":[]},{"id":5684,"url":"https:\/\/mundo.seashell.pt\/?product=sf120-5kg","url_meta":{"origin":5665,"position":5},"title":"Desengordurante S.F. 120","date":"Fevereiro 23, 2022","format":false,"excerpt":"Detergente altamente desengordurante isento de corantes e fragr\u00e2ncias para uso em ambiente alimentar (HACCP).","rel":"","context":"Similar post","img":{"alt_text":"","src":"https:\/\/i0.wp.com\/mundo.seashell.pt\/wp-content\/uploads\/2022\/02\/Sf_120.jpg?resize=350%2C200&ssl=1","width":350,"height":200},"classes":[]}],"_links":{"self":[{"href":"https:\/\/mundo.seashell.pt\/index.php?rest_route=\/wp\/v2\/product\/5665","targetHints":{"allow":["GET"]}}],"collection":[{"href":"https:\/\/mundo.seashell.pt\/index.php?rest_route=\/wp\/v2\/product"}],"about":[{"href":"https:\/\/mundo.seashell.pt\/index.php?rest_route=\/wp\/v2\/types\/product"}],"wp:attachment":[{"href":"https:\/\/mundo.seashell.pt\/index.php?rest_route=%2Fwp%2Fv2%2Fmedia&parent=5665"}],"wp:term":[{"taxonomy":"product_cat","embeddable":true,"href":"https:\/\/mundo.seashell.pt\/index.php?rest_route=%2Fwp%2Fv2%2Fproduct_cat&post=5665"},{"taxonomy":"product_tag","embeddable":true,"href":"https:\/\/mundo.seashell.pt\/index.php?rest_route=%2Fwp%2Fv2%2Fproduct_tag&post=5665"}],"curies":[{"name":"wp","href":"https:\/\/api.w.org\/{rel}","templated":true}]}}