{"id":5663,"date":"2022-02-23T11:34:56","date_gmt":"2022-02-23T11:34:56","guid":{"rendered":"https:\/\/mundo.seashell.pt\/?post_type=product&#038;p=5663"},"modified":"2022-02-23T11:34:58","modified_gmt":"2022-02-23T11:34:58","slug":"solux-dm-5kg","status":"publish","type":"product","link":"https:\/\/mundo.seashell.pt\/?product=solux-dm-5kg","title":{"rendered":"Desengordurante &#8211; Solux DM 5Kg"},"content":{"rendered":"<p><strong><span style=\"font-size: 20px;\">DESENGORDURANTE INDUSTRIAL<\/span><\/strong><\/p>\n<p>Desengordurante industrial de aplica\u00e7\u00e3o universal<\/p>\n<\/p>\n<p><strong>PROPRIEDADES<\/strong><\/p>\n<p>\u00c9 um \u00f3ptimo desengordurante universal para todos os tipos de ind\u00fastrias.<\/p>\n<p>Devido \u00e0s suas caracter\u00edsticas, n\u00e3o \u00e9 necess\u00e1ria a utiliza\u00e7\u00e3o de luvas de protec\u00e7\u00e3o, contudo em contacto prolongado com a pele, dever\u00e1 ser acompanhado de um creme amaciador ap\u00f3s o trabalho.<\/p>\n<p>\u00c9 especialmente indicado no desengorduramento de pe\u00e7as de alum\u00ednio, ferro, pl\u00e1sticos e vidros.<\/p>\n<\/p>\n<p><strong>CONDI\u00c7\u00d5ES DE UTILIZA\u00c7\u00c3O<\/strong><\/p>\n<p>Devido \u00e0 sua aplica\u00e7\u00e3o universal poder\u00e1 usar concentra\u00e7\u00f5es que poder\u00e3o ir de 2 a 20 %. No entanto, agradecemos que consultem os nossos servi\u00e7os, de modo a adequar a concentra\u00e7\u00e3o \u00e0 aplica\u00e7\u00e3o pretendida.<\/p>\n<\/p>\n<p><strong>CARACTERISTICAS FISICO QU\u00cdMICAS<\/strong><\/p>\n<p>Aspecto: Produto L\u00edquido<\/p>\n<p>Cor: rosa<\/p>\n<p>pH 9.5<\/p>\n<p>Biodegrad\u00e1vel, conforme regulamento (CE) N\u00ba 648\/2004 Anexo II e III<\/p>\n","protected":false},"excerpt":{"rendered":"<p>Desengordurante industrial de aplica\u00e7\u00e3o universal para todos os tipos de ind\u00fastrias.<\/p>\n","protected":false},"featured_media":5664,"template":"","meta":{"spay_email":""},"product_cat":[15],"product_tag":[],"class_list":{"0":"post-5663","1":"product","2":"type-product","3":"status-publish","4":"has-post-thumbnail","6":"product_cat-sem-categoria","8":"first","9":"instock","10":"taxable","11":"shipping-taxable","12":"purchasable","13":"product-type-simple"},"acf":[],"jetpack-related-posts":[{"id":5390,"url":"https:\/\/mundo.seashell.pt\/?product=solux-super-auto-20kg","url_meta":{"origin":5663,"position":0},"title":"Desengordurante Solux Super Auto 20kg","date":"Fevereiro 23, 2022","format":false,"excerpt":"APLICAC\u0327A\u0303O Desengordurante alcalino PROPRIEDADES E\u0301 um produto li\u0301quido incolor, medianamente alcalino. Tem um forte poder detergente, que lhe confere propriedades desengordurantes difi\u0301ceis de conseguir com outros compostos. Devido a\u0300s suas caracteri\u0301sticas e\u0301 um produto d...","rel":"","context":"Similar post","img":{"alt_text":"","src":"https:\/\/i0.wp.com\/mundo.seashell.pt\/wp-content\/uploads\/2022\/02\/Solux_Super_Auto_PhotoRoom_20210402_103216.jpg?resize=350%2C200&ssl=1","width":350,"height":200},"classes":[]},{"id":5388,"url":"https:\/\/mundo.seashell.pt\/?product=solux-ds","url_meta":{"origin":5663,"position":1},"title":"Desengordurante Solux DS","date":"Fevereiro 23, 2022","format":false,"excerpt":"E\u0301 um produto li\u0301quido de cor verde claro, levemente aromatizado, medianamente alcalino.Tem um forte poder detergente, que lhe confere propriedades desengordurantes difi\u0301ceis de conseguir com outros compostos.","rel":"","context":"Similar post","img":{"alt_text":"","src":"https:\/\/i0.wp.com\/mundo.seashell.pt\/wp-content\/uploads\/2022\/02\/Solux_DS_PhotoRoom_20210402_103558.jpg?resize=350%2C200&ssl=1","width":350,"height":200},"classes":[]},{"id":5931,"url":"https:\/\/mundo.seashell.pt\/?product=solux-d69-5kg","url_meta":{"origin":5663,"position":2},"title":"Desengordurante Solux D69","date":"Fevereiro 23, 2022","format":false,"excerpt":"Desengordurante Solux D69","rel":"","context":"Similar post","img":{"alt_text":"","src":"https:\/\/i0.wp.com\/mundo.seashell.pt\/wp-content\/uploads\/2022\/02\/SOLUX_D69_PhotoRoom_20210402_103513.jpg?resize=350%2C200&ssl=1","width":350,"height":200},"classes":[]},{"id":5659,"url":"https:\/\/mundo.seashell.pt\/?product=solim-d-forte-5kg","url_meta":{"origin":5663,"position":3},"title":"Desengordurante Alcalino &#8211; Solim D-Forte 5Kg","date":"Fevereiro 23, 2022","format":false,"excerpt":"Desengordurante l\u00edquido alcalino com um excelente desempenho na remo\u00e7\u00e3o de gorduras, \u00f3leos e outro tipo de sujidades em pl\u00e1sticos, borracha, cimento e pedra.","rel":"","context":"Similar post","img":{"alt_text":"","src":"https:\/\/i0.wp.com\/mundo.seashell.pt\/wp-content\/uploads\/2022\/02\/SOLIM_D-FORTE_PhotoRoom_20210402_103423.jpg?resize=350%2C200&ssl=1","width":350,"height":200},"classes":[]},{"id":5614,"url":"https:\/\/mundo.seashell.pt\/?product=solux-limpa-jantes-20kg","url_meta":{"origin":5663,"position":4},"title":"Solux Limpa Jantes 20Kg","date":"Fevereiro 23, 2022","format":false,"excerpt":"O SOLUX\u00ae LIMPA JANTES \u00e9 um produto l\u00edquido, \u00e1cido e inodoro. Tem um bom poder desengordurante e, simultaneamente, permite uma desoxida\u00e7\u00e3o homog\u00e9nea de toda a superf\u00edcie a tratar.","rel":"","context":"Similar post","img":{"alt_text":"","src":"https:\/\/i0.wp.com\/mundo.seashell.pt\/wp-content\/uploads\/2022\/02\/SOLUX_LIMPA_JANTES_PhotoRoom_20210402_103056.jpg?resize=350%2C200&ssl=1","width":350,"height":200},"classes":[]},{"id":5940,"url":"https:\/\/mundo.seashell.pt\/?product=emerald-5kg","url_meta":{"origin":5663,"position":5},"title":"Detergente Emerald 5Kg","date":"Fevereiro 23, 2022","format":false,"excerpt":"Detergente concentrado desengordurante natural para a limpeza de todas as superf\u00edcies duras.","rel":"","context":"Similar post","img":{"alt_text":"","src":"https:\/\/i0.wp.com\/mundo.seashell.pt\/wp-content\/uploads\/2022\/02\/emerald_zero.jpg?resize=350%2C200&ssl=1","width":350,"height":200},"classes":[]}],"_links":{"self":[{"href":"https:\/\/mundo.seashell.pt\/index.php?rest_route=\/wp\/v2\/product\/5663","targetHints":{"allow":["GET"]}}],"collection":[{"href":"https:\/\/mundo.seashell.pt\/index.php?rest_route=\/wp\/v2\/product"}],"about":[{"href":"https:\/\/mundo.seashell.pt\/index.php?rest_route=\/wp\/v2\/types\/product"}],"wp:featuredmedia":[{"embeddable":true,"href":"https:\/\/mundo.seashell.pt\/index.php?rest_route=\/wp\/v2\/media\/5664"}],"wp:attachment":[{"href":"https:\/\/mundo.seashell.pt\/index.php?rest_route=%2Fwp%2Fv2%2Fmedia&parent=5663"}],"wp:term":[{"taxonomy":"product_cat","embeddable":true,"href":"https:\/\/mundo.seashell.pt\/index.php?rest_route=%2Fwp%2Fv2%2Fproduct_cat&post=5663"},{"taxonomy":"product_tag","embeddable":true,"href":"https:\/\/mundo.seashell.pt\/index.php?rest_route=%2Fwp%2Fv2%2Fproduct_tag&post=5663"}],"curies":[{"name":"wp","href":"https:\/\/api.w.org\/{rel}","templated":true}]}}