{"id":5657,"date":"2022-02-23T11:34:50","date_gmt":"2022-02-23T11:34:50","guid":{"rendered":"https:\/\/mundo.seashell.pt\/?post_type=product&#038;p=5657"},"modified":"2022-02-23T11:34:52","modified_gmt":"2022-02-23T11:34:52","slug":"solim-fogoes-5kg","status":"publish","type":"product","link":"https:\/\/mundo.seashell.pt\/?product=solim-fogoes-5kg","title":{"rendered":"Desengordurante Alcalino &#8211; Solim Fog\u00f5es 5Kg"},"content":{"rendered":"<p><strong><span style=\"font-size: 20px;\">Desengordurante Alcalino<\/span><\/strong><strong><br \/><\/strong><\/p>\n<p>Remo\u00e7\u00e3o de gorduras em fog\u00f5es industriais<\/p>\n<\/p>\n<p><strong>PROPRIEDADES<\/strong><\/p>\n<p>O SOLIM\u00ae FOG\u00d5ES \u00e9 um desengordurante l\u00edquido com elevada alcalinidade e poder molhante. Remove todas as gorduras, mesmo as caramelizadas.<\/p>\n<p>N\u00e3o ataca ferro ou a\u00e7o inox. Contudo dever\u00e1 evitar superf\u00edcies em alum\u00ednio e pintadas.<\/p>\n<\/p>\n<p><strong>CONDI\u00c7\u00d5ES DE UTILIZA\u00c7\u00c3O<\/strong><\/p>\n<p>De prefer\u00eancia aplicar com pulverizador apropriado.<\/p>\n<p>Utilizar em puro sobre a superf\u00edcie a limpar.<\/p>\n<\/p>\n<p><strong>CARACTERISTICAS FISICO QU\u00cdMICAS<\/strong><\/p>\n<p>Aspecto: Produto L\u00edquido<\/p>\n<p>Cor: levemente acastanhado<\/p>\n<p>pH 14<\/p>\n<p>Biodegrad\u00e1vel, conforme regulamento (CE) N\u00ba 648\/2004 Anexo II e III<\/p>\n","protected":false},"excerpt":{"rendered":"<p>Desengordurante l\u00edquido com elevada alcalinidade e poder molhante. Remove todas as gorduras, mesmo as caramelizadas.<\/p>\n","protected":false},"featured_media":5658,"template":"","meta":{"spay_email":""},"product_cat":[15],"product_tag":[],"class_list":{"0":"post-5657","1":"product","2":"type-product","3":"status-publish","4":"has-post-thumbnail","6":"product_cat-sem-categoria","8":"first","9":"instock","10":"taxable","11":"shipping-taxable","12":"purchasable","13":"product-type-simple"},"acf":[],"jetpack-related-posts":[{"id":5665,"url":"https:\/\/mundo.seashell.pt\/?product=stark-des-super-2l","url_meta":{"origin":5657,"position":0},"title":"Desengordurante Concentrado &#8211; Stark Des Super 2L","date":"Fevereiro 23, 2022","format":false,"excerpt":"Detergente desengordurante l\u00edquido alcalino com um excelente desempenho na remo\u00e7\u00e3o de gorduras, \u00f3leos e outro tipo de sujidades. Produto de elevada rentabilidade e economia em uso.","rel":"","context":"Similar post","img":{"alt_text":"","src":"","width":0,"height":0},"classes":[]},{"id":5661,"url":"https:\/\/mundo.seashell.pt\/?product=solim-gorduras-10kg","url_meta":{"origin":5657,"position":1},"title":"Desengordurante Alcalino &#8211; Solim Gorduras 10kg","date":"Fevereiro 23, 2022","format":false,"excerpt":"Detergente em p\u00f3 concentrado, completamente sol\u00favel em \u00e1gua. Tem um forte componente alcalino e um bom poder molhante.","rel":"","context":"Similar post","img":{"alt_text":"","src":"https:\/\/i0.wp.com\/mundo.seashell.pt\/wp-content\/uploads\/2022\/02\/Solim_Gorduras_PhotoRoom_20210402_103656.jpg?resize=350%2C200&ssl=1","width":350,"height":200},"classes":[]},{"id":5659,"url":"https:\/\/mundo.seashell.pt\/?product=solim-d-forte-5kg","url_meta":{"origin":5657,"position":2},"title":"Desengordurante Alcalino &#8211; Solim D-Forte 5Kg","date":"Fevereiro 23, 2022","format":false,"excerpt":"Desengordurante l\u00edquido alcalino com um excelente desempenho na remo\u00e7\u00e3o de gorduras, \u00f3leos e outro tipo de sujidades em pl\u00e1sticos, borracha, cimento e pedra.","rel":"","context":"Similar post","img":{"alt_text":"","src":"https:\/\/i0.wp.com\/mundo.seashell.pt\/wp-content\/uploads\/2022\/02\/SOLIM_D-FORTE_PhotoRoom_20210402_103423.jpg?resize=350%2C200&ssl=1","width":350,"height":200},"classes":[]},{"id":5686,"url":"https:\/\/mundo.seashell.pt\/?product=sf210-fornos-500ml","url_meta":{"origin":5657,"position":3},"title":"Desengordurante &#8211; S.F. 210 Fornos","date":"Fevereiro 23, 2022","format":false,"excerpt":"Detergente alcalino espec\u00edfico para a remo\u00e7\u00e3o de gordura carbonizada de fornos, grelhas, placas de cozedura e assadores.","rel":"","context":"Similar post","img":{"alt_text":"","src":"https:\/\/i0.wp.com\/mundo.seashell.pt\/wp-content\/uploads\/2022\/02\/sf_210.jpg?resize=350%2C200&ssl=1","width":350,"height":200},"classes":[]},{"id":5906,"url":"https:\/\/mundo.seashell.pt\/?product=fun-tira-gorduras-500ml","url_meta":{"origin":5657,"position":4},"title":"Fun Tira Gorduras  500ML","date":"Fevereiro 23, 2022","format":false,"excerpt":"Fun Tira Gorduras desengordurante l\u00edquido alcalino","rel":"","context":"Similar post","img":{"alt_text":"","src":"https:\/\/i0.wp.com\/mundo.seashell.pt\/wp-content\/uploads\/2022\/02\/FUN_TIRA_GORDURAS_PhotoRoom_20210402_103306.jpg?resize=350%2C200&ssl=1","width":350,"height":200},"classes":[]},{"id":5929,"url":"https:\/\/mundo.seashell.pt\/?product=solim-pavitex-s-5kg","url_meta":{"origin":5657,"position":5},"title":"Solim Pavitex S 5Kg","date":"Fevereiro 23, 2022","format":false,"excerpt":"Detergente alcalino para limpeza de pavimentos.","rel":"","context":"Similar post","img":{"alt_text":"","src":"https:\/\/i0.wp.com\/mundo.seashell.pt\/wp-content\/uploads\/2022\/02\/Solim_PAVITEX_S_PhotoRoom_20210402_103628.jpg?resize=350%2C200&ssl=1","width":350,"height":200},"classes":[]}],"_links":{"self":[{"href":"https:\/\/mundo.seashell.pt\/index.php?rest_route=\/wp\/v2\/product\/5657","targetHints":{"allow":["GET"]}}],"collection":[{"href":"https:\/\/mundo.seashell.pt\/index.php?rest_route=\/wp\/v2\/product"}],"about":[{"href":"https:\/\/mundo.seashell.pt\/index.php?rest_route=\/wp\/v2\/types\/product"}],"wp:featuredmedia":[{"embeddable":true,"href":"https:\/\/mundo.seashell.pt\/index.php?rest_route=\/wp\/v2\/media\/5658"}],"wp:attachment":[{"href":"https:\/\/mundo.seashell.pt\/index.php?rest_route=%2Fwp%2Fv2%2Fmedia&parent=5657"}],"wp:term":[{"taxonomy":"product_cat","embeddable":true,"href":"https:\/\/mundo.seashell.pt\/index.php?rest_route=%2Fwp%2Fv2%2Fproduct_cat&post=5657"},{"taxonomy":"product_tag","embeddable":true,"href":"https:\/\/mundo.seashell.pt\/index.php?rest_route=%2Fwp%2Fv2%2Fproduct_tag&post=5657"}],"curies":[{"name":"wp","href":"https:\/\/api.w.org\/{rel}","templated":true}]}}