{"id":5655,"date":"2022-02-23T11:34:48","date_gmt":"2022-02-23T11:34:48","guid":{"rendered":"https:\/\/mundo.seashell.pt\/?post_type=product&#038;p=5655"},"modified":"2022-02-23T11:34:50","modified_gmt":"2022-02-23T11:34:50","slug":"solim-d-clean-5l","status":"publish","type":"product","link":"https:\/\/mundo.seashell.pt\/?product=solim-d-clean-5l","title":{"rendered":"Desengordurante Higienizante &#8211; Solim D-Clean 5L"},"content":{"rendered":"<p><strong><span style=\"font-size: 20px;\">Desengordurante Higienizante<\/span><\/strong><\/p>\n<p>Lava tudo desengordurante \/ higienizante<\/p>\n<p><strong><br \/><\/strong><\/p>\n<p><strong>PROPRIEDADES<\/strong><\/p>\n<p>O SOLIM\u00ae D-CLEAN \u00e9 um detergente constitu\u00eddo por uma combina\u00e7\u00e3o de agentes tensioativos, sequestrantes e emulsionantes. Para al\u00e9m de desengordurar qualquer tipo de superf\u00edcie, sem atacar os materiais, deixa um agrad\u00e1vel aroma. Possui higieniza\u00e7\u00e3o na base de quatern\u00e1rios de am\u00f3nio.<\/p>\n<p><strong><br \/><\/strong><\/p>\n<p><strong>CONDI\u00c7\u00d5ES DE UTILIZA\u00c7\u00c3O<\/strong><\/p>\n<p>Para remo\u00e7\u00e3o de sujidades maiores lavar previamente a superf\u00edcie, de prefer\u00eancia com \u00e1gua quente ou morna. Seguidamente diluir o produto a uma propor\u00e7\u00e3o de 1dL por cada 10L de \u00e1gua t\u00e9pida. Finalmente enxaguar com \u00e1gua.<\/p>\n<p><strong><br \/><\/strong><\/p>\n<p><strong>CARACTERISTICAS FISI<\/strong><strong>CO QU\u00cdMICAS<\/strong><\/p>\n<p>Aspeto: Produto L\u00edquido<\/p>\n<p>Cor: verde<\/p>\n<p>pH 8 Perfumado<\/p>\n<p>Biodegrad\u00e1vel, conforme regulamento (CE) N\u00ba 648\/2004 Anexo II e III<\/p>\n","protected":false},"excerpt":{"rendered":"<p>Lava tudo desengordurante \/ higienizante, detergente constitu\u00eddo por uma combina\u00e7\u00e3o de agentes tensioativos, sequestrantes e emulsionantes.<\/p>\n","protected":false},"featured_media":5656,"template":"","meta":{"spay_email":""},"product_cat":[15],"product_tag":[],"class_list":{"0":"post-5655","1":"product","2":"type-product","3":"status-publish","4":"has-post-thumbnail","6":"product_cat-sem-categoria","8":"first","9":"instock","10":"taxable","11":"shipping-taxable","12":"purchasable","13":"product-type-simple"},"acf":[],"jetpack-related-posts":[{"id":6034,"url":"https:\/\/mundo.seashell.pt\/?product=solim-d-san-5kg","url_meta":{"origin":5655,"position":0},"title":"Solim D-San 5Kg","date":"Fevereiro 23, 2022","format":false,"excerpt":"Desengordurante, higienizante l\u00edquido, completamente sol\u00favel, inodoro, constitu\u00eddo por agentes \ufefforg\u00e2nicos e inorg\u00e2nicos capazes de remover \u00f3leos...","rel":"","context":"Similar post","img":{"alt_text":"","src":"https:\/\/i0.wp.com\/mundo.seashell.pt\/wp-content\/uploads\/2022\/02\/Solim_D_San_PhotoRoom_20210402_103339.jpg?resize=350%2C200&ssl=1","width":350,"height":200},"classes":[]},{"id":5696,"url":"https:\/\/mundo.seashell.pt\/?product=chlordet-24kg","url_meta":{"origin":5655,"position":1},"title":"Desengordurante Higienizante Chlordet 24Kg","date":"Fevereiro 23, 2022","format":false,"excerpt":"Detergente desengordurante higienizante sem espuma com cloro ativo para lavagem manual, mec\u00e2nica o em CIP de todas as superf\u00edcies lav\u00e1veis.","rel":"","context":"Similar post","img":{"alt_text":"","src":"https:\/\/i0.wp.com\/mundo.seashell.pt\/wp-content\/uploads\/2022\/02\/chlordet.jpg?resize=350%2C200&ssl=1","width":350,"height":200},"classes":[]},{"id":5864,"url":"https:\/\/mundo.seashell.pt\/?product=solim-loica-higiene-5l-loica-manual","url_meta":{"origin":5655,"position":2},"title":"Solim Loi\u00e7a Higiene 5L &#8211; Loi\u00e7a Manual","date":"Fevereiro 23, 2022","format":false,"excerpt":"Detergente l\u00edquido higienizante para lavagem manual de loi\u00e7a.","rel":"","context":"Similar post","img":{"alt_text":"","src":"https:\/\/i0.wp.com\/mundo.seashell.pt\/wp-content\/uploads\/2022\/02\/SOLIM_LOIC_A_HIGIENIZANTE_PhotoRoom_20210402_103557.jpg?resize=350%2C200&ssl=1","width":350,"height":200},"classes":[]},{"id":5892,"url":"https:\/\/mundo.seashell.pt\/?product=wash-plus-san-5kg-loica-manual","url_meta":{"origin":5655,"position":3},"title":"Detergente Wash Plus San 5Kg &#8211; Loi\u00e7a Manual","date":"Fevereiro 23, 2022","format":false,"excerpt":"Detergente concentrado higienizante de espuma elevada formulado com mat\u00e9rias-primas selecionadas para uma a\u00e7\u00e3o desengordurante eficaz.","rel":"","context":"Similar post","img":{"alt_text":"","src":"https:\/\/i0.wp.com\/mundo.seashell.pt\/wp-content\/uploads\/2022\/02\/wash_plus_san.jpg?resize=350%2C200&ssl=1","width":350,"height":200},"classes":[]},{"id":6050,"url":"https:\/\/mundo.seashell.pt\/?product=solim-bioactivo-5l","url_meta":{"origin":5655,"position":4},"title":"Solim Bioactivo 5L","date":"Fevereiro 23, 2022","format":false,"excerpt":"Higienizante l\u00edquido multi superf\u00edcies com base de \u00e1lcool, incolor, de secagem r\u00e1pida.","rel":"","context":"Similar post","img":{"alt_text":"","src":"https:\/\/i0.wp.com\/mundo.seashell.pt\/wp-content\/uploads\/2022\/02\/Solim_Bioactivo_PhotoRoom_20210402_103424.jpg?resize=350%2C200&ssl=1","width":350,"height":200},"classes":[]},{"id":5690,"url":"https:\/\/mundo.seashell.pt\/?product=alkachlor-foam-ha-22kg","url_meta":{"origin":5655,"position":5},"title":"Desengordurante Alkachlor Foam Ha 22Kg","date":"Fevereiro 23, 2022","format":false,"excerpt":"Espuma de elevado poder desengordurante e higienizante de base cloro. Recomendado para limpeza em \u00e1reas de processo agro-alimentar.","rel":"","context":"Similar post","img":{"alt_text":"","src":"https:\/\/i0.wp.com\/mundo.seashell.pt\/wp-content\/uploads\/2022\/02\/PhotoRoom_20210325_092137.jpg?resize=350%2C200&ssl=1","width":350,"height":200},"classes":[]}],"_links":{"self":[{"href":"https:\/\/mundo.seashell.pt\/index.php?rest_route=\/wp\/v2\/product\/5655","targetHints":{"allow":["GET"]}}],"collection":[{"href":"https:\/\/mundo.seashell.pt\/index.php?rest_route=\/wp\/v2\/product"}],"about":[{"href":"https:\/\/mundo.seashell.pt\/index.php?rest_route=\/wp\/v2\/types\/product"}],"wp:featuredmedia":[{"embeddable":true,"href":"https:\/\/mundo.seashell.pt\/index.php?rest_route=\/wp\/v2\/media\/5656"}],"wp:attachment":[{"href":"https:\/\/mundo.seashell.pt\/index.php?rest_route=%2Fwp%2Fv2%2Fmedia&parent=5655"}],"wp:term":[{"taxonomy":"product_cat","embeddable":true,"href":"https:\/\/mundo.seashell.pt\/index.php?rest_route=%2Fwp%2Fv2%2Fproduct_cat&post=5655"},{"taxonomy":"product_tag","embeddable":true,"href":"https:\/\/mundo.seashell.pt\/index.php?rest_route=%2Fwp%2Fv2%2Fproduct_tag&post=5655"}],"curies":[{"name":"wp","href":"https:\/\/api.w.org\/{rel}","templated":true}]}}