{"id":5653,"date":"2022-02-23T11:34:43","date_gmt":"2022-02-23T11:34:43","guid":{"rendered":"https:\/\/mundo.seashell.pt\/?post_type=product&#038;p=5653"},"modified":"2022-02-23T11:34:48","modified_gmt":"2022-02-23T11:34:48","slug":"dus-500ml","status":"publish","type":"product","link":"https:\/\/mundo.seashell.pt\/?product=dus-500ml","title":{"rendered":"Sabonete M\u00e3os &#8211; Dus 500Ml"},"content":{"rendered":"<h2>Sabonete l\u00edquido para as m\u00e3os perfumado<\/h2>\n<ul>\n<li>Agradavelmente perfumado<\/li>\n<li>Com \u00f3leo de argan<\/li>\n<li>Testado dermatologicamente<\/li>\n<\/ul>\n<h4><\/h4>\n<h4>Descri\u00e7\u00e3o<\/h4>\n<p>Produto cosm\u00e9tico formulado com mat\u00e9rias-primas ideais para uma frequente lavagem das m\u00e3os. Ingredientes (INCI): Aqua, Sodium Laureth Sulfate, Cocamide DEA, Glycerin, Cocamidopropyl Betaine, Sodium Chloride, Styrene\/Acrylates Copolymer, Parfum, Linalool, Hexyl Cinnamal, Argania Spinosa Kernel Oil, Methylchloroisothiazolinone, Methylisothiazolinone, Citric Acid.<\/p>\n<h4><\/h4>\n<h4>Dilui\u00e7\u00e3o<\/h4>\n<p>Pronto para uso.<\/p>\n<h4><\/h4>\n<h4>Como usar<\/h4>\n<p>Verter uma quantia suficiente de produto diretamente na m\u00e3o e esfregar. Enxaguar com \u00e1gua corrente.&nbsp;<\/p>\n","protected":false},"excerpt":{"rendered":"<p>Produto cosm\u00e9tico formulado com mat\u00e9rias-primas ideais para uma frequente lavagem das m\u00e3os.<\/p>\n","protected":false},"featured_media":5654,"template":"","meta":{"spay_email":""},"product_cat":[15],"product_tag":[],"class_list":{"0":"post-5653","1":"product","2":"type-product","3":"status-publish","4":"has-post-thumbnail","6":"product_cat-sem-categoria","8":"first","9":"instock","10":"taxable","11":"shipping-taxable","12":"purchasable","13":"product-type-simple"},"acf":[],"jetpack-related-posts":[{"id":6836,"url":"https:\/\/mundo.seashell.pt\/?product=palmolive-sabonete-liquido-300ml","url_meta":{"origin":5653,"position":0},"title":"Palmolive Sabonete L\u00edquido 300ml","date":"Fevereiro 23, 2022","format":false,"excerpt":"Fragr\u00e2ncia delicada e uma f\u00f3rmula rica e aveludada para m\u00e3os suaves e hidratadas. A f\u00f3rmula do sabonete l\u00edquido Palmolive deixa as m\u00e3os perfumadas e suaves ao toque. Testado dermatologicamente. Nova f\u00f3rmula melhorada. Ingredientes: Aqua Sodium C-12-13 Pareth Sulfate Cocamidopropyl Betaine Sodium Chloride Lauryl Polygluc...","rel":"","context":"Similar post","img":{"alt_text":"","src":"https:\/\/i0.wp.com\/mundo.seashell.pt\/wp-content\/uploads\/2022\/02\/Palmolive_Sabonete_Li_quido_Nutritivo_Amendoa_300ml._Dos_8003520012906.png?resize=350%2C200&ssl=1","width":350,"height":200},"classes":[]},{"id":5642,"url":"https:\/\/mundo.seashell.pt\/?product=blowmy-gel-cosmetico-neutro-5-lts","url_meta":{"origin":5653,"position":1},"title":"Blowmy Gel Cosm\u00e9tico Neutro 5 Lts","date":"Fevereiro 23, 2022","format":false,"excerpt":"Sabonete l\u00edquido cremoso, com um \u00f3timo comportamento na lavagem das m\u00e3os.","rel":"","context":"Similar post","img":{"alt_text":"","src":"https:\/\/i0.wp.com\/mundo.seashell.pt\/wp-content\/uploads\/2022\/02\/Blowmy_Gel_Cosme_tico_Neutro_PhotoRoom_20210402_103431.jpg?resize=350%2C200&ssl=1","width":350,"height":200},"classes":[]},{"id":6832,"url":"https:\/\/mundo.seashell.pt\/?product=dove-sabonete-liquido-250ml","url_meta":{"origin":5653,"position":2},"title":"Dove Sabonete L\u00edquido 250ml","date":"Fevereiro 23, 2022","format":false,"excerpt":"Explore as cole\u00e7\u00f5es Dove e encontre os produtos ideais para si!Ingredientes: Aqua, Sodium Laureth Sulfate, Glycerin, Sodium Chloride, Cocamidopropyl Betaine, Butylene Glycol, Citric Acid, Nelumbo Nucifera Flower Extract, Oryza Sativa Bran Extract, Oryza Sativa Germ Oil, Parfum, PEG-40 Hydrogenated Castor Oil, Sine Adipe La...","rel":"","context":"Similar post","img":{"alt_text":"","src":"https:\/\/i0.wp.com\/mundo.seashell.pt\/wp-content\/uploads\/2022\/02\/Dove_Regular__250ml__.png?resize=350%2C200&ssl=1","width":350,"height":200},"classes":[]},{"id":5644,"url":"https:\/\/mundo.seashell.pt\/?product=blowmy-dermo-espuma-5-lts","url_meta":{"origin":5653,"position":3},"title":"Sabonete M\u00e3os &#8211; Blowmy Dermo Espuma 5 Lts","date":"Fevereiro 23, 2022","format":false,"excerpt":"Sabonete Suave M\u00e3os\u00a0 Sabonete suave para as m\u00e3os de uso di\u00e1rio em espuma. PROPRIEDADESSabonete l\u00edquido perfumado, com um \u00f3timo comportamento na lavagem de m\u00e3os. F\u00f3rmula enriquecida com glicerina que proporciona uma agrad\u00e1vel sensa\u00e7\u00e3o de suavidade na pele ap\u00f3s a sua utiliza\u00e7\u00e3o. CONDI\u00c7\u00d5ES DE UTILIZA\u00c7\u00c3OPara a lavagem das m\u00e3os, aplicar uma\u2026","rel":"","context":"Similar post","img":{"alt_text":"","src":"","width":0,"height":0},"classes":[]},{"id":5640,"url":"https:\/\/mundo.seashell.pt\/?product=blowmy-sabonete-cremoso-5-lts","url_meta":{"origin":5653,"position":4},"title":"Blowmy Sabonete L\u00edquido","date":"Fevereiro 23, 2022","format":false,"excerpt":"Sabonete l\u00edquido cremoso e perfumado, com um \u00f3timo comportamento na lavagem de m\u00e3os.","rel":"","context":"Similar post","img":{"alt_text":"","src":"https:\/\/i0.wp.com\/mundo.seashell.pt\/wp-content\/uploads\/2022\/02\/blowmy_sabonete_liquido.jpg?resize=350%2C200&ssl=1","width":350,"height":200},"classes":[]},{"id":6784,"url":"https:\/\/mundo.seashell.pt\/?product=dove-gel-de-banho-secrets-05l","url_meta":{"origin":5653,"position":5},"title":"Dove Gel de Banho Secrets 500ml","date":"Fevereiro 23, 2022","format":false,"excerpt":"Explore as cole\u00e7\u00f5es Dove e encontre os produtos ideais para si! Dove criou o gel de duche Nourishing Secrets Indulging. Para uma pele nutrida, este gel de banho vai fazer sentir-se limpo, delicadamente perfumado e maravilhosamente mimado. Ingredientes: Aqua, Sodium Lauroyl Glycinate, Cocamidopropyl Betaine, Sodium L...","rel":"","context":"Similar post","img":{"alt_text":"","src":"https:\/\/i0.wp.com\/mundo.seashell.pt\/wp-content\/uploads\/2022\/02\/DOVE_GEL_BANHO_SECRETS_HONEY___OAT_500ML.png?resize=350%2C200&ssl=1","width":350,"height":200},"classes":[]}],"_links":{"self":[{"href":"https:\/\/mundo.seashell.pt\/index.php?rest_route=\/wp\/v2\/product\/5653","targetHints":{"allow":["GET"]}}],"collection":[{"href":"https:\/\/mundo.seashell.pt\/index.php?rest_route=\/wp\/v2\/product"}],"about":[{"href":"https:\/\/mundo.seashell.pt\/index.php?rest_route=\/wp\/v2\/types\/product"}],"wp:featuredmedia":[{"embeddable":true,"href":"https:\/\/mundo.seashell.pt\/index.php?rest_route=\/wp\/v2\/media\/5654"}],"wp:attachment":[{"href":"https:\/\/mundo.seashell.pt\/index.php?rest_route=%2Fwp%2Fv2%2Fmedia&parent=5653"}],"wp:term":[{"taxonomy":"product_cat","embeddable":true,"href":"https:\/\/mundo.seashell.pt\/index.php?rest_route=%2Fwp%2Fv2%2Fproduct_cat&post=5653"},{"taxonomy":"product_tag","embeddable":true,"href":"https:\/\/mundo.seashell.pt\/index.php?rest_route=%2Fwp%2Fv2%2Fproduct_tag&post=5653"}],"curies":[{"name":"wp","href":"https:\/\/api.w.org\/{rel}","templated":true}]}}