{"id":5651,"date":"2022-02-23T11:34:39","date_gmt":"2022-02-23T11:34:39","guid":{"rendered":"https:\/\/mundo.seashell.pt\/?post_type=product&#038;p=5651"},"modified":"2022-02-23T11:34:43","modified_gmt":"2022-02-23T11:34:43","slug":"lotion-foam-800ml","status":"publish","type":"product","link":"https:\/\/mundo.seashell.pt\/?product=lotion-foam-800ml","title":{"rendered":"Sab\u00e3o de m\u00e3os Lotion Foam 800Ml"},"content":{"rendered":"<h2>Sab\u00e3o de m\u00e3os natural em espuma perfumado<\/h2>\n<ul>\n<li>Efic\u00e1cia vs l\u00edderes de mercado testada em laborat\u00f3rio certificado ISO 17025<\/li>\n<li>Produto com mat\u00e9rias-primas de origem vegetal e completamente biodegrad\u00e1vel*<\/li>\n<li>Delicado na pele gra\u00e7as \u00e0 presen\u00e7a de subst\u00e2ncias emolientes. Perfume floral<\/li>\n<\/ul>\n<h4>Descri\u00e7\u00e3o<\/h4>\n<p>Produto cosm\u00e9tico \u00e0 base de glicerina vegetal com propriedades antioxidantes, emolientes e hidratantes. Cont\u00e9m mat\u00e9rias-primas de origem vegetal derivadas do processamento do \u00f3leo de coco. Sem fosfatos, sem n\u00edquel (inferior a 0,01 ppm). Produto testado dermatologicamente (human patch test &#8211; n\u00e3o testado em animais). Embalagem com bolsa de 800 ml, com doseador personalizado SUTTER CARE, sistema Captive e janela cinzenta que torna o doseador ainda mais elegante e permite controlar, inclusive, o n\u00edvel de consumo do produto. Recarga com sistema Captive (mais de 1300 doses). Distribui\u00e7\u00e3o 0,6 ml \/ dose.<\/p>\n<h4>Dilui\u00e7\u00e3o<\/h4>\n<p>Pronto para o uso.<\/p>\n<h4>Como usar<\/h4>\n<p>Dosear uma quantidade suficiente de produto diretamente nas m\u00e3os e esfregue. Enxague com \u00e1gua corrente.<\/p>\n<p>Dispensador de Sab\u00e3o n\u00e3o inclu\u00eddo.<\/p>\n","protected":false},"excerpt":{"rendered":"<p>Sab\u00e3o de m\u00e3os natural em espuma perfumado.<\/p>\n","protected":false},"featured_media":5652,"template":"","meta":{"spay_email":""},"product_cat":[15],"product_tag":[],"class_list":{"0":"post-5651","1":"product","2":"type-product","3":"status-publish","4":"has-post-thumbnail","6":"product_cat-sem-categoria","8":"first","9":"instock","10":"taxable","11":"shipping-taxable","12":"purchasable","13":"product-type-simple"},"acf":[],"jetpack-related-posts":[{"id":5649,"url":"https:\/\/mundo.seashell.pt\/?product=lotion-cream-800ml","url_meta":{"origin":5651,"position":0},"title":"Sab\u00e3o de M\u00e3os Lotion Cream","date":"Fevereiro 23, 2022","format":false,"excerpt":"Sab\u00e3o de m\u00e3os natural em creme perfumado","rel":"","context":"Similar post","img":{"alt_text":"","src":"https:\/\/i0.wp.com\/mundo.seashell.pt\/wp-content\/uploads\/2022\/02\/lotion_cream.jpg?resize=350%2C200&ssl=1","width":350,"height":200},"classes":[]},{"id":6042,"url":"https:\/\/mundo.seashell.pt\/?product=pine-easy-750ml","url_meta":{"origin":5651,"position":1},"title":"Detergente natural Pine Easy","date":"Fevereiro 23, 2022","format":false,"excerpt":"Detergente universal multiusos super concentrado para a limpeza di\u00e1ria de superf\u00edcies duras","rel":"","context":"Similar post","img":{"alt_text":"","src":"https:\/\/i0.wp.com\/mundo.seashell.pt\/wp-content\/uploads\/2022\/02\/pine_easy.jpg?resize=350%2C200&ssl=1","width":350,"height":200},"classes":[]},{"id":6101,"url":"https:\/\/mundo.seashell.pt\/?product=pom-wc-750ml","url_meta":{"origin":5651,"position":2},"title":"Desincrustante Pom WC 750Ml","date":"Fevereiro 23, 2022","format":false,"excerpt":"Detergente desincrustante \u00e0 base de \u00e1cidos org\u00e2nicos de origem natural (\u00e1cido c\u00edtrico e \u00e1cido l\u00e1ctico) com elevada a\u00e7\u00e3o desodorizante para a limpeza di\u00e1ria da sanita","rel":"","context":"Similar post","img":{"alt_text":"","src":"https:\/\/i0.wp.com\/mundo.seashell.pt\/wp-content\/uploads\/2022\/02\/PhotoRoom_20210325_092139.jpg?resize=350%2C200&ssl=1","width":350,"height":200},"classes":[]},{"id":5946,"url":"https:\/\/mundo.seashell.pt\/?product=flower-easy-750ml","url_meta":{"origin":5651,"position":3},"title":"Detergente Flower Easy","date":"Fevereiro 23, 2022","format":false,"excerpt":"Detergente universal multiusos super concentrado para a limpeza di\u00e1ria de superf\u00edcies com ou sem tratamento.","rel":"","context":"Similar post","img":{"alt_text":"","src":"https:\/\/i0.wp.com\/mundo.seashell.pt\/wp-content\/uploads\/2022\/02\/flower_easy.jpg?resize=350%2C200&ssl=1","width":350,"height":200},"classes":[]},{"id":6091,"url":"https:\/\/mundo.seashell.pt\/?product=ruby-easy-750ml","url_meta":{"origin":5651,"position":4},"title":"Detergente antic\u00e1lcario Ruby Easy","date":"Fevereiro 23, 2022","format":false,"excerpt":"Detergente desincrustante super concentrado \u00e0 base de \u00e1cido org\u00e2nico de origem natural","rel":"","context":"Similar post","img":{"alt_text":"","src":"https:\/\/i0.wp.com\/mundo.seashell.pt\/wp-content\/uploads\/2022\/02\/ruby_easy.jpg?resize=350%2C200&ssl=1","width":350,"height":200},"classes":[]},{"id":5942,"url":"https:\/\/mundo.seashell.pt\/?product=emerald-easy-750ml","url_meta":{"origin":5651,"position":5},"title":"Detergente Super Concentrado Emerald Easy","date":"Fevereiro 23, 2022","format":false,"excerpt":"Detergente universal super concentrado de alto desempenho, para a limpeza de todas as superf\u00edcies duras.","rel":"","context":"Similar post","img":{"alt_text":"","src":"https:\/\/i0.wp.com\/mundo.seashell.pt\/wp-content\/uploads\/2022\/02\/emerald_easy.jpg?resize=350%2C200&ssl=1","width":350,"height":200},"classes":[]}],"_links":{"self":[{"href":"https:\/\/mundo.seashell.pt\/index.php?rest_route=\/wp\/v2\/product\/5651","targetHints":{"allow":["GET"]}}],"collection":[{"href":"https:\/\/mundo.seashell.pt\/index.php?rest_route=\/wp\/v2\/product"}],"about":[{"href":"https:\/\/mundo.seashell.pt\/index.php?rest_route=\/wp\/v2\/types\/product"}],"wp:featuredmedia":[{"embeddable":true,"href":"https:\/\/mundo.seashell.pt\/index.php?rest_route=\/wp\/v2\/media\/5652"}],"wp:attachment":[{"href":"https:\/\/mundo.seashell.pt\/index.php?rest_route=%2Fwp%2Fv2%2Fmedia&parent=5651"}],"wp:term":[{"taxonomy":"product_cat","embeddable":true,"href":"https:\/\/mundo.seashell.pt\/index.php?rest_route=%2Fwp%2Fv2%2Fproduct_cat&post=5651"},{"taxonomy":"product_tag","embeddable":true,"href":"https:\/\/mundo.seashell.pt\/index.php?rest_route=%2Fwp%2Fv2%2Fproduct_tag&post=5651"}],"curies":[{"name":"wp","href":"https:\/\/api.w.org\/{rel}","templated":true}]}}