{"id":5647,"date":"2022-02-23T11:34:33","date_gmt":"2022-02-23T11:34:33","guid":{"rendered":"https:\/\/mundo.seashell.pt\/?post_type=product&#038;p=5647"},"modified":"2022-02-23T11:34:35","modified_gmt":"2022-02-23T11:34:35","slug":"antibac-foam-800ml","status":"publish","type":"product","link":"https:\/\/mundo.seashell.pt\/?product=antibac-foam-800ml","title":{"rendered":"Sab\u00e3o de M\u00e3os Antibac Foam 800Ml"},"content":{"rendered":"<h2>Sab\u00e3o de m\u00e3os desinfetante em espuma<\/h2>\n<ul>\n<li>Desinfetante segundo as <a target=\"_blank\" href=\"https:\/\/www.sutterprofessional.it\/pt\/sutterpedia#rule\" rel=\"noopener\">normas<\/a> EN 1276 e EN 1499<\/li>\n<li>Elimina at\u00e9 99,9% das bact\u00e9rias<\/li>\n<li>Elegante doseador com a janela cinzenta para controlar o n\u00edvel de consumo do produto<\/li>\n<\/ul>\n<h4>Descri\u00e7\u00e3o<\/h4>\n<p>Espuma desinfetante para as m\u00e3os. Adequado tamb\u00e9m para uso em ambiente alimentar (HACCP). COMPOSI\u00c7\u00c3O: Cada 100 g de produto cont\u00e9m: Alquil-dimetil-bencilam\u00f4nio Cloreto (Benzalkonium Cloride) 0,75g, Clorexidina Digluconato 0,40g, Diluentes (tensioativos, dissolventes y \u00e1gua) q.b. a 100 g. COMPOSI\u00c7\u00c3O (Reg. 648\/2004\/EC): tensioativos anfot\u00e9ricos &lt; 5%. Cont\u00e9m: Desinfetantes. Em conformidade com as <a target=\"_blank\" href=\"https:\/\/www.sutterprofessional.it\/pt\/sutterpedia#rule\" rel=\"noopener\">normas<\/a> EN: 1276, 1499.<\/p>\n<h4>Dilui\u00e7\u00e3o<\/h4>\n<p>Pronto para o uso.<\/p>\n<h4>Como usar<\/h4>\n<p>Dosear na palma da sua m\u00e3o cerca de 5 ml de produto e lavar durante, pelo menos, 1 minuto. Enxague cuidadosamente e seque. Embalagem numa bolsa de 800 ml, a utilizar com dispensador personalizado SUTTER CARE. Distribui\u00e7\u00e3o de 0,6 ml \/ dose.<\/p>\n<p>Dispensador de Sab\u00e3o n\u00e3o inclu\u00eddo.<\/p>\n","protected":false},"excerpt":{"rendered":"<p>Sab\u00e3o de m\u00e3os desinfetante em espuma. Adequado tamb\u00e9m para uso em ambiente alimentar.<\/p>\n","protected":false},"featured_media":5648,"template":"","meta":{"spay_email":""},"product_cat":[15],"product_tag":[],"class_list":{"0":"post-5647","1":"product","2":"type-product","3":"status-publish","4":"has-post-thumbnail","6":"product_cat-sem-categoria","8":"first","9":"instock","10":"taxable","11":"shipping-taxable","12":"purchasable","13":"product-type-simple"},"acf":[],"jetpack-related-posts":[{"id":5645,"url":"https:\/\/mundo.seashell.pt\/?product=antibac-cream-800ml","url_meta":{"origin":5647,"position":0},"title":"Sabonete M\u00e3os Antibac Cream","date":"Fevereiro 23, 2022","format":false,"excerpt":"Sabonete desinfetante em creme para as m\u00e3os","rel":"","context":"Similar post","img":{"alt_text":"","src":"https:\/\/i0.wp.com\/mundo.seashell.pt\/wp-content\/uploads\/2022\/02\/antibac.jpg?resize=350%2C200&ssl=1","width":350,"height":200},"classes":[]},{"id":6056,"url":"https:\/\/mundo.seashell.pt\/?product=lactic-500ml","url_meta":{"origin":5647,"position":1},"title":"Desinfetante Lactic 500Ml","date":"Fevereiro 23, 2022","format":false,"excerpt":"Desinfetante multiusos pronto para usar para todas as superf\u00edcies duras lav\u00e1veis: pavimentos, mobili\u00e1rio, bancadas de trabalho, instala\u00e7\u00f5es sanit\u00e1rias e caixotes do lixo","rel":"","context":"Similar post","img":{"alt_text":"","src":"https:\/\/i0.wp.com\/mundo.seashell.pt\/wp-content\/uploads\/2022\/02\/lactic.jpg?resize=350%2C200&ssl=1","width":350,"height":200},"classes":[]},{"id":5990,"url":"https:\/\/mundo.seashell.pt\/?product=onda-sanify-1lt","url_meta":{"origin":5647,"position":2},"title":"Detergente Desinfetante Onda Sanify","date":"Fevereiro 23, 2022","format":false,"excerpt":"Detergente Desinfetante, desodorizante perfumado","rel":"","context":"Similar post","img":{"alt_text":"","src":"https:\/\/i0.wp.com\/mundo.seashell.pt\/wp-content\/uploads\/2022\/02\/onda.jpg?resize=350%2C200&ssl=1","width":350,"height":200},"classes":[]},{"id":5630,"url":"https:\/\/mundo.seashell.pt\/?product=dermagel-plus-500ml","url_meta":{"origin":5647,"position":3},"title":"Gel Desinfetante Derma Gel Plus","date":"Fevereiro 23, 2022","format":false,"excerpt":"Gel Desinfetante para m\u00e3os sem enxaguar","rel":"","context":"Similar post","img":{"alt_text":"","src":"https:\/\/i0.wp.com\/mundo.seashell.pt\/wp-content\/uploads\/2022\/02\/derma_gel_plus.jpg?resize=350%2C200&ssl=1","width":350,"height":200},"classes":[]},{"id":5672,"url":"https:\/\/mundo.seashell.pt\/?product=multigienic-5kg","url_meta":{"origin":5647,"position":4},"title":"Desengordurante Desinfetante &#8211; Multigienic 5Kg","date":"Fevereiro 23, 2022","format":false,"excerpt":"Desengordurante desinfectante, remove todos os tipos de sujidade de todas as superf\u00edcies. Adequado para uso HACCP.","rel":"","context":"Similar post","img":{"alt_text":"","src":"https:\/\/i0.wp.com\/mundo.seashell.pt\/wp-content\/uploads\/2022\/02\/multigienic.jpg?resize=350%2C200&ssl=1","width":350,"height":200},"classes":[]},{"id":6006,"url":"https:\/\/mundo.seashell.pt\/?product=chlor-ha-24-kg","url_meta":{"origin":5647,"position":5},"title":"Desinfetante Clorado Chlor HA 24 Kg","date":"Fevereiro 23, 2022","format":false,"excerpt":"Desinfetante clorado formulado para ser utilizado em \u00e1reas agro-alimentares.","rel":"","context":"Similar post","img":{"alt_text":"","src":"https:\/\/i0.wp.com\/mundo.seashell.pt\/wp-content\/uploads\/2022\/02\/chlor.jpg?resize=350%2C200&ssl=1","width":350,"height":200},"classes":[]}],"_links":{"self":[{"href":"https:\/\/mundo.seashell.pt\/index.php?rest_route=\/wp\/v2\/product\/5647","targetHints":{"allow":["GET"]}}],"collection":[{"href":"https:\/\/mundo.seashell.pt\/index.php?rest_route=\/wp\/v2\/product"}],"about":[{"href":"https:\/\/mundo.seashell.pt\/index.php?rest_route=\/wp\/v2\/types\/product"}],"wp:featuredmedia":[{"embeddable":true,"href":"https:\/\/mundo.seashell.pt\/index.php?rest_route=\/wp\/v2\/media\/5648"}],"wp:attachment":[{"href":"https:\/\/mundo.seashell.pt\/index.php?rest_route=%2Fwp%2Fv2%2Fmedia&parent=5647"}],"wp:term":[{"taxonomy":"product_cat","embeddable":true,"href":"https:\/\/mundo.seashell.pt\/index.php?rest_route=%2Fwp%2Fv2%2Fproduct_cat&post=5647"},{"taxonomy":"product_tag","embeddable":true,"href":"https:\/\/mundo.seashell.pt\/index.php?rest_route=%2Fwp%2Fv2%2Fproduct_tag&post=5647"}],"curies":[{"name":"wp","href":"https:\/\/api.w.org\/{rel}","templated":true}]}}