{"id":5644,"date":"2022-02-23T11:34:31","date_gmt":"2022-02-23T11:34:31","guid":{"rendered":"https:\/\/mundo.seashell.pt\/?post_type=product&#038;p=5644"},"modified":"2022-02-23T11:34:31","modified_gmt":"2022-02-23T11:34:31","slug":"blowmy-dermo-espuma-5-lts","status":"publish","type":"product","link":"https:\/\/mundo.seashell.pt\/?product=blowmy-dermo-espuma-5-lts","title":{"rendered":"Sabonete M\u00e3os &#8211; Blowmy Dermo Espuma 5 Lts"},"content":{"rendered":"<p>Sabonete Suave M\u00e3os&nbsp;<\/p>\n<p>Sabonete suave para as m\u00e3os de uso di\u00e1rio em espuma.<\/p>\n<p>PROPRIEDADES<br \/>Sabonete l\u00edquido perfumado, com um \u00f3timo comportamento na lavagem de m\u00e3os. F\u00f3rmula enriquecida com glicerina que proporciona uma agrad\u00e1vel sensa\u00e7\u00e3o de suavidade na pele ap\u00f3s a sua utiliza\u00e7\u00e3o.<\/p>\n<p>CONDI\u00c7\u00d5ES DE UTILIZA\u00c7\u00c3O<br \/>Para a lavagem das m\u00e3os, aplicar uma dose de espuma sobre as m\u00e3os previamente humedecidas ou n\u00e3o. Espalhar bem, enxaguar com \u00e1gua abundante e secar com um toalhete seco.<\/p>\n<p>CARACTERISTICAS FISICO QU\u00cdMICAS<br \/>Aspecto: Produto L\u00edquido<br \/>Cor: vermelho<br \/>pH 6<br \/>Ligeiramente perfumado<br \/>Alerg\u00e9nios: Butylphenyl Methylpropional<\/p>\n","protected":false},"excerpt":{"rendered":"<p>Sabonete Suave M\u00e3os&nbsp; Sabonete suave para as m\u00e3os de uso di\u00e1rio em espuma. PROPRIEDADESSabonete l\u00edquido perfumado, com um \u00f3timo comportamento na lavagem de m\u00e3os. F\u00f3rmula enriquecida com glicerina que proporciona<\/p>\n","protected":false},"featured_media":0,"template":"","meta":{"spay_email":""},"product_cat":[15],"product_tag":[],"class_list":{"0":"post-5644","1":"product","2":"type-product","3":"status-publish","5":"product_cat-sem-categoria","7":"first","8":"instock","9":"taxable","10":"shipping-taxable","11":"purchasable","12":"product-type-simple"},"acf":[],"jetpack-related-posts":[{"id":5640,"url":"https:\/\/mundo.seashell.pt\/?product=blowmy-sabonete-cremoso-5-lts","url_meta":{"origin":5644,"position":0},"title":"Blowmy Sabonete L\u00edquido","date":"Fevereiro 23, 2022","format":false,"excerpt":"Sabonete l\u00edquido cremoso e perfumado, com um \u00f3timo comportamento na lavagem de m\u00e3os.","rel":"","context":"Similar post","img":{"alt_text":"","src":"https:\/\/i0.wp.com\/mundo.seashell.pt\/wp-content\/uploads\/2022\/02\/blowmy_sabonete_liquido.jpg?resize=350%2C200&ssl=1","width":350,"height":200},"classes":[]},{"id":5642,"url":"https:\/\/mundo.seashell.pt\/?product=blowmy-gel-cosmetico-neutro-5-lts","url_meta":{"origin":5644,"position":1},"title":"Blowmy Gel Cosm\u00e9tico Neutro 5 Lts","date":"Fevereiro 23, 2022","format":false,"excerpt":"Sabonete l\u00edquido cremoso, com um \u00f3timo comportamento na lavagem das m\u00e3os.","rel":"","context":"Similar post","img":{"alt_text":"","src":"https:\/\/i0.wp.com\/mundo.seashell.pt\/wp-content\/uploads\/2022\/02\/Blowmy_Gel_Cosme_tico_Neutro_PhotoRoom_20210402_103431.jpg?resize=350%2C200&ssl=1","width":350,"height":200},"classes":[]},{"id":6830,"url":"https:\/\/mundo.seashell.pt\/?product=lux-sabonete-solido-125gr","url_meta":{"origin":5644,"position":2},"title":"Lux Sabonete S\u00f3lido 125Gr","date":"Fevereiro 23, 2022","format":false,"excerpt":"Lux para os seus momentos de beleza!Tipo de produto: Sabonete S\u00f3lidoConselhos de utiliza\u00e7\u00e3o: As suas m\u00e3os s\u00e3o das partes mais secas do seu corpo. Para deix\u00e1-las mais refrescadas, fa\u00e7a espuma com o sabonete Lux nas suas m\u00e3os molhadas. Depois massaje o seu corpo e o rosto com a espuma, evitando\u2026","rel":"","context":"Similar post","img":{"alt_text":"","src":"https:\/\/i0.wp.com\/mundo.seashell.pt\/wp-content\/uploads\/2022\/02\/LUX_SABONETE_GOOD_DAY_PACK_4X125GR.png?resize=350%2C200&ssl=1","width":350,"height":200},"classes":[]},{"id":6832,"url":"https:\/\/mundo.seashell.pt\/?product=dove-sabonete-liquido-250ml","url_meta":{"origin":5644,"position":3},"title":"Dove Sabonete L\u00edquido 250ml","date":"Fevereiro 23, 2022","format":false,"excerpt":"Explore as cole\u00e7\u00f5es Dove e encontre os produtos ideais para si!Ingredientes: Aqua, Sodium Laureth Sulfate, Glycerin, Sodium Chloride, Cocamidopropyl Betaine, Butylene Glycol, Citric Acid, Nelumbo Nucifera Flower Extract, Oryza Sativa Bran Extract, Oryza Sativa Germ Oil, Parfum, PEG-40 Hydrogenated Castor Oil, Sine Adipe La...","rel":"","context":"Similar post","img":{"alt_text":"","src":"https:\/\/i0.wp.com\/mundo.seashell.pt\/wp-content\/uploads\/2022\/02\/Dove_Regular__250ml__.png?resize=350%2C200&ssl=1","width":350,"height":200},"classes":[]},{"id":6826,"url":"https:\/\/mundo.seashell.pt\/?product=palmolive-sabonetes-solidos-90gr","url_meta":{"origin":5644,"position":4},"title":"Palmolive Sabonetes S\u00f3lidos 90Gr","date":"Fevereiro 23, 2022","format":false,"excerpt":"Mantenha a sua pele cuidada com o Sabonete S\u00f3lido Palmolive.Tipo de produto: Sabonete S\u00f3lidoBenef\u00edcios: Enriquecido com extratos naturais. Conselhos de utiliza\u00e7\u00e3o: Os sabonetes s\u00f3lidos podem ser usados diretamente na pele molhada. No entanto, podemos ainda utiliz\u00e1-lo massajando a pele com a espu...","rel":"","context":"Similar post","img":{"alt_text":"","src":"https:\/\/i0.wp.com\/mundo.seashell.pt\/wp-content\/uploads\/2022\/02\/Palmolive_Sabonete_Original_Olive_Pack_4_-_90_grs._8714789703015.png?resize=350%2C200&ssl=1","width":350,"height":200},"classes":[]},{"id":6836,"url":"https:\/\/mundo.seashell.pt\/?product=palmolive-sabonete-liquido-300ml","url_meta":{"origin":5644,"position":5},"title":"Palmolive Sabonete L\u00edquido 300ml","date":"Fevereiro 23, 2022","format":false,"excerpt":"Fragr\u00e2ncia delicada e uma f\u00f3rmula rica e aveludada para m\u00e3os suaves e hidratadas. A f\u00f3rmula do sabonete l\u00edquido Palmolive deixa as m\u00e3os perfumadas e suaves ao toque. Testado dermatologicamente. Nova f\u00f3rmula melhorada. Ingredientes: Aqua Sodium C-12-13 Pareth Sulfate Cocamidopropyl Betaine Sodium Chloride Lauryl Polygluc...","rel":"","context":"Similar post","img":{"alt_text":"","src":"https:\/\/i0.wp.com\/mundo.seashell.pt\/wp-content\/uploads\/2022\/02\/Palmolive_Sabonete_Li_quido_Nutritivo_Amendoa_300ml._Dos_8003520012906.png?resize=350%2C200&ssl=1","width":350,"height":200},"classes":[]}],"_links":{"self":[{"href":"https:\/\/mundo.seashell.pt\/index.php?rest_route=\/wp\/v2\/product\/5644","targetHints":{"allow":["GET"]}}],"collection":[{"href":"https:\/\/mundo.seashell.pt\/index.php?rest_route=\/wp\/v2\/product"}],"about":[{"href":"https:\/\/mundo.seashell.pt\/index.php?rest_route=\/wp\/v2\/types\/product"}],"wp:attachment":[{"href":"https:\/\/mundo.seashell.pt\/index.php?rest_route=%2Fwp%2Fv2%2Fmedia&parent=5644"}],"wp:term":[{"taxonomy":"product_cat","embeddable":true,"href":"https:\/\/mundo.seashell.pt\/index.php?rest_route=%2Fwp%2Fv2%2Fproduct_cat&post=5644"},{"taxonomy":"product_tag","embeddable":true,"href":"https:\/\/mundo.seashell.pt\/index.php?rest_route=%2Fwp%2Fv2%2Fproduct_tag&post=5644"}],"curies":[{"name":"wp","href":"https:\/\/api.w.org\/{rel}","templated":true}]}}