{"id":5642,"date":"2022-02-23T11:34:29","date_gmt":"2022-02-23T11:34:29","guid":{"rendered":"https:\/\/mundo.seashell.pt\/?post_type=product&#038;p=5642"},"modified":"2022-02-23T11:34:31","modified_gmt":"2022-02-23T11:34:31","slug":"blowmy-gel-cosmetico-neutro-5-lts","status":"publish","type":"product","link":"https:\/\/mundo.seashell.pt\/?product=blowmy-gel-cosmetico-neutro-5-lts","title":{"rendered":"Blowmy Gel Cosm\u00e9tico Neutro 5 Lts"},"content":{"rendered":"<p>Sabonete l\u00edquido para as m\u00e3os com \u00f3leo da \u00e1rvore do ch\u00e1.<\/p>\n<p><strong><br \/><\/strong><\/p>\n<p><strong>PROPRIEDADES<\/strong><\/p>\n<p>Sabonete l\u00edquido cremoso, com um \u00f3timo comportamento na lavagem das m\u00e3os, quer na lavagem, quer na forma\u00e7\u00e3o de espuma. Possui na sua composi\u00e7\u00e3o \u00d3leo da \u00c1rvore do Ch\u00e1, um \u00f3leo essencial obtido da destila\u00e7\u00e3o das folhas da \u00e1rvore Melaleuca alternif\u00f3lia, origin\u00e1ria da Austr\u00e1lia. A este \u00f3leo essencial, s\u00e3o atribu\u00eddas diversas propriedades antiss\u00e9pticas, atuando contra bact\u00e9rias, fungos e v\u00edrus.<\/p>\n<p>Ensaios efetuados com o Blowmy Gel Cosm\u00e9tico Neutro, demonstraram inibi\u00e7\u00e3o de crescimento da bact\u00e9ria Staphylococcus aureus, frequentemente encontrada nas m\u00e3os.<\/p>\n<\/p>\n<p><strong>CONDI\u00c7\u00d5ES DE UTILIZA\u00c7\u00c3O<\/strong><\/p>\n<p>Para uma lavagem normal das m\u00e3os, aplicar uma dose de produto (2 a 3g), nas m\u00e3os ligeiramente molhadas, esfregando at\u00e9 formar espuma.<\/p>\n<p>Enxaguar e secar completamente.<\/p>\n","protected":false},"excerpt":{"rendered":"<p>Sabonete l\u00edquido cremoso, com um \u00f3timo comportamento na lavagem das  m\u00e3os.<\/p>\n","protected":false},"featured_media":5643,"template":"","meta":{"spay_email":""},"product_cat":[15],"product_tag":[],"class_list":{"0":"post-5642","1":"product","2":"type-product","3":"status-publish","4":"has-post-thumbnail","6":"product_cat-sem-categoria","8":"first","9":"instock","10":"taxable","11":"shipping-taxable","12":"purchasable","13":"product-type-simple"},"acf":[],"jetpack-related-posts":[{"id":5640,"url":"https:\/\/mundo.seashell.pt\/?product=blowmy-sabonete-cremoso-5-lts","url_meta":{"origin":5642,"position":0},"title":"Blowmy Sabonete L\u00edquido","date":"Fevereiro 23, 2022","format":false,"excerpt":"Sabonete l\u00edquido cremoso e perfumado, com um \u00f3timo comportamento na lavagem de m\u00e3os.","rel":"","context":"Similar post","img":{"alt_text":"","src":"https:\/\/i0.wp.com\/mundo.seashell.pt\/wp-content\/uploads\/2022\/02\/blowmy_sabonete_liquido.jpg?resize=350%2C200&ssl=1","width":350,"height":200},"classes":[]},{"id":5644,"url":"https:\/\/mundo.seashell.pt\/?product=blowmy-dermo-espuma-5-lts","url_meta":{"origin":5642,"position":1},"title":"Sabonete M\u00e3os &#8211; Blowmy Dermo Espuma 5 Lts","date":"Fevereiro 23, 2022","format":false,"excerpt":"Sabonete Suave M\u00e3os\u00a0 Sabonete suave para as m\u00e3os de uso di\u00e1rio em espuma. PROPRIEDADESSabonete l\u00edquido perfumado, com um \u00f3timo comportamento na lavagem de m\u00e3os. F\u00f3rmula enriquecida com glicerina que proporciona uma agrad\u00e1vel sensa\u00e7\u00e3o de suavidade na pele ap\u00f3s a sua utiliza\u00e7\u00e3o. CONDI\u00c7\u00d5ES DE UTILIZA\u00c7\u00c3OPara a lavagem das m\u00e3os, aplicar uma\u2026","rel":"","context":"Similar post","img":{"alt_text":"","src":"","width":0,"height":0},"classes":[]},{"id":5653,"url":"https:\/\/mundo.seashell.pt\/?product=dus-500ml","url_meta":{"origin":5642,"position":2},"title":"Sabonete M\u00e3os &#8211; Dus 500Ml","date":"Fevereiro 23, 2022","format":false,"excerpt":"Produto cosm\u00e9tico formulado com mat\u00e9rias-primas ideais para uma frequente lavagem das m\u00e3os.","rel":"","context":"Similar post","img":{"alt_text":"","src":"https:\/\/i0.wp.com\/mundo.seashell.pt\/wp-content\/uploads\/2022\/02\/dus.jpg?resize=350%2C200&ssl=1","width":350,"height":200},"classes":[]},{"id":5638,"url":"https:\/\/mundo.seashell.pt\/?product=blowmy-shampoo-750ml","url_meta":{"origin":5642,"position":3},"title":"Blowmy Shampoo 750ml","date":"Fevereiro 23, 2022","format":false,"excerpt":"Champ\u00f4 cremoso e perfumado, enriquecido com pantenol e glicerina, com um \u00f3timo comportamento na lavagem do cabelo.","rel":"","context":"Similar post","img":{"alt_text":"","src":"https:\/\/i0.wp.com\/mundo.seashell.pt\/wp-content\/uploads\/2022\/02\/Blowmy_Shampoo_750_mL_PhotoRoom_20210402_103412.jpg?resize=350%2C200&ssl=1","width":350,"height":200},"classes":[]},{"id":5634,"url":"https:\/\/mundo.seashell.pt\/?product=blowmy-gel-de-banho-scented-750ml","url_meta":{"origin":5642,"position":4},"title":"Blowmy Gel de Banho 750ml","date":"Fevereiro 23, 2022","format":false,"excerpt":"Gel de banho cremoso e perfumado","rel":"","context":"Similar post","img":{"alt_text":"","src":"https:\/\/i0.wp.com\/mundo.seashell.pt\/wp-content\/uploads\/2022\/02\/blowmy_gel_de_banho_750ml.jpg?resize=350%2C200&ssl=1","width":350,"height":200},"classes":[]},{"id":6834,"url":"https:\/\/mundo.seashell.pt\/?product=sanytol-sabonete-liquido-250ml","url_meta":{"origin":5642,"position":5},"title":"Sanytol Sabonete L\u00edquido 250ml","date":"Fevereiro 23, 2022","format":false,"excerpt":"Sab\u00e3o L\u00edquido Desinfetante Hidratante \u00e9 elaborado com alo\u00e9 vera e ch\u00e1 verde, conferindo-lhe assim propriedades hidratantes. Hipoalerg\u00e9nico, comprovado dermatologicamente e clinicamente. A maioria das infe\u00e7\u00f5es \u00e9 transmitida pelas m\u00e3os, por isso lavar as m\u00e3os regularmente \u00e9 a maneira mais f\u00e1cil de prevenir infe\u00e7\u00f5es. O Sabonete Desinfetan...","rel":"","context":"Similar post","img":{"alt_text":"","src":"https:\/\/i0.wp.com\/mundo.seashell.pt\/wp-content\/uploads\/2022\/02\/SANYTOL_SABA_O_LIQUIDO_DESINFETANTE_HIDRATANTE_250_ML_3045206501200.png?resize=350%2C200&ssl=1","width":350,"height":200},"classes":[]}],"_links":{"self":[{"href":"https:\/\/mundo.seashell.pt\/index.php?rest_route=\/wp\/v2\/product\/5642","targetHints":{"allow":["GET"]}}],"collection":[{"href":"https:\/\/mundo.seashell.pt\/index.php?rest_route=\/wp\/v2\/product"}],"about":[{"href":"https:\/\/mundo.seashell.pt\/index.php?rest_route=\/wp\/v2\/types\/product"}],"wp:featuredmedia":[{"embeddable":true,"href":"https:\/\/mundo.seashell.pt\/index.php?rest_route=\/wp\/v2\/media\/5643"}],"wp:attachment":[{"href":"https:\/\/mundo.seashell.pt\/index.php?rest_route=%2Fwp%2Fv2%2Fmedia&parent=5642"}],"wp:term":[{"taxonomy":"product_cat","embeddable":true,"href":"https:\/\/mundo.seashell.pt\/index.php?rest_route=%2Fwp%2Fv2%2Fproduct_cat&post=5642"},{"taxonomy":"product_tag","embeddable":true,"href":"https:\/\/mundo.seashell.pt\/index.php?rest_route=%2Fwp%2Fv2%2Fproduct_tag&post=5642"}],"curies":[{"name":"wp","href":"https:\/\/api.w.org\/{rel}","templated":true}]}}