{"id":5638,"date":"2022-02-23T11:34:11","date_gmt":"2022-02-23T11:34:11","guid":{"rendered":"https:\/\/mundo.seashell.pt\/?post_type=product&#038;p=5638"},"modified":"2022-02-23T11:34:13","modified_gmt":"2022-02-23T11:34:13","slug":"blowmy-shampoo-750ml","status":"publish","type":"product","link":"https:\/\/mundo.seashell.pt\/?product=blowmy-shampoo-750ml","title":{"rendered":"Blowmy Shampoo 750ml"},"content":{"rendered":"<p>Shampoo com condicionador para cabelo\n<\/p>\n<p><strong><br \/><\/strong><\/p>\n<p><strong>PROPRIEDADES<br \/>\n<\/strong><\/p>\n<p>Champo\u0302 cremoso e perfumado, enriquecido com pantenol e glicerina, com<br \/>\num o\u0301timo comportamento na lavagem do cabelo.<br \/>\nDevido a\u0300s suas caracteri\u0301sticas fi\u0301sico-qui\u0301micas, possui elevado poder de<br \/>\nlavagem, o\u0301tima formac\u0327a\u0303o de espuma e agrada\u0301vel aroma.\n<\/p>\n<p><strong><br \/><\/strong><\/p>\n<p><strong>CONDIC\u0327O\u0303ES DE UTILIZAC\u0327A\u0303O<br \/>\n<\/strong><\/p>\n<p>Aplicar sobre os cabelos hu\u0301midos e massajar suavemente. Enxaguar com<br \/>\nbastante a\u0301gua. Repetir a operac\u0327a\u0303o se achar necessa\u0301rio.\n<\/p>\n<p><strong><br \/><\/strong><\/p>\n<p><strong>CARACTERISTICAS FISICO QUI\u0301MICAS<br \/>\n<\/strong><\/p>\n<p>Aspecto: Produto Li\u0301quido<br \/>\nCor: Incolor<br \/>\npH 5<br \/>\nperfumado\n<\/p>\n<p>Alerge\u0301nios: Alpha-isomethyl ionone, Benzyl Alcohol, Citronellol<\/p>\n","protected":false},"excerpt":{"rendered":"<p>Champ\u00f4 cremoso e perfumado, enriquecido com pantenol e glicerina, com um \u00f3timo comportamento na lavagem do cabelo.<\/p>\n","protected":false},"featured_media":5639,"template":"","meta":{"spay_email":""},"product_cat":[15],"product_tag":[],"class_list":{"0":"post-5638","1":"product","2":"type-product","3":"status-publish","4":"has-post-thumbnail","6":"product_cat-sem-categoria","8":"first","9":"instock","10":"taxable","11":"shipping-taxable","12":"purchasable","13":"product-type-simple"},"acf":[],"jetpack-related-posts":[{"id":5634,"url":"https:\/\/mundo.seashell.pt\/?product=blowmy-gel-de-banho-scented-750ml","url_meta":{"origin":5638,"position":0},"title":"Blowmy Gel de Banho 750ml","date":"Fevereiro 23, 2022","format":false,"excerpt":"Gel de banho cremoso e perfumado","rel":"","context":"Similar post","img":{"alt_text":"","src":"https:\/\/i0.wp.com\/mundo.seashell.pt\/wp-content\/uploads\/2022\/02\/blowmy_gel_de_banho_750ml.jpg?resize=350%2C200&ssl=1","width":350,"height":200},"classes":[]},{"id":5640,"url":"https:\/\/mundo.seashell.pt\/?product=blowmy-sabonete-cremoso-5-lts","url_meta":{"origin":5638,"position":1},"title":"Blowmy Sabonete L\u00edquido","date":"Fevereiro 23, 2022","format":false,"excerpt":"Sabonete l\u00edquido cremoso e perfumado, com um \u00f3timo comportamento na lavagem de m\u00e3os.","rel":"","context":"Similar post","img":{"alt_text":"","src":"https:\/\/i0.wp.com\/mundo.seashell.pt\/wp-content\/uploads\/2022\/02\/blowmy_sabonete_liquido.jpg?resize=350%2C200&ssl=1","width":350,"height":200},"classes":[]},{"id":5644,"url":"https:\/\/mundo.seashell.pt\/?product=blowmy-dermo-espuma-5-lts","url_meta":{"origin":5638,"position":2},"title":"Sabonete M\u00e3os &#8211; Blowmy Dermo Espuma 5 Lts","date":"Fevereiro 23, 2022","format":false,"excerpt":"Sabonete Suave M\u00e3os\u00a0 Sabonete suave para as m\u00e3os de uso di\u00e1rio em espuma. PROPRIEDADESSabonete l\u00edquido perfumado, com um \u00f3timo comportamento na lavagem de m\u00e3os. F\u00f3rmula enriquecida com glicerina que proporciona uma agrad\u00e1vel sensa\u00e7\u00e3o de suavidade na pele ap\u00f3s a sua utiliza\u00e7\u00e3o. CONDI\u00c7\u00d5ES DE UTILIZA\u00c7\u00c3OPara a lavagem das m\u00e3os, aplicar uma\u2026","rel":"","context":"Similar post","img":{"alt_text":"","src":"","width":0,"height":0},"classes":[]},{"id":5392,"url":"https:\/\/mundo.seashell.pt\/?product=mr-fun-shine","url_meta":{"origin":5638,"position":3},"title":"Shampoo Auto Mr Fun Shine","date":"Fevereiro 23, 2022","format":false,"excerpt":"Shampoo neutro enriquecido com cera de carnau\u0301ba, para a lavagem manual do exterior de vei\u0301culos. Utiliza-se na lavagem manual de vei\u0301culos automo\u0301veis, ligeiros e pesados.","rel":"","context":"Similar post","img":{"alt_text":"","src":"https:\/\/i0.wp.com\/mundo.seashell.pt\/wp-content\/uploads\/2022\/02\/Mr_Fun_Shampoo_Shine_1L_PhotoRoom_20210402_103310.jpg?resize=350%2C200&ssl=1","width":350,"height":200},"classes":[]},{"id":5398,"url":"https:\/\/mundo.seashell.pt\/?product=mr-fun-shampoo-auto","url_meta":{"origin":5638,"position":4},"title":"Mr Fun Shampoo Auto","date":"Fevereiro 23, 2022","format":false,"excerpt":"Shampoo neutro, com grande capacidade desengordurante, adequadopara a lavagem manual do exterior de vei\u0301culos. Utiliza-se na lavagem manual de vei\u0301culos automo\u0301veis, ligeiros e pesados.","rel":"","context":"Similar post","img":{"alt_text":"","src":"https:\/\/i0.wp.com\/mundo.seashell.pt\/wp-content\/uploads\/2022\/02\/Mr_Fun_Shampoo_Auto_PhotoRoom_20210402_102956.jpg?resize=350%2C200&ssl=1","width":350,"height":200},"classes":[]},{"id":5396,"url":"https:\/\/mundo.seashell.pt\/?product=solux-auto-esp","url_meta":{"origin":5638,"position":5},"title":"Shampoo Solux Auto ESP","date":"Fevereiro 23, 2022","format":false,"excerpt":"Shampoo neutro, com grande capacidade de desengorduramento, adequado para a lavagem manual do exterior de vei\u0301culos. Utiliza-se na lavagem manual de vei\u0301culos automo\u0301veis, ligeiros e pesados.","rel":"","context":"Similar post","img":{"alt_text":"","src":"https:\/\/i0.wp.com\/mundo.seashell.pt\/wp-content\/uploads\/2022\/02\/SOLUX_AUTO_ESP_PhotoRoom_20210402_103250.jpg?resize=350%2C200&ssl=1","width":350,"height":200},"classes":[]}],"_links":{"self":[{"href":"https:\/\/mundo.seashell.pt\/index.php?rest_route=\/wp\/v2\/product\/5638","targetHints":{"allow":["GET"]}}],"collection":[{"href":"https:\/\/mundo.seashell.pt\/index.php?rest_route=\/wp\/v2\/product"}],"about":[{"href":"https:\/\/mundo.seashell.pt\/index.php?rest_route=\/wp\/v2\/types\/product"}],"wp:featuredmedia":[{"embeddable":true,"href":"https:\/\/mundo.seashell.pt\/index.php?rest_route=\/wp\/v2\/media\/5639"}],"wp:attachment":[{"href":"https:\/\/mundo.seashell.pt\/index.php?rest_route=%2Fwp%2Fv2%2Fmedia&parent=5638"}],"wp:term":[{"taxonomy":"product_cat","embeddable":true,"href":"https:\/\/mundo.seashell.pt\/index.php?rest_route=%2Fwp%2Fv2%2Fproduct_cat&post=5638"},{"taxonomy":"product_tag","embeddable":true,"href":"https:\/\/mundo.seashell.pt\/index.php?rest_route=%2Fwp%2Fv2%2Fproduct_tag&post=5638"}],"curies":[{"name":"wp","href":"https:\/\/api.w.org\/{rel}","templated":true}]}}