{"id":5634,"date":"2022-02-23T11:34:08","date_gmt":"2022-02-23T11:34:08","guid":{"rendered":"https:\/\/mundo.seashell.pt\/?post_type=product&#038;p=5634"},"modified":"2022-02-23T11:34:09","modified_gmt":"2022-02-23T11:34:09","slug":"blowmy-gel-de-banho-scented-750ml","status":"publish","type":"product","link":"https:\/\/mundo.seashell.pt\/?product=blowmy-gel-de-banho-scented-750ml","title":{"rendered":"Blowmy Gel de Banho 750ml"},"content":{"rendered":"<p><strong>APLICA\u00c7\u00c3O<\/strong><\/p>\n<p>Gel de banho.<\/p>\n<p><strong><br \/><\/strong><\/p>\n<p><strong>PROPRIEDADES<\/strong><\/p>\n<p>Gel de banho cremoso e perfumado, enriquecido com glicerina, que&nbsp;proporciona um \u00f3timo comportamento na lavagem da pele.<\/p>\n<p>Devido \u00e0s suas caracter\u00edsticas f\u00edsico-qu\u00edmicas, possui elevado poder de&nbsp;lavagem, \u00f3tima forma\u00e7\u00e3o de espuma e agrad\u00e1vel aroma.<\/p>\n<p><strong><br \/><\/strong><\/p>\n<p><strong>C<\/strong><strong>ONDI\u00c7\u00d5ES DE UTILIZA\u00c7\u00c3O<\/strong><\/p>\n<p>Aplicar sobre a pele, previamente humedecida com uma massagem&nbsp;suave at\u00e9 forma\u00e7\u00e3o de espuma. Enxaguar com bastante \u00e1gua. Repetir a<\/p>\n<p>opera\u00e7\u00e3o se achar necess\u00e1rio<\/p>\n<p><strong><br \/><\/strong><\/p>\n<p><strong>CARACTERISTICAS FISICO QU\u00cdMICAS<\/strong><br \/>pH 5,5<br \/>perfumado<br \/>Sem alerg\u00e9nios<\/p>\n","protected":false},"excerpt":{"rendered":"<p>Gel de banho cremoso e perfumado<\/p>\n","protected":false},"featured_media":5635,"template":"","meta":{"spay_email":""},"product_cat":[15],"product_tag":[],"class_list":{"0":"post-5634","1":"product","2":"type-product","3":"status-publish","4":"has-post-thumbnail","6":"product_cat-sem-categoria","8":"first","9":"instock","10":"taxable","11":"shipping-taxable","12":"purchasable","13":"product-type-simple"},"acf":[],"jetpack-related-posts":[{"id":5636,"url":"https:\/\/mundo.seashell.pt\/?product=blowmy-gel-de-banho-500ml","url_meta":{"origin":5634,"position":0},"title":"Blowmy Gel de Banho 500ml","date":"Fevereiro 23, 2022","format":false,"excerpt":"Gel de banho cremoso e perfumado, desenvolvido a pensar no cuidado da pele. A sua f\u00f3rmula produz espuma abundante, hidratando ativamente e deixando a pele suave, perfumada e com um aspeto saud\u00e1vel.","rel":"","context":"Similar post","img":{"alt_text":"","src":"https:\/\/i0.wp.com\/mundo.seashell.pt\/wp-content\/uploads\/2022\/02\/blowmy_gel_banho_500ml.jpg?resize=350%2C200&ssl=1","width":350,"height":200},"classes":[]},{"id":6784,"url":"https:\/\/mundo.seashell.pt\/?product=dove-gel-de-banho-secrets-05l","url_meta":{"origin":5634,"position":1},"title":"Dove Gel de Banho Secrets 500ml","date":"Fevereiro 23, 2022","format":false,"excerpt":"Explore as cole\u00e7\u00f5es Dove e encontre os produtos ideais para si! Dove criou o gel de duche Nourishing Secrets Indulging. Para uma pele nutrida, este gel de banho vai fazer sentir-se limpo, delicadamente perfumado e maravilhosamente mimado. Ingredientes: Aqua, Sodium Lauroyl Glycinate, Cocamidopropyl Betaine, Sodium L...","rel":"","context":"Similar post","img":{"alt_text":"","src":"https:\/\/i0.wp.com\/mundo.seashell.pt\/wp-content\/uploads\/2022\/02\/DOVE_GEL_BANHO_SECRETS_HONEY___OAT_500ML.png?resize=350%2C200&ssl=1","width":350,"height":200},"classes":[]},{"id":6780,"url":"https:\/\/mundo.seashell.pt\/?product=nivea-creme-soft-gel-de-banho-065l","url_meta":{"origin":5634,"position":2},"title":"Nivea Creme Soft Gel de Banho 650ml","date":"Fevereiro 23, 2022","format":false,"excerpt":"Experimente e avalie a qualidade dos produtos Nivea. Desde 1911 a cuidar de si!Descri\u00e7\u00e3o: Nivea Creme de Banho Creme Soft, o seu creme de bango com um delicado aroma que lhe proporciona uma experi\u00eancia hidratante \u00fanica. Enriquecido com o precioso \u00d3leo de Am\u00eandoa, oferece-lhe uma suave e cremosa espuma que\u2026","rel":"","context":"Similar post","img":{"alt_text":"","src":"https:\/\/i0.wp.com\/mundo.seashell.pt\/wp-content\/uploads\/2022\/02\/80968-05100-69_Creme_de_Banho_Creme_Soft_650ml_4005900694812.png?resize=350%2C200&ssl=1","width":350,"height":200},"classes":[]},{"id":5640,"url":"https:\/\/mundo.seashell.pt\/?product=blowmy-sabonete-cremoso-5-lts","url_meta":{"origin":5634,"position":3},"title":"Blowmy Sabonete L\u00edquido","date":"Fevereiro 23, 2022","format":false,"excerpt":"Sabonete l\u00edquido cremoso e perfumado, com um \u00f3timo comportamento na lavagem de m\u00e3os.","rel":"","context":"Similar post","img":{"alt_text":"","src":"https:\/\/i0.wp.com\/mundo.seashell.pt\/wp-content\/uploads\/2022\/02\/blowmy_sabonete_liquido.jpg?resize=350%2C200&ssl=1","width":350,"height":200},"classes":[]},{"id":5638,"url":"https:\/\/mundo.seashell.pt\/?product=blowmy-shampoo-750ml","url_meta":{"origin":5634,"position":4},"title":"Blowmy Shampoo 750ml","date":"Fevereiro 23, 2022","format":false,"excerpt":"Champ\u00f4 cremoso e perfumado, enriquecido com pantenol e glicerina, com um \u00f3timo comportamento na lavagem do cabelo.","rel":"","context":"Similar post","img":{"alt_text":"","src":"https:\/\/i0.wp.com\/mundo.seashell.pt\/wp-content\/uploads\/2022\/02\/Blowmy_Shampoo_750_mL_PhotoRoom_20210402_103412.jpg?resize=350%2C200&ssl=1","width":350,"height":200},"classes":[]},{"id":6774,"url":"https:\/\/mundo.seashell.pt\/?product=vaseline-gel-de-banho-05l","url_meta":{"origin":5634,"position":5},"title":"Vaseline Gel de Banho 700ml","date":"Fevereiro 23, 2022","format":false,"excerpt":"O Gel Banho Vaseline\u00ae limpa e hidrata a sua pele, para uma pele maravilhosamente macia e perfumada. Com a suavidade e a hidrata\u00e7\u00e3o do leite e a delicada frag\u00e2ncia das rosas, o gel de banho Vaseline proporciona toda a suavidade e hidrata\u00e7\u00e3o necess\u00e1rias para manter uma pele extraordin\u00e1rias. Benef\u00edcios: -\u2026","rel":"","context":"Similar post","img":{"alt_text":"","src":"https:\/\/i0.wp.com\/mundo.seashell.pt\/wp-content\/uploads\/2022\/02\/VASELINE_GEL_BANHO_AME_NDOAS_DOCES_700ML.png?resize=350%2C200&ssl=1","width":350,"height":200},"classes":[]}],"_links":{"self":[{"href":"https:\/\/mundo.seashell.pt\/index.php?rest_route=\/wp\/v2\/product\/5634","targetHints":{"allow":["GET"]}}],"collection":[{"href":"https:\/\/mundo.seashell.pt\/index.php?rest_route=\/wp\/v2\/product"}],"about":[{"href":"https:\/\/mundo.seashell.pt\/index.php?rest_route=\/wp\/v2\/types\/product"}],"wp:featuredmedia":[{"embeddable":true,"href":"https:\/\/mundo.seashell.pt\/index.php?rest_route=\/wp\/v2\/media\/5635"}],"wp:attachment":[{"href":"https:\/\/mundo.seashell.pt\/index.php?rest_route=%2Fwp%2Fv2%2Fmedia&parent=5634"}],"wp:term":[{"taxonomy":"product_cat","embeddable":true,"href":"https:\/\/mundo.seashell.pt\/index.php?rest_route=%2Fwp%2Fv2%2Fproduct_cat&post=5634"},{"taxonomy":"product_tag","embeddable":true,"href":"https:\/\/mundo.seashell.pt\/index.php?rest_route=%2Fwp%2Fv2%2Fproduct_tag&post=5634"}],"curies":[{"name":"wp","href":"https:\/\/api.w.org\/{rel}","templated":true}]}}