{"id":5632,"date":"2022-02-23T11:33:52","date_gmt":"2022-02-23T11:33:52","guid":{"rendered":"https:\/\/mundo.seashell.pt\/?post_type=product&#038;p=5632"},"modified":"2022-02-23T11:33:54","modified_gmt":"2022-02-23T11:33:54","slug":"blowmy-gel-douche-5-lts","status":"publish","type":"product","link":"https:\/\/mundo.seashell.pt\/?product=blowmy-gel-douche-5-lts","title":{"rendered":"Blowmy Gel Douche 5 Lts"},"content":{"rendered":"<p><strong><span style=\"font-size: 20px;\">GEL DUCHE<\/span><\/strong><strong><br \/><\/strong>Gel cremoso para corpo e cabelo<\/p>\n<p><strong><br \/><\/strong><\/p>\n<p><strong>PROPRIEDADES<\/strong><\/p>\n<p>O Blowmy Gel Douche cont\u00e9m uma combina\u00e7\u00e3o de agentes de limpeza suaves, para estimular o uso frequente e ajudar a manter o corpo e cabelo limpo e fresco.<\/p>\n<p><strong><br \/><\/strong><\/p>\n<p><strong>CONDI\u00c7\u00d5ES DE UTILIZA\u00c7\u00c3O<\/strong><\/p>\n<p>Molhar o corpo e o cabelo com \u00e1gua limpa e aplicar o produto massajando at\u00e9 fazer espuma. Repetir a opera\u00e7\u00e3o se necess\u00e1rio. Enxaguar bem e secar.<\/p>\n<p><strong><br \/><\/strong><\/p>\n<p><strong>CARACTERISTICAS FISICO QU\u00cdMICAS<\/strong><\/p>\n<p>Aspecto: Produto L\u00edquido<\/p>\n<p>Cor: branco<\/p>\n<p>Perfumado<\/p>\n<p>Biodegrad\u00e1vel, conforme regulamento (CE) N\u00ba 648\/2004 Anexo II e III<\/p>\n<p>Alerg\u00e9nios: Hexyl Cinnamal Limonene.<\/p>\n","protected":false},"excerpt":{"rendered":"<p>Blowmy Gel Douche <\/p>\n","protected":false},"featured_media":5633,"template":"","meta":{"spay_email":""},"product_cat":[15],"product_tag":[],"class_list":{"0":"post-5632","1":"product","2":"type-product","3":"status-publish","4":"has-post-thumbnail","6":"product_cat-sem-categoria","8":"first","9":"instock","10":"taxable","11":"shipping-taxable","12":"purchasable","13":"product-type-simple"},"acf":[],"jetpack-related-posts":[{"id":6768,"url":"https:\/\/mundo.seashell.pt\/?product=blowmy-gel-de-banho-05l","url_meta":{"origin":5632,"position":0},"title":"Blowmy Gel de Banho 0.5L","date":"Fevereiro 23, 2022","format":false,"excerpt":"Gel de Banho Blowmy 0.5L O novo Blowmy Gel de Banho \u00e9 o produto ideal para conciliar uma experi\u00eancia de duche agradavelmente doce com o cuidado di\u00e1rio da pele.","rel":"","context":"Similar post","img":{"alt_text":"","src":"https:\/\/i0.wp.com\/mundo.seashell.pt\/wp-content\/uploads\/2022\/02\/Blowmy_Gel_de_Banho_Soft_Vanilla_500_ml.png?resize=350%2C200&ssl=1","width":350,"height":200},"classes":[]},{"id":6766,"url":"https:\/\/mundo.seashell.pt\/?product=gel-de-banho-blowmy-075l","url_meta":{"origin":5632,"position":1},"title":"Gel de Banho Blowmy 0,75L","date":"Fevereiro 23, 2022","format":false,"excerpt":"Gel de Banho Blowmy 0.75L","rel":"","context":"Similar post","img":{"alt_text":"","src":"https:\/\/i0.wp.com\/mundo.seashell.pt\/wp-content\/uploads\/2022\/02\/Blowmy_Gel_de_Banho_Scented_750_ml.png?resize=350%2C200&ssl=1","width":350,"height":200},"classes":[]},{"id":5642,"url":"https:\/\/mundo.seashell.pt\/?product=blowmy-gel-cosmetico-neutro-5-lts","url_meta":{"origin":5632,"position":2},"title":"Blowmy Gel Cosm\u00e9tico Neutro 5 Lts","date":"Fevereiro 23, 2022","format":false,"excerpt":"Sabonete l\u00edquido cremoso, com um \u00f3timo comportamento na lavagem das m\u00e3os.","rel":"","context":"Similar post","img":{"alt_text":"","src":"https:\/\/i0.wp.com\/mundo.seashell.pt\/wp-content\/uploads\/2022\/02\/Blowmy_Gel_Cosme_tico_Neutro_PhotoRoom_20210402_103431.jpg?resize=350%2C200&ssl=1","width":350,"height":200},"classes":[]},{"id":5638,"url":"https:\/\/mundo.seashell.pt\/?product=blowmy-shampoo-750ml","url_meta":{"origin":5632,"position":3},"title":"Blowmy Shampoo 750ml","date":"Fevereiro 23, 2022","format":false,"excerpt":"Champ\u00f4 cremoso e perfumado, enriquecido com pantenol e glicerina, com um \u00f3timo comportamento na lavagem do cabelo.","rel":"","context":"Similar post","img":{"alt_text":"","src":"https:\/\/i0.wp.com\/mundo.seashell.pt\/wp-content\/uploads\/2022\/02\/Blowmy_Shampoo_750_mL_PhotoRoom_20210402_103412.jpg?resize=350%2C200&ssl=1","width":350,"height":200},"classes":[]},{"id":5634,"url":"https:\/\/mundo.seashell.pt\/?product=blowmy-gel-de-banho-scented-750ml","url_meta":{"origin":5632,"position":4},"title":"Blowmy Gel de Banho 750ml","date":"Fevereiro 23, 2022","format":false,"excerpt":"Gel de banho cremoso e perfumado","rel":"","context":"Similar post","img":{"alt_text":"","src":"https:\/\/i0.wp.com\/mundo.seashell.pt\/wp-content\/uploads\/2022\/02\/blowmy_gel_de_banho_750ml.jpg?resize=350%2C200&ssl=1","width":350,"height":200},"classes":[]},{"id":5636,"url":"https:\/\/mundo.seashell.pt\/?product=blowmy-gel-de-banho-500ml","url_meta":{"origin":5632,"position":5},"title":"Blowmy Gel de Banho 500ml","date":"Fevereiro 23, 2022","format":false,"excerpt":"Gel de banho cremoso e perfumado, desenvolvido a pensar no cuidado da pele. A sua f\u00f3rmula produz espuma abundante, hidratando ativamente e deixando a pele suave, perfumada e com um aspeto saud\u00e1vel.","rel":"","context":"Similar post","img":{"alt_text":"","src":"https:\/\/i0.wp.com\/mundo.seashell.pt\/wp-content\/uploads\/2022\/02\/blowmy_gel_banho_500ml.jpg?resize=350%2C200&ssl=1","width":350,"height":200},"classes":[]}],"_links":{"self":[{"href":"https:\/\/mundo.seashell.pt\/index.php?rest_route=\/wp\/v2\/product\/5632","targetHints":{"allow":["GET"]}}],"collection":[{"href":"https:\/\/mundo.seashell.pt\/index.php?rest_route=\/wp\/v2\/product"}],"about":[{"href":"https:\/\/mundo.seashell.pt\/index.php?rest_route=\/wp\/v2\/types\/product"}],"wp:featuredmedia":[{"embeddable":true,"href":"https:\/\/mundo.seashell.pt\/index.php?rest_route=\/wp\/v2\/media\/5633"}],"wp:attachment":[{"href":"https:\/\/mundo.seashell.pt\/index.php?rest_route=%2Fwp%2Fv2%2Fmedia&parent=5632"}],"wp:term":[{"taxonomy":"product_cat","embeddable":true,"href":"https:\/\/mundo.seashell.pt\/index.php?rest_route=%2Fwp%2Fv2%2Fproduct_cat&post=5632"},{"taxonomy":"product_tag","embeddable":true,"href":"https:\/\/mundo.seashell.pt\/index.php?rest_route=%2Fwp%2Fv2%2Fproduct_tag&post=5632"}],"curies":[{"name":"wp","href":"https:\/\/api.w.org\/{rel}","templated":true}]}}