{"id":5630,"date":"2022-02-23T11:33:50","date_gmt":"2022-02-23T11:33:50","guid":{"rendered":"https:\/\/mundo.seashell.pt\/?post_type=product&#038;p=5630"},"modified":"2022-02-23T11:33:52","modified_gmt":"2022-02-23T11:33:52","slug":"dermagel-plus-500ml","status":"publish","type":"product","link":"https:\/\/mundo.seashell.pt\/?product=dermagel-plus-500ml","title":{"rendered":"Gel Desinfetante Derma Gel Plus"},"content":{"rendered":"<p><strong>GEL DESINFETANTE PARA M\u00c3OS SEM&nbsp;ENXAGUAR<\/strong><\/p>\n<ul>\n<li>Desinfetante<\/li>\n<li>A\u00e7\u00e3o antimicrobiana<\/li>\n<li>Com 76% de \u00e1lcool<\/li>\n<\/ul>\n<p><strong><br \/><\/strong><\/p>\n<p><strong>DESCRI\u00c7\u00c3O<\/strong><\/p>\n<p>Dermagel Plus \u00e9 um preparado em gel desinfetante antimicrobiano para a fri\u00e7\u00e7\u00e3o higi\u00e9nica das<br \/>m\u00e3os. Feito com ingredientes que respeitam o filme hidrolip\u00eddico da pele e que liberam uma agrad\u00e1vel<br \/>sensa\u00e7\u00e3o de hidrata\u00e7\u00e3o nas m\u00e3os, \u00e9 pr\u00e1tico usar em qualquer situa\u00e7\u00e3o. Sua particular f\u00f3rmula em gel, com<br \/>76% de \u00e1lcool, permite uma a\u00e7\u00e3o r\u00e1pida e para uso sem \u00e1gua, para todas as situa\u00e7\u00f5es di\u00e1rias que voc\u00ea<br \/>quer desinfetar suas m\u00e3os e voc\u00ea n\u00e3o tem a oportunidade de lav\u00e1-las.<br \/>COMPOSI\u00c7\u00c3O: Cada 100 g de produto cont\u00e9m: Etanol 76.7 g, espessantes, emolientes, outros coformulantes y \u00e1gua q.b. a 100 g. Composi\u00e7\u00e3o: policarboaxilatos &lt; 5%. Cont\u00e9m: desinfetantes.<br \/>Em conformidade com as normas EN: 1276, 1500, 1650, 13624, 12791, 13727, 14476.<\/p>\n<p><strong><br \/><\/strong><\/p>\n<p><strong>COMO USAR<\/strong><br \/>Despeje uma quantidade suficiente de produto que permita esfregar as m\u00e3os por pelo menos 60 segundos.<br \/>Esfregue at\u00e9 \u00e0 evapora\u00e7\u00e3o completa do produto. O produto \u00e9 utilizado sem \u00e1gua.<\/p>\n<p>Formato 5 L: tamb\u00e9m pode ser utilizado para encher o Dispensador electr\u00f3nico especial,<br \/>solicitando separadamente o DISPENSER CARE GEL REFILL NO TOUCH (Cod. 860320) ou o<br \/>SUPORTE DISPENSADOR SEM TOQUE. Para criar o suporte completo, voc\u00ea precisa:<\/p>\n<ul>\n<li>DISPENSER CARE GEL REFILL NO TOUCH (Cod. 860320): Dispensador eletr\u00f3nico sem toque com<br \/>reenchimento.<\/li>\n<li>TELESCOPIC STAND FOR DISPENSER NO TOUCH (Cod. 860321): Coluna telesc\u00f3pica com base circular e<br \/>painel de metal.<\/li>\n<li>DRIP PAN FOR DISPENSER NO TOUCH (Cod. 860322): Acess\u00f3rio protetor de gotejamento para evitar<br \/>derramamentos de produto no ch\u00e3o.<\/li>\n<\/ul>\n","protected":false},"excerpt":{"rendered":"<p>Gel Desinfetante para m\u00e3os sem enxaguar<\/p>\n","protected":false},"featured_media":5631,"template":"","meta":{"spay_email":""},"product_cat":[15],"product_tag":[],"class_list":{"0":"post-5630","1":"product","2":"type-product","3":"status-publish","4":"has-post-thumbnail","6":"product_cat-sem-categoria","8":"first","9":"instock","10":"taxable","11":"shipping-taxable","12":"purchasable","13":"product-type-simple"},"acf":[],"jetpack-related-posts":[{"id":6287,"url":"https:\/\/mundo.seashell.pt\/?product=sanytol-gel-de-maos-desinfetante-250ml","url_meta":{"origin":5630,"position":0},"title":"Sanytol Gel de M\u00e3os Desinfetante 250ml","date":"Fevereiro 23, 2022","format":false,"excerpt":"Gel de M\u00e3os Higi\u00e9nico e Desinfetante que limpa eficazmente as m\u00e3os e elimina os maus odores sem necessidade de \u00e1gua. Cont\u00e9m ch\u00e1 verde natural, que hidrata e deixa as m\u00e3os suaves. Elaborado para minimizar o risco de alergias. Proteja as suas m\u00e3os das transmiss\u00f5es limpando-as imediatamente e neutralizando os cheiros.\u2026","rel":"","context":"Similar post","img":{"alt_text":"","src":"https:\/\/i0.wp.com\/mundo.seashell.pt\/wp-content\/uploads\/2022\/02\/SANYTOL_DESINFETANTE_MA_OS_250_ML_3045206503006.png?resize=350%2C200&ssl=1","width":350,"height":200},"classes":[]},{"id":6285,"url":"https:\/\/mundo.seashell.pt\/?product=sanytol-gel-de-maos-desinfetante-75ml","url_meta":{"origin":5630,"position":1},"title":"Sanytol Gel de M\u00e3os Desinfetante 75ml","date":"Fevereiro 23, 2022","format":false,"excerpt":"Mini Gel de M\u00e3os Higi\u00e9nico e Desinfetante que limpa eficazmente as m\u00e3os e elimina os maus odores sem necessidade de \u00e1gua. Cont\u00e9m ch\u00e1 verde natural, que hidrata e deixa as m\u00e3os suaves. Elaborado para minimizar o risco de alergias. Proteja as suas m\u00e3os das transmiss\u00f5es limpando-as imediatamente e neutralizando os\u2026","rel":"","context":"Similar post","img":{"alt_text":"","src":"https:\/\/i0.wp.com\/mundo.seashell.pt\/wp-content\/uploads\/2022\/02\/SANYTOL_DESINFETANTE_MA_OS_75_ML_3045206502009.png?resize=350%2C200&ssl=1","width":350,"height":200},"classes":[]},{"id":5647,"url":"https:\/\/mundo.seashell.pt\/?product=antibac-foam-800ml","url_meta":{"origin":5630,"position":2},"title":"Sab\u00e3o de M\u00e3os Antibac Foam 800Ml","date":"Fevereiro 23, 2022","format":false,"excerpt":"Sab\u00e3o de m\u00e3os desinfetante em espuma. Adequado tamb\u00e9m para uso em ambiente alimentar.","rel":"","context":"Similar post","img":{"alt_text":"","src":"https:\/\/i0.wp.com\/mundo.seashell.pt\/wp-content\/uploads\/2022\/02\/antibac_foam.jpg?resize=350%2C200&ssl=1","width":350,"height":200},"classes":[]},{"id":5645,"url":"https:\/\/mundo.seashell.pt\/?product=antibac-cream-800ml","url_meta":{"origin":5630,"position":3},"title":"Sabonete M\u00e3os Antibac Cream","date":"Fevereiro 23, 2022","format":false,"excerpt":"Sabonete desinfetante em creme para as m\u00e3os","rel":"","context":"Similar post","img":{"alt_text":"","src":"https:\/\/i0.wp.com\/mundo.seashell.pt\/wp-content\/uploads\/2022\/02\/antibac.jpg?resize=350%2C200&ssl=1","width":350,"height":200},"classes":[]},{"id":7088,"url":"https:\/\/mundo.seashell.pt\/?product=domestos-abrasivo-sanitario-gel-desinfetante","url_meta":{"origin":5630,"position":4},"title":"Domestos Abrasivo Sanit\u00e1rio Gel Desinfetante","date":"Fevereiro 23, 2022","format":false,"excerpt":"De uso f\u00e1cil e pr\u00e1tico para uma sanita limpa, desinfetada e livre de calc\u00e1rio.Benef\u00edcios: - Prote\u00e7\u00e3o contra o calc\u00e1rio;- Mata os germes, bact\u00e9rias, fungos e v\u00edrus;- Prote\u00e7\u00e3o eficaz da sanita com a sua fun\u00e7\u00e3o multi-jet. Conselhos de utiliza\u00e7\u00e3o: Desenrosque a tampa e coloque o gel de forma continua so...","rel":"","context":"Similar post","img":{"alt_text":"","src":"https:\/\/i0.wp.com\/mundo.seashell.pt\/wp-content\/uploads\/2022\/02\/5620625-frente.jpeg?resize=350%2C200&ssl=1","width":350,"height":200},"classes":[]},{"id":5672,"url":"https:\/\/mundo.seashell.pt\/?product=multigienic-5kg","url_meta":{"origin":5630,"position":5},"title":"Desengordurante Desinfetante &#8211; Multigienic 5Kg","date":"Fevereiro 23, 2022","format":false,"excerpt":"Desengordurante desinfectante, remove todos os tipos de sujidade de todas as superf\u00edcies. Adequado para uso HACCP.","rel":"","context":"Similar post","img":{"alt_text":"","src":"https:\/\/i0.wp.com\/mundo.seashell.pt\/wp-content\/uploads\/2022\/02\/multigienic.jpg?resize=350%2C200&ssl=1","width":350,"height":200},"classes":[]}],"_links":{"self":[{"href":"https:\/\/mundo.seashell.pt\/index.php?rest_route=\/wp\/v2\/product\/5630","targetHints":{"allow":["GET"]}}],"collection":[{"href":"https:\/\/mundo.seashell.pt\/index.php?rest_route=\/wp\/v2\/product"}],"about":[{"href":"https:\/\/mundo.seashell.pt\/index.php?rest_route=\/wp\/v2\/types\/product"}],"wp:featuredmedia":[{"embeddable":true,"href":"https:\/\/mundo.seashell.pt\/index.php?rest_route=\/wp\/v2\/media\/5631"}],"wp:attachment":[{"href":"https:\/\/mundo.seashell.pt\/index.php?rest_route=%2Fwp%2Fv2%2Fmedia&parent=5630"}],"wp:term":[{"taxonomy":"product_cat","embeddable":true,"href":"https:\/\/mundo.seashell.pt\/index.php?rest_route=%2Fwp%2Fv2%2Fproduct_cat&post=5630"},{"taxonomy":"product_tag","embeddable":true,"href":"https:\/\/mundo.seashell.pt\/index.php?rest_route=%2Fwp%2Fv2%2Fproduct_tag&post=5630"}],"curies":[{"name":"wp","href":"https:\/\/api.w.org\/{rel}","templated":true}]}}