{"id":5628,"date":"2022-02-23T11:33:48","date_gmt":"2022-02-23T11:33:48","guid":{"rendered":"https:\/\/mundo.seashell.pt\/?post_type=product&#038;p=5628"},"modified":"2022-02-23T11:33:50","modified_gmt":"2022-02-23T11:33:50","slug":"dermagel-008ml","status":"publish","type":"product","link":"https:\/\/mundo.seashell.pt\/?product=dermagel-008ml","title":{"rendered":"Dermagel 0.08ML"},"content":{"rendered":"<p><strong>GEL DE M\u00c3OS SEM ENXAGUAR<\/strong><\/p>\n<p>Efeito higienizante<br \/>Sem enxaguer<br \/>Pr\u00e1tico em qualquer situa\u00e7\u00e3o<\/p>\n<p><strong><br \/><\/strong><\/p>\n<p><strong>DESCRI\u00c7\u00c3O<\/strong><\/p>\n<p style=\"text-align: justify;\">Dermagel \u00e9 um gel projetado para limpar profundamente a pele das m\u00e3os. Feito com ingredientes que<br \/>respeitam o filme hidrolip\u00eddico da pele e que liberam uma agrad\u00e1vel sensa\u00e7\u00e3o de hidrata\u00e7\u00e3o nas m\u00e3os,<br \/>gra\u00e7as ao seu pequeno tamanho, \u00e9 pr\u00e1tico de usar em qualquer situa\u00e7\u00e3o. O sua f\u00f3rmula espec\u00edfica de gel<br \/>permite uma a\u00e7\u00e3o r\u00e1pida e o uso sem \u00e1gua, para todas as situa\u00e7\u00f5es di\u00e1rias em que voc\u00ea deseja limpar as<br \/>m\u00e3os e n\u00e3o tem a possibilidade de lav\u00e1-las.<\/p>\n<p><strong><br \/><\/strong><\/p>\n<p><strong>COMO USAR<\/strong><br \/>Despeje uma quantidade suficiente de produto diretamente nas suas m\u00e3os e esfregue at\u00e9 \u00e0<br \/>evapora\u00e7\u00e3o completa do produto<\/p>\n<p><strong><br \/><\/strong><\/p>\n<p><strong>DILUI\u00c7\u00c3O<\/strong><br \/>Pronto para o uso.<\/p>\n<p><strong><br \/><\/strong><\/p>\n<p><strong>DADOS T\u00c9CNICOS<\/strong><br \/>APAR\u00caNCIA: Gel l\u00edmpido<br \/>COR: Incolor<br \/>ODOR: Fresco<\/p>\n<ul><\/ul>\n","protected":false},"excerpt":{"rendered":"<p>Dermagel \u00e9 um gel projetado para limpar profundamente a pele das m\u00e3os.<\/p>\n","protected":false},"featured_media":5629,"template":"","meta":{"spay_email":""},"product_cat":[15],"product_tag":[],"class_list":{"0":"post-5628","1":"product","2":"type-product","3":"status-publish","4":"has-post-thumbnail","6":"product_cat-sem-categoria","8":"first","9":"instock","10":"taxable","11":"shipping-taxable","12":"purchasable","13":"product-type-simple"},"acf":[],"jetpack-related-posts":[{"id":6790,"url":"https:\/\/mundo.seashell.pt\/?product=dove-gel-de-banho-masculino","url_meta":{"origin":5628,"position":0},"title":"Dove Gel de Banho Masculino","date":"Fevereiro 23, 2022","format":false,"excerpt":"O Gel de Duche Dove Men+Care tem \u00bc de creme hidratante para limpar cuidadosamente a sua pele e ajudar a mante-la hidratada. Esta f\u00f3rmula eficaz \u00e9 f\u00e1cil de enxaguar e d\u00e1 um total conforto e frescura \u00e0 sua pele.Este Gel de Duche usa a tecnologia MicroMoisture que ajuda a manter\u2026","rel":"","context":"Similar post","img":{"alt_text":"","src":"https:\/\/i0.wp.com\/mundo.seashell.pt\/wp-content\/uploads\/2022\/02\/DOVE_MEN_GEL_BANHO_CLEAN_COMFORT_400ML.png?resize=350%2C200&ssl=1","width":350,"height":200},"classes":[]},{"id":6774,"url":"https:\/\/mundo.seashell.pt\/?product=vaseline-gel-de-banho-05l","url_meta":{"origin":5628,"position":1},"title":"Vaseline Gel de Banho 700ml","date":"Fevereiro 23, 2022","format":false,"excerpt":"O Gel Banho Vaseline\u00ae limpa e hidrata a sua pele, para uma pele maravilhosamente macia e perfumada. Com a suavidade e a hidrata\u00e7\u00e3o do leite e a delicada frag\u00e2ncia das rosas, o gel de banho Vaseline proporciona toda a suavidade e hidrata\u00e7\u00e3o necess\u00e1rias para manter uma pele extraordin\u00e1rias. Benef\u00edcios: -\u2026","rel":"","context":"Similar post","img":{"alt_text":"","src":"https:\/\/i0.wp.com\/mundo.seashell.pt\/wp-content\/uploads\/2022\/02\/VASELINE_GEL_BANHO_AME_NDOAS_DOCES_700ML.png?resize=350%2C200&ssl=1","width":350,"height":200},"classes":[]},{"id":5630,"url":"https:\/\/mundo.seashell.pt\/?product=dermagel-plus-500ml","url_meta":{"origin":5628,"position":2},"title":"Gel Desinfetante Derma Gel Plus","date":"Fevereiro 23, 2022","format":false,"excerpt":"Gel Desinfetante para m\u00e3os sem enxaguar","rel":"","context":"Similar post","img":{"alt_text":"","src":"https:\/\/i0.wp.com\/mundo.seashell.pt\/wp-content\/uploads\/2022\/02\/derma_gel_plus.jpg?resize=350%2C200&ssl=1","width":350,"height":200},"classes":[]},{"id":6784,"url":"https:\/\/mundo.seashell.pt\/?product=dove-gel-de-banho-secrets-05l","url_meta":{"origin":5628,"position":3},"title":"Dove Gel de Banho Secrets 500ml","date":"Fevereiro 23, 2022","format":false,"excerpt":"Explore as cole\u00e7\u00f5es Dove e encontre os produtos ideais para si! Dove criou o gel de duche Nourishing Secrets Indulging. Para uma pele nutrida, este gel de banho vai fazer sentir-se limpo, delicadamente perfumado e maravilhosamente mimado. Ingredientes: Aqua, Sodium Lauroyl Glycinate, Cocamidopropyl Betaine, Sodium L...","rel":"","context":"Similar post","img":{"alt_text":"","src":"https:\/\/i0.wp.com\/mundo.seashell.pt\/wp-content\/uploads\/2022\/02\/DOVE_GEL_BANHO_SECRETS_HONEY___OAT_500ML.png?resize=350%2C200&ssl=1","width":350,"height":200},"classes":[]},{"id":6287,"url":"https:\/\/mundo.seashell.pt\/?product=sanytol-gel-de-maos-desinfetante-250ml","url_meta":{"origin":5628,"position":4},"title":"Sanytol Gel de M\u00e3os Desinfetante 250ml","date":"Fevereiro 23, 2022","format":false,"excerpt":"Gel de M\u00e3os Higi\u00e9nico e Desinfetante que limpa eficazmente as m\u00e3os e elimina os maus odores sem necessidade de \u00e1gua. Cont\u00e9m ch\u00e1 verde natural, que hidrata e deixa as m\u00e3os suaves. Elaborado para minimizar o risco de alergias. Proteja as suas m\u00e3os das transmiss\u00f5es limpando-as imediatamente e neutralizando os cheiros.\u2026","rel":"","context":"Similar post","img":{"alt_text":"","src":"https:\/\/i0.wp.com\/mundo.seashell.pt\/wp-content\/uploads\/2022\/02\/SANYTOL_DESINFETANTE_MA_OS_250_ML_3045206503006.png?resize=350%2C200&ssl=1","width":350,"height":200},"classes":[]},{"id":6285,"url":"https:\/\/mundo.seashell.pt\/?product=sanytol-gel-de-maos-desinfetante-75ml","url_meta":{"origin":5628,"position":5},"title":"Sanytol Gel de M\u00e3os Desinfetante 75ml","date":"Fevereiro 23, 2022","format":false,"excerpt":"Mini Gel de M\u00e3os Higi\u00e9nico e Desinfetante que limpa eficazmente as m\u00e3os e elimina os maus odores sem necessidade de \u00e1gua. Cont\u00e9m ch\u00e1 verde natural, que hidrata e deixa as m\u00e3os suaves. Elaborado para minimizar o risco de alergias. Proteja as suas m\u00e3os das transmiss\u00f5es limpando-as imediatamente e neutralizando os\u2026","rel":"","context":"Similar post","img":{"alt_text":"","src":"https:\/\/i0.wp.com\/mundo.seashell.pt\/wp-content\/uploads\/2022\/02\/SANYTOL_DESINFETANTE_MA_OS_75_ML_3045206502009.png?resize=350%2C200&ssl=1","width":350,"height":200},"classes":[]}],"_links":{"self":[{"href":"https:\/\/mundo.seashell.pt\/index.php?rest_route=\/wp\/v2\/product\/5628","targetHints":{"allow":["GET"]}}],"collection":[{"href":"https:\/\/mundo.seashell.pt\/index.php?rest_route=\/wp\/v2\/product"}],"about":[{"href":"https:\/\/mundo.seashell.pt\/index.php?rest_route=\/wp\/v2\/types\/product"}],"wp:featuredmedia":[{"embeddable":true,"href":"https:\/\/mundo.seashell.pt\/index.php?rest_route=\/wp\/v2\/media\/5629"}],"wp:attachment":[{"href":"https:\/\/mundo.seashell.pt\/index.php?rest_route=%2Fwp%2Fv2%2Fmedia&parent=5628"}],"wp:term":[{"taxonomy":"product_cat","embeddable":true,"href":"https:\/\/mundo.seashell.pt\/index.php?rest_route=%2Fwp%2Fv2%2Fproduct_cat&post=5628"},{"taxonomy":"product_tag","embeddable":true,"href":"https:\/\/mundo.seashell.pt\/index.php?rest_route=%2Fwp%2Fv2%2Fproduct_tag&post=5628"}],"curies":[{"name":"wp","href":"https:\/\/api.w.org\/{rel}","templated":true}]}}