{"id":5620,"date":"2022-02-23T11:33:40","date_gmt":"2022-02-23T11:33:40","guid":{"rendered":"https:\/\/mundo.seashell.pt\/?post_type=product&#038;p=5620"},"modified":"2022-02-23T11:33:42","modified_gmt":"2022-02-23T11:33:42","slug":"solux-ws-10l","status":"publish","type":"product","link":"https:\/\/mundo.seashell.pt\/?product=solux-ws-10l","title":{"rendered":"Solvente &#8211; Solux WS 10L"},"content":{"rendered":"<p><strong><span style=\"font-size: 20px;\">Solvente org\u00e2nico para Limpeza de Pe\u00e7as<\/span><\/strong><\/p>\n<p><strong><br \/><\/strong><\/p>\n<p><strong>PROPRIEDADES<\/strong><\/p>\n<p><strong><\/strong><br \/>L\u00edquido incolor de grande mobilidade com cheiro moderado e caracter\u00edstico.<br \/>Sol\u00favel na maior parte dos solventes org\u00e2nicos e inorg\u00e2nicos.<br \/>Baixo \u00edndice de evapora\u00e7\u00e3o. Isento de acidez, pelo que n\u00e3o provoca corros\u00e3o nas pe\u00e7as ap\u00f3s a limpeza.<\/p>\n<\/p>\n<p><strong>CONDI\u00c7\u00d5ES DE UTILIZA\u00c7\u00c3O<\/strong><br \/>O SOLUX\u00ae WS pode ser utilizado de duas formas distintas:<br \/>&#8211; Na limpeza manual com trincha usar o produto em puro diretamente sobre as pe\u00e7as a limpar e deixar secar. Em alternativa poder\u00e1 passar jato de \u00e1gua.<br \/>&#8211; Na limpeza atrav\u00e9s de m\u00e1quina, colocar o produto na m\u00e1quina e juntar 1\/3 de \u00e1gua para que a sujidade deposite.<\/p>\n<p><strong><br \/><\/strong><\/p>\n<p><strong>CARACTERISTICAS FISICO QU\u00cdMICAS<\/strong><br \/>Aspecto: Produto L\u00edquido<br \/>Cor: incolor<\/p>\n","protected":false},"excerpt":{"rendered":"<p>Solvente org\u00e2nico para limpeza de pe\u00e7as<\/p>\n","protected":false},"featured_media":5621,"template":"","meta":{"spay_email":""},"product_cat":[15],"product_tag":[],"class_list":{"0":"post-5620","1":"product","2":"type-product","3":"status-publish","4":"has-post-thumbnail","6":"product_cat-sem-categoria","8":"first","9":"instock","10":"taxable","11":"shipping-taxable","12":"purchasable","13":"product-type-simple"},"acf":[],"jetpack-related-posts":[{"id":5622,"url":"https:\/\/mundo.seashell.pt\/?product=solux-ws-limao-10l","url_meta":{"origin":5620,"position":0},"title":"Solvente &#8211; Solux WS Lim\u00e3o 10L","date":"Fevereiro 23, 2022","format":false,"excerpt":"Solvente org\u00e2nico para limpeza de pe\u00e7as. L\u00edquido incolor de grande mobilidade com cheiro moderado e caracter\u00edstico.","rel":"","context":"Similar post","img":{"alt_text":"","src":"https:\/\/i0.wp.com\/mundo.seashell.pt\/wp-content\/uploads\/2022\/02\/SOLUX_WS_LIMAO_PhotoRoom_20210402_103047.jpg?resize=350%2C200&ssl=1","width":350,"height":200},"classes":[]},{"id":6091,"url":"https:\/\/mundo.seashell.pt\/?product=ruby-easy-750ml","url_meta":{"origin":5620,"position":1},"title":"Detergente antic\u00e1lcario Ruby Easy","date":"Fevereiro 23, 2022","format":false,"excerpt":"Detergente desincrustante super concentrado \u00e0 base de \u00e1cido org\u00e2nico de origem natural","rel":"","context":"Similar post","img":{"alt_text":"","src":"https:\/\/i0.wp.com\/mundo.seashell.pt\/wp-content\/uploads\/2022\/02\/ruby_easy.jpg?resize=350%2C200&ssl=1","width":350,"height":200},"classes":[]},{"id":5390,"url":"https:\/\/mundo.seashell.pt\/?product=solux-super-auto-20kg","url_meta":{"origin":5620,"position":2},"title":"Desengordurante Solux Super Auto 20kg","date":"Fevereiro 23, 2022","format":false,"excerpt":"APLICAC\u0327A\u0303O Desengordurante alcalino PROPRIEDADES E\u0301 um produto li\u0301quido incolor, medianamente alcalino. Tem um forte poder detergente, que lhe confere propriedades desengordurantes difi\u0301ceis de conseguir com outros compostos. Devido a\u0300s suas caracteri\u0301sticas e\u0301 um produto d...","rel":"","context":"Similar post","img":{"alt_text":"","src":"https:\/\/i0.wp.com\/mundo.seashell.pt\/wp-content\/uploads\/2022\/02\/Solux_Super_Auto_PhotoRoom_20210402_103216.jpg?resize=350%2C200&ssl=1","width":350,"height":200},"classes":[]},{"id":6089,"url":"https:\/\/mundo.seashell.pt\/?product=ruby-500ml","url_meta":{"origin":5620,"position":3},"title":"Detergente Anticalc\u00e1rio Ruby","date":"Fevereiro 23, 2022","format":false,"excerpt":"Detergente desincrustante \u00e0 base de \u00e1cido org\u00e2nico de origem natural (\u00e1cido c\u00edtrico)","rel":"","context":"Similar post","img":{"alt_text":"","src":"https:\/\/i0.wp.com\/mundo.seashell.pt\/wp-content\/uploads\/2022\/02\/ruby.jpg?resize=350%2C200&ssl=1","width":350,"height":200},"classes":[]},{"id":5666,"url":"https:\/\/mundo.seashell.pt\/?product=cleaner-2000-5kg","url_meta":{"origin":5620,"position":4},"title":"Detergente Alcalino &#8211; Cleaner 2000 5Kg","date":"Fevereiro 23, 2022","format":false,"excerpt":"F\u00f3rmula com concentra\u00e7\u00e3o elevada e com um grande efeito sequestrante espec\u00edfico sujidade de origem gordurosa mesmo em superf\u00edcies microporosas.","rel":"","context":"Similar post","img":{"alt_text":"","src":"https:\/\/i0.wp.com\/mundo.seashell.pt\/wp-content\/uploads\/2022\/02\/cleaner_2000.jpg?resize=350%2C200&ssl=1","width":350,"height":200},"classes":[]},{"id":6046,"url":"https:\/\/mundo.seashell.pt\/?product=cologne-5kg","url_meta":{"origin":5620,"position":5},"title":"Detergente Natural Cologne 5Kg","date":"Fevereiro 23, 2022","format":false,"excerpt":"Detergente universal multiusos para a limpeza di\u00e1ria de superf\u00edcies duras","rel":"","context":"Similar post","img":{"alt_text":"","src":"https:\/\/i0.wp.com\/mundo.seashell.pt\/wp-content\/uploads\/2022\/02\/cologne.jpg?resize=350%2C200&ssl=1","width":350,"height":200},"classes":[]}],"_links":{"self":[{"href":"https:\/\/mundo.seashell.pt\/index.php?rest_route=\/wp\/v2\/product\/5620","targetHints":{"allow":["GET"]}}],"collection":[{"href":"https:\/\/mundo.seashell.pt\/index.php?rest_route=\/wp\/v2\/product"}],"about":[{"href":"https:\/\/mundo.seashell.pt\/index.php?rest_route=\/wp\/v2\/types\/product"}],"wp:featuredmedia":[{"embeddable":true,"href":"https:\/\/mundo.seashell.pt\/index.php?rest_route=\/wp\/v2\/media\/5621"}],"wp:attachment":[{"href":"https:\/\/mundo.seashell.pt\/index.php?rest_route=%2Fwp%2Fv2%2Fmedia&parent=5620"}],"wp:term":[{"taxonomy":"product_cat","embeddable":true,"href":"https:\/\/mundo.seashell.pt\/index.php?rest_route=%2Fwp%2Fv2%2Fproduct_cat&post=5620"},{"taxonomy":"product_tag","embeddable":true,"href":"https:\/\/mundo.seashell.pt\/index.php?rest_route=%2Fwp%2Fv2%2Fproduct_tag&post=5620"}],"curies":[{"name":"wp","href":"https:\/\/api.w.org\/{rel}","templated":true}]}}