{"id":5618,"date":"2022-02-23T11:33:38","date_gmt":"2022-02-23T11:33:38","guid":{"rendered":"https:\/\/mundo.seashell.pt\/?post_type=product&#038;p=5618"},"modified":"2022-02-23T11:33:40","modified_gmt":"2022-02-23T11:33:40","slug":"mr-fun-limpa-vidros-5l","status":"publish","type":"product","link":"https:\/\/mundo.seashell.pt\/?product=mr-fun-limpa-vidros-5l","title":{"rendered":"Mr Fun Limpa Vidros 5L"},"content":{"rendered":"<p><strong><span style=\"font-size: 18px;\">Mr. Fun&nbsp;Limpa Vidros Autom\u00f3vel Repelente de \u00c1gua<\/span><\/strong><\/p>\n<p><strong>APLICA\u00c7\u00c3O<\/strong><br \/>Limpa Vidros repelente de \u00e1gua<\/p>\n<p><strong>PROPRIEDADES<\/strong><br \/>Produto combinado \u00e0 base de \u00e1lcool e tensioactivos com um tempo de secagem muito curto. Para al\u00e9m de uma excelente capacidade na remo\u00e7\u00e3o de todo o tipo de sujidades e gorduras, atribui aos vidros do seu carro um efeito repelente de \u00e1gua facilitador da condu\u00e7\u00e3o.<\/p>\n<p><strong>CONDI\u00c7\u00d5ES DE UTILIZA\u00c7\u00c3O<\/strong><br \/>Aplicar o produto directamente no reservat\u00f3rio do limpa vidros do autom\u00f3vel.<\/p>\n<p><strong>CARACTERISTICAS FISICO QU\u00cdMICAS<\/strong><br \/>Aspecto: L\u00edquido<br \/>Cor: azul<br \/>Perfumado<\/p>\n","protected":false},"excerpt":{"rendered":"<p>Produto combinado \u00e0 base de \u00e1lcool e tensioactivos com um tempo de secagem muito curto. <\/p>\n","protected":false},"featured_media":5619,"template":"","meta":{"spay_email":""},"product_cat":[15],"product_tag":[],"class_list":{"0":"post-5618","1":"product","2":"type-product","3":"status-publish","4":"has-post-thumbnail","6":"product_cat-sem-categoria","8":"first","9":"instock","10":"taxable","11":"shipping-taxable","12":"purchasable","13":"product-type-simple"},"acf":[],"jetpack-related-posts":[{"id":6064,"url":"https:\/\/mundo.seashell.pt\/?product=fun-limpa-vidros-750ml","url_meta":{"origin":5618,"position":0},"title":"Fun Limpa Vidros 750ML","date":"Fevereiro 23, 2022","format":false,"excerpt":"Limpa Vidros. \u00c9 um produto combinado \u00e0 base de \u00e1lcool e tensioativos anfot\u00e9ricos. Tem um tempo de secagem muito curto. N\u00e3o deixa manchas por embaciamento.","rel":"","context":"Similar post","img":{"alt_text":"","src":"https:\/\/i0.wp.com\/mundo.seashell.pt\/wp-content\/uploads\/2022\/02\/Fun_Vidros_PhotoRoom_20210402_103357.jpg?resize=350%2C200&ssl=1","width":350,"height":200},"classes":[]},{"id":6343,"url":"https:\/\/mundo.seashell.pt\/?product=cif-limpa-vidros-power-shine-075l","url_meta":{"origin":5618,"position":1},"title":"Cif Limpa Vidros Power &#038; Shine  750ml","date":"Fevereiro 23, 2022","format":false,"excerpt":"Cif Power & Shine vidros remove facilmente marcas de \u00e1gua e manchas das janelas e superf\u00edcies vidradas, assim como as torna repelentes \u00e0 \u00e1gua. Isto previne que as gotas de \u00e1gua adiram \u00e0s superf\u00edcies, para poder desfrutar as suas superf\u00edcies brilhantes por mais tempo.Benef\u00edcios: - Brilho sem manchas;- Remove dedadas\u2026","rel":"","context":"Similar post","img":{"alt_text":"","src":"https:\/\/i0.wp.com\/mundo.seashell.pt\/wp-content\/uploads\/2022\/02\/CIF_SPRAY_LIMPA_VIDROS_-_750ml_8714100508022.png?resize=350%2C200&ssl=1","width":350,"height":200},"classes":[]},{"id":6189,"url":"https:\/\/mundo.seashell.pt\/?product=pano-de-vidros-vileda-10-panos","url_meta":{"origin":5618,"position":2},"title":"Pano de Vidros &#8211; Vileda (10 panos)","date":"Fevereiro 23, 2022","format":false,"excerpt":"Pano Vidros Limpeza e secagem perfeitas de vidros Panos desenhados para tarefas de limpezas profissionais para todo tipo de vidro, espelhos, mostradores, metais etc. Em geral, pode ser utilizado para qualquer superf\u00edcie que exija acabado perfeito. Benef\u00edcios do produto Limpeza perfeita: ...","rel":"","context":"Similar post","img":{"alt_text":"","src":"https:\/\/i0.wp.com\/mundo.seashell.pt\/wp-content\/uploads\/2022\/02\/Iberica-cristales-carouselImage_PhotoRoom_20210418_123122.jpg?resize=350%2C200&ssl=1","width":350,"height":200},"classes":[]},{"id":6062,"url":"https:\/\/mundo.seashell.pt\/?product=solim-vidros-5l","url_meta":{"origin":5618,"position":3},"title":"Solim Vidros 5L","date":"Fevereiro 23, 2022","format":false,"excerpt":"Detergente l\u00edquido pronto a usar, para limpeza de vidros e outras superf\u00edcies duras resistentes \u00e1guas.","rel":"","context":"Similar post","img":{"alt_text":"","src":"https:\/\/i0.wp.com\/mundo.seashell.pt\/wp-content\/uploads\/2022\/02\/Solim_Vidros_PhotoRoom_20210402_103238.jpg?resize=350%2C200&ssl=1","width":350,"height":200},"classes":[]},{"id":6066,"url":"https:\/\/mundo.seashell.pt\/?product=stark-vm-2l","url_meta":{"origin":5618,"position":4},"title":"Multiusos Stark VM 2L","date":"Fevereiro 23, 2022","format":false,"excerpt":"Detergente neutro ultraconcentrado indicado para a limpeza r\u00e1pida, por spray, de todo o tipo de superf\u00edcies lav\u00e1veis.","rel":"","context":"Similar post","img":{"alt_text":"","src":"","width":0,"height":0},"classes":[]},{"id":6083,"url":"https:\/\/mundo.seashell.pt\/?product=da-1lt","url_meta":{"origin":5618,"position":5},"title":"Detergente Multiuso D.A 1Lt","date":"Fevereiro 23, 2022","format":false,"excerpt":"Detergente concentrado com efeito brilhante e um \u00f3timo poder sequestrante.","rel":"","context":"Similar post","img":{"alt_text":"","src":"https:\/\/i0.wp.com\/mundo.seashell.pt\/wp-content\/uploads\/2022\/02\/d.a..jpg?resize=350%2C200&ssl=1","width":350,"height":200},"classes":[]}],"_links":{"self":[{"href":"https:\/\/mundo.seashell.pt\/index.php?rest_route=\/wp\/v2\/product\/5618","targetHints":{"allow":["GET"]}}],"collection":[{"href":"https:\/\/mundo.seashell.pt\/index.php?rest_route=\/wp\/v2\/product"}],"about":[{"href":"https:\/\/mundo.seashell.pt\/index.php?rest_route=\/wp\/v2\/types\/product"}],"wp:featuredmedia":[{"embeddable":true,"href":"https:\/\/mundo.seashell.pt\/index.php?rest_route=\/wp\/v2\/media\/5619"}],"wp:attachment":[{"href":"https:\/\/mundo.seashell.pt\/index.php?rest_route=%2Fwp%2Fv2%2Fmedia&parent=5618"}],"wp:term":[{"taxonomy":"product_cat","embeddable":true,"href":"https:\/\/mundo.seashell.pt\/index.php?rest_route=%2Fwp%2Fv2%2Fproduct_cat&post=5618"},{"taxonomy":"product_tag","embeddable":true,"href":"https:\/\/mundo.seashell.pt\/index.php?rest_route=%2Fwp%2Fv2%2Fproduct_tag&post=5618"}],"curies":[{"name":"wp","href":"https:\/\/api.w.org\/{rel}","templated":true}]}}