{"id":5614,"date":"2022-02-23T11:33:20","date_gmt":"2022-02-23T11:33:20","guid":{"rendered":"https:\/\/mundo.seashell.pt\/?post_type=product&#038;p=5614"},"modified":"2022-02-23T11:33:22","modified_gmt":"2022-02-23T11:33:22","slug":"solux-limpa-jantes-20kg","status":"publish","type":"product","link":"https:\/\/mundo.seashell.pt\/?product=solux-limpa-jantes-20kg","title":{"rendered":"Solux Limpa Jantes 20Kg"},"content":{"rendered":"<p><span style=\"font-size: 20px;\"><strong>Solux Limpa Jantes Concentrado<\/strong><\/span><\/p>\n<p>Desengordurante \u00e1cido<\/p>\n<p><strong><br \/><\/strong><\/p>\n<p><strong>PROPRIEDADES<\/strong><br \/>O SOLUX\u00ae LIMPA JANTES \u00e9 um produto l\u00edquido, \u00e1cido e inodoro. Tem um bom poder desengordurante e, simultaneamente, permite uma desoxida\u00e7\u00e3o homog\u00e9nea de toda a superf\u00edcie a tratar.<\/p>\n<p><strong><br \/><\/strong><\/p>\n<p><strong>CONDI\u00c7\u00d5ES DE UTILIZA\u00c7\u00c3O<\/strong><\/p>\n<p><strong><strong><\/strong><br \/>Jantes de alum\u00ednio:&nbsp;<\/strong><\/p>\n<ul>\n<li>Usar uma concentra\u00e7\u00e3o de 2 a 3% e aplicar por pulveriza\u00e7\u00e3o.&nbsp;<\/li>\n<li>Em situa\u00e7\u00f5es mais dif\u00edceis poder\u00e1 ser aumentada a concentra\u00e7\u00e3o para um valor m\u00e1ximo de 6%.<\/li>\n<\/ul>\n<p><strong>Limpeza de azulejos em esta\u00e7\u00f5es de servi\u00e7o:&nbsp;<\/strong><\/p>\n<ul>\n<li>Usar uma concentra\u00e7\u00e3o de 10% e aplicar por pulveriza\u00e7\u00e3o.<strong><br \/><\/strong><\/li>\n<\/ul>\n<p><strong>Carro\u00e7arias de alum\u00ednio:&nbsp;<\/strong><\/p>\n<ul>\n<li>Usar uma concentra\u00e7\u00e3o de 2 a 3% e aplicar por pulveriza\u00e7\u00e3o.<strong><br \/><\/strong><\/li>\n<\/ul>\n<p><strong>Limpeza de ch\u00e3o:&nbsp;<\/strong><\/p>\n<ul>\n<li>Especialmente indicado para eliminar o p\u00f3 de cimento, ou res\u00edduos inorg\u00e2nicos do ch\u00e3o.<\/li>\n<\/ul>\n<p><strong><br \/><\/strong><strong><br \/><\/strong><strong>CARACTERISTICAS FISICO QUIMICAS<\/strong><br \/>Aspecto L\u00edquido ligeiramente amarelado<br \/>Odor Caracter\u00edstico<br \/>pH 1<br \/>Provoca espuma abundante.<\/p>\n","protected":false},"excerpt":{"rendered":"<p>O SOLUX\u00ae LIMPA JANTES \u00e9 um produto l\u00edquido, \u00e1cido e inodoro. Tem um bom poder desengordurante e, simultaneamente, permite uma desoxida\u00e7\u00e3o homog\u00e9nea de toda a superf\u00edcie a tratar.<\/p>\n","protected":false},"featured_media":5615,"template":"","meta":{"spay_email":""},"product_cat":[15],"product_tag":[],"class_list":{"0":"post-5614","1":"product","2":"type-product","3":"status-publish","4":"has-post-thumbnail","6":"product_cat-sem-categoria","8":"first","9":"instock","10":"taxable","11":"shipping-taxable","12":"purchasable","13":"product-type-simple"},"acf":[],"jetpack-related-posts":[{"id":5931,"url":"https:\/\/mundo.seashell.pt\/?product=solux-d69-5kg","url_meta":{"origin":5614,"position":0},"title":"Desengordurante Solux D69","date":"Fevereiro 23, 2022","format":false,"excerpt":"Desengordurante Solux D69","rel":"","context":"Similar post","img":{"alt_text":"","src":"https:\/\/i0.wp.com\/mundo.seashell.pt\/wp-content\/uploads\/2022\/02\/SOLUX_D69_PhotoRoom_20210402_103513.jpg?resize=350%2C200&ssl=1","width":350,"height":200},"classes":[]},{"id":5388,"url":"https:\/\/mundo.seashell.pt\/?product=solux-ds","url_meta":{"origin":5614,"position":1},"title":"Desengordurante Solux DS","date":"Fevereiro 23, 2022","format":false,"excerpt":"E\u0301 um produto li\u0301quido de cor verde claro, levemente aromatizado, medianamente alcalino.Tem um forte poder detergente, que lhe confere propriedades desengordurantes difi\u0301ceis de conseguir com outros compostos.","rel":"","context":"Similar post","img":{"alt_text":"","src":"https:\/\/i0.wp.com\/mundo.seashell.pt\/wp-content\/uploads\/2022\/02\/Solux_DS_PhotoRoom_20210402_103558.jpg?resize=350%2C200&ssl=1","width":350,"height":200},"classes":[]},{"id":5390,"url":"https:\/\/mundo.seashell.pt\/?product=solux-super-auto-20kg","url_meta":{"origin":5614,"position":2},"title":"Desengordurante Solux Super Auto 20kg","date":"Fevereiro 23, 2022","format":false,"excerpt":"APLICAC\u0327A\u0303O Desengordurante alcalino PROPRIEDADES E\u0301 um produto li\u0301quido incolor, medianamente alcalino. Tem um forte poder detergente, que lhe confere propriedades desengordurantes difi\u0301ceis de conseguir com outros compostos. Devido a\u0300s suas caracteri\u0301sticas e\u0301 um produto d...","rel":"","context":"Similar post","img":{"alt_text":"","src":"https:\/\/i0.wp.com\/mundo.seashell.pt\/wp-content\/uploads\/2022\/02\/Solux_Super_Auto_PhotoRoom_20210402_103216.jpg?resize=350%2C200&ssl=1","width":350,"height":200},"classes":[]},{"id":6034,"url":"https:\/\/mundo.seashell.pt\/?product=solim-d-san-5kg","url_meta":{"origin":5614,"position":3},"title":"Solim D-San 5Kg","date":"Fevereiro 23, 2022","format":false,"excerpt":"Desengordurante, higienizante l\u00edquido, completamente sol\u00favel, inodoro, constitu\u00eddo por agentes \ufefforg\u00e2nicos e inorg\u00e2nicos capazes de remover \u00f3leos...","rel":"","context":"Similar post","img":{"alt_text":"","src":"https:\/\/i0.wp.com\/mundo.seashell.pt\/wp-content\/uploads\/2022\/02\/Solim_D_San_PhotoRoom_20210402_103339.jpg?resize=350%2C200&ssl=1","width":350,"height":200},"classes":[]},{"id":5663,"url":"https:\/\/mundo.seashell.pt\/?product=solux-dm-5kg","url_meta":{"origin":5614,"position":4},"title":"Desengordurante &#8211; Solux DM 5Kg","date":"Fevereiro 23, 2022","format":false,"excerpt":"Desengordurante industrial de aplica\u00e7\u00e3o universal para todos os tipos de ind\u00fastrias.","rel":"","context":"Similar post","img":{"alt_text":"","src":"https:\/\/i0.wp.com\/mundo.seashell.pt\/wp-content\/uploads\/2022\/02\/SOLUX_DM_PhotoRoom_20210402_103221.jpg?resize=350%2C200&ssl=1","width":350,"height":200},"classes":[]},{"id":5933,"url":"https:\/\/mundo.seashell.pt\/?product=stark-super-lp-2l","url_meta":{"origin":5614,"position":5},"title":"Stark Super LP 2L","date":"Fevereiro 23, 2022","format":false,"excerpt":"Detergente alcalino concentrado para pavimentos e superf\u00edcies duras","rel":"","context":"Similar post","img":{"alt_text":"","src":"https:\/\/i0.wp.com\/mundo.seashell.pt\/wp-content\/uploads\/2022\/02\/goods_02_436158.jpg?resize=350%2C200&ssl=1","width":350,"height":200},"classes":[]}],"_links":{"self":[{"href":"https:\/\/mundo.seashell.pt\/index.php?rest_route=\/wp\/v2\/product\/5614","targetHints":{"allow":["GET"]}}],"collection":[{"href":"https:\/\/mundo.seashell.pt\/index.php?rest_route=\/wp\/v2\/product"}],"about":[{"href":"https:\/\/mundo.seashell.pt\/index.php?rest_route=\/wp\/v2\/types\/product"}],"wp:featuredmedia":[{"embeddable":true,"href":"https:\/\/mundo.seashell.pt\/index.php?rest_route=\/wp\/v2\/media\/5615"}],"wp:attachment":[{"href":"https:\/\/mundo.seashell.pt\/index.php?rest_route=%2Fwp%2Fv2%2Fmedia&parent=5614"}],"wp:term":[{"taxonomy":"product_cat","embeddable":true,"href":"https:\/\/mundo.seashell.pt\/index.php?rest_route=%2Fwp%2Fv2%2Fproduct_cat&post=5614"},{"taxonomy":"product_tag","embeddable":true,"href":"https:\/\/mundo.seashell.pt\/index.php?rest_route=%2Fwp%2Fv2%2Fproduct_tag&post=5614"}],"curies":[{"name":"wp","href":"https:\/\/api.w.org\/{rel}","templated":true}]}}