{"id":5612,"date":"2022-02-23T11:33:18","date_gmt":"2022-02-23T11:33:18","guid":{"rendered":"https:\/\/mundo.seashell.pt\/?post_type=product&#038;p=5612"},"modified":"2022-02-23T11:33:20","modified_gmt":"2022-02-23T11:33:20","slug":"solux-pn-5l","status":"publish","type":"product","link":"https:\/\/mundo.seashell.pt\/?product=solux-pn-5l","title":{"rendered":"Abrilhantador de Pneus &#8211; Solux PN &#8211; 5L"},"content":{"rendered":"<p><strong><span style=\"font-size: 20px;\">Abrilhantador de Pneus Solux PN&nbsp;&#8211; Base Glicerina<\/span><\/strong><\/p>\n<p><span style=\"font-size: 14px;\"><strong>APLICA\u00c7\u00c3O<\/strong><br \/>Limpeza e abrilhantamento de pneus<\/span><\/p>\n<p><span style=\"font-size: 14px;\"><br \/><strong>PROPRIEDADES<\/strong><br \/>L\u00edquido formulado para conferir elevado brilho e protec\u00e7\u00e3o de todas as superf\u00edcies de borracha, especialmente pneus.<br \/>Limpa e renova o aspecto dos pneus e borrachas, conferindo aos materiais um brilho de excepcional qualidade.<\/span><\/p>\n<p><span style=\"font-size: 14px;\"><br \/><strong>CONDI\u00c7\u00d5ES DE UTILIZA\u00c7\u00c3O<\/strong><br \/>Aplicar o produto em puro, com um pincel ou com um pano embebido no produto. Para obten\u00e7\u00e3o de m\u00e1ximo brilho, aplicar segunda camada.<br \/>N\u00e3o necessita de enxaguamento.<\/span><\/p>\n<p><span style=\"font-size: 14px;\"><br \/><strong>CARACTERISTICAS FISICO QU\u00cdMICAS<\/strong><br \/>Produto l\u00edquido de cor verde<br \/>Densidade &#8211; 0.98<br \/>pH 7<strong><\/strong><br \/><\/span><\/p>\n","protected":false},"excerpt":{"rendered":"<p>L\u00edquido formulado para conferir elevado brilho e protec\u00e7\u00e3o de todas as superf\u00edcies de borracha, especialmente pneus.<\/p>\n","protected":false},"featured_media":5613,"template":"","meta":{"spay_email":""},"product_cat":[15],"product_tag":[],"class_list":{"0":"post-5612","1":"product","2":"type-product","3":"status-publish","4":"has-post-thumbnail","6":"product_cat-sem-categoria","8":"first","9":"instock","10":"taxable","11":"shipping-taxable","12":"purchasable","13":"product-type-simple"},"acf":[],"jetpack-related-posts":[{"id":5610,"url":"https:\/\/mundo.seashell.pt\/?product=solux-pns-5l","url_meta":{"origin":5612,"position":0},"title":"Abrilhantador de Pneus &#8211; Solux PNS 5L","date":"Fevereiro 23, 2022","format":false,"excerpt":"O Solux PNS \u00e9 um produto l\u00edquido de cor branca com \u00f3ptimas propriedades de limpeza e abrilhantamento de pl\u00e1sticos e madeira.","rel":"","context":"Similar post","img":{"alt_text":"","src":"https:\/\/i0.wp.com\/mundo.seashell.pt\/wp-content\/uploads\/2022\/02\/Solux_PNS_PhotoRoom_20210402_103244.jpg?resize=350%2C200&ssl=1","width":350,"height":200},"classes":[]},{"id":5608,"url":"https:\/\/mundo.seashell.pt\/?product=mr-fun-brill-pn-500ml","url_meta":{"origin":5612,"position":1},"title":"Abrilhantador de Pneus Mr. Fun Brill PN 500ML","date":"Fevereiro 23, 2022","format":false,"excerpt":"O MR FUN BRILL PN \u00e9 indicado para a limpeza e renova\u00e7\u00e3o de pneus e borrachas","rel":"","context":"Similar post","img":{"alt_text":"","src":"https:\/\/i0.wp.com\/mundo.seashell.pt\/wp-content\/uploads\/2022\/02\/MR_FUN_BRILL_PN_500ML_PhotoRoom_20210402_103410.jpg?resize=350%2C200&ssl=1","width":350,"height":200},"classes":[]},{"id":5616,"url":"https:\/\/mundo.seashell.pt\/?product=solux-desi-5l","url_meta":{"origin":5612,"position":2},"title":"Abrilhantador de Tablier &#8211; Solux Desi 5L","date":"Fevereiro 23, 2022","format":false,"excerpt":"\u00c9 um produto l\u00edquido com um leve aroma a lim\u00e3o. D\u00e1 um \u00f3ptimo brilho no tratamento de tabliers e p\u00e1ra-choques.","rel":"","context":"Similar post","img":{"alt_text":"","src":"https:\/\/i0.wp.com\/mundo.seashell.pt\/wp-content\/uploads\/2022\/02\/SOLUX_DESI_PhotoRoom_20210402_103504.jpg?resize=350%2C200&ssl=1","width":350,"height":200},"classes":[]},{"id":5726,"url":"https:\/\/mundo.seashell.pt\/?product=stark-inox-500ml","url_meta":{"origin":5612,"position":3},"title":"Abrilhantador Stark Inox 500Ml","date":"Fevereiro 23, 2022","format":false,"excerpt":"O STARK\u00ae INOX \u00e9 um produto especialmente formulado para polir superf\u00edcies em a\u00e7o inoxid\u00e1vel. A sua f\u00f3rmula permite uma limpeza profunda, protegendo e abrilhantando as superf\u00edcies.","rel":"","context":"Similar post","img":{"alt_text":"","src":"https:\/\/i0.wp.com\/mundo.seashell.pt\/wp-content\/uploads\/2022\/02\/STARK_INOX_2_PhotoRoom_20210402_103625.jpg?resize=350%2C200&ssl=1","width":350,"height":200},"classes":[]},{"id":5394,"url":"https:\/\/mundo.seashell.pt\/?product=solux-auto-shine","url_meta":{"origin":5612,"position":4},"title":"Shampoo Solux Auto Shine","date":"Fevereiro 23, 2022","format":false,"excerpt":"APLICAC\u0327A\u0303O Shampoo com cera para lavagem exterior de viaturas PROPRIEDADES Shampoo neutro que devido a\u0300s suas caracteri\u0301sticas deixa uma protecc\u0327a\u0303o de cera acri\u0301lica nas viaturas, evitando a redeposic\u0327a\u0303o de poeiras que possam danificar. O produto na\u0303o e\u0301 agressivo para a pintura ou...","rel":"","context":"Similar post","img":{"alt_text":"","src":"https:\/\/i0.wp.com\/mundo.seashell.pt\/wp-content\/uploads\/2022\/02\/SOLUX_AUTO_SHINE_PhotoRoom_20210402_102945.jpg?resize=350%2C200&ssl=1","width":350,"height":200},"classes":[]},{"id":5710,"url":"https:\/\/mundo.seashell.pt\/?product=mobili-fresh-500ml","url_meta":{"origin":5612,"position":5},"title":"Limpador para M\u00f3veis Mobili Fresh 500Ml","date":"Fevereiro 23, 2022","format":false,"excerpt":"Agente de limpeza abrilhantador,com cera de abelhas, espec\u00edfico para m\u00f3veis de madeira","rel":"","context":"Similar post","img":{"alt_text":"","src":"https:\/\/i0.wp.com\/mundo.seashell.pt\/wp-content\/uploads\/2022\/02\/Mobili.jpg?resize=350%2C200&ssl=1","width":350,"height":200},"classes":[]}],"_links":{"self":[{"href":"https:\/\/mundo.seashell.pt\/index.php?rest_route=\/wp\/v2\/product\/5612","targetHints":{"allow":["GET"]}}],"collection":[{"href":"https:\/\/mundo.seashell.pt\/index.php?rest_route=\/wp\/v2\/product"}],"about":[{"href":"https:\/\/mundo.seashell.pt\/index.php?rest_route=\/wp\/v2\/types\/product"}],"wp:featuredmedia":[{"embeddable":true,"href":"https:\/\/mundo.seashell.pt\/index.php?rest_route=\/wp\/v2\/media\/5613"}],"wp:attachment":[{"href":"https:\/\/mundo.seashell.pt\/index.php?rest_route=%2Fwp%2Fv2%2Fmedia&parent=5612"}],"wp:term":[{"taxonomy":"product_cat","embeddable":true,"href":"https:\/\/mundo.seashell.pt\/index.php?rest_route=%2Fwp%2Fv2%2Fproduct_cat&post=5612"},{"taxonomy":"product_tag","embeddable":true,"href":"https:\/\/mundo.seashell.pt\/index.php?rest_route=%2Fwp%2Fv2%2Fproduct_tag&post=5612"}],"curies":[{"name":"wp","href":"https:\/\/api.w.org\/{rel}","templated":true}]}}