{"id":5610,"date":"2022-02-23T11:33:16","date_gmt":"2022-02-23T11:33:16","guid":{"rendered":"https:\/\/mundo.seashell.pt\/?post_type=product&#038;p=5610"},"modified":"2022-02-23T11:33:18","modified_gmt":"2022-02-23T11:33:18","slug":"solux-pns-5l","status":"publish","type":"product","link":"https:\/\/mundo.seashell.pt\/?product=solux-pns-5l","title":{"rendered":"Abrilhantador de Pneus &#8211; Solux PNS 5L"},"content":{"rendered":"<p><strong><span style=\"font-size: 20px;\">Abrilhantador de Pneus Solux PNS&nbsp;&#8211; Base Silicone<\/span><\/strong><\/p>\n<p><strong>APLICA\u00c7\u00c3O<\/strong><br \/>Limpeza e abrilhantamento de pneus \u2013 base silicone<\/p>\n<p><strong>PROPRIEDADES<\/strong><strong><\/strong><br \/>O Solux PNS \u00e9 um produto l\u00edquido de cor branca com \u00f3ptimas propriedades de limpeza e abrilhantamento de pl\u00e1sticos e madeira.<br \/>Possui propriedades antiest\u00e1ticas e um aroma bastante agrad\u00e1vel.<br \/>Deixa as superf\u00edcies brilhantes durante muito tempo.<br \/>Seca rapidamente.<\/p>\n<p><strong>CONDI\u00c7\u00d5ES DE UTILIZA\u00c7\u00c3O<\/strong><br \/>Aplicar o produto em puro, com um pincel ou com um pano embebido no produto. Para obten\u00e7\u00e3o de m\u00e1ximo brilho, aplicar segunda camada.<br \/>N\u00e3o necessita de enxaguamento.<\/p>\n<p><strong>CARACTERISTICAS FISICO QU\u00cdMICAS<\/strong><br \/>Produto l\u00edquido de cor branca<\/p>\n","protected":false},"excerpt":{"rendered":"<p>O Solux PNS \u00e9 um produto l\u00edquido de cor branca com \u00f3ptimas propriedades de limpeza e abrilhantamento de pl\u00e1sticos e madeira.<\/p>\n","protected":false},"featured_media":5611,"template":"","meta":{"spay_email":""},"product_cat":[15],"product_tag":[],"class_list":{"0":"post-5610","1":"product","2":"type-product","3":"status-publish","4":"has-post-thumbnail","6":"product_cat-sem-categoria","8":"first","9":"instock","10":"taxable","11":"shipping-taxable","12":"purchasable","13":"product-type-simple"},"acf":[],"jetpack-related-posts":[{"id":5612,"url":"https:\/\/mundo.seashell.pt\/?product=solux-pn-5l","url_meta":{"origin":5610,"position":0},"title":"Abrilhantador de Pneus &#8211; Solux PN &#8211; 5L","date":"Fevereiro 23, 2022","format":false,"excerpt":"L\u00edquido formulado para conferir elevado brilho e protec\u00e7\u00e3o de todas as superf\u00edcies de borracha, especialmente pneus.","rel":"","context":"Similar post","img":{"alt_text":"","src":"https:\/\/i0.wp.com\/mundo.seashell.pt\/wp-content\/uploads\/2022\/02\/SOLUX_PN_PhotoRoom_20210402_103142.jpg?resize=350%2C200&ssl=1","width":350,"height":200},"classes":[]},{"id":5616,"url":"https:\/\/mundo.seashell.pt\/?product=solux-desi-5l","url_meta":{"origin":5610,"position":1},"title":"Abrilhantador de Tablier &#8211; Solux Desi 5L","date":"Fevereiro 23, 2022","format":false,"excerpt":"\u00c9 um produto l\u00edquido com um leve aroma a lim\u00e3o. D\u00e1 um \u00f3ptimo brilho no tratamento de tabliers e p\u00e1ra-choques.","rel":"","context":"Similar post","img":{"alt_text":"","src":"https:\/\/i0.wp.com\/mundo.seashell.pt\/wp-content\/uploads\/2022\/02\/SOLUX_DESI_PhotoRoom_20210402_103504.jpg?resize=350%2C200&ssl=1","width":350,"height":200},"classes":[]},{"id":5608,"url":"https:\/\/mundo.seashell.pt\/?product=mr-fun-brill-pn-500ml","url_meta":{"origin":5610,"position":2},"title":"Abrilhantador de Pneus Mr. Fun Brill PN 500ML","date":"Fevereiro 23, 2022","format":false,"excerpt":"O MR FUN BRILL PN \u00e9 indicado para a limpeza e renova\u00e7\u00e3o de pneus e borrachas","rel":"","context":"Similar post","img":{"alt_text":"","src":"https:\/\/i0.wp.com\/mundo.seashell.pt\/wp-content\/uploads\/2022\/02\/MR_FUN_BRILL_PN_500ML_PhotoRoom_20210402_103410.jpg?resize=350%2C200&ssl=1","width":350,"height":200},"classes":[]},{"id":5388,"url":"https:\/\/mundo.seashell.pt\/?product=solux-ds","url_meta":{"origin":5610,"position":3},"title":"Desengordurante Solux DS","date":"Fevereiro 23, 2022","format":false,"excerpt":"E\u0301 um produto li\u0301quido de cor verde claro, levemente aromatizado, medianamente alcalino.Tem um forte poder detergente, que lhe confere propriedades desengordurantes difi\u0301ceis de conseguir com outros compostos.","rel":"","context":"Similar post","img":{"alt_text":"","src":"https:\/\/i0.wp.com\/mundo.seashell.pt\/wp-content\/uploads\/2022\/02\/Solux_DS_PhotoRoom_20210402_103558.jpg?resize=350%2C200&ssl=1","width":350,"height":200},"classes":[]},{"id":5663,"url":"https:\/\/mundo.seashell.pt\/?product=solux-dm-5kg","url_meta":{"origin":5610,"position":4},"title":"Desengordurante &#8211; Solux DM 5Kg","date":"Fevereiro 23, 2022","format":false,"excerpt":"Desengordurante industrial de aplica\u00e7\u00e3o universal para todos os tipos de ind\u00fastrias.","rel":"","context":"Similar post","img":{"alt_text":"","src":"https:\/\/i0.wp.com\/mundo.seashell.pt\/wp-content\/uploads\/2022\/02\/SOLUX_DM_PhotoRoom_20210402_103221.jpg?resize=350%2C200&ssl=1","width":350,"height":200},"classes":[]},{"id":5390,"url":"https:\/\/mundo.seashell.pt\/?product=solux-super-auto-20kg","url_meta":{"origin":5610,"position":5},"title":"Desengordurante Solux Super Auto 20kg","date":"Fevereiro 23, 2022","format":false,"excerpt":"APLICAC\u0327A\u0303O Desengordurante alcalino PROPRIEDADES E\u0301 um produto li\u0301quido incolor, medianamente alcalino. Tem um forte poder detergente, que lhe confere propriedades desengordurantes difi\u0301ceis de conseguir com outros compostos. Devido a\u0300s suas caracteri\u0301sticas e\u0301 um produto d...","rel":"","context":"Similar post","img":{"alt_text":"","src":"https:\/\/i0.wp.com\/mundo.seashell.pt\/wp-content\/uploads\/2022\/02\/Solux_Super_Auto_PhotoRoom_20210402_103216.jpg?resize=350%2C200&ssl=1","width":350,"height":200},"classes":[]}],"_links":{"self":[{"href":"https:\/\/mundo.seashell.pt\/index.php?rest_route=\/wp\/v2\/product\/5610","targetHints":{"allow":["GET"]}}],"collection":[{"href":"https:\/\/mundo.seashell.pt\/index.php?rest_route=\/wp\/v2\/product"}],"about":[{"href":"https:\/\/mundo.seashell.pt\/index.php?rest_route=\/wp\/v2\/types\/product"}],"wp:featuredmedia":[{"embeddable":true,"href":"https:\/\/mundo.seashell.pt\/index.php?rest_route=\/wp\/v2\/media\/5611"}],"wp:attachment":[{"href":"https:\/\/mundo.seashell.pt\/index.php?rest_route=%2Fwp%2Fv2%2Fmedia&parent=5610"}],"wp:term":[{"taxonomy":"product_cat","embeddable":true,"href":"https:\/\/mundo.seashell.pt\/index.php?rest_route=%2Fwp%2Fv2%2Fproduct_cat&post=5610"},{"taxonomy":"product_tag","embeddable":true,"href":"https:\/\/mundo.seashell.pt\/index.php?rest_route=%2Fwp%2Fv2%2Fproduct_tag&post=5610"}],"curies":[{"name":"wp","href":"https:\/\/api.w.org\/{rel}","templated":true}]}}