{"id":5606,"date":"2022-02-23T11:33:12","date_gmt":"2022-02-23T11:33:12","guid":{"rendered":"https:\/\/mundo.seashell.pt\/?post_type=product&#038;p=5606"},"modified":"2022-02-23T11:33:14","modified_gmt":"2022-02-23T11:33:14","slug":"embalagem-pp-retangular-250cc-ok250-50-unid","status":"publish","type":"product","link":"https:\/\/mundo.seashell.pt\/?product=embalagem-pp-retangular-250cc-ok250-50-unid","title":{"rendered":"Embalagens em PP Retangulares"},"content":{"rendered":"<p>Embalagens apropriadas para microondas:<\/p>\n<p>250CC (OK250)-50 Unid<\/p>\n<p>500CC (OK500)-50 Unid<\/p>\n<p>700CC (OK700)- 50 Unid<\/p>\n<p>1250CC (OK1252) &#8211; 65 Unid<\/p>\n<p>1500CC (OK1500) &#8211; 50 Unid<\/p>\n","protected":false},"excerpt":{"rendered":"<p>Embalagens apropriadas para microondas: 250CC (OK250)-50 Unid 500CC (OK500)-50 Unid 700CC (OK700)- 50 Unid 1250CC (OK1252) &#8211; 65 Unid 1500CC (OK1500) &#8211; 50 Unid<\/p>\n","protected":false},"featured_media":5607,"template":"","meta":{"spay_email":""},"product_cat":[15],"product_tag":[],"class_list":{"0":"post-5606","1":"product","2":"type-product","3":"status-publish","4":"has-post-thumbnail","6":"product_cat-sem-categoria","8":"first","9":"instock","10":"taxable","11":"shipping-taxable","12":"purchasable","13":"product-type-simple"},"acf":[],"jetpack-related-posts":[{"id":5468,"url":"https:\/\/mundo.seashell.pt\/?product=aventais-descartaveis-100-unid","url_meta":{"origin":5606,"position":0},"title":"Aventais Descart\u00e1veis (100 unid)","date":"Fevereiro 23, 2022","format":false,"excerpt":"Aventais Descart\u00e1veis (100 unid)","rel":"","context":"Similar post","img":{"alt_text":"","src":"https:\/\/i0.wp.com\/mundo.seashell.pt\/wp-content\/uploads\/2022\/02\/aventais_PhotoRoom_20210509_175234.jpg?resize=350%2C200&ssl=1","width":350,"height":200},"classes":[]},{"id":5470,"url":"https:\/\/mundo.seashell.pt\/?product=luvas-descartaveis-100-unid","url_meta":{"origin":5606,"position":1},"title":"Luvas Descart\u00e1veis (100 unid)","date":"Fevereiro 23, 2022","format":false,"excerpt":"Luvas descart\u00e1veis polietileno tipo palha\u00e7o.","rel":"","context":"Similar post","img":{"alt_text":"","src":"https:\/\/i0.wp.com\/mundo.seashell.pt\/wp-content\/uploads\/2022\/02\/AIG6936906_PhotoRoom_20210509_175317.jpg?resize=350%2C200&ssl=1","width":350,"height":200},"classes":[]},{"id":5602,"url":"https:\/\/mundo.seashell.pt\/?product=terrina-sopa-ctampa-500cc-tr500-50-unid","url_meta":{"origin":5606,"position":2},"title":"Terrina Sopa C\/Tampa 500CC (TR500)-50 Unid","date":"Fevereiro 23, 2022","format":false,"excerpt":"500cc 50 unidades","rel":"","context":"Similar post","img":{"alt_text":"","src":"https:\/\/i0.wp.com\/mundo.seashell.pt\/wp-content\/uploads\/2022\/02\/terrina_sopa_com_tampa_500cc.jpeg?resize=350%2C200&ssl=1","width":350,"height":200},"classes":[]},{"id":5604,"url":"https:\/\/mundo.seashell.pt\/?product=terrina-sopa-ctampa-1000cc-tr1000-50-unid","url_meta":{"origin":5606,"position":3},"title":"Terrina Sopa C\/Tampa 1000CC (TR1000)-50 Unid","date":"Fevereiro 23, 2022","format":false,"excerpt":"","rel":"","context":"Similar post","img":{"alt_text":"","src":"https:\/\/i0.wp.com\/mundo.seashell.pt\/wp-content\/uploads\/2022\/02\/terrina_sopa_com_tampa_1000cc.jpeg?resize=350%2C200&ssl=1","width":350,"height":200},"classes":[]},{"id":7158,"url":"https:\/\/mundo.seashell.pt\/?product=fairy-lava-loica-manual-original-325ml","url_meta":{"origin":5606,"position":4},"title":"Fairy Lava Loi\u00e7a Manual Original 325ml","date":"Fevereiro 23, 2022","format":false,"excerpt":"Eficaz ao eliminar gordura para uma loi\u00e7a extraordinariamente limpa e cintilante.Descri\u00e7\u00e3o: Fairy proporciona o poder de limpeza em que pode confiar a sua lavagem. A sua f\u00f3rmula concentrada ultra elimina instantaneamente a gordura, proporcionando-lhe uma limpeza brilhante. Uma gota de l\u00edquido lava muitos pratos, pois limpa 50%...","rel":"","context":"Similar post","img":{"alt_text":"","src":"https:\/\/i0.wp.com\/mundo.seashell.pt\/wp-content\/uploads\/2022\/02\/7094135-frente.jpeg?resize=350%2C200&ssl=1","width":350,"height":200},"classes":[]},{"id":7160,"url":"https:\/\/mundo.seashell.pt\/?product=fairy-lava-loica-manual-original-480ml","url_meta":{"origin":5606,"position":5},"title":"Fairy Lava Loi\u00e7a Manual Original 480ml","date":"Fevereiro 23, 2022","format":false,"excerpt":"Eficaz ao eliminar gordura para uma loi\u00e7a extraordinariamente limpa e cintilante. Descri\u00e7\u00e3o: Fairy proporciona o poder de limpeza em que pode confiar a sua lavagem. A sua f\u00f3rmula concentrada ultra elimina instantaneamente a gordura, proporcionando-lhe uma limpeza brilhante. Uma gota de l\u00edquido lava muitos pratos, pois limpa 50...","rel":"","context":"Similar post","img":{"alt_text":"","src":"https:\/\/i0.wp.com\/mundo.seashell.pt\/wp-content\/uploads\/2022\/02\/5039197-frente.jpeg?resize=350%2C200&ssl=1","width":350,"height":200},"classes":[]}],"_links":{"self":[{"href":"https:\/\/mundo.seashell.pt\/index.php?rest_route=\/wp\/v2\/product\/5606","targetHints":{"allow":["GET"]}}],"collection":[{"href":"https:\/\/mundo.seashell.pt\/index.php?rest_route=\/wp\/v2\/product"}],"about":[{"href":"https:\/\/mundo.seashell.pt\/index.php?rest_route=\/wp\/v2\/types\/product"}],"wp:featuredmedia":[{"embeddable":true,"href":"https:\/\/mundo.seashell.pt\/index.php?rest_route=\/wp\/v2\/media\/5607"}],"wp:attachment":[{"href":"https:\/\/mundo.seashell.pt\/index.php?rest_route=%2Fwp%2Fv2%2Fmedia&parent=5606"}],"wp:term":[{"taxonomy":"product_cat","embeddable":true,"href":"https:\/\/mundo.seashell.pt\/index.php?rest_route=%2Fwp%2Fv2%2Fproduct_cat&post=5606"},{"taxonomy":"product_tag","embeddable":true,"href":"https:\/\/mundo.seashell.pt\/index.php?rest_route=%2Fwp%2Fv2%2Fproduct_tag&post=5606"}],"curies":[{"name":"wp","href":"https:\/\/api.w.org\/{rel}","templated":true}]}}