{"id":5602,"date":"2022-02-23T11:32:58","date_gmt":"2022-02-23T11:32:58","guid":{"rendered":"https:\/\/mundo.seashell.pt\/?post_type=product&#038;p=5602"},"modified":"2022-02-23T11:32:58","modified_gmt":"2022-02-23T11:32:58","slug":"terrina-sopa-ctampa-500cc-tr500-50-unid","status":"publish","type":"product","link":"https:\/\/mundo.seashell.pt\/?product=terrina-sopa-ctampa-500cc-tr500-50-unid","title":{"rendered":"Terrina Sopa C\/Tampa 500CC (TR500)-50 Unid"},"content":{"rendered":"<p>500cc<\/p>\n<p>50 unidades<\/p>\n","protected":false},"excerpt":{"rendered":"<p>500cc 50 unidades<\/p>\n","protected":false},"featured_media":5603,"template":"","meta":{"spay_email":""},"product_cat":[15],"product_tag":[],"class_list":{"0":"post-5602","1":"product","2":"type-product","3":"status-publish","4":"has-post-thumbnail","6":"product_cat-sem-categoria","8":"first","9":"instock","10":"taxable","11":"shipping-taxable","12":"purchasable","13":"product-type-simple"},"acf":[],"jetpack-related-posts":[{"id":5604,"url":"https:\/\/mundo.seashell.pt\/?product=terrina-sopa-ctampa-1000cc-tr1000-50-unid","url_meta":{"origin":5602,"position":0},"title":"Terrina Sopa C\/Tampa 1000CC (TR1000)-50 Unid","date":"Fevereiro 23, 2022","format":false,"excerpt":"","rel":"","context":"Similar post","img":{"alt_text":"","src":"https:\/\/i0.wp.com\/mundo.seashell.pt\/wp-content\/uploads\/2022\/02\/terrina_sopa_com_tampa_1000cc.jpeg?resize=350%2C200&ssl=1","width":350,"height":200},"classes":[]},{"id":5606,"url":"https:\/\/mundo.seashell.pt\/?product=embalagem-pp-retangular-250cc-ok250-50-unid","url_meta":{"origin":5602,"position":1},"title":"Embalagens em PP Retangulares","date":"Fevereiro 23, 2022","format":false,"excerpt":"Embalagens apropriadas para microondas: 250CC (OK250)-50 Unid 500CC (OK500)-50 Unid 700CC (OK700)- 50 Unid 1250CC (OK1252) - 65 Unid 1500CC (OK1500) - 50 Unid","rel":"","context":"Similar post","img":{"alt_text":"","src":"https:\/\/i0.wp.com\/mundo.seashell.pt\/wp-content\/uploads\/2022\/02\/emb_pp_1500cc_PhotoRoom_20210509_175240.jpg?resize=350%2C200&ssl=1","width":350,"height":200},"classes":[]},{"id":5576,"url":"https:\/\/mundo.seashell.pt\/?product=formas-de-aluminio-retangulares-take-away","url_meta":{"origin":5602,"position":2},"title":"Formas de Alum\u00ednio Rectangulares (sem tampa)","date":"Fevereiro 23, 2022","format":false,"excerpt":"As caracter\u00edsticas do Alum\u00ednio fazem deste material uma excelente mat\u00e9ria-prima para a produ\u00e7\u00e3o de embalagens alimentares por ser um material totalmente inerte, que n\u00e3o permite qualquer migra\u00e7\u00e3o para o produto protegido","rel":"","context":"Similar post","img":{"alt_text":"","src":"https:\/\/i0.wp.com\/mundo.seashell.pt\/wp-content\/uploads\/2022\/02\/EMB.-RETANGULAR-Ref.-P31L_PhotoRoom_20210509_175315.jpg?resize=350%2C200&ssl=1","width":350,"height":200},"classes":[]},{"id":5578,"url":"https:\/\/mundo.seashell.pt\/?product=tampas-para-formas-de-aluminio-retangulares","url_meta":{"origin":5602,"position":3},"title":"Tampas para Formas de Alum\u00ednio Retangulares","date":"Fevereiro 23, 2022","format":false,"excerpt":"Conjuntos de 100 tampas para as embalagens de alum\u00ednio take away rectangulares.","rel":"","context":"Similar post","img":{"alt_text":"","src":"https:\/\/i0.wp.com\/mundo.seashell.pt\/wp-content\/uploads\/2022\/02\/tampa_take_away.jpg?resize=350%2C200&ssl=1","width":350,"height":200},"classes":[]},{"id":6167,"url":"https:\/\/mundo.seashell.pt\/?product=sistema-de-contentores-iris-vileda","url_meta":{"origin":5602,"position":4},"title":"Sistema de Contentores Met\u00e1licos Iris &#8211; Vileda","date":"Fevereiro 23, 2022","format":false,"excerpt":"Iris Sistema de reciclagem de apar\u00eancia de met\u00e1lica. Tal como o Geo, a gama Iris utiliza a tecnologia\" \"materiais combinados\" \"para proporcionar a durabilidade e desempenho do pl\u00e1stico (f\u00e1cil de limpar, sem ferrugem e \u00e0 prova de desgaste) com a est\u00e9tica e a imagem do a\u00e7o inoxid\u00e1vel. A atraente linha\u2026","rel":"","context":"Similar post","img":{"alt_text":"","src":"https:\/\/i0.wp.com\/mundo.seashell.pt\/wp-content\/uploads\/2022\/02\/10-waste-management-05-waste-bins-01-iris-Iris-square-range-580x550_PhotoRoom_20210418_123011.jpg?resize=350%2C200&ssl=1","width":350,"height":200},"classes":[]},{"id":6674,"url":"https:\/\/mundo.seashell.pt\/?product=iberia-branco-nuclear-liquido-05l","url_meta":{"origin":5602,"position":5},"title":"Ib\u00e9ria Branco Nuclear L\u00edquido 500ml","date":"Fevereiro 23, 2022","format":false,"excerpt":"A solu\u00e7\u00e3o mais eficaz para recuperar o branco das suas pe\u00e7as de roupa, desde a primeira lavagem. A partir de 30\u00baC, a sua f\u00f3rmula baseada no oxig\u00eanio ativo penetra no cora\u00e7\u00e3o das fibras e dissolve os pontos mais incrustados. Tipo de produto: Auxiliar de Lavagem da RoupaBenef\u00edcios: - Solu\u00e7\u00e3o l\u00edquida\u2026","rel":"","context":"Similar post","img":{"alt_text":"","src":"https:\/\/i0.wp.com\/mundo.seashell.pt\/wp-content\/uploads\/2022\/02\/IBERIA_BRANCO_NUCLEAR_LIQUIDO_500ml_8411660210227.png?resize=350%2C200&ssl=1","width":350,"height":200},"classes":[]}],"_links":{"self":[{"href":"https:\/\/mundo.seashell.pt\/index.php?rest_route=\/wp\/v2\/product\/5602","targetHints":{"allow":["GET"]}}],"collection":[{"href":"https:\/\/mundo.seashell.pt\/index.php?rest_route=\/wp\/v2\/product"}],"about":[{"href":"https:\/\/mundo.seashell.pt\/index.php?rest_route=\/wp\/v2\/types\/product"}],"wp:featuredmedia":[{"embeddable":true,"href":"https:\/\/mundo.seashell.pt\/index.php?rest_route=\/wp\/v2\/media\/5603"}],"wp:attachment":[{"href":"https:\/\/mundo.seashell.pt\/index.php?rest_route=%2Fwp%2Fv2%2Fmedia&parent=5602"}],"wp:term":[{"taxonomy":"product_cat","embeddable":true,"href":"https:\/\/mundo.seashell.pt\/index.php?rest_route=%2Fwp%2Fv2%2Fproduct_cat&post=5602"},{"taxonomy":"product_tag","embeddable":true,"href":"https:\/\/mundo.seashell.pt\/index.php?rest_route=%2Fwp%2Fv2%2Fproduct_tag&post=5602"}],"curies":[{"name":"wp","href":"https:\/\/api.w.org\/{rel}","templated":true}]}}