{"id":5598,"date":"2022-02-23T11:32:51","date_gmt":"2022-02-23T11:32:51","guid":{"rendered":"https:\/\/mundo.seashell.pt\/?post_type=product&#038;p=5598"},"modified":"2022-02-23T11:32:56","modified_gmt":"2022-02-23T11:32:56","slug":"copo-plastico-transparente-200cc-100-unid","status":"publish","type":"product","link":"https:\/\/mundo.seashell.pt\/?product=copo-plastico-transparente-200cc-100-unid","title":{"rendered":"Copo Pl\u00e1stico Transparente 200cc &#8211; 100 Unid"},"content":{"rendered":"<p>200cc<\/p>\n<p>100 unidades<\/p>\n","protected":false},"excerpt":{"rendered":"<p>200cc 100 unidades<\/p>\n","protected":false},"featured_media":5599,"template":"","meta":{"spay_email":""},"product_cat":[15],"product_tag":[],"class_list":{"0":"post-5598","1":"product","2":"type-product","3":"status-publish","4":"has-post-thumbnail","6":"product_cat-sem-categoria","8":"first","9":"instock","10":"taxable","11":"shipping-taxable","12":"purchasable","13":"product-type-simple"},"acf":[],"jetpack-related-posts":[{"id":5600,"url":"https:\/\/mundo.seashell.pt\/?product=copo-plastico-transparente-250cc-pp250-100-unid","url_meta":{"origin":5598,"position":0},"title":"Copo Pl\u00e1stico Transparente 250cc (PP250) &#8211; 100 Unid","date":"Fevereiro 23, 2022","format":false,"excerpt":"250cc 100 unidades","rel":"","context":"Similar post","img":{"alt_text":"","src":"https:\/\/i0.wp.com\/mundo.seashell.pt\/wp-content\/uploads\/2022\/02\/copo_transparente_200cc_PhotoRoom_20210509_175320-1.jpg?resize=350%2C200&ssl=1","width":350,"height":200},"classes":[]},{"id":5596,"url":"https:\/\/mundo.seashell.pt\/?product=copo-plastico-branco-80cc-cafe-100-unid","url_meta":{"origin":5598,"position":1},"title":"Copo Pl\u00e1stico Branco 80cc &#8211; Caf\u00e9 -100 Unid","date":"Fevereiro 23, 2022","format":false,"excerpt":"80cc 100 unidades","rel":"","context":"Similar post","img":{"alt_text":"","src":"https:\/\/i0.wp.com\/mundo.seashell.pt\/wp-content\/uploads\/2022\/02\/copo_cafe__branco_PhotoRoom_20210509_175340.jpg?resize=350%2C200&ssl=1","width":350,"height":200},"classes":[]},{"id":5470,"url":"https:\/\/mundo.seashell.pt\/?product=luvas-descartaveis-100-unid","url_meta":{"origin":5598,"position":2},"title":"Luvas Descart\u00e1veis (100 unid)","date":"Fevereiro 23, 2022","format":false,"excerpt":"Luvas descart\u00e1veis polietileno tipo palha\u00e7o.","rel":"","context":"Similar post","img":{"alt_text":"","src":"https:\/\/i0.wp.com\/mundo.seashell.pt\/wp-content\/uploads\/2022\/02\/AIG6936906_PhotoRoom_20210509_175317.jpg?resize=350%2C200&ssl=1","width":350,"height":200},"classes":[]},{"id":6279,"url":"https:\/\/mundo.seashell.pt\/?product=cif-toalhitas-multiusos-36-unidades","url_meta":{"origin":5598,"position":3},"title":"CIF Toalhitas Multiusos &#8211; 36 unidades","date":"Fevereiro 23, 2022","format":false,"excerpt":"Cif toalhitas limpam e desengorduram numa s\u00f3 passagem. S\u00e3o adequadas para v\u00e1rios tipos de superf\u00edcies, tais como lava-loi\u00e7a, fog\u00e3o, chuveiro, frigor\u00edfico, caixas, casa de banho e cozinha.Benef\u00edcios: - Toalhitas 100% biodegrad\u00e1veis;- Limpeza numa s\u00f3 passagem;- Efic\u00e1cia e conveni\u00eancia. Conselhos de utiliza\u00e7\u00e3o:","rel":"","context":"Similar post","img":{"alt_text":"","src":"https:\/\/i0.wp.com\/mundo.seashell.pt\/wp-content\/uploads\/2022\/02\/CIF_Toalhitas_Desinfetantes_36_Pcs_8710522939734.png?resize=350%2C200&ssl=1","width":350,"height":200},"classes":[]},{"id":5592,"url":"https:\/\/mundo.seashell.pt\/?product=taca-de-sobremesa-transparente-230cc-100unid","url_meta":{"origin":5598,"position":4},"title":"Ta\u00e7a de Sobremesa Transparente 230CC &#8211; 100Unid","date":"Fevereiro 23, 2022","format":false,"excerpt":"100 unidades","rel":"","context":"Similar post","img":{"alt_text":"","src":"","width":0,"height":0},"classes":[]},{"id":5468,"url":"https:\/\/mundo.seashell.pt\/?product=aventais-descartaveis-100-unid","url_meta":{"origin":5598,"position":5},"title":"Aventais Descart\u00e1veis (100 unid)","date":"Fevereiro 23, 2022","format":false,"excerpt":"Aventais Descart\u00e1veis (100 unid)","rel":"","context":"Similar post","img":{"alt_text":"","src":"https:\/\/i0.wp.com\/mundo.seashell.pt\/wp-content\/uploads\/2022\/02\/aventais_PhotoRoom_20210509_175234.jpg?resize=350%2C200&ssl=1","width":350,"height":200},"classes":[]}],"_links":{"self":[{"href":"https:\/\/mundo.seashell.pt\/index.php?rest_route=\/wp\/v2\/product\/5598","targetHints":{"allow":["GET"]}}],"collection":[{"href":"https:\/\/mundo.seashell.pt\/index.php?rest_route=\/wp\/v2\/product"}],"about":[{"href":"https:\/\/mundo.seashell.pt\/index.php?rest_route=\/wp\/v2\/types\/product"}],"wp:featuredmedia":[{"embeddable":true,"href":"https:\/\/mundo.seashell.pt\/index.php?rest_route=\/wp\/v2\/media\/5599"}],"wp:attachment":[{"href":"https:\/\/mundo.seashell.pt\/index.php?rest_route=%2Fwp%2Fv2%2Fmedia&parent=5598"}],"wp:term":[{"taxonomy":"product_cat","embeddable":true,"href":"https:\/\/mundo.seashell.pt\/index.php?rest_route=%2Fwp%2Fv2%2Fproduct_cat&post=5598"},{"taxonomy":"product_tag","embeddable":true,"href":"https:\/\/mundo.seashell.pt\/index.php?rest_route=%2Fwp%2Fv2%2Fproduct_tag&post=5598"}],"curies":[{"name":"wp","href":"https:\/\/api.w.org\/{rel}","templated":true}]}}