{"id":5596,"date":"2022-02-23T11:32:49","date_gmt":"2022-02-23T11:32:49","guid":{"rendered":"https:\/\/mundo.seashell.pt\/?post_type=product&#038;p=5596"},"modified":"2022-02-23T11:32:51","modified_gmt":"2022-02-23T11:32:51","slug":"copo-plastico-branco-80cc-cafe-100-unid","status":"publish","type":"product","link":"https:\/\/mundo.seashell.pt\/?product=copo-plastico-branco-80cc-cafe-100-unid","title":{"rendered":"Copo Pl\u00e1stico Branco 80cc &#8211; Caf\u00e9 -100 Unid"},"content":{"rendered":"<p>80cc<\/p>\n<p>100 unidades<\/p>\n","protected":false},"excerpt":{"rendered":"<p>80cc 100 unidades<\/p>\n","protected":false},"featured_media":5597,"template":"","meta":{"spay_email":""},"product_cat":[15],"product_tag":[],"class_list":{"0":"post-5596","1":"product","2":"type-product","3":"status-publish","4":"has-post-thumbnail","6":"product_cat-sem-categoria","8":"first","9":"instock","10":"taxable","11":"shipping-taxable","12":"purchasable","13":"product-type-simple"},"acf":[],"jetpack-related-posts":[{"id":5598,"url":"https:\/\/mundo.seashell.pt\/?product=copo-plastico-transparente-200cc-100-unid","url_meta":{"origin":5596,"position":0},"title":"Copo Pl\u00e1stico Transparente 200cc &#8211; 100 Unid","date":"Fevereiro 23, 2022","format":false,"excerpt":"200cc 100 unidades","rel":"","context":"Similar post","img":{"alt_text":"","src":"https:\/\/i0.wp.com\/mundo.seashell.pt\/wp-content\/uploads\/2022\/02\/copo_transparente_200cc_PhotoRoom_20210509_175320.jpg?resize=350%2C200&ssl=1","width":350,"height":200},"classes":[]},{"id":5600,"url":"https:\/\/mundo.seashell.pt\/?product=copo-plastico-transparente-250cc-pp250-100-unid","url_meta":{"origin":5596,"position":1},"title":"Copo Pl\u00e1stico Transparente 250cc (PP250) &#8211; 100 Unid","date":"Fevereiro 23, 2022","format":false,"excerpt":"250cc 100 unidades","rel":"","context":"Similar post","img":{"alt_text":"","src":"https:\/\/i0.wp.com\/mundo.seashell.pt\/wp-content\/uploads\/2022\/02\/copo_transparente_200cc_PhotoRoom_20210509_175320-1.jpg?resize=350%2C200&ssl=1","width":350,"height":200},"classes":[]},{"id":5468,"url":"https:\/\/mundo.seashell.pt\/?product=aventais-descartaveis-100-unid","url_meta":{"origin":5596,"position":2},"title":"Aventais Descart\u00e1veis (100 unid)","date":"Fevereiro 23, 2022","format":false,"excerpt":"Aventais Descart\u00e1veis (100 unid)","rel":"","context":"Similar post","img":{"alt_text":"","src":"https:\/\/i0.wp.com\/mundo.seashell.pt\/wp-content\/uploads\/2022\/02\/aventais_PhotoRoom_20210509_175234.jpg?resize=350%2C200&ssl=1","width":350,"height":200},"classes":[]},{"id":6107,"url":"https:\/\/mundo.seashell.pt\/?product=formas-de-aluminio-redondas-take-away","url_meta":{"origin":5596,"position":3},"title":"Formas de Alum\u00ednio Redondas (sem tampa)","date":"Fevereiro 23, 2022","format":false,"excerpt":"As caracter\u00edsticas do Alum\u00ednio fazem deste material uma excelente mat\u00e9ria-prima para a produ\u00e7\u00e3o de embalagens alimentares por ser um material totalmente inerte","rel":"","context":"Similar post","img":{"alt_text":"","src":"https:\/\/i0.wp.com\/mundo.seashell.pt\/wp-content\/uploads\/2022\/02\/Embalagem-Redonda-Ref.-P1025_PhotoRoom_20210509_175223.jpg?resize=350%2C200&ssl=1","width":350,"height":200},"classes":[]},{"id":5584,"url":"https:\/\/mundo.seashell.pt\/?product=copo-de-cartao-cafe-80ml-pc80-50unid","url_meta":{"origin":5596,"position":4},"title":"Copos de Cart\u00e3o para Bebidas Quentes","date":"Fevereiro 23, 2022","format":false,"excerpt":"50 unidades","rel":"","context":"Similar post","img":{"alt_text":"","src":"https:\/\/i0.wp.com\/mundo.seashell.pt\/wp-content\/uploads\/2022\/02\/copos_cafe_PhotoRoom_20210509_175324.jpg?resize=350%2C200&ssl=1","width":350,"height":200},"classes":[]},{"id":5470,"url":"https:\/\/mundo.seashell.pt\/?product=luvas-descartaveis-100-unid","url_meta":{"origin":5596,"position":5},"title":"Luvas Descart\u00e1veis (100 unid)","date":"Fevereiro 23, 2022","format":false,"excerpt":"Luvas descart\u00e1veis polietileno tipo palha\u00e7o.","rel":"","context":"Similar post","img":{"alt_text":"","src":"https:\/\/i0.wp.com\/mundo.seashell.pt\/wp-content\/uploads\/2022\/02\/AIG6936906_PhotoRoom_20210509_175317.jpg?resize=350%2C200&ssl=1","width":350,"height":200},"classes":[]}],"_links":{"self":[{"href":"https:\/\/mundo.seashell.pt\/index.php?rest_route=\/wp\/v2\/product\/5596","targetHints":{"allow":["GET"]}}],"collection":[{"href":"https:\/\/mundo.seashell.pt\/index.php?rest_route=\/wp\/v2\/product"}],"about":[{"href":"https:\/\/mundo.seashell.pt\/index.php?rest_route=\/wp\/v2\/types\/product"}],"wp:featuredmedia":[{"embeddable":true,"href":"https:\/\/mundo.seashell.pt\/index.php?rest_route=\/wp\/v2\/media\/5597"}],"wp:attachment":[{"href":"https:\/\/mundo.seashell.pt\/index.php?rest_route=%2Fwp%2Fv2%2Fmedia&parent=5596"}],"wp:term":[{"taxonomy":"product_cat","embeddable":true,"href":"https:\/\/mundo.seashell.pt\/index.php?rest_route=%2Fwp%2Fv2%2Fproduct_cat&post=5596"},{"taxonomy":"product_tag","embeddable":true,"href":"https:\/\/mundo.seashell.pt\/index.php?rest_route=%2Fwp%2Fv2%2Fproduct_tag&post=5596"}],"curies":[{"name":"wp","href":"https:\/\/api.w.org\/{rel}","templated":true}]}}