{"id":5594,"date":"2022-02-23T11:32:48","date_gmt":"2022-02-23T11:32:48","guid":{"rendered":"https:\/\/mundo.seashell.pt\/?post_type=product&#038;p=5594"},"modified":"2022-02-23T11:32:48","modified_gmt":"2022-02-23T11:32:48","slug":"tampa-ptaca-de-sobremesa-transparente-230cc-100unid","status":"publish","type":"product","link":"https:\/\/mundo.seashell.pt\/?product=tampa-ptaca-de-sobremesa-transparente-230cc-100unid","title":{"rendered":"Tampa P\/Ta\u00e7a de Sobremesa Transparente 230CC &#8211; 100Unid"},"content":{"rendered":"","protected":false},"excerpt":{"rendered":"","protected":false},"featured_media":5595,"template":"","meta":{"spay_email":""},"product_cat":[15],"product_tag":[],"class_list":{"0":"post-5594","1":"product","2":"type-product","3":"status-publish","4":"has-post-thumbnail","6":"product_cat-sem-categoria","8":"first","9":"instock","10":"taxable","11":"shipping-taxable","12":"purchasable","13":"product-type-simple"},"acf":[],"jetpack-related-posts":[{"id":5592,"url":"https:\/\/mundo.seashell.pt\/?product=taca-de-sobremesa-transparente-230cc-100unid","url_meta":{"origin":5594,"position":0},"title":"Ta\u00e7a de Sobremesa Transparente 230CC &#8211; 100Unid","date":"Fevereiro 23, 2022","format":false,"excerpt":"100 unidades","rel":"","context":"Similar post","img":{"alt_text":"","src":"","width":0,"height":0},"classes":[]},{"id":6107,"url":"https:\/\/mundo.seashell.pt\/?product=formas-de-aluminio-redondas-take-away","url_meta":{"origin":5594,"position":1},"title":"Formas de Alum\u00ednio Redondas (sem tampa)","date":"Fevereiro 23, 2022","format":false,"excerpt":"As caracter\u00edsticas do Alum\u00ednio fazem deste material uma excelente mat\u00e9ria-prima para a produ\u00e7\u00e3o de embalagens alimentares por ser um material totalmente inerte","rel":"","context":"Similar post","img":{"alt_text":"","src":"https:\/\/i0.wp.com\/mundo.seashell.pt\/wp-content\/uploads\/2022\/02\/Embalagem-Redonda-Ref.-P1025_PhotoRoom_20210509_175223.jpg?resize=350%2C200&ssl=1","width":350,"height":200},"classes":[]},{"id":6714,"url":"https:\/\/mundo.seashell.pt\/?product=hs-champo-025l","url_meta":{"origin":5594,"position":2},"title":"H&#038;S Champ\u00f4 250 ml","date":"Fevereiro 23, 2022","format":false,"excerpt":"O champ\u00f4 h&s Champ\u00f4 anticaspa combate a causa principal da caspa, para uma prote\u00e7\u00e3o de at\u00e9 72 horas contra a descama\u00e7\u00e3o, secura e comich\u00e3o (caspa vis\u00edvel, com o uso regular; comich\u00e3o devido \u00e0 caspa).A sua f\u00f3rmula avan\u00e7ada foi testada dermatologicamente, tem um pH equilibrado e \u00e9 refor\u00e7ada com antioxidantes para\u2026","rel":"","context":"Similar post","img":{"alt_text":"","src":"https:\/\/i0.wp.com\/mundo.seashell.pt\/wp-content\/uploads\/2022\/02\/H_S_CHAMPO__CLASSIC_255ML__8001841998817.png?resize=350%2C200&ssl=1","width":350,"height":200},"classes":[]},{"id":5580,"url":"https:\/\/mundo.seashell.pt\/?product=tampas-para-formas-de-aluminio-com-divisoes","url_meta":{"origin":5594,"position":3},"title":"Tampa para Formas de Alum\u00ednio com Divis\u00f5es","date":"Fevereiro 23, 2022","format":false,"excerpt":"Estas embalagens s\u00e3o ideais para poder separar grupos de comidas como arroz, feij\u00e3o, saladas, etc... sem se misturarem e com a conveni\u00eancia de ir tudo numa s\u00f3 embalagem.","rel":"","context":"Similar post","img":{"alt_text":"","src":"https:\/\/i0.wp.com\/mundo.seashell.pt\/wp-content\/uploads\/2022\/02\/tampa_rectangular_2.jpg?resize=350%2C200&ssl=1","width":350,"height":200},"classes":[]},{"id":5376,"url":"https:\/\/mundo.seashell.pt\/?product=pom-off-season-pearls-1lt","url_meta":{"origin":5594,"position":4},"title":"Pom Off-Season Pearls 1lt","date":"Fevereiro 23, 2022","format":false,"excerpt":"P\u00e9rolas em gel, perfumadas com aroma a frutas vermelhas. Deixa o ambiente agradavelmente perfumado.","rel":"","context":"Similar post","img":{"alt_text":"","src":"https:\/\/i0.wp.com\/mundo.seashell.pt\/wp-content\/uploads\/2022\/02\/off-season_pearls.jpg?resize=350%2C200&ssl=1","width":350,"height":200},"classes":[]},{"id":5578,"url":"https:\/\/mundo.seashell.pt\/?product=tampas-para-formas-de-aluminio-retangulares","url_meta":{"origin":5594,"position":5},"title":"Tampas para Formas de Alum\u00ednio Retangulares","date":"Fevereiro 23, 2022","format":false,"excerpt":"Conjuntos de 100 tampas para as embalagens de alum\u00ednio take away rectangulares.","rel":"","context":"Similar post","img":{"alt_text":"","src":"https:\/\/i0.wp.com\/mundo.seashell.pt\/wp-content\/uploads\/2022\/02\/tampa_take_away.jpg?resize=350%2C200&ssl=1","width":350,"height":200},"classes":[]}],"_links":{"self":[{"href":"https:\/\/mundo.seashell.pt\/index.php?rest_route=\/wp\/v2\/product\/5594","targetHints":{"allow":["GET"]}}],"collection":[{"href":"https:\/\/mundo.seashell.pt\/index.php?rest_route=\/wp\/v2\/product"}],"about":[{"href":"https:\/\/mundo.seashell.pt\/index.php?rest_route=\/wp\/v2\/types\/product"}],"wp:featuredmedia":[{"embeddable":true,"href":"https:\/\/mundo.seashell.pt\/index.php?rest_route=\/wp\/v2\/media\/5595"}],"wp:attachment":[{"href":"https:\/\/mundo.seashell.pt\/index.php?rest_route=%2Fwp%2Fv2%2Fmedia&parent=5594"}],"wp:term":[{"taxonomy":"product_cat","embeddable":true,"href":"https:\/\/mundo.seashell.pt\/index.php?rest_route=%2Fwp%2Fv2%2Fproduct_cat&post=5594"},{"taxonomy":"product_tag","embeddable":true,"href":"https:\/\/mundo.seashell.pt\/index.php?rest_route=%2Fwp%2Fv2%2Fproduct_tag&post=5594"}],"curies":[{"name":"wp","href":"https:\/\/api.w.org\/{rel}","templated":true}]}}