{"id":5586,"date":"2022-02-23T11:32:41","date_gmt":"2022-02-23T11:32:41","guid":{"rendered":"https:\/\/mundo.seashell.pt\/?post_type=product&#038;p=5586"},"modified":"2022-02-23T11:32:43","modified_gmt":"2022-02-23T11:32:43","slug":"tampa-para-copo-de-cartao-cafe-360mltc360-50unid","status":"publish","type":"product","link":"https:\/\/mundo.seashell.pt\/?product=tampa-para-copo-de-cartao-cafe-360mltc360-50unid","title":{"rendered":"Tampas para Copos de Cart\u00e3o de Bebidas Quentes"},"content":{"rendered":"<p>50unid<\/p>\n","protected":false},"excerpt":{"rendered":"<p>50unid<\/p>\n","protected":false},"featured_media":5587,"template":"","meta":{"spay_email":""},"product_cat":[15],"product_tag":[],"class_list":{"0":"post-5586","1":"product","2":"type-product","3":"status-publish","4":"has-post-thumbnail","6":"product_cat-sem-categoria","8":"first","9":"instock","10":"taxable","11":"shipping-taxable","12":"purchasable","13":"product-type-simple"},"acf":[],"jetpack-related-posts":[{"id":5584,"url":"https:\/\/mundo.seashell.pt\/?product=copo-de-cartao-cafe-80ml-pc80-50unid","url_meta":{"origin":5586,"position":0},"title":"Copos de Cart\u00e3o para Bebidas Quentes","date":"Fevereiro 23, 2022","format":false,"excerpt":"50 unidades","rel":"","context":"Similar post","img":{"alt_text":"","src":"https:\/\/i0.wp.com\/mundo.seashell.pt\/wp-content\/uploads\/2022\/02\/copos_cafe_PhotoRoom_20210509_175324.jpg?resize=350%2C200&ssl=1","width":350,"height":200},"classes":[]},{"id":6267,"url":"https:\/\/mundo.seashell.pt\/?product=sanytol-superficies-12l","url_meta":{"origin":5586,"position":1},"title":"Sanytol Superf\u00edcies 1,2l","date":"Fevereiro 23, 2022","format":false,"excerpt":"Limpador Desinfetante Pavimentos & Superf\u00edcies \u2013 Eucalipto DESCRI\u00c7\u00c3O Mantenha sua casa saud\u00e1vel com o SANYTOL limpador desinfetante para pavimentos e superf\u00edcies! Elimina a sujidade e desinfeta completamente sem esfor\u00e7o. Quando dilu\u00eddo, \u00e9 ideal para a limpeza de pavimentos e \u00e1reas grandes, como portas ou ladrilhos. Em...","rel":"","context":"Similar post","img":{"alt_text":"","src":"https:\/\/i0.wp.com\/mundo.seashell.pt\/wp-content\/uploads\/2022\/02\/SANYTOL_DESINFECTANTE_PAVIMENTOS_E_SUPERFI_CIES_1_2l_8411135670198.png?resize=350%2C200&ssl=1","width":350,"height":200},"classes":[]},{"id":6674,"url":"https:\/\/mundo.seashell.pt\/?product=iberia-branco-nuclear-liquido-05l","url_meta":{"origin":5586,"position":2},"title":"Ib\u00e9ria Branco Nuclear L\u00edquido 500ml","date":"Fevereiro 23, 2022","format":false,"excerpt":"A solu\u00e7\u00e3o mais eficaz para recuperar o branco das suas pe\u00e7as de roupa, desde a primeira lavagem. A partir de 30\u00baC, a sua f\u00f3rmula baseada no oxig\u00eanio ativo penetra no cora\u00e7\u00e3o das fibras e dissolve os pontos mais incrustados. Tipo de produto: Auxiliar de Lavagem da RoupaBenef\u00edcios: - Solu\u00e7\u00e3o l\u00edquida\u2026","rel":"","context":"Similar post","img":{"alt_text":"","src":"https:\/\/i0.wp.com\/mundo.seashell.pt\/wp-content\/uploads\/2022\/02\/IBERIA_BRANCO_NUCLEAR_LIQUIDO_500ml_8411660210227.png?resize=350%2C200&ssl=1","width":350,"height":200},"classes":[]},{"id":7120,"url":"https:\/\/mundo.seashell.pt\/?product=baygon-fita-apanha-moscas-4-un","url_meta":{"origin":5586,"position":3},"title":"Baygon Fita Apanha Moscas 4 Un","date":"Fevereiro 23, 2022","format":false,"excerpt":"Proteja a sua fam\u00edlia. Aproveite cada momento.Descri\u00e7\u00e3o: Apanha moscas sem inseticida, at\u00e9 6 semanas de efic\u00e1cia. Conselhos de utiliza\u00e7\u00e3o: Aque\u00e7a o tubo nas m\u00e3os para ficar \u00e0 temperatura ambiente. Retire a tampa de cart\u00e3o e extraia a tira, usando a fita colorida, rodando ligeiramente. Suspenda a tira, usando o ...","rel":"","context":"Similar post","img":{"alt_text":"","src":"https:\/\/i0.wp.com\/mundo.seashell.pt\/wp-content\/uploads\/2022\/02\/4383019-frente.jpeg?resize=350%2C200&ssl=1","width":350,"height":200},"classes":[]},{"id":7118,"url":"https:\/\/mundo.seashell.pt\/?product=agisol-fita-spanha-moscas-4-un","url_meta":{"origin":5586,"position":4},"title":"Agisol Fita Spanha Moscas 4 Un","date":"Fevereiro 23, 2022","format":false,"excerpt":"Fita adesiva em rolo, sem inseticida, para controlo de moscas. Proteja a sua fam\u00edlia. Aproveite cada momento.Descri\u00e7\u00e3o: Apanha moscas sem inseticida, at\u00e9 6 semanas de efic\u00e1cia. Conselhos de utiliza\u00e7\u00e3o: Aque\u00e7a o tubo nas m\u00e3os para ficar \u00e0 temperatura ambiente. Retire a tampa de cart\u00e3o e extraia a tira, us...","rel":"","context":"Similar post","img":{"alt_text":"","src":"https:\/\/i0.wp.com\/mundo.seashell.pt\/wp-content\/uploads\/2022\/02\/transferir__20_.jpeg?resize=350%2C200&ssl=1","width":350,"height":200},"classes":[]},{"id":6948,"url":"https:\/\/mundo.seashell.pt\/?product=dodot-tampa-azul-six-pack-384-toalhitas","url_meta":{"origin":5586,"position":5},"title":"Dodot Tampa Azul Six Pack 384 Toalhitas","date":"Fevereiro 23, 2022","format":false,"excerpt":"A m\u00e1xima prote\u00e7\u00e3o da Dodot para a pele ! Descri\u00e7\u00e3o: Envolve o seu beb\u00e9 na m\u00e1xima prote\u00e7\u00e3o da Dodot. Dodot Sensitive \u00e9 suave como penas, pelo que proporciona uma incr\u00edvel sensa\u00e7\u00e3o de suavidade para a sua pele. Al\u00e9m disso, gra\u00e7as \u00e0 sua camada absorvente Cora-soft, oferece a m\u00e1xima absor\u00e7\u00e3o de\u2026","rel":"","context":"Similar post","img":{"alt_text":"","src":"https:\/\/i0.wp.com\/mundo.seashell.pt\/wp-content\/uploads\/2022\/02\/Captura_de_ecra__2021-10-06__a_s_16.12.06.png?resize=350%2C200&ssl=1","width":350,"height":200},"classes":[]}],"_links":{"self":[{"href":"https:\/\/mundo.seashell.pt\/index.php?rest_route=\/wp\/v2\/product\/5586","targetHints":{"allow":["GET"]}}],"collection":[{"href":"https:\/\/mundo.seashell.pt\/index.php?rest_route=\/wp\/v2\/product"}],"about":[{"href":"https:\/\/mundo.seashell.pt\/index.php?rest_route=\/wp\/v2\/types\/product"}],"wp:featuredmedia":[{"embeddable":true,"href":"https:\/\/mundo.seashell.pt\/index.php?rest_route=\/wp\/v2\/media\/5587"}],"wp:attachment":[{"href":"https:\/\/mundo.seashell.pt\/index.php?rest_route=%2Fwp%2Fv2%2Fmedia&parent=5586"}],"wp:term":[{"taxonomy":"product_cat","embeddable":true,"href":"https:\/\/mundo.seashell.pt\/index.php?rest_route=%2Fwp%2Fv2%2Fproduct_cat&post=5586"},{"taxonomy":"product_tag","embeddable":true,"href":"https:\/\/mundo.seashell.pt\/index.php?rest_route=%2Fwp%2Fv2%2Fproduct_tag&post=5586"}],"curies":[{"name":"wp","href":"https:\/\/api.w.org\/{rel}","templated":true}]}}