{"id":5584,"date":"2022-02-23T11:32:39","date_gmt":"2022-02-23T11:32:39","guid":{"rendered":"https:\/\/mundo.seashell.pt\/?post_type=product&#038;p=5584"},"modified":"2022-02-23T11:32:41","modified_gmt":"2022-02-23T11:32:41","slug":"copo-de-cartao-cafe-80ml-pc80-50unid","status":"publish","type":"product","link":"https:\/\/mundo.seashell.pt\/?product=copo-de-cartao-cafe-80ml-pc80-50unid","title":{"rendered":"Copos de Cart\u00e3o para Bebidas Quentes"},"content":{"rendered":"<p>50 unidades<\/p><\/p>\n","protected":false},"excerpt":{"rendered":"<p>50 unidades<\/p>\n","protected":false},"featured_media":5585,"template":"","meta":{"spay_email":""},"product_cat":[15],"product_tag":[],"class_list":{"0":"post-5584","1":"product","2":"type-product","3":"status-publish","4":"has-post-thumbnail","6":"product_cat-sem-categoria","8":"first","9":"instock","10":"taxable","11":"shipping-taxable","12":"purchasable","13":"product-type-simple"},"acf":[],"jetpack-related-posts":[{"id":5586,"url":"https:\/\/mundo.seashell.pt\/?product=tampa-para-copo-de-cartao-cafe-360mltc360-50unid","url_meta":{"origin":5584,"position":0},"title":"Tampas para Copos de Cart\u00e3o de Bebidas Quentes","date":"Fevereiro 23, 2022","format":false,"excerpt":"50unid","rel":"","context":"Similar post","img":{"alt_text":"","src":"https:\/\/i0.wp.com\/mundo.seashell.pt\/wp-content\/uploads\/2022\/02\/Tampa-240mL_PhotoRoom_20210509_175211.jpg?resize=350%2C200&ssl=1","width":350,"height":200},"classes":[]},{"id":5598,"url":"https:\/\/mundo.seashell.pt\/?product=copo-plastico-transparente-200cc-100-unid","url_meta":{"origin":5584,"position":1},"title":"Copo Pl\u00e1stico Transparente 200cc &#8211; 100 Unid","date":"Fevereiro 23, 2022","format":false,"excerpt":"200cc 100 unidades","rel":"","context":"Similar post","img":{"alt_text":"","src":"https:\/\/i0.wp.com\/mundo.seashell.pt\/wp-content\/uploads\/2022\/02\/copo_transparente_200cc_PhotoRoom_20210509_175320.jpg?resize=350%2C200&ssl=1","width":350,"height":200},"classes":[]},{"id":5596,"url":"https:\/\/mundo.seashell.pt\/?product=copo-plastico-branco-80cc-cafe-100-unid","url_meta":{"origin":5584,"position":2},"title":"Copo Pl\u00e1stico Branco 80cc &#8211; Caf\u00e9 -100 Unid","date":"Fevereiro 23, 2022","format":false,"excerpt":"80cc 100 unidades","rel":"","context":"Similar post","img":{"alt_text":"","src":"https:\/\/i0.wp.com\/mundo.seashell.pt\/wp-content\/uploads\/2022\/02\/copo_cafe__branco_PhotoRoom_20210509_175340.jpg?resize=350%2C200&ssl=1","width":350,"height":200},"classes":[]},{"id":5600,"url":"https:\/\/mundo.seashell.pt\/?product=copo-plastico-transparente-250cc-pp250-100-unid","url_meta":{"origin":5584,"position":3},"title":"Copo Pl\u00e1stico Transparente 250cc (PP250) &#8211; 100 Unid","date":"Fevereiro 23, 2022","format":false,"excerpt":"250cc 100 unidades","rel":"","context":"Similar post","img":{"alt_text":"","src":"https:\/\/i0.wp.com\/mundo.seashell.pt\/wp-content\/uploads\/2022\/02\/copo_transparente_200cc_PhotoRoom_20210509_175320-1.jpg?resize=350%2C200&ssl=1","width":350,"height":200},"classes":[]},{"id":6680,"url":"https:\/\/mundo.seashell.pt\/?product=iberai-tinte-40o","url_meta":{"origin":5584,"position":4},"title":"Iberai Tinte 40\u00ba","date":"Fevereiro 23, 2022","format":false,"excerpt":"A solu\u00e7\u00e3o para tingir e personalizar todos os seus tecidos e roupas em algod\u00e3o, linho, seda e viscose \u00e0 m\u00e3o ou na m\u00e1quina de lavar a 40\u00b0C. Tipo de produto: Auxiliar de Lavagem da RoupaBenef\u00edcios: - Solu\u00e7\u00e3o pr\u00e1tica e f\u00e1cil para tingir roupa. Conselhos de utiliza\u00e7\u00e3o: Tingir \u00e0 m\u00e1quina:","rel":"","context":"Similar post","img":{"alt_text":"","src":"https:\/\/i0.wp.com\/mundo.seashell.pt\/wp-content\/uploads\/2022\/02\/IBE_RIA_TINTO_PRETO_A_40_C_2x10g___50g_8411660211217.png?resize=350%2C200&ssl=1","width":350,"height":200},"classes":[]},{"id":6277,"url":"https:\/\/mundo.seashell.pt\/?product=sanytol-toalhitas-multiusos-36-unidades","url_meta":{"origin":5584,"position":5},"title":"Sanytol Toalhitas Multiusos &#8211; 36 unidades","date":"Fevereiro 23, 2022","format":false,"excerpt":"Toalhitas Desinfetantes Multiusos \u2013 Eucalipto Pr\u00e1ticas e eficazes, as toalhitas desinfetantes multiusos SANYTOL limpam e desinfetam todas as superf\u00edcies numa s\u00f3 passagem! Ideais para a limpeza di\u00e1ria, deixar\u00e3o a sua casa com um cheiro a limpeza. CARACTER\u00cdSTICAS Elimina 99,9% de bact\u00e9rias, fungos, v\u00edrus H1N1 ...","rel":"","context":"Similar post","img":{"alt_text":"","src":"https:\/\/i0.wp.com\/mundo.seashell.pt\/wp-content\/uploads\/2022\/02\/SANYTOL_TOALHITAS_DESINFECTANTES_MULTIUSOS_36u_8411660000224.png?resize=350%2C200&ssl=1","width":350,"height":200},"classes":[]}],"_links":{"self":[{"href":"https:\/\/mundo.seashell.pt\/index.php?rest_route=\/wp\/v2\/product\/5584","targetHints":{"allow":["GET"]}}],"collection":[{"href":"https:\/\/mundo.seashell.pt\/index.php?rest_route=\/wp\/v2\/product"}],"about":[{"href":"https:\/\/mundo.seashell.pt\/index.php?rest_route=\/wp\/v2\/types\/product"}],"wp:featuredmedia":[{"embeddable":true,"href":"https:\/\/mundo.seashell.pt\/index.php?rest_route=\/wp\/v2\/media\/5585"}],"wp:attachment":[{"href":"https:\/\/mundo.seashell.pt\/index.php?rest_route=%2Fwp%2Fv2%2Fmedia&parent=5584"}],"wp:term":[{"taxonomy":"product_cat","embeddable":true,"href":"https:\/\/mundo.seashell.pt\/index.php?rest_route=%2Fwp%2Fv2%2Fproduct_cat&post=5584"},{"taxonomy":"product_tag","embeddable":true,"href":"https:\/\/mundo.seashell.pt\/index.php?rest_route=%2Fwp%2Fv2%2Fproduct_tag&post=5584"}],"curies":[{"name":"wp","href":"https:\/\/api.w.org\/{rel}","templated":true}]}}