{"id":5578,"date":"2022-02-23T11:32:25","date_gmt":"2022-02-23T11:32:25","guid":{"rendered":"https:\/\/mundo.seashell.pt\/?post_type=product&#038;p=5578"},"modified":"2022-02-23T11:32:28","modified_gmt":"2022-02-23T11:32:28","slug":"tampas-para-formas-de-aluminio-retangulares","status":"publish","type":"product","link":"https:\/\/mundo.seashell.pt\/?product=tampas-para-formas-de-aluminio-retangulares","title":{"rendered":"Tampas para Formas de Alum\u00ednio Retangulares"},"content":{"rendered":"<h3>Tampas para&nbsp;Embalagens de Alum\u00ednio para Take Away<\/h3>\n<figure style=\"box-sizing: inherit; display: block; margin: 0px 10px 1em; outline: 0px !important; position: relative; padding: 0px; clear: both; color: rgb(73, 80, 87); font-family: proxima-nova, sans-serif; font-size: 16px; font-style: normal; font-variant-ligatures: normal; font-variant-caps: normal; font-weight: 400; letter-spacing: normal; orphans: 2; text-align: left; text-indent: 0px; text-transform: none; white-space: normal; widows: 2; word-spacing: 0px; -webkit-text-stroke-width: 0px; text-decoration-thickness: initial; text-decoration-style: initial; text-decoration-color: initial; max-width: 169px; float: right; width: 169px;\"><img loading=\"lazy\" decoding=\"async\" src=\"https:\/\/jumpseller.s3.eu-west-1.amazonaws.com\/store\/mundo-limpo\/assets\/made_in_portugal1-300x300.png\" data-image=\"mnpbf6ekzzb4\" width=\"169\" height=\"158\" style=\"box-sizing: inherit; vertical-align: middle; border-style: none; outline: 0px !important; max-width: 169px; height: 158px; width: 169px;\"><\/figure>\n<p>As caracter\u00edsticas do Alum\u00ednio fazem deste material uma excelente mat\u00e9ria-prima para a produ\u00e7\u00e3o de embalagens alimentares por ser um material totalmente inerte, que n\u00e3o permite qualquer migra\u00e7\u00e3o para o produto protegido; \u00e9 inodoro e n\u00e3o altera o sabor dos alimentos. Desta forma, as embalagens de alum\u00ednio mant\u00eam os produtos frescos por um longo per\u00edodo de tempo sem deteriora\u00e7\u00e3o da sua qualidade. Para al\u00e9m das caracter\u00edsticas inerentes \u00e0 sua utiliza\u00e7\u00e3o alimentar, \u00e9 um produto 100% recicl\u00e1vel.<\/p>\n<\/p>\n<p>500cc &#8211; 146x121mm (T500) 100Un<\/p>\n<p>650cc &#8211; 219x127mm (T487) 100Un<\/p>\n<p>685cc &#8211; 202x110mm (T813L) 100Un<\/p>\n<p>800cc &#8211; 208x133mm (T780) 100Un<\/p>\n<p>930cc &#8211; 227x177mm (T729L) 100Un<\/p>\n<p>980cc &#8211; 218x154mm (T980) 100Un<\/p>\n<p>1000cc &#8211; 218x114mm (T815L) 100Un<\/p>\n<p>1250cc &#8211; 238x160mm (T1250) 100Un<\/p>\n<p>1500cc &#8211; 276x188mm (T1500) 100Un<\/p>\n<p>1500cc &#8211; 250x134mm (T816L) 100Un<\/p>\n<p>2000cc &#8211; 260x190mm (T864) 100Un<\/p>\n<p>2200cc &#8211; 315x215mm (T2200) 100Un<\/p>\n<p>2280cc &#8211; 242x242mm (T2280)100Un<\/p>\n<p>3240cc &#8211; 319x259mm (T31L) 100Un<\/p>\n<p>Conjuntos de 100 tampas para as <a href=\"\/formas-de-aluminio-retangulares-take-away\" target=\"_blank\" rel=\"noopener\">embalagens de alum\u00ednio take away rectangulares<\/a>.<\/p><\/p>\n","protected":false},"excerpt":{"rendered":"<p>Conjuntos de 100 tampas para as embalagens de alum\u00ednio take away rectangulares.<\/p>\n","protected":false},"featured_media":5579,"template":"","meta":{"spay_email":""},"product_cat":[15],"product_tag":[],"class_list":{"0":"post-5578","1":"product","2":"type-product","3":"status-publish","4":"has-post-thumbnail","6":"product_cat-sem-categoria","8":"first","9":"instock","10":"taxable","11":"shipping-taxable","12":"purchasable","13":"product-type-simple"},"acf":[],"jetpack-related-posts":[{"id":6109,"url":"https:\/\/mundo.seashell.pt\/?product=tampas-para-formas-de-aluminio-ovais","url_meta":{"origin":5578,"position":0},"title":"Tampas para Formas de Alum\u00ednio Ovais","date":"Fevereiro 23, 2022","format":false,"excerpt":"As caracter\u00edsticas do Alum\u00ednio fazem deste material uma excelente mat\u00e9ria-prima para a produ\u00e7\u00e3o de embalagens alimentares por ser um material totalmente inerte","rel":"","context":"Similar post","img":{"alt_text":"","src":"https:\/\/i0.wp.com\/mundo.seashell.pt\/wp-content\/uploads\/2022\/02\/tampa_oval.jpg?resize=350%2C200&ssl=1","width":350,"height":200},"classes":[]},{"id":6113,"url":"https:\/\/mundo.seashell.pt\/?product=tampas-para-formas-de-aluminio-redondas","url_meta":{"origin":5578,"position":1},"title":"Tampas para Formas de Alum\u00ednio Redondas","date":"Fevereiro 23, 2022","format":false,"excerpt":"As caracter\u00edsticas do Alum\u00ednio fazem deste material uma excelente mat\u00e9ria-prima para a produ\u00e7\u00e3o de embalagens alimentares por ser um material totalmente inerte","rel":"","context":"Similar post","img":{"alt_text":"","src":"https:\/\/i0.wp.com\/mundo.seashell.pt\/wp-content\/uploads\/2022\/02\/tampa_take_away_redonda.jpg?resize=350%2C200&ssl=1","width":350,"height":200},"classes":[]},{"id":5580,"url":"https:\/\/mundo.seashell.pt\/?product=tampas-para-formas-de-aluminio-com-divisoes","url_meta":{"origin":5578,"position":2},"title":"Tampa para Formas de Alum\u00ednio com Divis\u00f5es","date":"Fevereiro 23, 2022","format":false,"excerpt":"Estas embalagens s\u00e3o ideais para poder separar grupos de comidas como arroz, feij\u00e3o, saladas, etc... sem se misturarem e com a conveni\u00eancia de ir tudo numa s\u00f3 embalagem.","rel":"","context":"Similar post","img":{"alt_text":"","src":"https:\/\/i0.wp.com\/mundo.seashell.pt\/wp-content\/uploads\/2022\/02\/tampa_rectangular_2.jpg?resize=350%2C200&ssl=1","width":350,"height":200},"classes":[]},{"id":6107,"url":"https:\/\/mundo.seashell.pt\/?product=formas-de-aluminio-redondas-take-away","url_meta":{"origin":5578,"position":3},"title":"Formas de Alum\u00ednio Redondas (sem tampa)","date":"Fevereiro 23, 2022","format":false,"excerpt":"As caracter\u00edsticas do Alum\u00ednio fazem deste material uma excelente mat\u00e9ria-prima para a produ\u00e7\u00e3o de embalagens alimentares por ser um material totalmente inerte","rel":"","context":"Similar post","img":{"alt_text":"","src":"https:\/\/i0.wp.com\/mundo.seashell.pt\/wp-content\/uploads\/2022\/02\/Embalagem-Redonda-Ref.-P1025_PhotoRoom_20210509_175223.jpg?resize=350%2C200&ssl=1","width":350,"height":200},"classes":[]},{"id":6111,"url":"https:\/\/mundo.seashell.pt\/?product=formas-de-aluminio-ovais","url_meta":{"origin":5578,"position":4},"title":"Formas de Alum\u00ednio Ovais (sem tampa)","date":"Fevereiro 23, 2022","format":false,"excerpt":"As caracter\u00edsticas do Alum\u00ednio fazem deste material uma excelente mat\u00e9ria-prima para a produ\u00e7\u00e3o de embalagens alimentares por ser um material totalmente inerte, que n\u00e3o permite qualquer migra\u00e7\u00e3o para o produto protegido","rel":"","context":"Similar post","img":{"alt_text":"","src":"https:\/\/i0.wp.com\/mundo.seashell.pt\/wp-content\/uploads\/2022\/02\/forma_oval_2.jpg?resize=350%2C200&ssl=1","width":350,"height":200},"classes":[]},{"id":5582,"url":"https:\/\/mundo.seashell.pt\/?product=forma-de-aluminio-com-divisoes","url_meta":{"origin":5578,"position":5},"title":"Formas de Alum\u00ednio com Divis\u00f5es (sem tampa)","date":"Fevereiro 23, 2022","format":false,"excerpt":"Estas embalagens s\u00e3o ideais para poder separar grupos de comidas como arroz, feij\u00e3o, saladas, etc... sem se misturarem e com a conveni\u00eancia de ir tudo numa s\u00f3 embalagem.","rel":"","context":"Similar post","img":{"alt_text":"","src":"https:\/\/i0.wp.com\/mundo.seashell.pt\/wp-content\/uploads\/2022\/02\/EMB.-RET.-3-DIVISO_ES-Ref.-P681_PhotoRoom_20210509_175238.jpg?resize=350%2C200&ssl=1","width":350,"height":200},"classes":[]}],"_links":{"self":[{"href":"https:\/\/mundo.seashell.pt\/index.php?rest_route=\/wp\/v2\/product\/5578","targetHints":{"allow":["GET"]}}],"collection":[{"href":"https:\/\/mundo.seashell.pt\/index.php?rest_route=\/wp\/v2\/product"}],"about":[{"href":"https:\/\/mundo.seashell.pt\/index.php?rest_route=\/wp\/v2\/types\/product"}],"wp:featuredmedia":[{"embeddable":true,"href":"https:\/\/mundo.seashell.pt\/index.php?rest_route=\/wp\/v2\/media\/5579"}],"wp:attachment":[{"href":"https:\/\/mundo.seashell.pt\/index.php?rest_route=%2Fwp%2Fv2%2Fmedia&parent=5578"}],"wp:term":[{"taxonomy":"product_cat","embeddable":true,"href":"https:\/\/mundo.seashell.pt\/index.php?rest_route=%2Fwp%2Fv2%2Fproduct_cat&post=5578"},{"taxonomy":"product_tag","embeddable":true,"href":"https:\/\/mundo.seashell.pt\/index.php?rest_route=%2Fwp%2Fv2%2Fproduct_tag&post=5578"}],"curies":[{"name":"wp","href":"https:\/\/api.w.org\/{rel}","templated":true}]}}