{"id":5574,"date":"2022-02-23T11:32:05","date_gmt":"2022-02-23T11:32:05","guid":{"rendered":"https:\/\/mundo.seashell.pt\/?post_type=product&#038;p=5574"},"modified":"2022-02-23T11:32:08","modified_gmt":"2022-02-23T11:32:08","slug":"sacos-bd-kg","status":"publish","type":"product","link":"https:\/\/mundo.seashell.pt\/?product=sacos-bd-kg","title":{"rendered":"Sacos Transparentes BD ao Kg"},"content":{"rendered":"<p>Sacos em polietileno de baixa densidade cristal, aptos para uso alimentar. Utilizado na industria, talhos, charcutarias, fruta, etc.<\/p>\n<p>BD 20x30x0.03 (5 Kg)<\/p>\n<p>BD 25x35x0.03 (5 Kg)<\/p>\n<p>BD 30x40x0.03 (5 Kg)<\/p>\n<p>BD 35x50x0.04 (5 Kg)<\/p>\n<p>BD 40x60x0.04 (10 Kg)<\/p>\n<p>BD 60x80x0.03 (10 Kg)<\/p>\n","protected":false},"excerpt":{"rendered":"<p>Sacos em polietileno de baixa densidade cristal, aptos para uso alimentar. Utilizado na industria, talhos, charcutarias, fruta, etc.\ufeff\ufeff<\/p>\n","protected":false},"featured_media":5575,"template":"","meta":{"spay_email":""},"product_cat":[15],"product_tag":[],"class_list":{"0":"post-5574","1":"product","2":"type-product","3":"status-publish","4":"has-post-thumbnail","6":"product_cat-sem-categoria","8":"first","9":"instock","10":"taxable","11":"shipping-taxable","12":"purchasable","13":"product-type-simple"},"acf":[],"jetpack-related-posts":[{"id":5568,"url":"https:\/\/mundo.seashell.pt\/?product=saco-lixo-bd-10-kg","url_meta":{"origin":5574,"position":0},"title":"Sacos de Lixo BD Industriais (10 Kg)","date":"Fevereiro 23, 2022","format":false,"excerpt":"Sacos do lixo resistentes, feitos com polietileno de baixa densidade. 100% Reciclados\ufeff Sacos Rolo Lixo Industrial de 80 micras.","rel":"","context":"Similar post","img":{"alt_text":"","src":"https:\/\/i0.wp.com\/mundo.seashell.pt\/wp-content\/uploads\/2022\/02\/goods_02_436158_PhotoRoom_20210326_095147.jpg?resize=350%2C200&ssl=1","width":350,"height":200},"classes":[]},{"id":5572,"url":"https:\/\/mundo.seashell.pt\/?product=saco-ad-bloco-20x30-5-kg","url_meta":{"origin":5574,"position":1},"title":"Saco AD BLOCO (5 Kg)","date":"Fevereiro 23, 2022","format":false,"excerpt":"Sacos AD bloco Sacos transparentes, em polietileno de alta densidade para v\u00e1rias aplica\u00e7\u00f5es, indicado para uso alimentar (p\u00e3o, fruta, vegetais, etc) Em blocos de 5 kg","rel":"","context":"Similar post","img":{"alt_text":"","src":"https:\/\/i0.wp.com\/mundo.seashell.pt\/wp-content\/uploads\/2022\/02\/sacos-ad-em-bloco_PhotoRoom_20210509_175304.jpg?resize=350%2C200&ssl=1","width":350,"height":200},"classes":[]},{"id":5556,"url":"https:\/\/mundo.seashell.pt\/?product=saco-ad-alca-branco-35x40x0055-5-kg","url_meta":{"origin":5574,"position":2},"title":"Saco AD Al\u00e7a Branco","date":"Fevereiro 23, 2022","format":false,"excerpt":"Saco de Al\u00e7a Branco","rel":"","context":"Similar post","img":{"alt_text":"","src":"https:\/\/i0.wp.com\/mundo.seashell.pt\/wp-content\/uploads\/2022\/02\/sacos-ad-alca-branco_PhotoRoom_20210509_175218.jpg?resize=350%2C200&ssl=1","width":350,"height":200},"classes":[]},{"id":5570,"url":"https:\/\/mundo.seashell.pt\/?product=rolo-ad-20x30","url_meta":{"origin":5574,"position":3},"title":"Rolo de Sacos Transparentes em Alta Densidade","date":"Fevereiro 23, 2022","format":false,"excerpt":"Sacos AD Rolo Sacos em polietileno de alta densidade resistentes, caixas com 10 rolos, rolos de 500 sacos. Ideais para utiliza\u00e7\u00e3o em peixarias, talhos, frutarias, padarias, etc.","rel":"","context":"Similar post","img":{"alt_text":"","src":"https:\/\/i0.wp.com\/mundo.seashell.pt\/wp-content\/uploads\/2022\/02\/sacos-ad-rolo-kg_PhotoRoom_20210509_175231.jpg?resize=350%2C200&ssl=1","width":350,"height":200},"classes":[]},{"id":5778,"url":"https:\/\/mundo.seashell.pt\/?product=enzy-1-10lt-lavandaria-automatica","url_meta":{"origin":5574,"position":4},"title":"Detergente enzim\u00e1tico Enzy 1 10Lt","date":"Fevereiro 23, 2022","format":false,"excerpt":"Detergente enzim\u00e1tico completo concentrado, agradavelmente perfumado e de elevado desempenho","rel":"","context":"Similar post","img":{"alt_text":"","src":"https:\/\/i0.wp.com\/mundo.seashell.pt\/wp-content\/uploads\/2022\/02\/enzy_1.jpg?resize=350%2C200&ssl=1","width":350,"height":200},"classes":[]},{"id":6006,"url":"https:\/\/mundo.seashell.pt\/?product=chlor-ha-24-kg","url_meta":{"origin":5574,"position":5},"title":"Desinfetante Clorado Chlor HA 24 Kg","date":"Fevereiro 23, 2022","format":false,"excerpt":"Desinfetante clorado formulado para ser utilizado em \u00e1reas agro-alimentares.","rel":"","context":"Similar post","img":{"alt_text":"","src":"https:\/\/i0.wp.com\/mundo.seashell.pt\/wp-content\/uploads\/2022\/02\/chlor.jpg?resize=350%2C200&ssl=1","width":350,"height":200},"classes":[]}],"_links":{"self":[{"href":"https:\/\/mundo.seashell.pt\/index.php?rest_route=\/wp\/v2\/product\/5574","targetHints":{"allow":["GET"]}}],"collection":[{"href":"https:\/\/mundo.seashell.pt\/index.php?rest_route=\/wp\/v2\/product"}],"about":[{"href":"https:\/\/mundo.seashell.pt\/index.php?rest_route=\/wp\/v2\/types\/product"}],"wp:featuredmedia":[{"embeddable":true,"href":"https:\/\/mundo.seashell.pt\/index.php?rest_route=\/wp\/v2\/media\/5575"}],"wp:attachment":[{"href":"https:\/\/mundo.seashell.pt\/index.php?rest_route=%2Fwp%2Fv2%2Fmedia&parent=5574"}],"wp:term":[{"taxonomy":"product_cat","embeddable":true,"href":"https:\/\/mundo.seashell.pt\/index.php?rest_route=%2Fwp%2Fv2%2Fproduct_cat&post=5574"},{"taxonomy":"product_tag","embeddable":true,"href":"https:\/\/mundo.seashell.pt\/index.php?rest_route=%2Fwp%2Fv2%2Fproduct_tag&post=5574"}],"curies":[{"name":"wp","href":"https:\/\/api.w.org\/{rel}","templated":true}]}}