{"id":5572,"date":"2022-02-23T11:32:02","date_gmt":"2022-02-23T11:32:02","guid":{"rendered":"https:\/\/mundo.seashell.pt\/?post_type=product&#038;p=5572"},"modified":"2022-02-23T11:32:05","modified_gmt":"2022-02-23T11:32:05","slug":"saco-ad-bloco-20x30-5-kg","status":"publish","type":"product","link":"https:\/\/mundo.seashell.pt\/?product=saco-ad-bloco-20x30-5-kg","title":{"rendered":"Saco AD BLOCO (5 Kg)"},"content":{"rendered":"<h1>Sacos AD bloco<\/h1>\n<p>Sacos transparentes, em polietileno de alta densidade para v\u00e1rias aplica\u00e7\u00f5es, indicado para uso alimentar (p\u00e3o, fruta, vegetais, etc)<\/p>\n<p>Em blocos de 5 kg<\/p>\n","protected":false},"excerpt":{"rendered":"<p>Sacos AD bloco Sacos transparentes, em polietileno de alta densidade para v\u00e1rias aplica\u00e7\u00f5es, indicado para uso alimentar (p\u00e3o, fruta, vegetais, etc) Em blocos de 5 kg<\/p>\n","protected":false},"featured_media":5573,"template":"","meta":{"spay_email":""},"product_cat":[15],"product_tag":[],"class_list":{"0":"post-5572","1":"product","2":"type-product","3":"status-publish","4":"has-post-thumbnail","6":"product_cat-sem-categoria","8":"first","9":"instock","10":"taxable","11":"shipping-taxable","12":"purchasable","13":"product-type-simple"},"acf":[],"jetpack-related-posts":[{"id":5558,"url":"https:\/\/mundo.seashell.pt\/?product=saco-ad-alca-cores-35x40x0055-5-kg","url_meta":{"origin":5572,"position":0},"title":"Saco AD Al\u00e7a Cores","date":"Fevereiro 23, 2022","format":false,"excerpt":"55 Micras Saco de Al\u00e7as cor 5 kg Sacos mais baratos do que os brancos por a cor ser\u00a0aleat\u00f3ria, conforme o lote de pl\u00e1stico reciclado.\u00a0","rel":"","context":"Similar post","img":{"alt_text":"","src":"https:\/\/i0.wp.com\/mundo.seashell.pt\/wp-content\/uploads\/2022\/02\/sacos-ad-alca-cor_PhotoRoom_20210509_175311.jpg?resize=350%2C200&ssl=1","width":350,"height":200},"classes":[]},{"id":5556,"url":"https:\/\/mundo.seashell.pt\/?product=saco-ad-alca-branco-35x40x0055-5-kg","url_meta":{"origin":5572,"position":1},"title":"Saco AD Al\u00e7a Branco","date":"Fevereiro 23, 2022","format":false,"excerpt":"Saco de Al\u00e7a Branco","rel":"","context":"Similar post","img":{"alt_text":"","src":"https:\/\/i0.wp.com\/mundo.seashell.pt\/wp-content\/uploads\/2022\/02\/sacos-ad-alca-branco_PhotoRoom_20210509_175218.jpg?resize=350%2C200&ssl=1","width":350,"height":200},"classes":[]},{"id":5574,"url":"https:\/\/mundo.seashell.pt\/?product=sacos-bd-kg","url_meta":{"origin":5572,"position":2},"title":"Sacos Transparentes BD ao Kg","date":"Fevereiro 23, 2022","format":false,"excerpt":"Sacos em polietileno de baixa densidade cristal, aptos para uso alimentar. Utilizado na industria, talhos, charcutarias, fruta, etc.\ufeff\ufeff","rel":"","context":"Similar post","img":{"alt_text":"","src":"https:\/\/i0.wp.com\/mundo.seashell.pt\/wp-content\/uploads\/2022\/02\/sacos-ad-rolo-kg_PhotoRoom_20210509_175231-1.jpg?resize=350%2C200&ssl=1","width":350,"height":200},"classes":[]},{"id":5568,"url":"https:\/\/mundo.seashell.pt\/?product=saco-lixo-bd-10-kg","url_meta":{"origin":5572,"position":3},"title":"Sacos de Lixo BD Industriais (10 Kg)","date":"Fevereiro 23, 2022","format":false,"excerpt":"Sacos do lixo resistentes, feitos com polietileno de baixa densidade. 100% Reciclados\ufeff Sacos Rolo Lixo Industrial de 80 micras.","rel":"","context":"Similar post","img":{"alt_text":"","src":"https:\/\/i0.wp.com\/mundo.seashell.pt\/wp-content\/uploads\/2022\/02\/goods_02_436158_PhotoRoom_20210326_095147.jpg?resize=350%2C200&ssl=1","width":350,"height":200},"classes":[]},{"id":5570,"url":"https:\/\/mundo.seashell.pt\/?product=rolo-ad-20x30","url_meta":{"origin":5572,"position":4},"title":"Rolo de Sacos Transparentes em Alta Densidade","date":"Fevereiro 23, 2022","format":false,"excerpt":"Sacos AD Rolo Sacos em polietileno de alta densidade resistentes, caixas com 10 rolos, rolos de 500 sacos. Ideais para utiliza\u00e7\u00e3o em peixarias, talhos, frutarias, padarias, etc.","rel":"","context":"Similar post","img":{"alt_text":"","src":"https:\/\/i0.wp.com\/mundo.seashell.pt\/wp-content\/uploads\/2022\/02\/sacos-ad-rolo-kg_PhotoRoom_20210509_175231.jpg?resize=350%2C200&ssl=1","width":350,"height":200},"classes":[]},{"id":7072,"url":"https:\/\/mundo.seashell.pt\/?product=domestos-power-5-bloco-de-sanita","url_meta":{"origin":5572,"position":5},"title":"Domestos Power 5 Bloco de Sanita","date":"Fevereiro 23, 2022","format":false,"excerpt":"O bloco Domestos Power 5 deixa a sua sanita limpa e brilhante. Mant\u00ea-la fresca e com uma limpeza duradoura nunca foi t\u00e3o f\u00e1cil.Benef\u00edcios: - Preven\u00e7\u00e3o de calc\u00e1rio;- Fragr\u00e2ncia de longa dura\u00e7\u00e3o;- Espuma rica;- Brilho;- Higiene. Conselhos de utiliza\u00e7\u00e3o: Desdobre o gancho, ajuste a altura do gancho...","rel":"","context":"Similar post","img":{"alt_text":"","src":"https:\/\/i0.wp.com\/mundo.seashell.pt\/wp-content\/uploads\/2022\/02\/002240895.jpeg?resize=350%2C200&ssl=1","width":350,"height":200},"classes":[]}],"_links":{"self":[{"href":"https:\/\/mundo.seashell.pt\/index.php?rest_route=\/wp\/v2\/product\/5572","targetHints":{"allow":["GET"]}}],"collection":[{"href":"https:\/\/mundo.seashell.pt\/index.php?rest_route=\/wp\/v2\/product"}],"about":[{"href":"https:\/\/mundo.seashell.pt\/index.php?rest_route=\/wp\/v2\/types\/product"}],"wp:featuredmedia":[{"embeddable":true,"href":"https:\/\/mundo.seashell.pt\/index.php?rest_route=\/wp\/v2\/media\/5573"}],"wp:attachment":[{"href":"https:\/\/mundo.seashell.pt\/index.php?rest_route=%2Fwp%2Fv2%2Fmedia&parent=5572"}],"wp:term":[{"taxonomy":"product_cat","embeddable":true,"href":"https:\/\/mundo.seashell.pt\/index.php?rest_route=%2Fwp%2Fv2%2Fproduct_cat&post=5572"},{"taxonomy":"product_tag","embeddable":true,"href":"https:\/\/mundo.seashell.pt\/index.php?rest_route=%2Fwp%2Fv2%2Fproduct_tag&post=5572"}],"curies":[{"name":"wp","href":"https:\/\/api.w.org\/{rel}","templated":true}]}}