{"id":5570,"date":"2022-02-23T11:31:47","date_gmt":"2022-02-23T11:31:47","guid":{"rendered":"https:\/\/mundo.seashell.pt\/?post_type=product&#038;p=5570"},"modified":"2022-02-23T11:31:49","modified_gmt":"2022-02-23T11:31:49","slug":"rolo-ad-20x30","status":"publish","type":"product","link":"https:\/\/mundo.seashell.pt\/?product=rolo-ad-20x30","title":{"rendered":"Rolo de Sacos Transparentes em Alta Densidade"},"content":{"rendered":"<h1>Sacos AD Rolo<\/h1>\n<p>Sacos em polietileno de alta densidade resistentes, caixas com 10 rolos, rolos de 500 sacos.<\/p>\n<p>Ideais para utiliza\u00e7\u00e3o em peixarias, talhos, frutarias, padarias, etc.<\/p>\n","protected":false},"excerpt":{"rendered":"<p>Sacos AD Rolo Sacos em polietileno de alta densidade resistentes, caixas com 10 rolos, rolos de 500 sacos. Ideais para utiliza\u00e7\u00e3o em peixarias, talhos, frutarias, padarias, etc.<\/p>\n","protected":false},"featured_media":5571,"template":"","meta":{"spay_email":""},"product_cat":[15],"product_tag":[],"class_list":{"0":"post-5570","1":"product","2":"type-product","3":"status-publish","4":"has-post-thumbnail","6":"product_cat-sem-categoria","8":"first","9":"instock","10":"taxable","11":"shipping-taxable","12":"purchasable","13":"product-type-simple"},"acf":[],"jetpack-related-posts":[{"id":5568,"url":"https:\/\/mundo.seashell.pt\/?product=saco-lixo-bd-10-kg","url_meta":{"origin":5570,"position":0},"title":"Sacos de Lixo BD Industriais (10 Kg)","date":"Fevereiro 23, 2022","format":false,"excerpt":"Sacos do lixo resistentes, feitos com polietileno de baixa densidade. 100% Reciclados\ufeff Sacos Rolo Lixo Industrial de 80 micras.","rel":"","context":"Similar post","img":{"alt_text":"","src":"https:\/\/i0.wp.com\/mundo.seashell.pt\/wp-content\/uploads\/2022\/02\/goods_02_436158_PhotoRoom_20210326_095147.jpg?resize=350%2C200&ssl=1","width":350,"height":200},"classes":[]},{"id":7142,"url":"https:\/\/mundo.seashell.pt\/?product=sacos-de-alcas-as-cores","url_meta":{"origin":5570,"position":1},"title":"Sacos de Al\u00e7as \u00e0s Cores","date":"Fevereiro 23, 2022","format":false,"excerpt":"Sacos de Al\u00e7as \u00e0s Cores Sacos com al\u00e7a feitos em polietileno de alta densidade, cor disponivel atualmente em produ\u00e7\u00e3o. Espessura superior a 50 microns","rel":"","context":"Similar post","img":{"alt_text":"","src":"https:\/\/i0.wp.com\/mundo.seashell.pt\/wp-content\/uploads\/2022\/02\/sacos-ad-alca-cor.png?resize=350%2C200&ssl=1","width":350,"height":200},"classes":[]},{"id":5572,"url":"https:\/\/mundo.seashell.pt\/?product=saco-ad-bloco-20x30-5-kg","url_meta":{"origin":5570,"position":2},"title":"Saco AD BLOCO (5 Kg)","date":"Fevereiro 23, 2022","format":false,"excerpt":"Sacos AD bloco Sacos transparentes, em polietileno de alta densidade para v\u00e1rias aplica\u00e7\u00f5es, indicado para uso alimentar (p\u00e3o, fruta, vegetais, etc) Em blocos de 5 kg","rel":"","context":"Similar post","img":{"alt_text":"","src":"https:\/\/i0.wp.com\/mundo.seashell.pt\/wp-content\/uploads\/2022\/02\/sacos-ad-em-bloco_PhotoRoom_20210509_175304.jpg?resize=350%2C200&ssl=1","width":350,"height":200},"classes":[]},{"id":5556,"url":"https:\/\/mundo.seashell.pt\/?product=saco-ad-alca-branco-35x40x0055-5-kg","url_meta":{"origin":5570,"position":3},"title":"Saco AD Al\u00e7a Branco","date":"Fevereiro 23, 2022","format":false,"excerpt":"Saco de Al\u00e7a Branco","rel":"","context":"Similar post","img":{"alt_text":"","src":"https:\/\/i0.wp.com\/mundo.seashell.pt\/wp-content\/uploads\/2022\/02\/sacos-ad-alca-branco_PhotoRoom_20210509_175218.jpg?resize=350%2C200&ssl=1","width":350,"height":200},"classes":[]},{"id":5574,"url":"https:\/\/mundo.seashell.pt\/?product=sacos-bd-kg","url_meta":{"origin":5570,"position":4},"title":"Sacos Transparentes BD ao Kg","date":"Fevereiro 23, 2022","format":false,"excerpt":"Sacos em polietileno de baixa densidade cristal, aptos para uso alimentar. Utilizado na industria, talhos, charcutarias, fruta, etc.\ufeff\ufeff","rel":"","context":"Similar post","img":{"alt_text":"","src":"https:\/\/i0.wp.com\/mundo.seashell.pt\/wp-content\/uploads\/2022\/02\/sacos-ad-rolo-kg_PhotoRoom_20210509_175231-1.jpg?resize=350%2C200&ssl=1","width":350,"height":200},"classes":[]},{"id":7154,"url":"https:\/\/mundo.seashell.pt\/?product=bayeco-sacos-para-cubos-de-gelo-15un-x-24-cubos","url_meta":{"origin":5570,"position":5},"title":"Bayeco Sacos para Cubos de Gelo &#8211; 15un x 24 Cubos","date":"Fevereiro 23, 2022","format":false,"excerpt":"Tipo de produto: Sacos de Gelo","rel":"","context":"Similar post","img":{"alt_text":"","src":"https:\/\/i0.wp.com\/mundo.seashell.pt\/wp-content\/uploads\/2022\/02\/bayeco-bolsas-cubitos-600x600-1.png?resize=350%2C200&ssl=1","width":350,"height":200},"classes":[]}],"_links":{"self":[{"href":"https:\/\/mundo.seashell.pt\/index.php?rest_route=\/wp\/v2\/product\/5570","targetHints":{"allow":["GET"]}}],"collection":[{"href":"https:\/\/mundo.seashell.pt\/index.php?rest_route=\/wp\/v2\/product"}],"about":[{"href":"https:\/\/mundo.seashell.pt\/index.php?rest_route=\/wp\/v2\/types\/product"}],"wp:featuredmedia":[{"embeddable":true,"href":"https:\/\/mundo.seashell.pt\/index.php?rest_route=\/wp\/v2\/media\/5571"}],"wp:attachment":[{"href":"https:\/\/mundo.seashell.pt\/index.php?rest_route=%2Fwp%2Fv2%2Fmedia&parent=5570"}],"wp:term":[{"taxonomy":"product_cat","embeddable":true,"href":"https:\/\/mundo.seashell.pt\/index.php?rest_route=%2Fwp%2Fv2%2Fproduct_cat&post=5570"},{"taxonomy":"product_tag","embeddable":true,"href":"https:\/\/mundo.seashell.pt\/index.php?rest_route=%2Fwp%2Fv2%2Fproduct_tag&post=5570"}],"curies":[{"name":"wp","href":"https:\/\/api.w.org\/{rel}","templated":true}]}}