{"id":5568,"date":"2022-02-23T11:31:45","date_gmt":"2022-02-23T11:31:45","guid":{"rendered":"https:\/\/mundo.seashell.pt\/?post_type=product&#038;p=5568"},"modified":"2022-02-23T11:31:47","modified_gmt":"2022-02-23T11:31:47","slug":"saco-lixo-bd-10-kg","status":"publish","type":"product","link":"https:\/\/mundo.seashell.pt\/?product=saco-lixo-bd-10-kg","title":{"rendered":"Sacos de Lixo BD Industriais (10 Kg)"},"content":{"rendered":"<h1>Sacos do Lixo Industrial<br \/><\/h1>\n<p>Sacos do lixo resistentes, feitos com polietileno de baixa densidade.<\/p>\n<p>100% Reciclados<\/p>\n<p>Sacos Rolo Lixo Industrial de 80 micras<\/p>\n<p>50 X 75 (16 sacos\/rolo)<\/p>\n<p>60 x 80 (13 sacos\/rolo)<\/p>\n<p>60 x 100 (10 sacos\/rolo)<\/p>\n<p>70 x 110 (8 sacos\/rolo)<\/p>\n<p>80 x 120 (7 sacos\/rolo)<\/p>\n<p>90 x 120 (6 sacos\/rolo)<\/p>\n<\/p>\n<p>Peso aprox. 10.5Kg (+\/- 5%)<\/p>\n","protected":false},"excerpt":{"rendered":"<p>Sacos do lixo resistentes, feitos com polietileno de baixa densidade.  100% Reciclados\ufeff  Sacos Rolo Lixo Industrial de 80 micras.<\/p>\n","protected":false},"featured_media":5569,"template":"","meta":{"spay_email":""},"product_cat":[15],"product_tag":[],"class_list":{"0":"post-5568","1":"product","2":"type-product","3":"status-publish","4":"has-post-thumbnail","6":"product_cat-sem-categoria","8":"first","9":"instock","10":"taxable","11":"shipping-taxable","12":"purchasable","13":"product-type-simple"},"acf":[],"jetpack-related-posts":[{"id":5560,"url":"https:\/\/mundo.seashell.pt\/?product=saco-lixo-fecho-facil-preto","url_meta":{"origin":5568,"position":0},"title":"Sacos de Lixo com Fecho F\u00e1cil &#8211; Pretos","date":"Fevereiro 23, 2022","format":false,"excerpt":"Rolos de sacos de lixo dom\u00e9stico com fecho f\u00e1cil para uma maior comodidade.","rel":"","context":"Similar post","img":{"alt_text":"","src":"https:\/\/i0.wp.com\/mundo.seashell.pt\/wp-content\/uploads\/2022\/02\/sacos-rolo-lixo-fecho-facil_PhotoRoom_20210509_175208.jpg?resize=350%2C200&ssl=1","width":350,"height":200},"classes":[]},{"id":6235,"url":"https:\/\/mundo.seashell.pt\/?product=sacos-de-lixo-com-fecho-facil-brancos","url_meta":{"origin":5568,"position":1},"title":"Sacos de Lixo com Fecho F\u00e1cil &#8211; Brancos","date":"Fevereiro 23, 2022","format":false,"excerpt":"Rolos de sacos de lixo dom\u00e9stico com fecho f\u00e1cil para uma maior comodidade.","rel":"","context":"Similar post","img":{"alt_text":"","src":"https:\/\/i0.wp.com\/mundo.seashell.pt\/wp-content\/uploads\/2022\/02\/goods_02_436158-1.jpg?resize=350%2C200&ssl=1","width":350,"height":200},"classes":[]},{"id":6233,"url":"https:\/\/mundo.seashell.pt\/?product=saco-lixo-85x110-preto-100-litros","url_meta":{"origin":5568,"position":2},"title":"Saco Lixo 85&#215;110 Preto (100 Litros)","date":"Fevereiro 23, 2022","format":false,"excerpt":"Sacos de Lixo Dom\u00e9stico com 28 micras de espessura. Caixa completa com 50 rolos de 6 sacos.","rel":"","context":"Similar post","img":{"alt_text":"","src":"https:\/\/i0.wp.com\/mundo.seashell.pt\/wp-content\/uploads\/2022\/02\/sacos-rolo-lixo-domestico_PhotoRoom_20210509_175243-3.jpg?resize=350%2C200&ssl=1","width":350,"height":200},"classes":[]},{"id":7138,"url":"https:\/\/mundo.seashell.pt\/?product=sacos-de-lixo-com-atilho","url_meta":{"origin":5568,"position":3},"title":"Sacos de Lixo com Atilho","date":"Fevereiro 23, 2022","format":false,"excerpt":"Sacos de Lixo com Atilho 45x47 (20 Litros) 20 Sacos por Rolo 55x60 (30 Litros) 15 Sacos por Rolo 60x80 (50 Litros) 10 Sacos por Rolo","rel":"","context":"Similar post","img":{"alt_text":"","src":"https:\/\/i0.wp.com\/mundo.seashell.pt\/wp-content\/uploads\/2022\/02\/transferir__23_.jpeg?resize=350%2C200&ssl=1","width":350,"height":200},"classes":[]},{"id":5570,"url":"https:\/\/mundo.seashell.pt\/?product=rolo-ad-20x30","url_meta":{"origin":5568,"position":4},"title":"Rolo de Sacos Transparentes em Alta Densidade","date":"Fevereiro 23, 2022","format":false,"excerpt":"Sacos AD Rolo Sacos em polietileno de alta densidade resistentes, caixas com 10 rolos, rolos de 500 sacos. Ideais para utiliza\u00e7\u00e3o em peixarias, talhos, frutarias, padarias, etc.","rel":"","context":"Similar post","img":{"alt_text":"","src":"https:\/\/i0.wp.com\/mundo.seashell.pt\/wp-content\/uploads\/2022\/02\/sacos-ad-rolo-kg_PhotoRoom_20210509_175231.jpg?resize=350%2C200&ssl=1","width":350,"height":200},"classes":[]},{"id":5564,"url":"https:\/\/mundo.seashell.pt\/?product=saco-lixo-80x90-preto-40rolosx10sacos","url_meta":{"origin":5568,"position":5},"title":"Saco Lixo 80&#215;90 Preto (60 Litros)","date":"Fevereiro 23, 2022","format":false,"excerpt":"Saco de Lixo Dom\u00e9stico de 60 Litros.","rel":"","context":"Similar post","img":{"alt_text":"","src":"https:\/\/i0.wp.com\/mundo.seashell.pt\/wp-content\/uploads\/2022\/02\/sacos-rolo-lixo-domestico_PhotoRoom_20210509_175243-1.jpg?resize=350%2C200&ssl=1","width":350,"height":200},"classes":[]}],"_links":{"self":[{"href":"https:\/\/mundo.seashell.pt\/index.php?rest_route=\/wp\/v2\/product\/5568","targetHints":{"allow":["GET"]}}],"collection":[{"href":"https:\/\/mundo.seashell.pt\/index.php?rest_route=\/wp\/v2\/product"}],"about":[{"href":"https:\/\/mundo.seashell.pt\/index.php?rest_route=\/wp\/v2\/types\/product"}],"wp:featuredmedia":[{"embeddable":true,"href":"https:\/\/mundo.seashell.pt\/index.php?rest_route=\/wp\/v2\/media\/5569"}],"wp:attachment":[{"href":"https:\/\/mundo.seashell.pt\/index.php?rest_route=%2Fwp%2Fv2%2Fmedia&parent=5568"}],"wp:term":[{"taxonomy":"product_cat","embeddable":true,"href":"https:\/\/mundo.seashell.pt\/index.php?rest_route=%2Fwp%2Fv2%2Fproduct_cat&post=5568"},{"taxonomy":"product_tag","embeddable":true,"href":"https:\/\/mundo.seashell.pt\/index.php?rest_route=%2Fwp%2Fv2%2Fproduct_tag&post=5568"}],"curies":[{"name":"wp","href":"https:\/\/api.w.org\/{rel}","templated":true}]}}