{"id":5562,"date":"2022-02-23T11:31:38","date_gmt":"2022-02-23T11:31:38","guid":{"rendered":"https:\/\/mundo.seashell.pt\/?post_type=product&#038;p=5562"},"modified":"2022-02-23T11:31:40","modified_gmt":"2022-02-23T11:31:40","slug":"saco-lixo-60x80-preto-50rolosx10sacos","status":"publish","type":"product","link":"https:\/\/mundo.seashell.pt\/?product=saco-lixo-60x80-preto-50rolosx10sacos","title":{"rendered":"Saco Lixo 60&#215;80 Preto (50 Litros)"},"content":{"rendered":"<p>Sacos de lixo dom\u00e9stico&nbsp;em rolo de 10 unidades.&nbsp;<\/p>\n<p>Caixa completa cont\u00eam 50 rolos.&nbsp;<\/p>\n","protected":false},"excerpt":{"rendered":"<p>Sacos de lixo dom\u00e9stico em rolo de 10 unidades. \ufeff\ufeff\ufeff\ufeff<\/p>\n","protected":false},"featured_media":5563,"template":"","meta":{"spay_email":""},"product_cat":[15],"product_tag":[],"class_list":{"0":"post-5562","1":"product","2":"type-product","3":"status-publish","4":"has-post-thumbnail","6":"product_cat-sem-categoria","8":"first","9":"instock","10":"taxable","11":"shipping-taxable","12":"purchasable","13":"product-type-simple"},"acf":[],"jetpack-related-posts":[{"id":5560,"url":"https:\/\/mundo.seashell.pt\/?product=saco-lixo-fecho-facil-preto","url_meta":{"origin":5562,"position":0},"title":"Sacos de Lixo com Fecho F\u00e1cil &#8211; Pretos","date":"Fevereiro 23, 2022","format":false,"excerpt":"Rolos de sacos de lixo dom\u00e9stico com fecho f\u00e1cil para uma maior comodidade.","rel":"","context":"Similar post","img":{"alt_text":"","src":"https:\/\/i0.wp.com\/mundo.seashell.pt\/wp-content\/uploads\/2022\/02\/sacos-rolo-lixo-fecho-facil_PhotoRoom_20210509_175208.jpg?resize=350%2C200&ssl=1","width":350,"height":200},"classes":[]},{"id":6235,"url":"https:\/\/mundo.seashell.pt\/?product=sacos-de-lixo-com-fecho-facil-brancos","url_meta":{"origin":5562,"position":1},"title":"Sacos de Lixo com Fecho F\u00e1cil &#8211; Brancos","date":"Fevereiro 23, 2022","format":false,"excerpt":"Rolos de sacos de lixo dom\u00e9stico com fecho f\u00e1cil para uma maior comodidade.","rel":"","context":"Similar post","img":{"alt_text":"","src":"https:\/\/i0.wp.com\/mundo.seashell.pt\/wp-content\/uploads\/2022\/02\/goods_02_436158-1.jpg?resize=350%2C200&ssl=1","width":350,"height":200},"classes":[]},{"id":6233,"url":"https:\/\/mundo.seashell.pt\/?product=saco-lixo-85x110-preto-100-litros","url_meta":{"origin":5562,"position":2},"title":"Saco Lixo 85&#215;110 Preto (100 Litros)","date":"Fevereiro 23, 2022","format":false,"excerpt":"Sacos de Lixo Dom\u00e9stico com 28 micras de espessura. Caixa completa com 50 rolos de 6 sacos.","rel":"","context":"Similar post","img":{"alt_text":"","src":"https:\/\/i0.wp.com\/mundo.seashell.pt\/wp-content\/uploads\/2022\/02\/sacos-rolo-lixo-domestico_PhotoRoom_20210509_175243-3.jpg?resize=350%2C200&ssl=1","width":350,"height":200},"classes":[]},{"id":5564,"url":"https:\/\/mundo.seashell.pt\/?product=saco-lixo-80x90-preto-40rolosx10sacos","url_meta":{"origin":5562,"position":3},"title":"Saco Lixo 80&#215;90 Preto (60 Litros)","date":"Fevereiro 23, 2022","format":false,"excerpt":"Saco de Lixo Dom\u00e9stico de 60 Litros.","rel":"","context":"Similar post","img":{"alt_text":"","src":"https:\/\/i0.wp.com\/mundo.seashell.pt\/wp-content\/uploads\/2022\/02\/sacos-rolo-lixo-domestico_PhotoRoom_20210509_175243-1.jpg?resize=350%2C200&ssl=1","width":350,"height":200},"classes":[]},{"id":5566,"url":"https:\/\/mundo.seashell.pt\/?product=saco-lixo-85x110-preto-18rolosx10sacos","url_meta":{"origin":5562,"position":4},"title":"Saco Lixo Forte 85&#215;110 Preto (100 Litros)","date":"Fevereiro 23, 2022","format":false,"excerpt":"Sacos de Lixo Dom\u00e9stico com 50 micras de espessura. Caixa completa com 18rolos de 10 sacos.","rel":"","context":"Similar post","img":{"alt_text":"","src":"https:\/\/i0.wp.com\/mundo.seashell.pt\/wp-content\/uploads\/2022\/02\/sacos-rolo-lixo-domestico_PhotoRoom_20210509_175243-2.jpg?resize=350%2C200&ssl=1","width":350,"height":200},"classes":[]},{"id":5568,"url":"https:\/\/mundo.seashell.pt\/?product=saco-lixo-bd-10-kg","url_meta":{"origin":5562,"position":5},"title":"Sacos de Lixo BD Industriais (10 Kg)","date":"Fevereiro 23, 2022","format":false,"excerpt":"Sacos do lixo resistentes, feitos com polietileno de baixa densidade. 100% Reciclados\ufeff Sacos Rolo Lixo Industrial de 80 micras.","rel":"","context":"Similar post","img":{"alt_text":"","src":"https:\/\/i0.wp.com\/mundo.seashell.pt\/wp-content\/uploads\/2022\/02\/goods_02_436158_PhotoRoom_20210326_095147.jpg?resize=350%2C200&ssl=1","width":350,"height":200},"classes":[]}],"_links":{"self":[{"href":"https:\/\/mundo.seashell.pt\/index.php?rest_route=\/wp\/v2\/product\/5562","targetHints":{"allow":["GET"]}}],"collection":[{"href":"https:\/\/mundo.seashell.pt\/index.php?rest_route=\/wp\/v2\/product"}],"about":[{"href":"https:\/\/mundo.seashell.pt\/index.php?rest_route=\/wp\/v2\/types\/product"}],"wp:featuredmedia":[{"embeddable":true,"href":"https:\/\/mundo.seashell.pt\/index.php?rest_route=\/wp\/v2\/media\/5563"}],"wp:attachment":[{"href":"https:\/\/mundo.seashell.pt\/index.php?rest_route=%2Fwp%2Fv2%2Fmedia&parent=5562"}],"wp:term":[{"taxonomy":"product_cat","embeddable":true,"href":"https:\/\/mundo.seashell.pt\/index.php?rest_route=%2Fwp%2Fv2%2Fproduct_cat&post=5562"},{"taxonomy":"product_tag","embeddable":true,"href":"https:\/\/mundo.seashell.pt\/index.php?rest_route=%2Fwp%2Fv2%2Fproduct_tag&post=5562"}],"curies":[{"name":"wp","href":"https:\/\/api.w.org\/{rel}","templated":true}]}}