{"id":5558,"date":"2022-02-23T11:31:32","date_gmt":"2022-02-23T11:31:32","guid":{"rendered":"https:\/\/mundo.seashell.pt\/?post_type=product&#038;p=5558"},"modified":"2022-02-23T11:31:34","modified_gmt":"2022-02-23T11:31:34","slug":"saco-ad-alca-cores-35x40x0055-5-kg","status":"publish","type":"product","link":"https:\/\/mundo.seashell.pt\/?product=saco-ad-alca-cores-35x40x0055-5-kg","title":{"rendered":"Saco AD Al\u00e7a Cores"},"content":{"rendered":"<p>55 Micras<\/p>\n<p>Saco de Al\u00e7as cor<\/p>\n<p>5 kg<\/p>\n<p>Sacos mais baratos do que os brancos por a cor ser&nbsp;aleat\u00f3ria, conforme o lote de pl\u00e1stico reciclado.&nbsp;<\/p>\n","protected":false},"excerpt":{"rendered":"<p>55 Micras Saco de Al\u00e7as cor 5 kg Sacos mais baratos do que os brancos por a cor ser&nbsp;aleat\u00f3ria, conforme o lote de pl\u00e1stico reciclado.&nbsp;<\/p>\n","protected":false},"featured_media":5559,"template":"","meta":{"spay_email":""},"product_cat":[15],"product_tag":[],"class_list":{"0":"post-5558","1":"product","2":"type-product","3":"status-publish","4":"has-post-thumbnail","6":"product_cat-sem-categoria","8":"first","9":"instock","10":"taxable","11":"shipping-taxable","12":"purchasable","13":"product-type-simple"},"acf":[],"jetpack-related-posts":[{"id":7142,"url":"https:\/\/mundo.seashell.pt\/?product=sacos-de-alcas-as-cores","url_meta":{"origin":5558,"position":0},"title":"Sacos de Al\u00e7as \u00e0s Cores","date":"Fevereiro 23, 2022","format":false,"excerpt":"Sacos de Al\u00e7as \u00e0s Cores Sacos com al\u00e7a feitos em polietileno de alta densidade, cor disponivel atualmente em produ\u00e7\u00e3o. Espessura superior a 50 microns","rel":"","context":"Similar post","img":{"alt_text":"","src":"https:\/\/i0.wp.com\/mundo.seashell.pt\/wp-content\/uploads\/2022\/02\/sacos-ad-alca-cor.png?resize=350%2C200&ssl=1","width":350,"height":200},"classes":[]},{"id":6169,"url":"https:\/\/mundo.seashell.pt\/?product=baldes-com-pedais-hera-vileda","url_meta":{"origin":5558,"position":1},"title":"Baldes com Pedais Hera &#8211; Vileda","date":"Fevereiro 23, 2022","format":false,"excerpt":"Hera Abertura com pedal em conformidade com o HACCP A gama de baldes com pedais da Hera est\u00e1 em conformidade com as recomenda\u00e7\u00f5es HACCP para opera\u00e7\u00e3o\" m\u00e3os-livres \", o que os torna ideais para uso numa variedade de aplica\u00e7\u00f5es. A tampa de fecho lento \u00e9 ideal para uso em ambientes\u2026","rel":"","context":"Similar post","img":{"alt_text":"","src":"https:\/\/i0.wp.com\/mundo.seashell.pt\/wp-content\/uploads\/2022\/02\/10-waste-management-02-pedal-bins-01-hera-portrait-Hera-35l-range-580x550_PhotoRoom_20210418_123552.jpg?resize=350%2C200&ssl=1","width":350,"height":200},"classes":[]},{"id":6165,"url":"https:\/\/mundo.seashell.pt\/?product=sistema-de-contentores-metalicos-geo-vileda","url_meta":{"origin":5558,"position":2},"title":"Sistema de Contentores Met\u00e1licos Geo &#8211; Vileda","date":"Fevereiro 23, 2022","format":false,"excerpt":"GEOSistema de reciclagem de apar\u00eancia met\u00e1lica. A gama inovadora e duradoura de contentores met\u00e1licos Geo \u00e9 o centro do seu sistema de recolha e reciclagem de res\u00edduos. A tecnologia de \" materiais combinados \" proporciona a durabilidade e o desempenho do pl\u00e1stico (f\u00e1cil de limpar, \u00e0 prova de ferrugem e\u2026","rel":"","context":"Similar post","img":{"alt_text":"","src":"https:\/\/i0.wp.com\/mundo.seashell.pt\/wp-content\/uploads\/2022\/02\/10-waste-management-03-recycling-bins-01-geo-portrait_PhotoRoom_20210418_123406.jpg?resize=350%2C200&ssl=1","width":350,"height":200},"classes":[]},{"id":5568,"url":"https:\/\/mundo.seashell.pt\/?product=saco-lixo-bd-10-kg","url_meta":{"origin":5558,"position":3},"title":"Sacos de Lixo BD Industriais (10 Kg)","date":"Fevereiro 23, 2022","format":false,"excerpt":"Sacos do lixo resistentes, feitos com polietileno de baixa densidade. 100% Reciclados\ufeff Sacos Rolo Lixo Industrial de 80 micras.","rel":"","context":"Similar post","img":{"alt_text":"","src":"https:\/\/i0.wp.com\/mundo.seashell.pt\/wp-content\/uploads\/2022\/02\/goods_02_436158_PhotoRoom_20210326_095147.jpg?resize=350%2C200&ssl=1","width":350,"height":200},"classes":[]},{"id":7138,"url":"https:\/\/mundo.seashell.pt\/?product=sacos-de-lixo-com-atilho","url_meta":{"origin":5558,"position":4},"title":"Sacos de Lixo com Atilho","date":"Fevereiro 23, 2022","format":false,"excerpt":"Sacos de Lixo com Atilho 45x47 (20 Litros) 20 Sacos por Rolo 55x60 (30 Litros) 15 Sacos por Rolo 60x80 (50 Litros) 10 Sacos por Rolo","rel":"","context":"Similar post","img":{"alt_text":"","src":"https:\/\/i0.wp.com\/mundo.seashell.pt\/wp-content\/uploads\/2022\/02\/transferir__23_.jpeg?resize=350%2C200&ssl=1","width":350,"height":200},"classes":[]},{"id":7152,"url":"https:\/\/mundo.seashell.pt\/?product=bayeco-saco-e-sandes-22x35-40-sacos","url_meta":{"origin":5558,"position":5},"title":"Bayeco Saco e Sandes 22&#215;35 (40 Sacos)","date":"Fevereiro 23, 2022","format":false,"excerpt":"Tipo de produto: Sacos para AlimentosBenef\u00edcios: - Sistema inovador cola-descola para abrir e voltar a fechar o saco.","rel":"","context":"Similar post","img":{"alt_text":"","src":"https:\/\/i0.wp.com\/mundo.seashell.pt\/wp-content\/uploads\/2022\/02\/BA-CBB40-BL-2235.jpeg?resize=350%2C200&ssl=1","width":350,"height":200},"classes":[]}],"_links":{"self":[{"href":"https:\/\/mundo.seashell.pt\/index.php?rest_route=\/wp\/v2\/product\/5558","targetHints":{"allow":["GET"]}}],"collection":[{"href":"https:\/\/mundo.seashell.pt\/index.php?rest_route=\/wp\/v2\/product"}],"about":[{"href":"https:\/\/mundo.seashell.pt\/index.php?rest_route=\/wp\/v2\/types\/product"}],"wp:featuredmedia":[{"embeddable":true,"href":"https:\/\/mundo.seashell.pt\/index.php?rest_route=\/wp\/v2\/media\/5559"}],"wp:attachment":[{"href":"https:\/\/mundo.seashell.pt\/index.php?rest_route=%2Fwp%2Fv2%2Fmedia&parent=5558"}],"wp:term":[{"taxonomy":"product_cat","embeddable":true,"href":"https:\/\/mundo.seashell.pt\/index.php?rest_route=%2Fwp%2Fv2%2Fproduct_cat&post=5558"},{"taxonomy":"product_tag","embeddable":true,"href":"https:\/\/mundo.seashell.pt\/index.php?rest_route=%2Fwp%2Fv2%2Fproduct_tag&post=5558"}],"curies":[{"name":"wp","href":"https:\/\/api.w.org\/{rel}","templated":true}]}}