{"id":5552,"date":"2022-02-23T11:31:12","date_gmt":"2022-02-23T11:31:12","guid":{"rendered":"https:\/\/mundo.seashell.pt\/?post_type=product&#038;p=5552"},"modified":"2022-02-23T11:31:14","modified_gmt":"2022-02-23T11:31:14","slug":"toalha-de-mesa-70x70-220f","status":"publish","type":"product","link":"https:\/\/mundo.seashell.pt\/?product=toalha-de-mesa-70x70-220f","title":{"rendered":"Toalha de Mesa 70&#215;70 (220F)"},"content":{"rendered":"<p>Toalha de Mesa&nbsp;<\/p>\n<ul>\n<li>Dimens\u00e3o: 70x70cm<\/li>\n<li>Folha Simples<\/li>\n<li>Qualidade do Papel: Ecol\u00f3gico<\/li>\n<li>37 gramas<\/li>\n<li>Cor: Branco<\/li>\n<li>Resma: 220 folhas<\/li>\n<\/ul>\n","protected":false},"excerpt":{"rendered":"<p>Toalha de Mesa&nbsp; Dimens\u00e3o: 70x70cm Folha Simples Qualidade do Papel: Ecol\u00f3gico 37 gramas Cor: Branco Resma: 220 folhas<\/p>\n","protected":false},"featured_media":5553,"template":"","meta":{"spay_email":""},"product_cat":[15],"product_tag":[],"class_list":{"0":"post-5552","1":"product","2":"type-product","3":"status-publish","4":"has-post-thumbnail","6":"product_cat-sem-categoria","8":"first","9":"instock","10":"taxable","11":"shipping-taxable","12":"purchasable","13":"product-type-simple"},"acf":[],"jetpack-related-posts":[{"id":5554,"url":"https:\/\/mundo.seashell.pt\/?product=toalha-de-mesa-80x80-220f","url_meta":{"origin":5552,"position":0},"title":"Toalha de Mesa 80&#215;80 (220F)","date":"Fevereiro 23, 2022","format":false,"excerpt":"Toalha de MesaDimens\u00e3o: 80x80cmFolha SimplesQualidade do Papel: Ecol\u00f3gico37 gramasCor: BrancoResma: 220 folhas","rel":"","context":"Similar post","img":{"alt_text":"","src":"https:\/\/i0.wp.com\/mundo.seashell.pt\/wp-content\/uploads\/2022\/02\/Toalha_de_Mesa_70x70__220F__PhotoRoom_20210413_153815-1.jpg?resize=350%2C200&ssl=1","width":350,"height":200},"classes":[]},{"id":5544,"url":"https:\/\/mundo.seashell.pt\/?product=toalha-de-mao-21x23-natural-joker-20mx130f","url_meta":{"origin":5552,"position":1},"title":"Toalha de M\u00e3o 21&#215;23 Natural Joker","date":"Fevereiro 23, 2022","format":false,"excerpt":"Toalha de M\u00e3o Natural","rel":"","context":"Similar post","img":{"alt_text":"","src":"https:\/\/i0.wp.com\/mundo.seashell.pt\/wp-content\/uploads\/2022\/02\/joker_toalha_de_ma_o_21x23.jpg?resize=350%2C200&ssl=1","width":350,"height":200},"classes":[]},{"id":5546,"url":"https:\/\/mundo.seashell.pt\/?product=toalha-de-mao-21x245-soft-gold-l-joker-20mx150f","url_meta":{"origin":5552,"position":2},"title":"Toalha de M\u00e3o Soft Gold L+ Joker","date":"Fevereiro 23, 2022","format":false,"excerpt":"Toalha de M\u00e3o Zig-Zag","rel":"","context":"Similar post","img":{"alt_text":"","src":"https:\/\/i0.wp.com\/mundo.seashell.pt\/wp-content\/uploads\/2022\/02\/joker_soft_gold_.jpg?resize=350%2C200&ssl=1","width":350,"height":200},"classes":[]},{"id":5542,"url":"https:\/\/mundo.seashell.pt\/?product=toalha-de-maos-renovagreen-zz-22x215-2fl30mx180f","url_meta":{"origin":5552,"position":3},"title":"Toalhas de M\u00e3o Renova Green Zig-Zag Folha Dupla (30 Ma\u00e7os x 180 Folhas)","date":"Fevereiro 23, 2022","format":false,"excerpt":"Toalhas de m\u00e3o dobradas em C, para distribui\u00e7\u00e3o folha-\u00e0-folha, com elevada capacidade de absor\u00e7\u00e3o e resist\u00eancia. Papel branco de folha dupla. Produto certificado com o r\u00f3tulo ecol\u00f3gico da Uni\u00e3o Europeia","rel":"","context":"Similar post","img":{"alt_text":"","src":"https:\/\/i0.wp.com\/mundo.seashell.pt\/wp-content\/uploads\/2022\/02\/renova_zigzag_30x180.jpg?resize=350%2C200&ssl=1","width":350,"height":200},"classes":[]},{"id":5520,"url":"https:\/\/mundo.seashell.pt\/?product=toalha-mao-barril-zeta-renovagreen-2fl-6rx96mt","url_meta":{"origin":5552,"position":4},"title":"Toalha de M\u00e3o Barril \/ Zeta Renova Green Folha Dupla (6 Rolos x 96m)","date":"Fevereiro 23, 2022","format":false,"excerpt":"Toalha de m\u00e3os Zeta \/ Barril para sistema de extrac\u00e7\u00e3o central \/ desenrolamento vertical","rel":"","context":"Similar post","img":{"alt_text":"","src":"https:\/\/i0.wp.com\/mundo.seashell.pt\/wp-content\/uploads\/2022\/02\/toalha_de_ma_o_renova_6x96m.jpg?resize=350%2C200&ssl=1","width":350,"height":200},"classes":[]},{"id":5404,"url":"https:\/\/mundo.seashell.pt\/?product=suporte-para-higienico-folha-a-folha","url_meta":{"origin":5552,"position":5},"title":"Suporte para Higi\u00e9nico Folha a Folha","date":"Fevereiro 23, 2022","format":false,"excerpt":"Para papel higi\u00e9nico folha a folha","rel":"","context":"Similar post","img":{"alt_text":"","src":"https:\/\/i0.wp.com\/mundo.seashell.pt\/wp-content\/uploads\/2022\/02\/suporte_folha_a_folha.png?resize=350%2C200&ssl=1","width":350,"height":200},"classes":[]}],"_links":{"self":[{"href":"https:\/\/mundo.seashell.pt\/index.php?rest_route=\/wp\/v2\/product\/5552","targetHints":{"allow":["GET"]}}],"collection":[{"href":"https:\/\/mundo.seashell.pt\/index.php?rest_route=\/wp\/v2\/product"}],"about":[{"href":"https:\/\/mundo.seashell.pt\/index.php?rest_route=\/wp\/v2\/types\/product"}],"wp:featuredmedia":[{"embeddable":true,"href":"https:\/\/mundo.seashell.pt\/index.php?rest_route=\/wp\/v2\/media\/5553"}],"wp:attachment":[{"href":"https:\/\/mundo.seashell.pt\/index.php?rest_route=%2Fwp%2Fv2%2Fmedia&parent=5552"}],"wp:term":[{"taxonomy":"product_cat","embeddable":true,"href":"https:\/\/mundo.seashell.pt\/index.php?rest_route=%2Fwp%2Fv2%2Fproduct_cat&post=5552"},{"taxonomy":"product_tag","embeddable":true,"href":"https:\/\/mundo.seashell.pt\/index.php?rest_route=%2Fwp%2Fv2%2Fproduct_tag&post=5552"}],"curies":[{"name":"wp","href":"https:\/\/api.w.org\/{rel}","templated":true}]}}