{"id":5550,"date":"2022-02-23T11:31:10","date_gmt":"2022-02-23T11:31:10","guid":{"rendered":"https:\/\/mundo.seashell.pt\/?post_type=product&#038;p=5550"},"modified":"2022-02-23T11:31:12","modified_gmt":"2022-02-23T11:31:12","slug":"toalhete-mesa-30x45-1000f","status":"publish","type":"product","link":"https:\/\/mundo.seashell.pt\/?product=toalhete-mesa-30x45-1000f","title":{"rendered":"Toalhete Mesa 30&#215;45 (1000F)"},"content":{"rendered":"<p>Toalhete Mesa Individual<\/p>\n<ul>\n<li>Dimens\u00e3o: 30x45cm<\/li>\n<li>Folha Simples<\/li>\n<li>Qualidade do Papel: Ecol\u00f3gico<\/li>\n<li>37 gramas<\/li>\n<li>Cor: Branco<\/li>\n<li>Resma: 1000 folhas<\/li>\n<\/ul>\n","protected":false},"excerpt":{"rendered":"<p>Toalhete Mesa Individual Dimens\u00e3o: 30x45cm Folha Simples Qualidade do Papel: Ecol\u00f3gico 37 gramas Cor: Branco Resma: 1000 folhas<\/p>\n","protected":false},"featured_media":5551,"template":"","meta":{"spay_email":""},"product_cat":[15],"product_tag":[],"class_list":{"0":"post-5550","1":"product","2":"type-product","3":"status-publish","4":"has-post-thumbnail","6":"product_cat-sem-categoria","8":"first","9":"instock","10":"taxable","11":"shipping-taxable","12":"purchasable","13":"product-type-simple"},"acf":[],"jetpack-related-posts":[{"id":6696,"url":"https:\/\/mundo.seashell.pt\/?product=toalhetes-calendula-e-malva-20-unidades","url_meta":{"origin":5550,"position":0},"title":"Toalhetes Cal\u00eandula e Malva &#8211; 20 unidades","date":"Fevereiro 23, 2022","format":false,"excerpt":"As toalhitas de higiene \u00edntima Fresh & Clean s\u00e3o delicadas, macias e dermatologicamente testadas. As suas f\u00f3rmulas foram desenvolvidas com pH 5.0, sem \u00e1lcool e com tecnologia Odour Control, garantindo uma limpeza e prote\u00e7\u00e3o da \u00e1rea \u00edntima da mulher, enquanto respeita o seu equil\u00edbrio natural. Biodegrad\u00e1veis para dep\u00f3sito direto na\u2026","rel":"","context":"Similar post","img":{"alt_text":"","src":"https:\/\/i0.wp.com\/mundo.seashell.pt\/wp-content\/uploads\/2022\/02\/FRESH_CLEAN_Toalhetes_I_ntimos_Flor_de_Cale_ndula_e_Malva_20_unidades__8002340005341.png?resize=350%2C200&ssl=1","width":350,"height":200},"classes":[]},{"id":6698,"url":"https:\/\/mundo.seashell.pt\/?product=toalhetes-aloe-vera-e-salvia-20-unidades","url_meta":{"origin":5550,"position":1},"title":"Toalhetes Alo\u00e9 Vera e S\u00e1lvia &#8211; 20 unidades","date":"Fevereiro 23, 2022","format":false,"excerpt":"As toalhitas de higiene \u00edntima Fresh & Clean s\u00e3o delicadas, macias e dermatologicamente testadas. As suas f\u00f3rmulas foram desenvolvidas com pH 5.0, sem \u00e1lcool e com tecnologia Odour Control, garantindo uma limpeza e prote\u00e7\u00e3o da \u00e1rea \u00edntima da mulher, enquanto respeita o seu equil\u00edbrio natural. Biodegrad\u00e1veis para dep\u00f3sito direto na\u2026","rel":"","context":"Similar post","img":{"alt_text":"","src":"https:\/\/i0.wp.com\/mundo.seashell.pt\/wp-content\/uploads\/2022\/02\/FRESH_CLEAN_Toalhetes_I_ntimos_Aloe__Vera_e_Sa_lvia_20_unidades__8002340010864.png?resize=350%2C200&ssl=1","width":350,"height":200},"classes":[]},{"id":6050,"url":"https:\/\/mundo.seashell.pt\/?product=solim-bioactivo-5l","url_meta":{"origin":5550,"position":2},"title":"Solim Bioactivo 5L","date":"Fevereiro 23, 2022","format":false,"excerpt":"Higienizante l\u00edquido multi superf\u00edcies com base de \u00e1lcool, incolor, de secagem r\u00e1pida.","rel":"","context":"Similar post","img":{"alt_text":"","src":"https:\/\/i0.wp.com\/mundo.seashell.pt\/wp-content\/uploads\/2022\/02\/Solim_Bioactivo_PhotoRoom_20210402_103424.jpg?resize=350%2C200&ssl=1","width":350,"height":200},"classes":[]},{"id":5644,"url":"https:\/\/mundo.seashell.pt\/?product=blowmy-dermo-espuma-5-lts","url_meta":{"origin":5550,"position":3},"title":"Sabonete M\u00e3os &#8211; Blowmy Dermo Espuma 5 Lts","date":"Fevereiro 23, 2022","format":false,"excerpt":"Sabonete Suave M\u00e3os\u00a0 Sabonete suave para as m\u00e3os de uso di\u00e1rio em espuma. PROPRIEDADESSabonete l\u00edquido perfumado, com um \u00f3timo comportamento na lavagem de m\u00e3os. F\u00f3rmula enriquecida com glicerina que proporciona uma agrad\u00e1vel sensa\u00e7\u00e3o de suavidade na pele ap\u00f3s a sua utiliza\u00e7\u00e3o. CONDI\u00c7\u00d5ES DE UTILIZA\u00c7\u00c3OPara a lavagem das m\u00e3os, aplicar uma\u2026","rel":"","context":"Similar post","img":{"alt_text":"","src":"","width":0,"height":0},"classes":[]},{"id":5552,"url":"https:\/\/mundo.seashell.pt\/?product=toalha-de-mesa-70x70-220f","url_meta":{"origin":5550,"position":4},"title":"Toalha de Mesa 70&#215;70 (220F)","date":"Fevereiro 23, 2022","format":false,"excerpt":"Toalha de Mesa\u00a0Dimens\u00e3o: 70x70cmFolha SimplesQualidade do Papel: Ecol\u00f3gico37 gramasCor: BrancoResma: 220 folhas","rel":"","context":"Similar post","img":{"alt_text":"","src":"https:\/\/i0.wp.com\/mundo.seashell.pt\/wp-content\/uploads\/2022\/02\/Toalha_de_Mesa_70x70__220F__PhotoRoom_20210413_153815.jpg?resize=350%2C200&ssl=1","width":350,"height":200},"classes":[]},{"id":5554,"url":"https:\/\/mundo.seashell.pt\/?product=toalha-de-mesa-80x80-220f","url_meta":{"origin":5550,"position":5},"title":"Toalha de Mesa 80&#215;80 (220F)","date":"Fevereiro 23, 2022","format":false,"excerpt":"Toalha de MesaDimens\u00e3o: 80x80cmFolha SimplesQualidade do Papel: Ecol\u00f3gico37 gramasCor: BrancoResma: 220 folhas","rel":"","context":"Similar post","img":{"alt_text":"","src":"https:\/\/i0.wp.com\/mundo.seashell.pt\/wp-content\/uploads\/2022\/02\/Toalha_de_Mesa_70x70__220F__PhotoRoom_20210413_153815-1.jpg?resize=350%2C200&ssl=1","width":350,"height":200},"classes":[]}],"_links":{"self":[{"href":"https:\/\/mundo.seashell.pt\/index.php?rest_route=\/wp\/v2\/product\/5550","targetHints":{"allow":["GET"]}}],"collection":[{"href":"https:\/\/mundo.seashell.pt\/index.php?rest_route=\/wp\/v2\/product"}],"about":[{"href":"https:\/\/mundo.seashell.pt\/index.php?rest_route=\/wp\/v2\/types\/product"}],"wp:featuredmedia":[{"embeddable":true,"href":"https:\/\/mundo.seashell.pt\/index.php?rest_route=\/wp\/v2\/media\/5551"}],"wp:attachment":[{"href":"https:\/\/mundo.seashell.pt\/index.php?rest_route=%2Fwp%2Fv2%2Fmedia&parent=5550"}],"wp:term":[{"taxonomy":"product_cat","embeddable":true,"href":"https:\/\/mundo.seashell.pt\/index.php?rest_route=%2Fwp%2Fv2%2Fproduct_cat&post=5550"},{"taxonomy":"product_tag","embeddable":true,"href":"https:\/\/mundo.seashell.pt\/index.php?rest_route=%2Fwp%2Fv2%2Fproduct_tag&post=5550"}],"curies":[{"name":"wp","href":"https:\/\/api.w.org\/{rel}","templated":true}]}}