{"id":5548,"date":"2022-02-23T11:31:08","date_gmt":"2022-02-23T11:31:08","guid":{"rendered":"https:\/\/mundo.seashell.pt\/?post_type=product&#038;p=5548"},"modified":"2022-02-23T11:31:10","modified_gmt":"2022-02-23T11:31:10","slug":"lenco-facial-2fl-media-joker-40cx80f","status":"publish","type":"product","link":"https:\/\/mundo.seashell.pt\/?product=lenco-facial-2fl-media-joker-40cx80f","title":{"rendered":"Len\u00e7o Facial 2Fl M\u00e9dia Joker"},"content":{"rendered":"<p>Os len\u00e7os faciais s\u00e3o apresentados sob a forma da embalagem bastante atractiva e decorativa.&nbsp;Qualidade, suavidade e grau de absor\u00e7\u00e3o tornam o produto ideal para o seu uso pessoal, em ambiente dom\u00e9stico ou em ambiente AfH (Hotelaria\/Escrit\u00f3rio\/Etc)<\/p>\n<ul>\n<li>Folha Dupla<\/li>\n<li>Dimens\u00e3o da Folha: 205x208mm<\/li>\n<li>Qualidade do Papel: Celulose Virgem<\/li>\n<li>Vendido \u00e0 caixa&nbsp;de 80 folhas<\/li>\n<\/ul>\n<p>Caixa completa cont\u00e9m&nbsp;40 Caixas x 80 Folhas<\/p>\n","protected":false},"excerpt":{"rendered":"<p>Len\u00e7os Faciais<\/p>\n","protected":false},"featured_media":5549,"template":"","meta":{"spay_email":""},"product_cat":[15],"product_tag":[],"class_list":{"0":"post-5548","1":"product","2":"type-product","3":"status-publish","4":"has-post-thumbnail","6":"product_cat-sem-categoria","8":"first","9":"instock","10":"taxable","11":"shipping-taxable","12":"purchasable","13":"product-type-simple"},"acf":[],"jetpack-related-posts":[{"id":7254,"url":"https:\/\/mundo.seashell.pt\/?product=lenco-facial-2fl-media-joker-80lencos","url_meta":{"origin":5548,"position":0},"title":"Len\u00e7o Facial 2Fl M\u00e9dia Joker (80Len\u00e7os)","date":"Fevereiro 23, 2022","format":false,"excerpt":"Joker Len\u00e7os Faciais 80 Len\u00e7\u00f5es","rel":"","context":"Similar post","img":{"alt_text":"","src":"https:\/\/i0.wp.com\/mundo.seashell.pt\/wp-content\/uploads\/2022\/02\/unnamed.png?resize=350%2C200&ssl=1","width":350,"height":200},"classes":[]},{"id":5482,"url":"https:\/\/mundo.seashell.pt\/?product=guard-renova-blk-tipo-a-2fl-33x33-27mx100f","url_meta":{"origin":5548,"position":1},"title":"Guardanapos Renova Black 2 Folhas 33x33cm","date":"Fevereiro 23, 2022","format":false,"excerpt":"Guardanapos brancos de papel tissue de folha dupla, suave, absorvente e resistente. \ufeff","rel":"","context":"Similar post","img":{"alt_text":"","src":"https:\/\/i0.wp.com\/mundo.seashell.pt\/wp-content\/uploads\/2022\/02\/200063789_________Guard__Renova_BLK_Tipo_G_X18_Branco_PhotoRoom_20210411_161350.jpg?resize=350%2C200&ssl=1","width":350,"height":200},"classes":[]},{"id":5484,"url":"https:\/\/mundo.seashell.pt\/?product=guard-renova-blk-tipo-g-2fl-40x40-18mx75f","url_meta":{"origin":5548,"position":2},"title":"Guardanapos Renova Black 2 Folhas 40x40cm","date":"Fevereiro 23, 2022","format":false,"excerpt":"Guardanapos brancos de papel tissue de folha dupla, suave, absorvente e resistente.","rel":"","context":"Similar post","img":{"alt_text":"","src":"https:\/\/i0.wp.com\/mundo.seashell.pt\/wp-content\/uploads\/2022\/02\/guardanaposrenovablk_PhotoRoom_20210413_160318.jpg?resize=350%2C200&ssl=1","width":350,"height":200},"classes":[]},{"id":5478,"url":"https:\/\/mundo.seashell.pt\/?product=guard-renova-blk-tipo-b90-2fl-23x23-36mx90f","url_meta":{"origin":5548,"position":3},"title":"Guardanapos Renova Black 2 Folhas 23x23cm","date":"Fevereiro 23, 2022","format":false,"excerpt":"Guardanapos especialmente vocacionados para caf\u00e9s, restaurantes e cantinas.","rel":"","context":"Similar post","img":{"alt_text":"","src":"https:\/\/i0.wp.com\/mundo.seashell.pt\/wp-content\/uploads\/2022\/02\/goods_02_436158_PhotoRoom_20210411_162530.jpg?resize=350%2C200&ssl=1","width":350,"height":200},"classes":[]},{"id":5542,"url":"https:\/\/mundo.seashell.pt\/?product=toalha-de-maos-renovagreen-zz-22x215-2fl30mx180f","url_meta":{"origin":5548,"position":4},"title":"Toalhas de M\u00e3o Renova Green Zig-Zag Folha Dupla (30 Ma\u00e7os x 180 Folhas)","date":"Fevereiro 23, 2022","format":false,"excerpt":"Toalhas de m\u00e3o dobradas em C, para distribui\u00e7\u00e3o folha-\u00e0-folha, com elevada capacidade de absor\u00e7\u00e3o e resist\u00eancia. Papel branco de folha dupla. Produto certificado com o r\u00f3tulo ecol\u00f3gico da Uni\u00e3o Europeia","rel":"","context":"Similar post","img":{"alt_text":"","src":"https:\/\/i0.wp.com\/mundo.seashell.pt\/wp-content\/uploads\/2022\/02\/renova_zigzag_30x180.jpg?resize=350%2C200&ssl=1","width":350,"height":200},"classes":[]},{"id":5518,"url":"https:\/\/mundo.seashell.pt\/?product=papel-higienico-folha-a-folha-gold-xl-36mx200f","url_meta":{"origin":5548,"position":5},"title":"Papel Higi\u00e9nico Folha-a-Folha Gold XL+ (36 Ma\u00e7os x 200 Folhas)","date":"Fevereiro 23, 2022","format":false,"excerpt":"Papel higi\u00e9nico folha a Folha. Folha branca de m\u00e1xima suavidade e resist\u00eancia, com textura, folha dupla.","rel":"","context":"Similar post","img":{"alt_text":"","src":"https:\/\/i0.wp.com\/mundo.seashell.pt\/wp-content\/uploads\/2022\/02\/papel_higienico_z_gold_.jpg?resize=350%2C200&ssl=1","width":350,"height":200},"classes":[]}],"_links":{"self":[{"href":"https:\/\/mundo.seashell.pt\/index.php?rest_route=\/wp\/v2\/product\/5548","targetHints":{"allow":["GET"]}}],"collection":[{"href":"https:\/\/mundo.seashell.pt\/index.php?rest_route=\/wp\/v2\/product"}],"about":[{"href":"https:\/\/mundo.seashell.pt\/index.php?rest_route=\/wp\/v2\/types\/product"}],"wp:featuredmedia":[{"embeddable":true,"href":"https:\/\/mundo.seashell.pt\/index.php?rest_route=\/wp\/v2\/media\/5549"}],"wp:attachment":[{"href":"https:\/\/mundo.seashell.pt\/index.php?rest_route=%2Fwp%2Fv2%2Fmedia&parent=5548"}],"wp:term":[{"taxonomy":"product_cat","embeddable":true,"href":"https:\/\/mundo.seashell.pt\/index.php?rest_route=%2Fwp%2Fv2%2Fproduct_cat&post=5548"},{"taxonomy":"product_tag","embeddable":true,"href":"https:\/\/mundo.seashell.pt\/index.php?rest_route=%2Fwp%2Fv2%2Fproduct_tag&post=5548"}],"curies":[{"name":"wp","href":"https:\/\/api.w.org\/{rel}","templated":true}]}}