{"id":5544,"date":"2022-02-23T11:31:03","date_gmt":"2022-02-23T11:31:03","guid":{"rendered":"https:\/\/mundo.seashell.pt\/?post_type=product&#038;p=5544"},"modified":"2022-02-23T11:31:06","modified_gmt":"2022-02-23T11:31:06","slug":"toalha-de-mao-21x23-natural-joker-20mx130f","status":"publish","type":"product","link":"https:\/\/mundo.seashell.pt\/?product=toalha-de-mao-21x23-natural-joker-20mx130f","title":{"rendered":"Toalha de M\u00e3o 21&#215;23 Natural Joker"},"content":{"rendered":"<p>Toalhas de M\u00e3o Natural<\/p>\n<ul>\n<li>Folha Simples<\/li>\n<li>Dimens\u00e3o da Folha: 221x230mm<\/li>\n<li>Qualidade do Papel: Ecol\u00f3gico<\/li>\n<\/ul>\n<p>Embalagem: <strong>20 Ma\u00e7os&nbsp;x 130 Folhas<\/strong><\/p>\n","protected":false},"excerpt":{"rendered":"<p>Toalha de M\u00e3o Natural<\/p>\n","protected":false},"featured_media":5545,"template":"","meta":{"spay_email":""},"product_cat":[15],"product_tag":[],"class_list":{"0":"post-5544","1":"product","2":"type-product","3":"status-publish","4":"has-post-thumbnail","6":"product_cat-sem-categoria","8":"first","9":"instock","10":"taxable","11":"shipping-taxable","12":"purchasable","13":"product-type-simple"},"acf":[],"jetpack-related-posts":[{"id":5542,"url":"https:\/\/mundo.seashell.pt\/?product=toalha-de-maos-renovagreen-zz-22x215-2fl30mx180f","url_meta":{"origin":5544,"position":0},"title":"Toalhas de M\u00e3o Renova Green Zig-Zag Folha Dupla (30 Ma\u00e7os x 180 Folhas)","date":"Fevereiro 23, 2022","format":false,"excerpt":"Toalhas de m\u00e3o dobradas em C, para distribui\u00e7\u00e3o folha-\u00e0-folha, com elevada capacidade de absor\u00e7\u00e3o e resist\u00eancia. Papel branco de folha dupla. Produto certificado com o r\u00f3tulo ecol\u00f3gico da Uni\u00e3o Europeia","rel":"","context":"Similar post","img":{"alt_text":"","src":"https:\/\/i0.wp.com\/mundo.seashell.pt\/wp-content\/uploads\/2022\/02\/renova_zigzag_30x180.jpg?resize=350%2C200&ssl=1","width":350,"height":200},"classes":[]},{"id":5546,"url":"https:\/\/mundo.seashell.pt\/?product=toalha-de-mao-21x245-soft-gold-l-joker-20mx150f","url_meta":{"origin":5544,"position":1},"title":"Toalha de M\u00e3o Soft Gold L+ Joker","date":"Fevereiro 23, 2022","format":false,"excerpt":"Toalha de M\u00e3o Zig-Zag","rel":"","context":"Similar post","img":{"alt_text":"","src":"https:\/\/i0.wp.com\/mundo.seashell.pt\/wp-content\/uploads\/2022\/02\/joker_soft_gold_.jpg?resize=350%2C200&ssl=1","width":350,"height":200},"classes":[]},{"id":5520,"url":"https:\/\/mundo.seashell.pt\/?product=toalha-mao-barril-zeta-renovagreen-2fl-6rx96mt","url_meta":{"origin":5544,"position":2},"title":"Toalha de M\u00e3o Barril \/ Zeta Renova Green Folha Dupla (6 Rolos x 96m)","date":"Fevereiro 23, 2022","format":false,"excerpt":"Toalha de m\u00e3os Zeta \/ Barril para sistema de extrac\u00e7\u00e3o central \/ desenrolamento vertical","rel":"","context":"Similar post","img":{"alt_text":"","src":"https:\/\/i0.wp.com\/mundo.seashell.pt\/wp-content\/uploads\/2022\/02\/toalha_de_ma_o_renova_6x96m.jpg?resize=350%2C200&ssl=1","width":350,"height":200},"classes":[]},{"id":5414,"url":"https:\/\/mundo.seashell.pt\/?product=suporte-renova12-toalhas-de-mao-autom-branco","url_meta":{"origin":5544,"position":3},"title":"Suporte Renova para Toalhas de M\u00e3o em Rolo Auto Corte","date":"Fevereiro 23, 2022","format":false,"excerpt":"Suporte Renova para Toalhas de M\u00e3o em Rolo Auto Corte Semi-Autom\u00e1tico Branco","rel":"","context":"Similar post","img":{"alt_text":"","src":"https:\/\/i0.wp.com\/mundo.seashell.pt\/wp-content\/uploads\/2022\/02\/toalheiro_ma_os_autocorte.jpg?resize=350%2C200&ssl=1","width":350,"height":200},"classes":[]},{"id":6141,"url":"https:\/\/mundo.seashell.pt\/?product=dispensador-de-toalhas-de-mao-600-uds-elegance-abs","url_meta":{"origin":5544,"position":4},"title":"Dispensador de Toalhas de M\u00e3o 600 uds. Elegance ABS","date":"Fevereiro 23, 2022","format":false,"excerpt":"Este dispensador de toalhas de papel da Linha Elegance, com design polivalente, adapta-se a qualquer espa\u00e7o.","rel":"","context":"Similar post","img":{"alt_text":"","src":"https:\/\/i0.wp.com\/mundo.seashell.pt\/wp-content\/uploads\/2022\/02\/dispensador-portatoallas-600-u-abs-color-blanco_5576125_xl_PhotoRoom_20210411_120751.jpg?resize=350%2C200&ssl=1","width":350,"height":200},"classes":[]},{"id":5416,"url":"https:\/\/mundo.seashell.pt\/?product=suporte-renova-toalhas-de-mao-integra","url_meta":{"origin":5544,"position":5},"title":"Suporte Renova Toalhas de M\u00e3o em Rolo Auto Corte Integra","date":"Fevereiro 23, 2022","format":false,"excerpt":"Suporte Renova para Toalhas de M\u00e3o em Rolo Auto Corte","rel":"","context":"Similar post","img":{"alt_text":"","src":"https:\/\/i0.wp.com\/mundo.seashell.pt\/wp-content\/uploads\/2022\/02\/toalheiro_integra.jpg?resize=350%2C200&ssl=1","width":350,"height":200},"classes":[]}],"_links":{"self":[{"href":"https:\/\/mundo.seashell.pt\/index.php?rest_route=\/wp\/v2\/product\/5544","targetHints":{"allow":["GET"]}}],"collection":[{"href":"https:\/\/mundo.seashell.pt\/index.php?rest_route=\/wp\/v2\/product"}],"about":[{"href":"https:\/\/mundo.seashell.pt\/index.php?rest_route=\/wp\/v2\/types\/product"}],"wp:featuredmedia":[{"embeddable":true,"href":"https:\/\/mundo.seashell.pt\/index.php?rest_route=\/wp\/v2\/media\/5545"}],"wp:attachment":[{"href":"https:\/\/mundo.seashell.pt\/index.php?rest_route=%2Fwp%2Fv2%2Fmedia&parent=5544"}],"wp:term":[{"taxonomy":"product_cat","embeddable":true,"href":"https:\/\/mundo.seashell.pt\/index.php?rest_route=%2Fwp%2Fv2%2Fproduct_cat&post=5544"},{"taxonomy":"product_tag","embeddable":true,"href":"https:\/\/mundo.seashell.pt\/index.php?rest_route=%2Fwp%2Fv2%2Fproduct_tag&post=5544"}],"curies":[{"name":"wp","href":"https:\/\/api.w.org\/{rel}","templated":true}]}}