{"id":5542,"date":"2022-02-23T11:31:00","date_gmt":"2022-02-23T11:31:00","guid":{"rendered":"https:\/\/mundo.seashell.pt\/?post_type=product&#038;p=5542"},"modified":"2022-02-23T11:31:02","modified_gmt":"2022-02-23T11:31:02","slug":"toalha-de-maos-renovagreen-zz-22x215-2fl30mx180f","status":"publish","type":"product","link":"https:\/\/mundo.seashell.pt\/?product=toalha-de-maos-renovagreen-zz-22x215-2fl30mx180f","title":{"rendered":"Toalhas de M\u00e3o Renova Green Zig-Zag Folha Dupla (30 Ma\u00e7os x 180 Folhas)"},"content":{"rendered":"<p>Toalhas de m\u00e3o em folha de papel super absorventes e resistentes.&nbsp;Toalhas de m\u00e3o dobradas em C, para distribui\u00e7\u00e3o folha-\u00e0-folha, com elevada capacidade de absor\u00e7\u00e3o e resist\u00eancia. Papel branco de folha dupla. Produto certificado com o <strong>r\u00f3tulo ecol\u00f3gico da Uni\u00e3o Europeia<\/strong><\/p>\n<p>Caracter\u00edsticas:&nbsp;<\/p>\n<p>Papel branco<\/p>\n<p>Folha Dupla<\/p>\n<p>Papel 100% Reciclado&nbsp;&nbsp;<\/p>\n<p>Tamanho da Folha&nbsp;220x210mm<\/p>\n<p>180 folhas por ma\u00e7o<br \/>&#8211; 30 ma\u00e7os por caixa<br \/>&#8211; Caixa com 5400 toalhas<\/p>\n<p><\/p>\n","protected":false},"excerpt":{"rendered":"<p>Toalhas de m\u00e3o dobradas em C, para distribui\u00e7\u00e3o folha-\u00e0-folha, com elevada capacidade de absor\u00e7\u00e3o e resist\u00eancia. Papel branco de folha dupla. Produto certificado com o r\u00f3tulo ecol\u00f3gico da Uni\u00e3o Europeia<\/p>\n","protected":false},"featured_media":5543,"template":"","meta":{"spay_email":""},"product_cat":[15],"product_tag":[],"class_list":{"0":"post-5542","1":"product","2":"type-product","3":"status-publish","4":"has-post-thumbnail","6":"product_cat-sem-categoria","8":"first","9":"instock","10":"taxable","11":"shipping-taxable","12":"purchasable","13":"product-type-simple"},"acf":[],"jetpack-related-posts":[{"id":5546,"url":"https:\/\/mundo.seashell.pt\/?product=toalha-de-mao-21x245-soft-gold-l-joker-20mx150f","url_meta":{"origin":5542,"position":0},"title":"Toalha de M\u00e3o Soft Gold L+ Joker","date":"Fevereiro 23, 2022","format":false,"excerpt":"Toalha de M\u00e3o Zig-Zag","rel":"","context":"Similar post","img":{"alt_text":"","src":"https:\/\/i0.wp.com\/mundo.seashell.pt\/wp-content\/uploads\/2022\/02\/joker_soft_gold_.jpg?resize=350%2C200&ssl=1","width":350,"height":200},"classes":[]},{"id":5512,"url":"https:\/\/mundo.seashell.pt\/?product=papel-higienico-jumbo-renovagreen-2fl-12rx180mtrs","url_meta":{"origin":5542,"position":1},"title":"Papel Higi\u00e9nico Jumbo Maxi Renova Green Folha Dupla (12 Rolos x 180m)","date":"Fevereiro 23, 2022","format":false,"excerpt":"O Papel Higi\u00e9nico Renova Green Jumbo possui uma sensa\u00e7\u00e3o extra suave, proporcionando um cuidado delicado e m\u00e1ximo conforto.","rel":"","context":"Similar post","img":{"alt_text":"","src":"https:\/\/i0.wp.com\/mundo.seashell.pt\/wp-content\/uploads\/2022\/02\/200045770_________Pap_Hig_Jumbo_Renovagreen_180m_2fl_12r_PhotoRoom_20210411_161534.jpg?resize=350%2C200&ssl=1","width":350,"height":200},"classes":[]},{"id":5544,"url":"https:\/\/mundo.seashell.pt\/?product=toalha-de-mao-21x23-natural-joker-20mx130f","url_meta":{"origin":5542,"position":2},"title":"Toalha de M\u00e3o 21&#215;23 Natural Joker","date":"Fevereiro 23, 2022","format":false,"excerpt":"Toalha de M\u00e3o Natural","rel":"","context":"Similar post","img":{"alt_text":"","src":"https:\/\/i0.wp.com\/mundo.seashell.pt\/wp-content\/uploads\/2022\/02\/joker_toalha_de_ma_o_21x23.jpg?resize=350%2C200&ssl=1","width":350,"height":200},"classes":[]},{"id":5514,"url":"https:\/\/mundo.seashell.pt\/?product=papel-hig-renovagreen-175-domestico-163mt-2fl-96rolos","url_meta":{"origin":5542,"position":3},"title":"Papel Higi\u00e9nico Folha Dupla 16m Renova Green (24 rolos)","date":"Fevereiro 23, 2022","format":false,"excerpt":"Papel tissue branco com certificado com o R\u00f3tulo Ecol\u00f3gico da Uni\u00e3o Europeia.","rel":"","context":"Similar post","img":{"alt_text":"","src":"https:\/\/i0.wp.com\/mundo.seashell.pt\/wp-content\/uploads\/2022\/02\/goods_02_436158_PhotoRoom_20210413_163347.jpg?resize=350%2C200&ssl=1","width":350,"height":200},"classes":[]},{"id":5510,"url":"https:\/\/mundo.seashell.pt\/?product=papel-hig-jumbo-renovagreen-2fl-12rx90mtrs","url_meta":{"origin":5542,"position":4},"title":"Papel Higi\u00e9nico Jumbo Renova Green Folha Dupla (12 Rolos x 90m)","date":"Fevereiro 23, 2022","format":false,"excerpt":"Este papel higi\u00e9nico apresenta-se com diferentes suportes f\u00e1ceis de instalar, especialmente concebidos para se integrarem em qualquer tipo de decora\u00e7\u00e3o.","rel":"","context":"Similar post","img":{"alt_text":"","src":"https:\/\/i0.wp.com\/mundo.seashell.pt\/wp-content\/uploads\/2022\/02\/0002077_renovagreen-jumbo-90m_600x600_PhotoRoom_20210411_161404.jpg?resize=350%2C200&ssl=1","width":350,"height":200},"classes":[]},{"id":5520,"url":"https:\/\/mundo.seashell.pt\/?product=toalha-mao-barril-zeta-renovagreen-2fl-6rx96mt","url_meta":{"origin":5542,"position":5},"title":"Toalha de M\u00e3o Barril \/ Zeta Renova Green Folha Dupla (6 Rolos x 96m)","date":"Fevereiro 23, 2022","format":false,"excerpt":"Toalha de m\u00e3os Zeta \/ Barril para sistema de extrac\u00e7\u00e3o central \/ desenrolamento vertical","rel":"","context":"Similar post","img":{"alt_text":"","src":"https:\/\/i0.wp.com\/mundo.seashell.pt\/wp-content\/uploads\/2022\/02\/toalha_de_ma_o_renova_6x96m.jpg?resize=350%2C200&ssl=1","width":350,"height":200},"classes":[]}],"_links":{"self":[{"href":"https:\/\/mundo.seashell.pt\/index.php?rest_route=\/wp\/v2\/product\/5542","targetHints":{"allow":["GET"]}}],"collection":[{"href":"https:\/\/mundo.seashell.pt\/index.php?rest_route=\/wp\/v2\/product"}],"about":[{"href":"https:\/\/mundo.seashell.pt\/index.php?rest_route=\/wp\/v2\/types\/product"}],"wp:featuredmedia":[{"embeddable":true,"href":"https:\/\/mundo.seashell.pt\/index.php?rest_route=\/wp\/v2\/media\/5543"}],"wp:attachment":[{"href":"https:\/\/mundo.seashell.pt\/index.php?rest_route=%2Fwp%2Fv2%2Fmedia&parent=5542"}],"wp:term":[{"taxonomy":"product_cat","embeddable":true,"href":"https:\/\/mundo.seashell.pt\/index.php?rest_route=%2Fwp%2Fv2%2Fproduct_cat&post=5542"},{"taxonomy":"product_tag","embeddable":true,"href":"https:\/\/mundo.seashell.pt\/index.php?rest_route=%2Fwp%2Fv2%2Fproduct_tag&post=5542"}],"curies":[{"name":"wp","href":"https:\/\/api.w.org\/{rel}","templated":true}]}}