{"id":5540,"date":"2022-02-23T11:30:58","date_gmt":"2022-02-23T11:30:58","guid":{"rendered":"https:\/\/mundo.seashell.pt\/?post_type=product&#038;p=5540"},"modified":"2022-02-23T11:31:00","modified_gmt":"2022-02-23T11:31:00","slug":"rolo-auto-corte-gold-joker-6rolosx100mt","status":"publish","type":"product","link":"https:\/\/mundo.seashell.pt\/?product=rolo-auto-corte-gold-joker-6rolosx100mt","title":{"rendered":"Rolo Auto Corte Gold+ Joker (6 Rolos)"},"content":{"rendered":"<p>Os Rolos de Autocortante da Trevipapel, apresentam-se com elevada capacidade de absor\u00e7\u00e3o.<\/p>\n<p>Caracter\u00edsticas:<\/p>\n<ul>\n<li>Rolo para sistemas de Auto Corte (Compat\u00edvel com Suporte para Auto Corte Universal)<\/li>\n<li>Gofrado Laminado<\/li>\n<li>Folha Dupla<\/li>\n<li>Cor: Branco<\/li>\n<li>Comprimento: 100 mtrs\/rolo<\/li>\n<li>Qualidade do Papel: RH Celulose Virgem Laminado<\/li>\n<li>Dimens\u00e3o rolo: Largura: 20.7 cm \/ \u00d8 17.5 cm<\/li>\n<\/ul>\n<p>Embalagem: <strong>6 Rolos x 100 metros<\/strong><\/p>\n<p><\/p>\n","protected":false},"excerpt":{"rendered":"<p>Rolo Autocortante<\/p>\n","protected":false},"featured_media":5541,"template":"","meta":{"spay_email":""},"product_cat":[15],"product_tag":[],"class_list":{"0":"post-5540","1":"product","2":"type-product","3":"status-publish","4":"has-post-thumbnail","6":"product_cat-sem-categoria","8":"first","9":"instock","10":"taxable","11":"shipping-taxable","12":"purchasable","13":"product-type-simple"},"acf":[],"jetpack-related-posts":[{"id":5526,"url":"https:\/\/mundo.seashell.pt\/?product=rolo-auto-corte-renovagreen-210-2fl-6rolosx120mt","url_meta":{"origin":5540,"position":0},"title":"Rolo Auto-Corte Renova Green Folha Dupla (6 Rolos x 120m)","date":"Fevereiro 23, 2022","format":false,"excerpt":"Os rolos Renovagreen s\u00e3o indicados para dispensadores de corte autom\u00e1tico, ideais para casas de banho com muito movimento. Economize tempo e reduza o desperd\u00edcio.","rel":"","context":"Similar post","img":{"alt_text":"","src":"https:\/\/i0.wp.com\/mundo.seashell.pt\/wp-content\/uploads\/2022\/02\/200068895_________T_Mao_Renovagreen_210_120m_2F_6r_br_CA_PhotoRoom_20210411_161400.jpg?resize=350%2C200&ssl=1","width":350,"height":200},"classes":[]},{"id":5418,"url":"https:\/\/mundo.seashell.pt\/?product=suporte-p-auto-corte-universal","url_meta":{"origin":5540,"position":1},"title":"Suporte para Rolo Auto-Corte Universal","date":"Fevereiro 23, 2022","format":false,"excerpt":"Suporte para Rolo Auto-Corte Universal","rel":"","context":"Similar post","img":{"alt_text":"","src":"https:\/\/i0.wp.com\/mundo.seashell.pt\/wp-content\/uploads\/2022\/02\/DISPENSADOR-AUTOCORTANTE.png?resize=350%2C200&ssl=1","width":350,"height":200},"classes":[]},{"id":5414,"url":"https:\/\/mundo.seashell.pt\/?product=suporte-renova12-toalhas-de-mao-autom-branco","url_meta":{"origin":5540,"position":2},"title":"Suporte Renova para Toalhas de M\u00e3o em Rolo Auto Corte","date":"Fevereiro 23, 2022","format":false,"excerpt":"Suporte Renova para Toalhas de M\u00e3o em Rolo Auto Corte Semi-Autom\u00e1tico Branco","rel":"","context":"Similar post","img":{"alt_text":"","src":"https:\/\/i0.wp.com\/mundo.seashell.pt\/wp-content\/uploads\/2022\/02\/toalheiro_ma_os_autocorte.jpg?resize=350%2C200&ssl=1","width":350,"height":200},"classes":[]},{"id":5416,"url":"https:\/\/mundo.seashell.pt\/?product=suporte-renova-toalhas-de-mao-integra","url_meta":{"origin":5540,"position":3},"title":"Suporte Renova Toalhas de M\u00e3o em Rolo Auto Corte Integra","date":"Fevereiro 23, 2022","format":false,"excerpt":"Suporte Renova para Toalhas de M\u00e3o em Rolo Auto Corte","rel":"","context":"Similar post","img":{"alt_text":"","src":"https:\/\/i0.wp.com\/mundo.seashell.pt\/wp-content\/uploads\/2022\/02\/toalheiro_integra.jpg?resize=350%2C200&ssl=1","width":350,"height":200},"classes":[]},{"id":6199,"url":"https:\/\/mundo.seashell.pt\/?product=pano-multiusos-ag-vileda-rolo-pre-cortado","url_meta":{"origin":5540,"position":4},"title":"Pano Multiusos Ag &#8211; Vileda (rolo pr\u00e9-cortado)","date":"Fevereiro 23, 2022","format":false,"excerpt":"Multiusos Ag Arrasto m\u00e1ximo com grande suavidade Limpeza a seco, h\u00famida ou molhada, de todo tipo de superf\u00edcies, especialmente aquelas com muita sujidade solta,e em geral, em todos os lugares onde \u00e9 necess\u00e1ria alta capacidade de absor\u00e7\u00e3o (8,4 vezes o seu peso), facilidade de escorrer e velocidade .Rolo de 4\u2026","rel":"","context":"Similar post","img":{"alt_text":"","src":"https:\/\/i0.wp.com\/mundo.seashell.pt\/wp-content\/uploads\/2022\/02\/Iberica-Multiusos-Ag-carouselImage_PhotoRoom_20210418_122930.jpg?resize=350%2C200&ssl=1","width":350,"height":200},"classes":[]},{"id":5446,"url":"https:\/\/mundo.seashell.pt\/?product=esfregao-preto-em-rolo-6mx13cm","url_meta":{"origin":5540,"position":5},"title":"Esfreg\u00e3o Preto em Rolo 6m x 13cm","date":"Fevereiro 23, 2022","format":false,"excerpt":"Rolo de esfreg\u00e3o preto\ufeff para uma limpeza mais agressiva contra gorduras carbonizadas ou outras incrusta\u00e7\u00f5es.","rel":"","context":"Similar post","img":{"alt_text":"","src":"https:\/\/i0.wp.com\/mundo.seashell.pt\/wp-content\/uploads\/2022\/02\/Captura_de_ecra__2021-03-06__a_s_11.18.40_PhotoRoom_20210408_113703.jpg?resize=350%2C200&ssl=1","width":350,"height":200},"classes":[]}],"_links":{"self":[{"href":"https:\/\/mundo.seashell.pt\/index.php?rest_route=\/wp\/v2\/product\/5540","targetHints":{"allow":["GET"]}}],"collection":[{"href":"https:\/\/mundo.seashell.pt\/index.php?rest_route=\/wp\/v2\/product"}],"about":[{"href":"https:\/\/mundo.seashell.pt\/index.php?rest_route=\/wp\/v2\/types\/product"}],"wp:featuredmedia":[{"embeddable":true,"href":"https:\/\/mundo.seashell.pt\/index.php?rest_route=\/wp\/v2\/media\/5541"}],"wp:attachment":[{"href":"https:\/\/mundo.seashell.pt\/index.php?rest_route=%2Fwp%2Fv2%2Fmedia&parent=5540"}],"wp:term":[{"taxonomy":"product_cat","embeddable":true,"href":"https:\/\/mundo.seashell.pt\/index.php?rest_route=%2Fwp%2Fv2%2Fproduct_cat&post=5540"},{"taxonomy":"product_tag","embeddable":true,"href":"https:\/\/mundo.seashell.pt\/index.php?rest_route=%2Fwp%2Fv2%2Fproduct_tag&post=5540"}],"curies":[{"name":"wp","href":"https:\/\/api.w.org\/{rel}","templated":true}]}}