{"id":5538,"date":"2022-02-23T11:30:56","date_gmt":"2022-02-23T11:30:56","guid":{"rendered":"https:\/\/mundo.seashell.pt\/?post_type=product&#038;p=5538"},"modified":"2022-02-23T11:30:58","modified_gmt":"2022-02-23T11:30:58","slug":"rolo-industrial-air-laid-tnt-1fl-joker-2rolosx110mt","status":"publish","type":"product","link":"https:\/\/mundo.seashell.pt\/?product=rolo-industrial-air-laid-tnt-1fl-joker-2rolosx110mt","title":{"rendered":"Rolo Industrial Air Laid TNT 1Fl Joker (2 Rolos)"},"content":{"rendered":"<p>Os Rolos Industriais s\u00e3o ideais para os profissionais de qualquer atividade que requer altos n\u00edveis de resist\u00eancia e absor\u00e7\u00e3o. Estes rolos s\u00e3o os melhores parceiros na otimiza\u00e7\u00e3o e realiza\u00e7\u00e3o de tarefas espec\u00edficas. <\/p>\n<p>Caracter\u00edsticas:<\/p>\n<ul>\n<li>Folha Simples<\/li>\n<li>Cor: Branco<\/li>\n<li>Comprimento: 110 mtrs<\/li>\n<li>Qualidade do Papel: TNT (Air Laid) &#8211; Tecido N\u00e3o Tecido<\/li>\n<li>Dimens\u00e3o rolo: Largura: 28 cm \/ \u00d8 22 cm<\/li>\n<\/ul>\n<p>Embalagem: <strong>2 Rolos x 110 mtrs<\/strong><\/p>\n","protected":false},"excerpt":{"rendered":"<p>Industrial Air Laid<\/p>\n","protected":false},"featured_media":5539,"template":"","meta":{"spay_email":""},"product_cat":[15],"product_tag":[],"class_list":{"0":"post-5538","1":"product","2":"type-product","3":"status-publish","4":"has-post-thumbnail","6":"product_cat-sem-categoria","8":"first","9":"instock","10":"taxable","11":"shipping-taxable","12":"purchasable","13":"product-type-simple"},"acf":[],"jetpack-related-posts":[{"id":5536,"url":"https:\/\/mundo.seashell.pt\/?product=rolo-industrial-liso-2fl-joker-2rolosx400mt","url_meta":{"origin":5538,"position":0},"title":"Rolo Industrial Liso 2Fl Joker","date":"Fevereiro 23, 2022","format":false,"excerpt":"Os Rolos Industriais s\u00e3o ideais para os profissionais de qualquer atividade que requer altos n\u00edveis de resist\u00eancia e absor\u00e7\u00e3o. Estes rolos s\u00e3o os melhores parceiros na otimiza\u00e7\u00e3o e realiza\u00e7\u00e3o de tarefas espec\u00edficas.\u00a0 Caracter\u00edsticas: Folha DuplaCor: BrancoComprimento: 400 mtrsQualidade: RH Celulose VirgemDimens\u00e3o rolo: Largura: 24.5 cm \/ \u00d8 30 cm Embalagem:\u2026","rel":"","context":"Similar post","img":{"alt_text":"","src":"https:\/\/i0.wp.com\/mundo.seashell.pt\/wp-content\/uploads\/2022\/02\/joker_industrial_gofrado.jpg?resize=350%2C200&ssl=1","width":350,"height":200},"classes":[]},{"id":5568,"url":"https:\/\/mundo.seashell.pt\/?product=saco-lixo-bd-10-kg","url_meta":{"origin":5538,"position":1},"title":"Sacos de Lixo BD Industriais (10 Kg)","date":"Fevereiro 23, 2022","format":false,"excerpt":"Sacos do lixo resistentes, feitos com polietileno de baixa densidade. 100% Reciclados\ufeff Sacos Rolo Lixo Industrial de 80 micras.","rel":"","context":"Similar post","img":{"alt_text":"","src":"https:\/\/i0.wp.com\/mundo.seashell.pt\/wp-content\/uploads\/2022\/02\/goods_02_436158_PhotoRoom_20210326_095147.jpg?resize=350%2C200&ssl=1","width":350,"height":200},"classes":[]},{"id":6117,"url":"https:\/\/mundo.seashell.pt\/?product=dispensador-de-papel-higienico-maxi-jumbo","url_meta":{"origin":5538,"position":2},"title":"Dispensador de Papel Higi\u00e9nico Maxi Jumbo Eco-Luxe","date":"Fevereiro 23, 2022","format":false,"excerpt":"O distribuidor de papel higi\u00eanico de tamanho maxi jumbo pode conter rolos de papel de at\u00e9 110 mm de largura por 270 mm de di\u00e2metro, com uma c\u00e2nula de di\u00e2metro m\u00e1ximo de 56 mm.","rel":"","context":"Similar post","img":{"alt_text":"","src":"https:\/\/i0.wp.com\/mundo.seashell.pt\/wp-content\/uploads\/2022\/02\/dispensador-de-papel-higienico-jumbo-abs-eco-luxe-blanco_9312221_xxl_PhotoRoom_20210411_120744-1.jpg?resize=350%2C200&ssl=1","width":350,"height":200},"classes":[]},{"id":5522,"url":"https:\/\/mundo.seashell.pt\/?product=rolo-industrial-multiusos-2fl-renovagreen-225-2rlx350mt","url_meta":{"origin":5538,"position":3},"title":"Rolo Industrial Renova Green Folha Dupla (2 Rolos x 350m)","date":"Fevereiro 23, 2022","format":false,"excerpt":"Papel suave e resistente com grande capacidade de absor\u00e7\u00e3o. Rolo multiuso, fabricado a partir de fibras que j\u00e1 gozaram uma vida anterior, ideal para uso profissional.","rel":"","context":"Similar post","img":{"alt_text":"","src":"https:\/\/i0.wp.com\/mundo.seashell.pt\/wp-content\/uploads\/2022\/02\/200046896_________Rolos_Mult__Renovagreen_225_350m_2F_2r_PhotoRoom_20210411_161413.jpg?resize=350%2C200&ssl=1","width":350,"height":200},"classes":[]},{"id":5408,"url":"https:\/\/mundo.seashell.pt\/?product=suporte-para-rolo-industrial-paredebancada","url_meta":{"origin":5538,"position":4},"title":"Suporte Para Rolo Industrial Parede","date":"Fevereiro 23, 2022","format":false,"excerpt":"Dispensador de Rolo Industrial","rel":"","context":"Similar post","img":{"alt_text":"","src":"https:\/\/i0.wp.com\/mundo.seashell.pt\/wp-content\/uploads\/2022\/02\/suporte_industrial.jpg?resize=350%2C200&ssl=1","width":350,"height":200},"classes":[]},{"id":5410,"url":"https:\/\/mundo.seashell.pt\/?product=suporte-para-rolo-industrial-chao","url_meta":{"origin":5538,"position":5},"title":"Suporte Para Rolo Industrial Trip\u00e9 \/ Ch\u00e3o","date":"Fevereiro 23, 2022","format":false,"excerpt":"Dispensador de Rolo Industrial de papel (m\u00e1x. 500 mts.) Trip\u00e9 \/ Ch\u00e3o","rel":"","context":"Similar post","img":{"alt_text":"","src":"https:\/\/i0.wp.com\/mundo.seashell.pt\/wp-content\/uploads\/2022\/02\/Porta-Bobine-Tripe_.png?resize=350%2C200&ssl=1","width":350,"height":200},"classes":[]}],"_links":{"self":[{"href":"https:\/\/mundo.seashell.pt\/index.php?rest_route=\/wp\/v2\/product\/5538","targetHints":{"allow":["GET"]}}],"collection":[{"href":"https:\/\/mundo.seashell.pt\/index.php?rest_route=\/wp\/v2\/product"}],"about":[{"href":"https:\/\/mundo.seashell.pt\/index.php?rest_route=\/wp\/v2\/types\/product"}],"wp:featuredmedia":[{"embeddable":true,"href":"https:\/\/mundo.seashell.pt\/index.php?rest_route=\/wp\/v2\/media\/5539"}],"wp:attachment":[{"href":"https:\/\/mundo.seashell.pt\/index.php?rest_route=%2Fwp%2Fv2%2Fmedia&parent=5538"}],"wp:term":[{"taxonomy":"product_cat","embeddable":true,"href":"https:\/\/mundo.seashell.pt\/index.php?rest_route=%2Fwp%2Fv2%2Fproduct_cat&post=5538"},{"taxonomy":"product_tag","embeddable":true,"href":"https:\/\/mundo.seashell.pt\/index.php?rest_route=%2Fwp%2Fv2%2Fproduct_tag&post=5538"}],"curies":[{"name":"wp","href":"https:\/\/api.w.org\/{rel}","templated":true}]}}